{"id":5,"date":"2024-04-03T23:14:20","date_gmt":"2024-04-03T20:14:20","guid":{"rendered":"https:\/\/sisu.ut.ee\/arstil_vene\/avaleht\/"},"modified":"2024-04-24T16:30:15","modified_gmt":"2024-04-24T13:30:15","slug":"avaleht","status":"publish","type":"page","link":"https:\/\/sisu.ut.ee\/arstil_vene\/","title":{"rendered":"Avaleht"},"content":{"rendered":"<p style=\"text-align: center;\"><span style=\"font-family: verdana,geneva; font-size: medium;\"><strong><span style=\"color: #3c6aa4;\"><strong>Janeli N\u00f5lvand<br>\n<\/strong><\/span><\/strong><\/span><span style=\"color: #3c6aa4;\"><strong>Natalija Joonas<\/strong><\/span><\/p>\n<p style=\"text-align: center;\"><span style=\"font-family: verdana,geneva; font-size: medium;\"><strong><strong style=\"color: #3c6aa4; font-size: medium; line-height: 1.6em;\">Tartu \u00dclikooli keelekeskus<\/strong><\/strong><\/span><\/p>\n<p style=\"text-align: center;\"><span style=\"font-family: verdana,geneva; font-size: medium;\"><strong><span style=\"color: #3c6aa4;\"><strong>2013<\/strong><\/span><\/strong><\/span><\/p>\n<p>\u00d5piobjekt on m\u00f5eldud MEDICINA erialasuunitlusega \u00fcli\u00f5pilastele, \u00a0kes \u00f5pivad vene keelt v\u00f5\u00f5rkeelena tasemel\u00a0A2\u00a0v\u00f5i\u00a0B1. \u00d5piobjekt on esimene osa \u00f5piobjektide sarjast tulevasele\u00a0<span class=\"nolink\">arstile<\/span>. \u00d5piobjekti eesm\u00e4rk on \u00f5petada \u00f5ppijat vene keeles haigega suhtlema (k\u00fcsitlus, soovitused, korraldused).\u00a0 \u00d5piobjekt v\u00f5imaldab meditsiinialases erialakeeletunnis \u00f5pitut iseseisvalt t\u00e4iendada ja\/ v\u00f5i kinnistada. \u00d5ppematerjali v\u00f5ib \u00f5ppija omandada ka iseseisvalt.<\/p>\n<p>\u00d5piobjekt koosneb suhtlussituatsioone tutvustavatest audiofailidest, videofailist ja harjutustest.<br>\nDialoogidest arusaamist toetavad videofailile lisatud subtiitrid ja dialoogides esinevatele s\u00f5nadele lisatud t\u00f5lkevasted, samuti \u00a0vene-eesti s\u00f5nastik.<\/p>\n<p>P\u00e4rast materjali l\u00e4bimist \u00f5ppija<\/p>\n<ul>\n<li>tunneb suhtlusetiketti ja oskab seda kasutada<\/li>\n<li>valdab teemakohast s\u00f5navara<\/li>\n<li>on arendanud kuulamisoskust<\/li>\n<li>suudab t\u00e4ita patsiendi kaarti ja k\u00fcsitleda patsienti \u00fcldiste kaebuste t\u00e4psustamiseks.<\/li>\n<\/ul>\n<p>\u00d5piobjekti autorite eriline t\u00e4nu kuulub\u00a0dr Tiia Pihole\u00a0(videosalvestus), kes lahkelt ja asjatundlikult meie patsienti k\u00fcsitles.<\/p>\n<p>Edukat \u00f5ppimist!<\/p>\n","protected":false},"excerpt":{"rendered":"<p>Janeli N\u00f5lvand Natalija Joonas Tartu \u00dclikooli keelekeskus 2013 \u00d5piobjekt on m\u00f5eldud MEDICINA erialasuunitlusega \u00fcli\u00f5pilastele, \u00a0kes \u00f5pivad vene keelt v\u00f5\u00f5rkeelena tasemel\u00a0A2\u00a0v\u00f5i\u00a0B1. \u00d5piobjekt on esimene osa \u00f5piobjektide sarjast tulevasele\u00a0arstile. \u00d5piobjekti eesm\u00e4rk on \u00f5petada \u00f5ppijat vene keeles haigega suhtlema (k\u00fcsitlus, soovitused, korraldused).\u00a0 \u00d5piobjekt &#8230;<\/p>\n","protected":false},"author":20,"featured_media":0,"parent":0,"menu_order":0,"comment_status":"closed","ping_status":"closed","template":"","meta":{"_acf_changed":false,"inline_featured_image":false,"footnotes":""},"class_list":["post-5","page","type-page","status-publish","hentry"],"acf":[],"_links":{"self":[{"href":"https:\/\/sisu.ut.ee\/arstil_vene\/wp-json\/wp\/v2\/pages\/5","targetHints":{"allow":["GET"]}}],"collection":[{"href":"https:\/\/sisu.ut.ee\/arstil_vene\/wp-json\/wp\/v2\/pages"}],"about":[{"href":"https:\/\/sisu.ut.ee\/arstil_vene\/wp-json\/wp\/v2\/types\/page"}],"author":[{"embeddable":true,"href":"https:\/\/sisu.ut.ee\/arstil_vene\/wp-json\/wp\/v2\/users\/20"}],"replies":[{"embeddable":true,"href":"https:\/\/sisu.ut.ee\/arstil_vene\/wp-json\/wp\/v2\/comments?post=5"}],"version-history":[{"count":3,"href":"https:\/\/sisu.ut.ee\/arstil_vene\/wp-json\/wp\/v2\/pages\/5\/revisions"}],"predecessor-version":[{"id":117,"href":"https:\/\/sisu.ut.ee\/arstil_vene\/wp-json\/wp\/v2\/pages\/5\/revisions\/117"}],"wp:attachment":[{"href":"https:\/\/sisu.ut.ee\/arstil_vene\/wp-json\/wp\/v2\/media?parent=5"}],"curies":[{"name":"wp","href":"https:\/\/api.w.org\/{rel}","templated":true}]}}