{"id":13,"date":"2024-04-03T23:14:20","date_gmt":"2024-04-03T20:14:20","guid":{"rendered":"https:\/\/sisu.ut.ee\/arstil_vene\/%d0%b2-%d1%80%d0%b5%d0%b3%d0%b8%d1%81%d1%82%d1%80%d0%b0%d1%82%d1%83%d1%80%d0%b5-i\/"},"modified":"2024-04-24T15:41:56","modified_gmt":"2024-04-24T12:41:56","slug":"%d0%b2-%d1%80%d0%b5%d0%b3%d0%b8%d1%81%d1%82%d1%80%d0%b0%d1%82%d1%83%d1%80%d0%b5-i","status":"publish","type":"page","link":"https:\/\/sisu.ut.ee\/arstil_vene\/%d0%b2-%d1%80%d0%b5%d0%b3%d0%b8%d1%81%d1%82%d1%80%d0%b0%d1%82%d1%83%d1%80%d0%b5-i\/","title":{"rendered":"\u0412 \u0420\u0415\u0413\u0418\u0421\u0422\u0420\u0410\u0422\u0423\u0420\u0415 I"},"content":{"rendered":"<p><span style=\"line-height: 1.6em; font-size: small;\">Alateema koosneb dialoogist, teemakohastest lisak\u00fcsimustest, kuulamisharjutusest ja iseseisvatest \u00fclesannetest.<br><\/span><\/p>\n<p><span style=\"line-height: 1.6em; font-size: small;\"><img loading=\"lazy\" decoding=\"async\" class=\"size-full wp-image-26 alignright\" src=\"https:\/\/sisu.ut.ee\/wp-content\/uploads\/sites\/48\/silt.png\" alt=\"\" width=\"243\" height=\"168\"><\/span><\/p>\n<ol>\n<li>\u041f\u0440\u043e\u0447\u0438\u0442\u0430\u0439\u0442\u0435 \u0434\u0438\u0430\u043b\u043e\u0433 \u0438 \u0432\u043e\u043f\u0440\u043e\u0441\u044b. <br><em>Dialoogis ja k\u00fcsimustes v\u00f5ivad ette tulla s\u00f5nad, milles \u00f5ppija v\u00f5ib vajada keelelist tuge. Seda arvestades oleme linkinud s\u00f5nad, mille tundmine teema raames on vajalik. K\u00f5ik lingitud s\u00f5nad v\u00f5ite leida ka s\u00f5nastikust \u00f5piobjekti l\u00f5pus. S\u00f5nade t\u00f5lkevasted on antud vene keeles.<\/em><\/li>\n<li>\u041f\u0440\u043e\u0441\u043b\u0443\u0448\u0430\u0439\u0442\u0435 \u0434\u0438\u0430\u043b\u043e\u0433.<\/li>\n<li>\u0412\u044b\u043f\u043e\u043b\u043d\u0438\u0442\u0435 \u0437\u0430\u0434\u0430\u043d\u0438\u0435 \u0432 \u043a\u043e\u043d\u0446\u0435 \u0434\u0438\u0430\u043b\u043e\u0433\u0430 \u0438 \u0443\u043f\u0440\u0430\u0436\u043d\u0435\u043d\u0438\u044f 1.1, 1.2.<\/li>\n<\/ol>\n<table class=\"table table-hover\" style=\"width: 100%;\" border=\"0\">\n<tbody>\n<tr>\n<td style=\"width: 50%; background-color: #e3e8ec;\">\n<p><span style=\"color: #3c6aa4;\"><strong>\u0414\u0438\u0430\u043b\u043e\u0433 1.<\/strong><strong> \u0412 \u0440\u0435\u0433\u0438\u0441\u0442\u0440\u0430\u0442\u0443\u0440\u0435<\/strong><strong> I<\/strong><\/span><\/p>\n<p>\u041f\u0430\u0446\u0438\u0435\u0301\u043d\u0442 (\u041f) \u0437\u0432\u043e\u043d\u0438\u0301\u0442 \u0432 \u043f\u043e\u043b\u0438\u043a\u043b\u0438\u0301\u043d\u0438\u043a\u0443, \u0447\u0442\u043e\u0301\u0431\u044b \u0437\u0430\u043f\u0438\u0441\u0430\u0301\u0442\u044c\u0441\u044f \u043d\u0430 \u043f\u0440\u0438\u0451\u043c \u043a \u0441\u0435\u043c\u0435\u0301\u0439\u043d\u043e\u043c\u0443 <span class=\"nolink\">\u0432\u0440\u0430\u0447<\/span>\u0443\u0301 (\u0420).<\/p>\n<p>(\u0420): \u0420\u0435\u0433\u0438\u0441\u0442\u0440\u0430\u0442\u0443\u0301\u0440\u0430. \u0417\u0434\u0440\u0430\u0301\u0432\u0441\u0442\u0432\u0443\u0439\u0442\u0435!<\/p>\n<p>(\u041f): \u0417\u0434\u0440\u0430\u0301\u0432\u0441\u0442\u0432\u0443\u0439\u0442\u0435! \u042f \u0445\u043e\u0442\u0435\u0301\u043b\u0430 \u0431\u044b \u0443\u0437\u043d\u0430\u0301\u0442\u044c, \u043a\u043e\u0433\u0434\u0430 \u043f\u0440\u0438\u043d\u0438\u043c\u0430\u0301\u0435\u0442 \u043c\u043e\u0439 \u0441\u0435\u043c\u0435\u0301\u0439\u043d\u044b\u0439 \u0432\u0440\u0430\u0447?<\/p>\n<p>(\u0420): \u041a\u0442\u043e \u0432\u0430\u0448 \u0441\u0435\u043c\u0435\u0301\u0439\u043d\u044b\u0439 \u0432\u0440\u0430\u0447?<\/p>\n<p>(\u041f): \u0414\u043e\u0301\u043a\u0442\u043e\u0440 \u0422\u0430\u043c\u043c.<\/p>\n<p>(\u0420): \u0414\u043e\u0301\u043a\u0442\u043e\u0440 \u041a\u0430\u0442\u0440\u0438\u043d \u0422\u0430\u043c\u043c \u043f\u0440\u0438\u043d\u0438\u043c\u0430\u0301\u0435\u0442 \u0432 \u043f\u043e\u043d\u0435\u0434\u0435\u0301\u043b\u044c\u043d\u0438\u043a \u0438 \u0432 \u0441\u0440\u0435\u0301\u0434\u0443 \u0441 9 \u0434\u043e 13, \u0432\u043e \u0432\u0442\u043e\u0301\u0440\u043d\u0438\u043a \u0438 \u0432 \u0447\u0435\u0442\u0432\u0435\u0301\u0440\u0433 \u0441 14 \u0434\u043e 18, \u0430 \u0432 \u043f\u044f\u0301\u0442\u043d\u0438\u0446\u0443 \u0441 8 \u0434\u043e 12.<\/p>\n<p>(\u041f): \u041c\u043e\u0433\u0443\u0301 \u044f \u0437\u0430\u043f\u0438\u0441\u0430\u0301\u0442\u044c\u0441\u044f \u043a \u043d\u0435\u0439?<\/p>\n<p>(\u0420): \u042f \u043f\u043e\u0441\u043c\u043e\u0442\u0440\u044e\u0301, \u043a\u043e\u0433\u0434\u0430 \u0443 \u043d\u0435\u0451 \u0435\u0441\u0442\u044c \u0441\u0432\u043e\u0431\u043e\u0301\u0434\u043d\u043e\u0435 \u0432\u0440\u0435\u0301\u043c\u044f\u2026 \u0412\u0430\u043c \u043f\u043e\u0434\u0445\u043e\u0301\u0434\u0438\u0442 \u0437\u0430\u0301\u0432\u0442\u0440\u0430 \u0432 11.30?<\/p>\n<p>(\u041f): \u0414\u0430, \u0441\u043f\u0430\u0441\u0438\u0301\u0431\u043e.<\/p>\n<p>(\u0420): \u041d\u0430\u0437\u043e\u0432\u0438\u0301\u0442\u0435 \u0432\u0430\u0301\u0448\u0435 \u0438\u0301\u043c\u044f \u0438 \u043b\u0438\u0301\u0447\u043d\u044b\u0439 \u043a\u043e\u0434.<\/p>\n<p>(\u041f): \u0421\u0438\u0440\u044c\u0435 \u041c\u044f\u0433\u0438. 46412075627.<\/p>\n<p>(\u0420): \u042f \u0437\u0430\u043f\u0438\u0441\u0430\u0301\u043b\u0430 \u0432\u0430\u0441 \u043d\u0430 \u043f\u0440\u0438\u0451\u043c \u043a \u0434\u043e\u0301\u043a\u0442\u043e\u0440\u0443 \u0422\u0430\u043c\u043c \u0432 \u0441\u0440\u0435\u0301\u0434\u0443 \u0432 11.30.<\/p>\n<p>(\u041f): \u0421\u043f\u0430\u0441\u0438\u0301\u0431\u043e. \u0414\u043e \u0441\u0432\u0438\u0434\u0430\u0301\u043d\u0438\u044f.<\/p>\n<p>(\u0420): \u0414\u043e \u0441\u0432\u0438\u0434\u0430\u0301\u043d\u0438\u044f.<\/p>\n<p><strong><span style=\"color: #3c6aa4;\">\u041f\u0440\u043e\u0441\u043b\u0443\u0448\u0430\u0439\u0442\u0435 \u0434\u0438\u0430\u043b\u043e\u0433<br><\/span><\/strong><\/p>\n<audio controls><source src=\"https:\/\/sisu.ut.ee\/wp-content\/uploads\/sites\/48\/registratura_1.mp3\" type=\"audio\/mpeg\">Teie veebilehitseja ei toeta audio elementi.<\/source><\/audio>\n<div>\u00a0<\/div>\n<\/td>\n<td>\n<h3>\u00a0<\/h3>\n<\/td>\n<td>\n<p><strong><span style=\"color: #3c6aa4;\">\u0412\u043e\u043f\u0440\u043e\u0441\u044b<\/span><\/strong><\/p>\n<p><strong><span style=\"color: #3c6aa4;\">\u0420\u0435\u0433\u0438\u0441\u0442\u0440\u0430\u0442\u0443\u0440\u0430<\/span><\/strong><\/p>\n<ul>\n<li>\u0412\u044b \u0443 \u043d\u0430\u0441 \u043f\u0435\u0301\u0440\u0432\u044b\u0439 \u0440\u0430\u0437?<\/li>\n<li>\u0412\u044b \u0443\u0436\u0435\u0301 \u0431\u044b\u0432\u0430\u0301\u043b\u0438 \u0432 \u043d\u0430\u0301\u0448\u0435\u0439 \u043a\u043b\u0438\u0301\u043d\u0438\u043a\u0435?<\/li>\n<li>\u041a\u043e\u0433\u0434\u0430\u0301 \u0432\u044b \u0431\u044b\u0301\u043b\u0438 \u043f\u043e\u0441\u043b\u0435\u0301\u0434\u043d\u0438\u0439 \u0440\u0430\u0437 \u0443 \u0432\u0440\u0430\u0447\u0430\u0301?<\/li>\n<li>\u041a \u043a\u0430\u043a\u043e\u0301\u043c\u0443 \u0432\u0440\u0430\u0447\u0443\u0301 \u0432\u044b \u043e\u0431\u0440\u0430\u0449\u0430\u0301\u043b\u0438\u0441\u044c?<\/li>\n<li>\u041a \u043a\u0430\u043a\u043e\u0301\u043c\u0443 \u0432\u0440\u0430\u0447\u0443\u0301 \u0432\u044b \u0445\u043e\u0442\u0438\u0301\u0442\u0435 \u043e\u0431\u0440\u0430\u0442\u0438\u0301\u0442\u044c\u0441\u044f?<\/li>\n<li>\u041a \u043a\u0430\u043a\u043e\u0301\u043c\u0443 \u0432\u0440\u0430\u0447\u0443\u0301 \u0432\u044b \u0445\u043e\u0442\u0438\u0301\u0442\u0435 \u0437\u0430\u043f\u0438\u0441\u0430\u0301\u0442\u044c\u0441\u044f?<\/li>\n<li>\u041a\u0442\u043e \u0432\u0430\u0448 <span class=\"nolink\">\u0432\u0440\u0430\u0447<\/span> ?<\/li>\n<li>\u0412\u0430\u043c \u043f\u043e\u0434\u0445\u043e\u0301\u0434\u0438\u0442 \u044d\u0442\u043e \u0432\u0440\u0435\u0301\u043c\u044f?<\/li>\n<li>\u041d\u0430 \u043f\u043b\u0430\u0301\u0442\u043d\u044b\u0439 \u043f\u0440\u0438\u0451\u043c \u043c\u043e\u0301\u0436\u043d\u043e \u043f\u043e\u043f\u0430\u0301\u0441\u0442\u044c \u0431\u044b\u0441\u0442\u0440\u0435\u0301\u0435. \u0425\u043e\u0442\u0438\u0301\u0442\u0435 \u0437\u0430\u043f\u0438\u0441\u0430\u0301\u0442\u044c\u0441\u044f?<\/li>\n<li>\u0423 \u0432\u0430\u0441 \u0435\u0441\u0442\u044c \u043c\u0435\u0434\u0438\u0446\u0438\u0301\u043d\u0441\u043a\u0430\u044f \u0441\u0442\u0440\u0430\u0445\u043e\u0301\u0432\u043a\u0430?<\/li>\n<\/ul>\n<h3><span style=\"font-family: verdana, geneva; font-size: small;\">\u00a0<\/span><\/h3>\n<p><strong><span style=\"color: #3c6aa4;\">\u041b\u0438\u0447\u043d\u044b\u0435 \u0434\u0430\u043d\u043d\u044b\u0435 \u043f\u0430\u0446\u0438\u0435\u043d\u0442\u0430<\/span><\/strong><\/p>\n<ul>\n<li>\u041a\u0430\u043a \u0432\u0430\u0441 \u0437\u043e\u0432\u0443\u0301\u0442? \/ \u0412\u0430\u0301\u0448\u0438 \u0438\u043c\u044f \u0438 \u0444\u0430\u043c\u0438\u0301\u043b\u0438\u044f?<\/li>\n<li>\u0421\u043a\u043e\u0301\u043b\u044c\u043a\u043e \u0432\u0430\u043c \u043b\u0435\u0442? \/ \u0412\u0430\u0448 \u0432\u043e\u0301\u0437\u0440\u0430\u0441\u0442?<\/li>\n<li>\u0413\u0434\u0435 \u0432\u044b \u0436\u0438\u0432\u0451\u0442\u0435? \/ \u0412\u0430\u0448 \u0430\u0301\u0434\u0440\u0435\u0441?<\/li>\n<li>\u0412\u044b \u0440\u0430\u0431\u043e\u0301\u0442\u0430\u0435\u0442\u0435 \u0438\u043b\u0438 \u0443\u0301\u0447\u0438\u0442\u0435\u0441\u044c?<\/li>\n<li>\u041a\u0435\u043c \u0432\u044b <span class=\"nolink\">\u0440\u0430\u0431\u043e\u0301\u0442\u0430<\/span>\u0435\u0442\u0435? \/ \u0412\u0430\u0301\u0448\u0430 \u0434\u043e\u0301\u043b\u0436\u043d\u043e\u0441\u0442\u044c?<\/li>\n<li>\u041a\u0430\u043a\u0430\u044f \u0443 \u0432\u0430\u0441 \u0440\u0430\u0431\u043e\u0301\u0442\u0430?<\/li>\n<\/ul>\n<\/td>\n<\/tr>\n<\/tbody>\n<\/table>\n<p><img loading=\"lazy\" decoding=\"async\" class=\"alignnone size-full wp-image-107\" src=\"https:\/\/sisu.ut.ee\/wp-content\/uploads\/sites\/48\/kusimark.png\" alt=\"\" width=\"48\" height=\"48\">\u0421\u043e\u0441\u0442\u0430\u0432\u044c\u0442\u0435 \u0434\u0438\u0430\u043b\u043e\u0433. \u0412\u044b \u0445\u043e\u0442\u0438\u0442\u0435 \u0437\u0430\u043f\u0438\u0441\u0430\u0442\u044c\u0441\u044f \u043d\u0430 \u043f\u043b\u0430\u0442\u043d\u044b\u0439 \u043f\u0440\u0438\u0451\u043c \u043a \u0432\u0440\u0430\u0447\u0443-\u0441\u043f\u0435\u0446\u0438\u0430\u043b\u0438\u0441\u0442\u0443.<\/p>\n\n\n<div class=\"wp-block-group attached-files-group is-layout-constrained wp-block-group-is-layout-constrained\">\n<div class=\"wp-block-file\"><a id=\"wp-block-file--media-6fb0e5a6-471b-4837-8e79-89a406cf3580\" href=\"https:\/\/sisu.ut.ee\/wp-content\/uploads\/sites\/48\/registratura_1.mp3\" target=\"_blank\" rel=\"noreferrer noopener\">registratura_1.mp3<\/a><\/div>\n<\/div>\n","protected":false},"excerpt":{"rendered":"<p>Alateema koosneb dialoogist, teemakohastest lisak\u00fcsimustest, kuulamisharjutusest ja iseseisvatest \u00fclesannetest. \u041f\u0440\u043e\u0447\u0438\u0442\u0430\u0439\u0442\u0435 \u0434\u0438\u0430\u043b\u043e\u0433 \u0438 \u0432\u043e\u043f\u0440\u043e\u0441\u044b. Dialoogis ja k\u00fcsimustes v\u00f5ivad ette tulla s\u00f5nad, milles \u00f5ppija v\u00f5ib vajada keelelist tuge. Seda arvestades oleme linkinud s\u00f5nad, mille tundmine teema raames on vajalik. K\u00f5ik lingitud s\u00f5nad &#8230;<\/p>\n","protected":false},"author":20,"featured_media":0,"parent":0,"menu_order":0,"comment_status":"closed","ping_status":"closed","template":"","meta":{"_acf_changed":false,"inline_featured_image":false,"footnotes":""},"class_list":["post-13","page","type-page","status-publish","hentry"],"acf":[],"_links":{"self":[{"href":"https:\/\/sisu.ut.ee\/arstil_vene\/wp-json\/wp\/v2\/pages\/13","targetHints":{"allow":["GET"]}}],"collection":[{"href":"https:\/\/sisu.ut.ee\/arstil_vene\/wp-json\/wp\/v2\/pages"}],"about":[{"href":"https:\/\/sisu.ut.ee\/arstil_vene\/wp-json\/wp\/v2\/types\/page"}],"author":[{"embeddable":true,"href":"https:\/\/sisu.ut.ee\/arstil_vene\/wp-json\/wp\/v2\/users\/20"}],"replies":[{"embeddable":true,"href":"https:\/\/sisu.ut.ee\/arstil_vene\/wp-json\/wp\/v2\/comments?post=13"}],"version-history":[{"count":6,"href":"https:\/\/sisu.ut.ee\/arstil_vene\/wp-json\/wp\/v2\/pages\/13\/revisions"}],"predecessor-version":[{"id":121,"href":"https:\/\/sisu.ut.ee\/arstil_vene\/wp-json\/wp\/v2\/pages\/13\/revisions\/121"}],"wp:attachment":[{"href":"https:\/\/sisu.ut.ee\/arstil_vene\/wp-json\/wp\/v2\/media?parent=13"}],"curies":[{"name":"wp","href":"https:\/\/api.w.org\/{rel}","templated":true}]}}