{"id":2,"date":"2025-03-28T08:37:34","date_gmt":"2025-03-28T08:37:34","guid":{"rendered":"https:\/\/sisu.ut.ee\/arst-sisseastumiseksam\/?page_id=2"},"modified":"2026-02-04T12:20:40","modified_gmt":"2026-02-04T10:20:40","slug":"sample-page","status":"publish","type":"page","link":"https:\/\/sisu.ut.ee\/arst-sisseastumiseksam\/","title":{"rendered":"Avaleht"},"content":{"rendered":"<p>Tartu \u00dclikooli meditsiinivaldkonda sisseastumisel tuleb sooritada sisseatumiseksam eestikeelsetel \u00f5ppekavadel, mis koosneb<\/p>\n\n\n\n<ul class=\"wp-block-list\">\n<li>f\u00fc\u00fcsika ja keemia testist <a href=\"https:\/\/ut.ee\/et\/oppekavad\/arstiteadus\" data-type=\"link\" data-id=\"https:\/\/ut.ee\/et\/oppekavad\/arstiteadus\">arstiteaduse<\/a> ja <a href=\"https:\/\/ut.ee\/et\/oppekavad\/hambaarstiteadus\" data-type=\"link\" data-id=\"https:\/\/ut.ee\/et\/oppekavad\/hambaarstiteadus\">hambaarstiteaduse<\/a> erialadel<\/li>\n\n\n\n<li>ainult keemia testist <a href=\"https:\/\/ut.ee\/et\/oppekavad\/proviisor\" data-type=\"link\" data-id=\"https:\/\/ut.ee\/et\/oppekavad\/proviisor\">proviisori<\/a> erialal <\/li>\n<\/ul>\n\n\n\n<p>Keemia- ja f\u00fc\u00fcsikasisseastumiseksami sooritamine toimub elektroonselt\u00a0<a href=\"https:\/\/testid.ut.ee\/\" target=\"_blank\" rel=\"noreferrer noopener\">Tartu \u00dclikooli testide keskkonnas<\/a>\u00a0ja sellele saab registreeruda\u00a0<a href=\"https:\/\/sais.ee\/\" target=\"_blank\" rel=\"noreferrer noopener\">SAIS-is<\/a>\u00a0koos avalduse esitamisega. Sisseastumiseksam toimub <strong>8. juulil 2026<\/strong> kell 10:00, kell 13:00 v\u00f5i kell 16:00 <strong>Tartus<\/strong> aadressil Narva mnt 18, Jakobi 2 ja Lossi 36 arvutiklassides.<\/p>\n\n\n\n<p>Keemia testi sooritamiseks on aega 60 minutit ja f\u00fc\u00fcsika testiks 60 minutit. Kummagi testi peale kokku 120 minutit.<\/p>\n\n\n\n<p>Keemia testis on 10-12 k\u00fcsimust ja f\u00fc\u00fcsika testis 20-25 k\u00fcsimust, iga k\u00fcsimus eraldi lehel. Lehtede vahel saab vabalt liikuda. J\u00e4rgmisele v\u00f5i eelmisele lehele liikumisel sisestatud vastused salvestatakse. Saate oma vastuseid muuta kuni testi esitamiseni.<\/p>\n\n\n\n<p>Sisseastumieksami eest on v\u00f5imalik saada kuni 100 punkti. Eksam on sooritatud, kui tulemus on v\u00e4hemalt 51 punkti.<\/p>\n\n\n\n<p>Sellele lehele on koondatud <strong><a href=\"https:\/\/sisu.ut.ee\/arst-sisseastumiseksam\/fuusika-sisseastumiseksam\/\" data-type=\"link\" data-id=\"https:\/\/sisu.ut.ee\/arst-sisseastumiseksam\/fuusika-sisseastumiseksam\/\">f\u00fc\u00fcsika<\/a> ja <a href=\"https:\/\/sisu.ut.ee\/arst-sisseastumiseksam\/keemia-sisseastumiseksam\/\" data-type=\"link\" data-id=\"https:\/\/sisu.ut.ee\/arst-sisseastumiseksam\/keemia-sisseastumiseksam\/\">keemia<\/a> sisseastumiseksami n\u00e4idis\u00fclesanded<\/strong>. N\u00e4idis\u00fclesanded on harjutamiseks, vastuseid ei salvestata.<\/p>\n\n\n\n<p>Alustamas on <strong><a href=\"https:\/\/ois2.ut.ee\/#\/trainings\/LTKT.TK.012\/version\/bef57ea4-53f0-2f87-a3a8-328149c269d5\/details\">keemia<\/a> ja <a href=\"https:\/\/ois2.ut.ee\/#\/trainings\/LTFY.TK.009\/version\/f448df2d-bc29-a3bd-437f-819ec4c5001f\/details\">f\u00fc\u00fcsika<\/a> kursused<\/strong>, mis aitavad valmistuda sisseastumiskatseteks.<\/p>\n\n\n\n<h2 class=\"wp-block-heading\">Korduma kippuvad k\u00fcsimused<\/h2>\n\n\n\n<figure class=\"wp-block-table is-style-stripes\"><table class=\"table table-hover\"><thead><tr><th>K\u00fcsimus<\/th><th>Vastus<\/th><\/tr><\/thead><tbody><tr><td>Kas mul on v\u00f5imalik sooritada f\u00fc\u00fcsika ja keemia sisseastumiseksamit, kui ma sain akadeemilisel testil alla 51 punkti?<\/td><td><strong>Arstiteaduse ja hambaarstiteaduse erialad<\/strong><br>Ei ole. Sisseastumiseksamile p\u00e4\u00e4semiseks peab akadeemilise testi tulemus olema v\u00e4hemalt 51 punkti 100st.<br><br><strong>Proviisori eriala<\/strong><br>K\u00f5ik proviisori erialale sisseastujad saavad sooritada sisseastumiseksamit. Proviisori erialale kandideerides ei pea akadeemilist testi sooritama.<\/td><\/tr><tr><td>Kui kaua kehtib f\u00fc\u00fcsika ja keemia sisseastumiseksami tulemus?<\/td><td>F\u00fc\u00fcsika ja keemia sisseastumiseksami tulemus kehtib ainult selle sooritamise aastal. Kui j\u00e4rgevatel aastatel proovitakse uuesti sisse astuda, siis tuleb sisseastumiseksam uuesti sooritada.<\/td><\/tr><tr><td><strong>Arstiteaduse ja hambaarstiteaduse erialad<\/strong><br>Kui mul j\u00e4\u00e4b f\u00fc\u00fcsika (v\u00f5i keemia) testi tegemisest aega \u00fcle, siis kas ma saan selle arvelt teha pikemalt keemia (v\u00f5i f\u00fc\u00fcsika) eksamit?<\/td><td><strong>Arstiteaduse ja hambaarstiteaduse erialad<\/strong><br>Ei saa. M\u00f5lemal testil on eraldi seisev ajaarvestus ehk siis t\u00e4pselt 60 minutit kummagi testi jaoks ning kokku 120 minutit.<\/td><\/tr><tr><td>Kas saan sisseastumiseksami tulemuse teada kohe p\u00e4rast testi esitamist?<\/td><td>Ei saa. Eksamitulemustest teavitatakse l\u00e4bi SAIS-i.<\/td><\/tr><tr><td>Kas eksamil tuleb sama palju \u00fclesandeid, nagu on n\u00e4idis\u00fclesannetes esitatud?<\/td><td>Ei tule. N\u00e4idis\u00fclesandeid on rohkem, et nii koolif\u00fc\u00fcsika kui ka koolikeemia teemad oleksid v\u00f5imalikult \u00fchtlaselt kaetud. Keemia testis on 10-12 k\u00fcsimust ja f\u00fc\u00fcsika testis 20-25 k\u00fcsimust<\/td><\/tr><tr><td>Mitu punkti on v\u00f5imalik sisseastumiseksami eest saada ja mitu punkti on vaja, et sisseastumiseksamist l\u00e4bi saada?<\/td><td>Sisseastumiseksamit hinnatakse 100 punkti skaalas.<br><br><strong>Arstiteaduse ja hambaarstiteaduse erialad<\/strong><br>Keemia testi eest on v\u00f5imalik saada kuni 50 punkti ja f\u00fc\u00fcsika testi eest samuti kuni 50 punkti. Eksam on sooritatud, kui tulemus on kahe osa peale kokku v\u00e4hemalt 51 punkti.<br><br><strong>Proviisori eriala<\/strong><br>Keemia testi eest on v\u00f5imalik saada kuni 100 punkti. Eksam on sooritatud, kui tulemus on v\u00e4hemalt 51 punkti.<\/td><\/tr><tr><td><strong>Arstiteaduse ja hambaarstiteaduse erialad<\/strong><br>Kas sisseastumiseksamist l\u00e4bi saamiseks peab saama nii f\u00fc\u00fcsika kui ka keemia testi eesti \u00fcle poole v\u00f5imalikest punktidest n\u00e4iteks f\u00fc\u00fcsikas 26 punkti 50st?<\/td><td><strong>Arstiteaduse ja hambaarstiteaduse erialad<\/strong><br>Ei pea. Sisseastumiseksami punktiarvestus k\u00e4ib summaarselt ehk siis nii f\u00fc\u00fcsika kui ka keemia testi punktid liidetakse kokku ning sisseausmiseksami sooritamiseks peab saama v\u00e4hemalt 51 punkti 100st.<\/td><\/tr><tr><td>Mis juhtub siis, kui eksami ajal l\u00e4heb vool korraks \u00e4ra ja arvuti interneti \u00fchendus katkeb?<\/td><td>P\u00e4rast arvuti k\u00e4ivitamist on v\u00f5imalik eksamit j\u00e4tkata pooleli j\u00e4\u00e4nud kohast. Ajaarvestus selleks ajaks seisma ei j\u00e4\u00e4.<\/td><\/tr><tr><td>Kas ma pean sisseastumiseksamile tulles v\u00f5tma kaasa oma s\u00fclearvuti?<\/td><td>Ei pea. Sisseastumiseksam toimub Tartu \u00dclikooli arvutiklassides, kus k\u00f5igile osalejatele on oma lauaarvuti.<\/td><\/tr><tr><td>Kuidas saan testide keskkonda sisse logida?<\/td><td>Sisseastuja saab testide keskkonda sisse logida talle antud kasutajatunnuse ning parooliga, mis v\u00e4ljastatakse testi toimumise kohas isikut t\u00f5ndava dokumendi nt <strong>ID-kaardi alusel<\/strong>.<\/td><\/tr><tr><td>Kas pean v\u00f5tma midagi eraldi kaasa sisseastumiseksamile?<\/td><td>Kandidaat peab olema valmis, et testi sooritamise ajal on tal k\u00e4ep\u00e4rast pastapliiats ja kalkulaator. Mustandipaber m\u00e4rkmete tegemiseks antakse koha peal.<br>Kandidaat v\u00f5ib v\u00f5tta kaasa joogivett.<\/td><\/tr><\/tbody><\/table><\/figure>\n\n\n\n<h2 class=\"wp-block-heading\">Tagasiside<\/h2>\n\n\n<script type=\"text\/javascript\">\ndocument.addEventListener(\"DOMContentLoaded\", function(event) { \nif(!window.jQuery) alert(\"The important jQuery library is not properly loaded in your site. Your WordPress theme is probably missing the essential wp_head() call. You can switch to another theme and you will see that the plugin works fine and this notice disappears. If you are still not sure what to do you can contact us for help.\");\n});\n<\/script>  \n  \n<div id=\"watupro_quiz\" class=\"quiz-area single-page-quiz\">\n<p id=\"submittingExam1\" style=\"display:none;text-align:center;\"><img loading=\"lazy\" decoding=\"async\" src=\"https:\/\/sisu.ut.ee\/wp-content\/plugins\/watupro\/img\/loading.gif\" width=\"16\" height=\"16\"><\/p>\n\n\n\n<form action=\"\" method=\"post\" class=\"quiz-form\" id=\"quiz-1\" enctype=\"multipart\/form-data\">\n<div class=\"watu-question \" id=\"question-1\" style=\";\"><div id=\"questionWrap-1\" class=\"   watupro-question-id-1\">\n\t\t\t<div class=\"question-content\"><div><span data-olk-copy-source=\"MessageBody\">Kui n\u00e4idis\u00fclesandeid lahendades j\u00e4i silma m\u00f5ni ebat\u00e4psus v\u00f5i segane koht, siis sellest saad teada anda siin. Samuti v\u00f5id siin esitada k\u00fcsimusi eksami korralduse kohta. <strong>Kindlasti t\u00e4psusta, kas tegu on keemia v\u00f5i f\u00fc\u00fcsika \u00fclesandega ja mis on \u00fclesande number.<\/strong><\/span><\/div><input type=\"hidden\" name=\"question_id[]\" id=\"qID_1\" value=\"1\" class=\"watupro-question-id\"><input type=\"hidden\" id=\"answerType1\" class=\"answerTypeCnt1\" value=\"textarea\"><!-- end question-content--><\/div><div class=\"question-choices \" id=\"questionChoices1\"><p><textarea name=\"answer-1[]\" id=\"textarea_q_1\" class=\"watupro-textarea-large\" rows=\"5\" cols=\"80\"><\/textarea>\n<\/p><!-- end question-choices--><\/div><!-- end questionWrap--><\/div><\/div><div style=\"display:none\" id=\"question-2\">\n\t<div class=\"question-content\">\n\t\t<img loading=\"lazy\" decoding=\"async\" src=\"https:\/\/sisu.ut.ee\/wp-content\/plugins\/watupro\/img\/loading.gif\" width=\"16\" height=\"16\" alt=\"Loading...\" title=\"Loading...\">\u00a0Loading...\t<\/div>\n<\/div>\n\n<br>\n\t\n\t\t\t<div class=\"watupro_buttons flex \" id=\"watuPROButtons1\">\n\t\t  <div id=\"prev-question\" style=\"display:none;\"><input type=\"button\" value=\"&lt; Previous\" onclick=\"WatuPRO.nextQuestion(event, 'previous');\"><\/div>\t\t  \t\t  \t\t   \n\t\t   \t  \t\t<div><input type=\"button\" name=\"action\" class=\"watupro-submit-button\" onclick=\"WatuPRO.submitResult(event)\" id=\"action-button\" value=\"View Results\">\n\t\t<\/div>\n\t\t<\/div>\n\t\t\n\t<input type=\"hidden\" name=\"quiz_id\" value=\"1\" id=\"watuPROExamID\">\n\t<input type=\"hidden\" name=\"start_time\" id=\"startTime\" value=\"2026-04-15 20:27:00\">\n\t<input type=\"hidden\" name=\"start_timestamp\" id=\"startTimeStamp\" value=\"1776284820\">\n\t<input type=\"hidden\" name=\"question_ids\" value=\"\">\n\t<input type=\"hidden\" name=\"watupro_questions\" value=\"1:\">\n\t<input type=\"hidden\" name=\"no_ajax\" value=\"0\">\t\t\t<\/form>\n\t<p>\u00a0<\/p>\n<\/div>\n\n<script type=\"text\/javascript\">\n\/\/jQuery(document).ready(function(){\ndocument.addEventListener(\"DOMContentLoaded\", function(event) { \t\nvar question_ids = \"1\";\nWatuPROSettings[1] = {};\nWatuPRO.qArr = question_ids.split(',');\nWatuPRO.exam_id = 1;\t    \nWatuPRO.post_id = 2;\nWatuPRO.store_progress = 0;\nWatuPRO.curCatPage = 1;\nWatuPRO.requiredIDs=\"0\".split(\",\");\nWatuPRO.hAppID = \"0.85697500 1776274020\";\nvar url = \"https:\/\/sisu.ut.ee\/wp-content\/plugins\/watupro\/show_exam.php\";\nWatuPRO.examMode = 1;\nWatuPRO.siteURL=\"https:\/\/sisu.ut.ee\/arst-sisseastumiseksam\/wp-admin\/admin-ajax.php\";\nWatuPRO.emailIsNotRequired = 0;\nWatuPRO.perDecade = 10;\nWatuPROIntel.init(1);\nWatuPRO.inCategoryPages=1;});    \t \n<\/script>\n\n","protected":false},"excerpt":{"rendered":"<p>Tartu \u00dclikooli meditsiinivaldkonda sisseastumisel tuleb sooritada sisseatumiseksam eestikeelsetel \u00f5ppekavadel, mis koosneb Keemia- ja f\u00fc\u00fcsikasisseastumiseksami sooritamine toimub elektroonselt\u00a0Tartu \u00dclikooli testide keskkonnas\u00a0ja sellele saab registreeruda\u00a0SAIS-is\u00a0koos avalduse esitamisega. Sisseastumiseksam toimub 8. juulil 2026 kell 10:00, kell 13:00 v\u00f5i kell 16:00 Tartus aadressil Narva &#8230;<\/p>\n","protected":false},"author":9,"featured_media":0,"parent":0,"menu_order":0,"comment_status":"closed","ping_status":"open","template":"","meta":{"_acf_changed":false,"inline_featured_image":false,"footnotes":""},"class_list":["post-2","page","type-page","status-publish","hentry"],"acf":[],"_links":{"self":[{"href":"https:\/\/sisu.ut.ee\/arst-sisseastumiseksam\/wp-json\/wp\/v2\/pages\/2","targetHints":{"allow":["GET"]}}],"collection":[{"href":"https:\/\/sisu.ut.ee\/arst-sisseastumiseksam\/wp-json\/wp\/v2\/pages"}],"about":[{"href":"https:\/\/sisu.ut.ee\/arst-sisseastumiseksam\/wp-json\/wp\/v2\/types\/page"}],"author":[{"embeddable":true,"href":"https:\/\/sisu.ut.ee\/arst-sisseastumiseksam\/wp-json\/wp\/v2\/users\/9"}],"replies":[{"embeddable":true,"href":"https:\/\/sisu.ut.ee\/arst-sisseastumiseksam\/wp-json\/wp\/v2\/comments?post=2"}],"version-history":[{"count":30,"href":"https:\/\/sisu.ut.ee\/arst-sisseastumiseksam\/wp-json\/wp\/v2\/pages\/2\/revisions"}],"predecessor-version":[{"id":218,"href":"https:\/\/sisu.ut.ee\/arst-sisseastumiseksam\/wp-json\/wp\/v2\/pages\/2\/revisions\/218"}],"wp:attachment":[{"href":"https:\/\/sisu.ut.ee\/arst-sisseastumiseksam\/wp-json\/wp\/v2\/media?parent=2"}],"curies":[{"name":"wp","href":"https:\/\/api.w.org\/{rel}","templated":true}]}}