{"id":90,"date":"2024-04-03T23:21:13","date_gmt":"2024-04-03T20:21:13","guid":{"rendered":"https:\/\/sisu.ut.ee\/ark\/publications-and-media\/"},"modified":"2024-04-10T10:32:51","modified_gmt":"2024-04-10T07:32:51","slug":"publications-and-media","status":"publish","type":"page","link":"https:\/\/sisu.ut.ee\/ark\/publications-and-media\/?lang=en","title":{"rendered":"External Publications &amp; Media"},"content":{"rendered":"<p>Here you can find various publications about the project.<\/p>\n<p><\/p><div class=\"accordion mb-3\">\n        <div class=\"accordion-item accordion-item--white\">\n        <h2 class=\"accordion-header\" id=\"accordion-69f5612121563-heading\">\n            <button class=\"accordion-button collapsed\" type=\"button\" data-bs-toggle=\"collapse\" data-bs-target=\"#accordion-69f5612121563-collapse\" aria-expanded=\"true\" aria-controls=\"accordion-69f5612121563-collapse\"><span style=\"text-decoration: underline\">Publications<\/span><\/button>\n        <\/h2>\n        <div id=\"accordion-69f5612121563-collapse\" class=\"accordion-collapse collapse\" aria-labelledby=\"accordion-69f5612121563-heading\">\n            <div class=\"accordion-body\">\n<p><span><strong>Ark of Inquiry Consortium<\/strong>\u00a0<\/span>(2014) Ark of Inquiry (AoI): Inquiry Awards for Youth over Europe. \u2013 iSER World Conference Book of Abstracts (page 51).\u00a0<span style=\"color: #4c89b1\">[\u00a0<a href=\"http:\/\/iser-icer.net\/wp-content\/uploads\/2013\/10\/iSER2014_Abstracts_Book.pdf\" target=\"_blank\" rel=\"noopener\">open<\/a>\u00a0in a new window ]<\/span><\/p>\n<p><strong><span>Ark of Inquiry Consortium<\/span>\u00a0<\/strong>(2014) Ark of Inquiry (AoI): Inquiry Awards for Youth over Europe. \u2013 XVI IOSTE Symposium\u00a0Programme Book and Abstracts (page 40).\u00a0<\/p>\n<p><strong>Pedaste, M.; de Vries, B.; Zacharia, Z. C.; Jaakkola, T.; Sotiriou, S.; Siiman, L.; M\u00e4eots, M.; Papaevripidou, M.; Mavromanolakis, G.<\/strong> (2014). Ark of Inquiry: A European Project for the Widespread Dissemination of Inquiry Activities through a Network of Universities, Schools, Science Centres and Museums. Bolte, C.; Rauch, F. (Eds.). \u2013 Enhancing Inquiry-based Science Education and Teachers\u2019 Continuous Professional Development in Europe: Insights and Reflections on the PROFILES Project and other Projects funded by the European Commission (pages 291 \u2013 296). Berlin\/Klagenfurt: Freie Universit\u00e4t Berlin\/Alpen-Adria-Universit\u00e4t <span style=\"color: #4c89b1\">[ <a href=\"http:\/\/ius.aau.at\/misc\/profiles\/files\/PROFILES_book3.pdf\" target=\"_blank\" rel=\"noopener\">open<\/a> in a new window ]<\/span><\/p>\n<p><span>\u00a0<\/span><\/p>\n<p><\/p><\/div>\n        <\/div>\n        <\/div>\n    <\/div>\n<p><\/p><div class=\"accordion mb-3\">\n        <div class=\"accordion-item accordion-item--white\">\n        <h2 class=\"accordion-header\" id=\"accordion-69f5612121576-heading\">\n            <button class=\"accordion-button collapsed\" type=\"button\" data-bs-toggle=\"collapse\" data-bs-target=\"#accordion-69f5612121576-collapse\" aria-expanded=\"true\" aria-controls=\"accordion-69f5612121576-collapse\"><span style=\"text-decoration: underline\">Media in English<\/span><\/button>\n        <\/h2>\n        <div id=\"accordion-69f5612121576-collapse\" class=\"accordion-collapse collapse\" aria-labelledby=\"accordion-69f5612121576-heading\">\n            <div class=\"accordion-body\"><strong>Merbach, E.<\/strong> Educational researchers of UT are going to train thousands of students and teachers all over the Europe.- University of Tartu, 08.01.2014 [http:\/\/www.ut.ee\/en\/news\/educational-researchers-ut-are-going-train-thousands-students-and-teachers-all-over-europe] 11.08.2014\n<p><strong>UNESCO.<\/strong> Ark of Inquiry: Inquiry Awards for Youth over Europe.- UNESCO Venice Office,18.03.2014 [http:\/\/www.unesco.org\/new\/en\/venice\/about-this-office\/single-view\/news\/a\u2026 14.08.2014<\/p><\/div>\n        <\/div>\n        <\/div>\n    <\/div>\n<p style=\"text-align: justify\"><\/p><div class=\"accordion mb-3\">\n        <div class=\"accordion-item accordion-item--white\">\n        <h2 class=\"accordion-header\" id=\"accordion-69f561212157b-heading\">\n            <button class=\"accordion-button collapsed\" type=\"button\" data-bs-toggle=\"collapse\" data-bs-target=\"#accordion-69f561212157b-collapse\" aria-expanded=\"true\" aria-controls=\"accordion-69f561212157b-collapse\"><span style=\"text-decoration: underline\">Media in Estonian<\/span><\/button>\n        <\/h2>\n        <div id=\"accordion-69f561212157b-collapse\" class=\"accordion-collapse collapse\" aria-labelledby=\"accordion-69f561212157b-heading\">\n            <div class=\"accordion-body\"><strong>Himma, M.<\/strong> Eesti haridusteadlased koolitavad tuhandeid \u00f5petajaid \u00fcle Euroopa.- ERR, 3.03.2014 [http:\/\/uudised.err.ee\/v\/eesti\/2db6945b-a923-4a14-9fb7-7374a0965f4f ]11.08.2014\n<p style=\"text-align: justify\"><strong>Ivask, S.<\/strong> Haridusteadlased juhivad suurprojekti. \u2013 Universitas Tartuensis, veebruar 2014 nr 2 (2424) lk 16-17 [http:\/\/www.ajakiri.ut.ee\/artikkel\/368] 11.08.2014<\/p>\n<p style=\"text-align: justify\"><strong>Kirm, M.<\/strong> Tartu \u00dclikooli haridusteadlased on kahteteist euroriiki haarava nelja-aastase projekti Uuringulaegas eestvedajad.- Luubi all, Kuku Raadio intervjuu 08.01.2014 [http:\/\/kuku.ee\/index.php?pid=24&amp;nid=10534&amp;lang=1] 11.08.2014<\/p>\n<p style=\"text-align: justify\"><strong>Merbach, E.<\/strong> T\u00dc haridusteadlased asuvad koolitama tuhandeid \u00f5pilasi ja \u00f5petajaid \u00fcle Euroopa. \u2013 Tartu \u00dclikool, 07.01.2014 [http:\/\/www.ut.ee\/et\/uudised\/tu-haridusteadlased-asuvad-koolitama-tuhandeid-opilasi-opetajaid-ule-euroopa] 11.08.2014<\/p>\n<p style=\"text-align: justify\"><strong>Pedaste, M.<\/strong> Uurimis\u00f5pe arendab probleemide lahendamist ja loob innovatsiooni. \u2013 \u00d5petajate Leht, 21.03.014 [http:\/\/opleht.ee\/14353-uurimisope-arendab-probleemide-lahendamist-ja-loo\u2026 11.08.2014<\/p>\n<p style=\"text-align: justify\"><strong>Pors, M.<\/strong> T\u00dc teadlased asuvad koolitama tuhandeid Euroopa \u00f5pilasi ja \u00f5petajaid. \u2013 Haridusportaal Koolielu, 07.01.2014 [http:\/\/koolielu.ee\/info\/readnews\/347898\/tu-teadlased-asuvad-koolitama-tuhandeid-euroopa-opilasi-ja-opetajaid] 11.08.2014<\/p>\n<p style=\"text-align: justify\"><strong>Tamme, V.<\/strong> Teadlased \u00fcle Euroopa avavad uurimuslikku \u00f5pet edendava \u201eUuringulaeka\u201c. \u2013 Postimees, 3.03.2014 [http:\/\/uudisvoog.postimees.ee\/?DATE=20140303&amp;ID=333410] 11.08.2014<\/p>\n<p style=\"text-align: justify\"><strong>Tatrik, K.<\/strong> \u00dclikool juhib suurt teadus\u00f5ppeprojekti. \u2013 Postimees, 10.01.2014 [http:\/\/pluss.postimees.ee\/2656346\/ulikool-juhib-suurt-teadusoppeprojekti] 11.08.2014<\/p><\/div>\n        <\/div>\n        <\/div>\n    <\/div>\n<p style=\"text-align: justify\"><strong>\u00a0<\/strong><\/p>\n<p style=\"text-align: justify\">\n<\/p>","protected":false},"excerpt":{"rendered":"<p>Here you can find various publications about the project. Publications Ark of Inquiry Consortium\u00a0(2014) Ark of Inquiry (AoI): Inquiry Awards for Youth over Europe. \u2013 iSER World Conference Book of Abstracts (page 51).\u00a0[\u00a0open\u00a0in a new window ] Ark of Inquiry &#8230;<\/p>\n","protected":false},"author":30,"featured_media":0,"parent":0,"menu_order":0,"comment_status":"closed","ping_status":"closed","template":"","meta":{"_acf_changed":false,"inline_featured_image":false,"footnotes":""},"class_list":["post-90","page","type-page","status-publish","hentry"],"acf":[],"_links":{"self":[{"href":"https:\/\/sisu.ut.ee\/ark\/wp-json\/wp\/v2\/pages\/90","targetHints":{"allow":["GET"]}}],"collection":[{"href":"https:\/\/sisu.ut.ee\/ark\/wp-json\/wp\/v2\/pages"}],"about":[{"href":"https:\/\/sisu.ut.ee\/ark\/wp-json\/wp\/v2\/types\/page"}],"author":[{"embeddable":true,"href":"https:\/\/sisu.ut.ee\/ark\/wp-json\/wp\/v2\/users\/30"}],"replies":[{"embeddable":true,"href":"https:\/\/sisu.ut.ee\/ark\/wp-json\/wp\/v2\/comments?post=90"}],"version-history":[{"count":1,"href":"https:\/\/sisu.ut.ee\/ark\/wp-json\/wp\/v2\/pages\/90\/revisions"}],"predecessor-version":[{"id":929,"href":"https:\/\/sisu.ut.ee\/ark\/wp-json\/wp\/v2\/pages\/90\/revisions\/929"}],"wp:attachment":[{"href":"https:\/\/sisu.ut.ee\/ark\/wp-json\/wp\/v2\/media?parent=90"}],"curies":[{"name":"wp","href":"https:\/\/api.w.org\/{rel}","templated":true}]}}