{"id":70,"date":"2024-04-03T23:21:12","date_gmt":"2024-04-03T20:21:12","guid":{"rendered":"https:\/\/sisu.ut.ee\/ark\/opilastele\/"},"modified":"2024-04-26T09:30:48","modified_gmt":"2024-04-26T06:30:48","slug":"opilastele","status":"publish","type":"page","link":"https:\/\/sisu.ut.ee\/ark\/opilastele\/","title":{"rendered":"\u00d5pilastele"},"content":{"rendered":"<p style=\"text-align: center;\"><em style=\"line-height: 1.6em;\">Mul ei ole \u00fchtegi erilist annet. Ma olen lihtsalt uudishimulik.<\/em><br>\n<span style=\"line-height: 1.6em;\">(Albert Einstein)<\/span><\/p>\n<p style=\"text-align: center;\"><!--break--><\/p>\n<p style=\"text-align: justify;\"><strong>\u00a0<\/strong><\/p>\n<p style=\"text-align: center;\"><span style=\"font-weight: bold; text-align: center;\">Kas sa oled valmis oma elu seikluseks? Kas sa tahad teada, kuidas teadust tehakse?<\/span><\/p>\n<p style=\"text-align: justify;\"><strong>Uuringulaeka projekt<\/strong> avab teile ukse p\u00f5nevasse teadusmaailma. Saate omal k\u00e4el l\u00e4bi teha ja kogeda tegevusi, millega puutuvad oma t\u00f6\u00f6s kokku p\u00e4ris teadlased. K\u00f5igis tegevustes aitavad ja juhendavad teid teie \u00f5petajad, kes omakorda saavad toetuda suurele rahvusvahelisele teadlaste, \u00fclikoolide ja teaduskeskuste v\u00f5rgustikule. P\u00e4rast piisava hulga tegevuste l\u00e4bimist ja kogemuste omandamist saate kandideerida uuringuauhinnale, milleks on kas t\u00e4ht, diplom, pronks-, h\u00f5be- v\u00f5i kuldmedal.<img loading=\"lazy\" decoding=\"async\" class=\"wp-image-585 alignright\" src=\"https:\/\/sisu.ut.ee\/wp-content\/uploads\/sites\/84\/img_0083-683x1024.jpg\" alt=\"\" width=\"286\" height=\"429\" srcset=\"https:\/\/sisu.ut.ee\/wp-content\/uploads\/sites\/84\/img_0083-683x1024.jpg 683w, https:\/\/sisu.ut.ee\/wp-content\/uploads\/sites\/84\/img_0083-200x300.jpg 200w, https:\/\/sisu.ut.ee\/wp-content\/uploads\/sites\/84\/img_0083-768x1152.jpg 768w, https:\/\/sisu.ut.ee\/wp-content\/uploads\/sites\/84\/img_0083-1024x1536.jpg 1024w, https:\/\/sisu.ut.ee\/wp-content\/uploads\/sites\/84\/img_0083-1365x2048.jpg 1365w, https:\/\/sisu.ut.ee\/wp-content\/uploads\/sites\/84\/img_0083-1920x2880.jpg 1920w, https:\/\/sisu.ut.ee\/wp-content\/uploads\/sites\/84\/img_0083-scaled.jpg 1707w\" sizes=\"auto, (max-width: 286px) 100vw, 286px\"><\/p>\n<p style=\"text-align: justify;\">Uuringulaeka projektis osaleb v\u00e4hemalt 23\u00a0000 \u00f5pilast \u00fcle kogu Euroopa. \u00dchinege nendega, avage laegas ja uurige v\u00e4lja, kas uute avastuste ootel teadusmaailm on \u00e4kki midagi teie jaoks!<\/p>\n<p style=\"text-align: justify;\">Projekt algas juba 2014. aasta m\u00e4rtsis, kuid sina saad Uuringulaeka seiklusega liituda alates <strong>2016. aasta septembrist.<\/strong> K\u00fclasta meie kodulehte tihti, j\u00e4lgi meid <a href=\"http:\/\/www.facebook.com\/ArkofInquiry\" target=\"_blank\" rel=\"noopener\">Facebook<\/a>is \u2013 Uuringulaeka portaal avaneb peagi!<\/p>\n","protected":false},"excerpt":{"rendered":"<p>Mul ei ole \u00fchtegi erilist annet. Ma olen lihtsalt uudishimulik. (Albert Einstein) \u00a0 Kas sa oled valmis oma elu seikluseks? Kas sa tahad teada, kuidas teadust tehakse? Uuringulaeka projekt avab teile ukse p\u00f5nevasse teadusmaailma. Saate omal k\u00e4el l\u00e4bi teha ja &#8230;<\/p>\n","protected":false},"author":30,"featured_media":0,"parent":0,"menu_order":0,"comment_status":"closed","ping_status":"closed","template":"","meta":{"_acf_changed":false,"inline_featured_image":false,"footnotes":""},"class_list":["post-70","page","type-page","status-publish","hentry"],"acf":[],"_links":{"self":[{"href":"https:\/\/sisu.ut.ee\/ark\/wp-json\/wp\/v2\/pages\/70","targetHints":{"allow":["GET"]}}],"collection":[{"href":"https:\/\/sisu.ut.ee\/ark\/wp-json\/wp\/v2\/pages"}],"about":[{"href":"https:\/\/sisu.ut.ee\/ark\/wp-json\/wp\/v2\/types\/page"}],"author":[{"embeddable":true,"href":"https:\/\/sisu.ut.ee\/ark\/wp-json\/wp\/v2\/users\/30"}],"replies":[{"embeddable":true,"href":"https:\/\/sisu.ut.ee\/ark\/wp-json\/wp\/v2\/comments?post=70"}],"version-history":[{"count":3,"href":"https:\/\/sisu.ut.ee\/ark\/wp-json\/wp\/v2\/pages\/70\/revisions"}],"predecessor-version":[{"id":1936,"href":"https:\/\/sisu.ut.ee\/ark\/wp-json\/wp\/v2\/pages\/70\/revisions\/1936"}],"wp:attachment":[{"href":"https:\/\/sisu.ut.ee\/ark\/wp-json\/wp\/v2\/media?parent=70"}],"curies":[{"name":"wp","href":"https:\/\/api.w.org\/{rel}","templated":true}]}}