{"id":68,"date":"2024-04-03T23:21:12","date_gmt":"2024-04-03T20:21:12","guid":{"rendered":"https:\/\/sisu.ut.ee\/ark\/kkk\/"},"modified":"2024-04-03T23:25:05","modified_gmt":"2024-04-03T20:25:05","slug":"kkk","status":"publish","type":"page","link":"https:\/\/sisu.ut.ee\/ark\/kkk\/","title":{"rendered":"KKK"},"content":{"rendered":"<p><strong><br><\/strong><\/p><div class=\"accordion mb-3\">\n        <div class=\"accordion-item accordion-item--white\">\n        <h2 class=\"accordion-header\" id=\"accordion-69e27c9317e11-heading\">\n            <button class=\"accordion-button collapsed\" type=\"button\" data-bs-toggle=\"collapse\" data-bs-target=\"#accordion-69e27c9317e11-collapse\" aria-expanded=\"true\" aria-controls=\"accordion-69e27c9317e11-collapse\">Mis on Uuringulaegas?<\/button>\n        <\/h2>\n        <div id=\"accordion-69e27c9317e11-collapse\" class=\"accordion-collapse collapse\" aria-labelledby=\"accordion-69e27c9317e11-heading\">\n            <div class=\"accordion-body\">Projekt Uuringulaegas on Euroopa Komisjoni finantseeritud teadus- ja arendusprojekt, milles 13 partnerit 12 riigist t\u00f6\u00f6tavad v\u00e4lja s\u00fcsteemi, mille abil \u00f5pilased nakatuksid uurimusliku \u00f5ppe pisikuga ja milles hinnatakse \u00f5pilaste uurimusliku t\u00f6\u00f6 kogemusi ja oskusi, antakse uurimusliku \u00f5ppe \u201cpass\u201d ning soovitatakse uusi uurimuslikke tegevusi.<\/div>\n        <\/div>\n        <\/div>\n    <\/div>\n<p><\/p><div class=\"accordion mb-3\">\n        <div class=\"accordion-item accordion-item--white\">\n        <h2 class=\"accordion-header\" id=\"accordion-69e27c9317e16-heading\">\n            <button class=\"accordion-button collapsed\" type=\"button\" data-bs-toggle=\"collapse\" data-bs-target=\"#accordion-69e27c9317e16-collapse\" aria-expanded=\"true\" aria-controls=\"accordion-69e27c9317e16-collapse\">Millal algab Uuringulaeka projekt?<\/button>\n        <\/h2>\n        <div id=\"accordion-69e27c9317e16-collapse\" class=\"accordion-collapse collapse\" aria-labelledby=\"accordion-69e27c9317e16-heading\">\n            <div class=\"accordion-body\">Projekt algas 2014. aasta m\u00e4rtsis<\/div>\n        <\/div>\n        <\/div>\n    <\/div>\n<p><\/p><div class=\"accordion mb-3\">\n        <div class=\"accordion-item accordion-item--white\">\n        <h2 class=\"accordion-header\" id=\"accordion-69e27c9317e18-heading\">\n            <button class=\"accordion-button collapsed\" type=\"button\" data-bs-toggle=\"collapse\" data-bs-target=\"#accordion-69e27c9317e18-collapse\" aria-expanded=\"true\" aria-controls=\"accordion-69e27c9317e18-collapse\">Kui suur on projekti eelarve?<\/button>\n        <\/h2>\n        <div id=\"accordion-69e27c9317e18-collapse\" class=\"accordion-collapse collapse\" aria-labelledby=\"accordion-69e27c9317e18-heading\">\n            <div class=\"accordion-body\">Projekti eelarve on ligi 2,8 miljonit eurot, seejuures Euroopa Komisjoni toetus ligi 2,5 miljonit eurot. Tartu \u00dclikooli laekub 384 898 eurot.<\/div>\n        <\/div>\n        <\/div>\n    <\/div>\n<p><\/p><div class=\"accordion mb-3\">\n        <div class=\"accordion-item accordion-item--white\">\n        <h2 class=\"accordion-header\" id=\"accordion-69e27c9317e1a-heading\">\n            <button class=\"accordion-button collapsed\" type=\"button\" data-bs-toggle=\"collapse\" data-bs-target=\"#accordion-69e27c9317e1a-collapse\" aria-expanded=\"true\" aria-controls=\"accordion-69e27c9317e1a-collapse\">Kui kaua kestab Uuringulaeka projekt?<\/button>\n        <\/h2>\n        <div id=\"accordion-69e27c9317e1a-collapse\" class=\"accordion-collapse collapse\" aria-labelledby=\"accordion-69e27c9317e1a-heading\">\n            <div class=\"accordion-body\">Projekt kestab 4 aastat (m\u00e4rts 2014-2018)<\/div>\n        <\/div>\n        <\/div>\n    <\/div>\n<p><\/p><div class=\"accordion mb-3\">\n        <div class=\"accordion-item accordion-item--white\">\n        <h2 class=\"accordion-header\" id=\"accordion-69e27c9317e1b-heading\">\n            <button class=\"accordion-button collapsed\" type=\"button\" data-bs-toggle=\"collapse\" data-bs-target=\"#accordion-69e27c9317e1b-collapse\" aria-expanded=\"true\" aria-controls=\"accordion-69e27c9317e1b-collapse\">Kellele on suunatud Uuringulaeka projekt?<\/button>\n        <\/h2>\n        <div id=\"accordion-69e27c9317e1b-collapse\" class=\"accordion-collapse collapse\" aria-labelledby=\"accordion-69e27c9317e1b-heading\">\n            <div class=\"accordion-body\">Projektis on t\u00e4htis roll \u00f5petajatel, kes toetavad ja suunavad \u00f5pilaste uurimist\u00f6\u00f6d, kuid oluline osa on ka teadlastel, \u00fcli\u00f5pilastel ning teaduskeskustel, kes toetavad \u00f5pilasi ja \u00f5petajaid uurimust\u00f6\u00f6 l\u00e4biviimisel. \u00d5petajad l\u00e4bivad spetsiaalse koolituse, kus \u00f5pivad uurimistegevuste algatamist ning l\u00e4bi viimist.<\/div>\n        <\/div>\n        <\/div>\n    <\/div>\n<p><\/p><div class=\"accordion mb-3\">\n        <div class=\"accordion-item accordion-item--white\">\n        <h2 class=\"accordion-header\" id=\"accordion-69e27c9317e1d-heading\">\n            <button class=\"accordion-button collapsed\" type=\"button\" data-bs-toggle=\"collapse\" data-bs-target=\"#accordion-69e27c9317e1d-collapse\" aria-expanded=\"true\" aria-controls=\"accordion-69e27c9317e1d-collapse\">Kui palju \u00f5pilasi ja \u00f5petajaid projektis osalevad?<\/button>\n        <\/h2>\n        <div id=\"accordion-69e27c9317e1d-collapse\" class=\"accordion-collapse collapse\" aria-labelledby=\"accordion-69e27c9317e1d-heading\">\n            <div class=\"accordion-body\">Projekti toel koolitatakse v\u00e4hemalt 1100 \u00f5petajat ning uurimist\u00f6\u00f6d hakkavad tegema v\u00e4hemalt 23 000 \u00f5pilast. <\/div>\n        <\/div>\n        <\/div>\n    <\/div>\n<p><\/p><div class=\"accordion mb-3\">\n        <div class=\"accordion-item accordion-item--white\">\n        <h2 class=\"accordion-header\" id=\"accordion-69e27c9317e1f-heading\">\n            <button class=\"accordion-button collapsed\" type=\"button\" data-bs-toggle=\"collapse\" data-bs-target=\"#accordion-69e27c9317e1f-collapse\" aria-expanded=\"true\" aria-controls=\"accordion-69e27c9317e1f-collapse\">Mis on uurimuslik \u00f5pe?<\/button>\n        <\/h2>\n        <div id=\"accordion-69e27c9317e1f-collapse\" class=\"accordion-collapse collapse\" aria-labelledby=\"accordion-69e27c9317e1f-heading\">\n            <div class=\"accordion-body\">Uurimuslik \u00f5pe on meetod, mis v\u00f5imaldab omandada erinevaid aineteadmisi l\u00e4bi uurimiskogemuse. Uurimusliku \u00f5ppe k\u00e4igus \u00f5pitakse erinevate tegevuste abil probleeme teaduslikul viisil lahendama: loetakse teaduslikke tekste, s\u00f5nastatakse probleeme, uurimisk\u00fcsimusi v\u00f5i h\u00fcpoteese, kavandatakse ja viiakse l\u00e4bi vaatlusi v\u00f5i eksperimente, anal\u00fc\u00fcsitakse kogutud andmeid ning s\u00f5nastatakse j\u00e4reldusi v\u00f5i tehakse \u00fcldistusi.<\/div>\n        <\/div>\n        <\/div>\n    <\/div>\n<p><\/p><div class=\"accordion mb-3\">\n        <div class=\"accordion-item accordion-item--white\">\n        <h2 class=\"accordion-header\" id=\"accordion-69e27c9317e21-heading\">\n            <button class=\"accordion-button collapsed\" type=\"button\" data-bs-toggle=\"collapse\" data-bs-target=\"#accordion-69e27c9317e21-collapse\" aria-expanded=\"true\" aria-controls=\"accordion-69e27c9317e21-collapse\">Kas Uuringulaegas on rahvusvaheline projekt, kui palju on projektis osalejariike?<\/button>\n        <\/h2>\n        <div id=\"accordion-69e27c9317e21-collapse\" class=\"accordion-collapse collapse\" aria-labelledby=\"accordion-69e27c9317e21-heading\">\n            <div class=\"accordion-body\">Jah, uuringulaegas on rahvusvaheline projekt. Projekti on kaasatud 13 partnerit 12 riigist: Eesti, Soome, Kreeka, K\u00fcpros, Itaalia, Holland, Belgia, Austria, Saksamaa, T\u00fcrgi, Prantsusmaa ja Ungari.<\/div>\n        <\/div>\n        <\/div>\n    <\/div>\n<p><\/p><div class=\"accordion mb-3\">\n        <div class=\"accordion-item accordion-item--white\">\n        <h2 class=\"accordion-header\" id=\"accordion-69e27c9317e24-heading\">\n            <button class=\"accordion-button collapsed\" type=\"button\" data-bs-toggle=\"collapse\" data-bs-target=\"#accordion-69e27c9317e24-collapse\" aria-expanded=\"true\" aria-controls=\"accordion-69e27c9317e24-collapse\">Mis on vastutustundlik teadus ja innovatsioon?<\/button>\n        <\/h2>\n        <div id=\"accordion-69e27c9317e24-collapse\" class=\"accordion-collapse collapse\" aria-labelledby=\"accordion-69e27c9317e24-heading\">\n            <div class=\"accordion-body\">Vastutustundlik teadus ja innovatsioon (ingl. k Responsible Research and Innovation, rri) on kontseptsioon, mis koosneb j\u00e4rgmistest p\u00f5him\u00f5tetest: teaduseetika p\u00f5him\u00f5tete j\u00e4rgimine kogu protsessi jooksul, \u00fchiskonna kaasamine teadusprotsessi, kogu teadlaskonna potentsiaali parem kasutamine (naisteadlaste osakaalu t\u00f5stmine), teadustulemuste avalikkus ja senisest tugevamad seosed teadusharidusega.<\/div>\n        <\/div>\n        <\/div>\n    <\/div>\n<p><\/p><div class=\"accordion mb-3\">\n        <div class=\"accordion-item accordion-item--white\">\n        <h2 class=\"accordion-header\" id=\"accordion-69e27c9317e25-heading\">\n            <button class=\"accordion-button collapsed\" type=\"button\" data-bs-toggle=\"collapse\" data-bs-target=\"#accordion-69e27c9317e25-collapse\" aria-expanded=\"true\" aria-controls=\"accordion-69e27c9317e25-collapse\">Mis on uuringupass ja uuringuauhind?<\/button>\n        <\/h2>\n        <div id=\"accordion-69e27c9317e25-collapse\" class=\"accordion-collapse collapse\" aria-labelledby=\"accordion-69e27c9317e25-heading\">\n            <div class=\"accordion-body\">Uuringupass on dokument, kuhu m\u00e4rgitakse \u00f5pilaste uurimiskogemused ning vastutustundliku teadustegevuse vallas omandatud oskused. Kui noored on l\u00e4binud teatud kindla hulga tegevusi, saavad nad kandideerida uuringuauhinnale, milleks on kas t\u00e4ht, diplom, pronksmedal, h\u00f5bemedal v\u00f5i kuldmedal. Auhindu jagatakse mitmes kategoorias, s\u00f5ltuvalt \u00f5ppurite vanusest.<\/div>\n        <\/div>\n        <\/div>\n    <\/div>\n","protected":false},"excerpt":{"rendered":"<p>Mis on Uuringulaegas? Projekt Uuringulaegas on Euroopa Komisjoni finantseeritud teadus- ja arendusprojekt, milles 13 partnerit 12 riigist t\u00f6\u00f6tavad v\u00e4lja s\u00fcsteemi, mille abil \u00f5pilased nakatuksid uurimusliku \u00f5ppe pisikuga ja milles hinnatakse \u00f5pilaste uurimusliku t\u00f6\u00f6 kogemusi ja oskusi, antakse uurimusliku \u00f5ppe \u201cpass\u201d &#8230;<\/p>\n","protected":false},"author":30,"featured_media":0,"parent":0,"menu_order":0,"comment_status":"closed","ping_status":"closed","template":"","meta":{"_acf_changed":false,"inline_featured_image":false,"footnotes":""},"class_list":["post-68","page","type-page","status-publish","hentry"],"acf":[],"_links":{"self":[{"href":"https:\/\/sisu.ut.ee\/ark\/wp-json\/wp\/v2\/pages\/68","targetHints":{"allow":["GET"]}}],"collection":[{"href":"https:\/\/sisu.ut.ee\/ark\/wp-json\/wp\/v2\/pages"}],"about":[{"href":"https:\/\/sisu.ut.ee\/ark\/wp-json\/wp\/v2\/types\/page"}],"author":[{"embeddable":true,"href":"https:\/\/sisu.ut.ee\/ark\/wp-json\/wp\/v2\/users\/30"}],"replies":[{"embeddable":true,"href":"https:\/\/sisu.ut.ee\/ark\/wp-json\/wp\/v2\/comments?post=68"}],"version-history":[{"count":1,"href":"https:\/\/sisu.ut.ee\/ark\/wp-json\/wp\/v2\/pages\/68\/revisions"}],"predecessor-version":[{"id":951,"href":"https:\/\/sisu.ut.ee\/ark\/wp-json\/wp\/v2\/pages\/68\/revisions\/951"}],"wp:attachment":[{"href":"https:\/\/sisu.ut.ee\/ark\/wp-json\/wp\/v2\/media?parent=68"}],"curies":[{"name":"wp","href":"https:\/\/api.w.org\/{rel}","templated":true}]}}