{"id":63,"date":"2024-04-03T23:21:11","date_gmt":"2024-04-03T20:21:11","guid":{"rendered":"https:\/\/sisu.ut.ee\/ark\/opetaja\/"},"modified":"2024-04-25T14:30:40","modified_gmt":"2024-04-25T11:30:40","slug":"opetaja","status":"publish","type":"page","link":"https:\/\/sisu.ut.ee\/ark\/opetaja\/","title":{"rendered":"\u00d5petajale"},"content":{"rendered":"<p style=\"text-align: center\"><em style=\"text-align: justify;line-height: 1.6em\">Ma \u00f5petaksin seda, kuidas teadus toimib sama palju kui seda, mida teadus teab. Ma v\u00e4idan t\u00e4ie kindlusega (eeldades, et p\u00f5him\u00f5tteliselt iga\u00fcks \u00f5pib lugema), et teaduslik kirjaoskus on k\u00f5ige t\u00e4htsam kirjaoskus, mille nad 21. sajandisse kaasa v\u00f5tta saavad. Ma omistaksin v\u00e4hem v\u00e4\u00e4rtust teadmistel p\u00f5hinevatele hinnetele ja leiaksin viise, kuidas premeerida uudishimu. L\u00f5ppude l\u00f5puks on uudishimulikud inimesed need, kes maailma muudavad.<\/em><br><span style=\"line-height: 1.6em;text-align: justify\">(Neil deGrasse Tyson)<\/span><\/p>\n<hr>\n<p style=\"text-align: justify\">Euroopa vajab noori entusiastlikke inimesi, kes oleksid huvitatud loodusteadustest ning sooviksid selle valdkonnaga siduda ka oma tulevase karj\u00e4\u00e4ri. On t\u00f5estatud, et <strong>uurimuslik \u00f5pe loodusainete tundides (IBSE)<\/strong> v\u00f5ib suurendada \u00f5pilaste huvi loodusainete vastu. Uurimuslik \u00f5pe on meetod, mis v\u00f5imaldab omandada erinevaid aineteadmisi vahetu uurimiskogemuse kaudu. \u00d5pilased \u00fctlevad uurimusliku \u00f5ppe kohta, et see on \u201e\u00fcks tore viis \u00f5ppida p\u00f5nevaid asju nii, et ise arugi ei saa\u201c.<\/p>\n<p style=\"text-align: justify\">Uuringulaeka projekti peamine eesm\u00e4rk on luua n-\u00f6 <strong>uue p\u00f5lvkonna loodusainete tund<\/strong>, kus \u00f5pilased saaksid<\/p>\n<p>\u2013 kogeda paljusid uurimistegevusi, mis kuuluvad teadlaste t\u00f6\u00f6 juurde;<br> \u2013 l\u00e4bi viia tegevusi, milles on \u00fchendatud vastutustundlik l\u00e4henemine ja loominguline probleemide lahendamine;<br> \u2013 omandada teaduslikud uurimisoskused ning \u00fcldised teaduse kontekstis vajalikud uurimisalased teadmised;<br> \u2013 kogeda teaduse tegemise kultuuri aktiivse \u00f5ppimise ja teiste toetamise kaudu, mis motiveerib neid arvestama teaduse laiemate m\u00f5judega;<br> \u2013 m\u00f5ista, kuidas teadus toimib ning kuidas teadlased t\u00f6\u00f6tavad.<img decoding=\"async\" style=\"float: right\" src=\"https:\/\/sisu.ut.ee\/sites\/default\/files\/styles\/os_files_medium\/public\/ark\/files\/1-01_0.jpg?itok=zN-8N6NQ\" alt=\"Pupils at AHHAA Science Centre\"><\/p>\n<p style=\"text-align: left\"><strong>Teil \u00f5petajate ja projekti peamiste osalistena<\/strong> on seesuguse uue p\u00f5lvkonna loodusainete tunni loomisel v\u00e4ga oluline roll. Soovime teie abiga kujundada uue p\u00f5lvkonna \u00f5pilasi, kes valdaksid vastutustundliku teaduse ja innovatsiooni (rri \u2013\u00a0<em>Responsible Research and Innovation<\/em>) praktikaid ning v\u00f5iksid olla huvitatud karj\u00e4\u00e4rist teaduses ehk meie \u00fchiskonna jaoks kriitilise t\u00e4htsusega valdkonnas.\u00a0<\/p>\n<p style=\"text-align: left\">Uuringulaeka projektis<\/p>\n<ul style=\"text-align: justify\">\n<li style=\"text-align: left\">koostatakse pedagoogiline raamistik, mis on opilastele piisavalt v\u00e4ljakutseid pakkuv ning mida saab \u00f5petajate ja projekti toetava kogukonna teiste liikmete abiga rakendada;<\/li>\n<li style=\"text-align: left\">t\u00f6\u00f6tatakse v\u00e4lja instrumendid \u00f5pilaste uurimuslike oskuste ja kogemuste hindamiseks, et tagada \u00f5pilaste areng ning pakkuda neile sisukat tagasisidet;<\/li>\n<li style=\"text-align: left\">luuakse \u00f5pilaste <strong>auhindamise s\u00fcsteem<\/strong>, et motiveerida neid oma uurimuslikke oskusi j\u00e4rjest paremale tasemele viima ning tunnustada nende saavutusi.<\/li>\n<\/ul>\n<p style=\"text-align: justify\">Projekt on tugevalt suunatud \u00f5petajatele ning seega<\/p>\n<ul style=\"text-align: justify\">\n<li>pakume teile <strong>p\u00f5hjalikku n\u00e4ost-n\u00e4kku koolitust<\/strong>, kus \u00f5pite, kuidas toetada oma \u00f5pilaste kaasamist Uuringulaeka tegevustesse; \u00a0 \u00a0 \u00a0 \u00a0 \u00a0 \u00a0 \u00a0\u00a0<\/li>\n<li>t\u00f6\u00f6tame v\u00e4lja <strong>veebip\u00f5hised toetusmaterjalid<\/strong>, mis aitavad teil oma \u00f5pilasi uurimistegevustes toetada. \u00a0<br><span style=\"font-size: 13.63636302948px\"><\/span>\n<ul style=\"text-align: justify\"><\/ul>\n<\/li>\n<\/ul>\n<p>Materjalidest leiate vastused j\u00e4rgmistele k\u00fcsimustele:<\/p>\n<ul>\n<li>Mis on uurimusliku \u00f5ppe etapid?<\/li>\n<li>Milliseid oskusi ja praktikaid uurimuslik \u00f5pe h\u00f5lmab?<\/li>\n<li>Kuidas \u00f5pilasi Uuringulaeka tegevustes toetada?<\/li>\n<li>Kuidas anda \u00f5pilaste uurimistegevuste kohta konstruktiivset tagasisidet?<\/li>\n<\/ul>\n<p>Samuti leiate veebip\u00f5histest materjalidest n\u00e4iteid uurimistegevuste kohta.<\/p>\n<p>Lisaks meiepoolsele toetusele, pakume teile v\u00f5imaluse:<\/p>\n<ul>\n<li>\u00fchendada oma klassid ja \u00f5pilased tegevate teadlastega;<\/li>\n<li>jagada oma kogemusi ja enda loodud \u00f5ppematerjale kolleegidega \u00fcle Euroopa ja saada v\u00e4\u00e4rtuslikke n\u00f5uandeid ja tagasisidet;<\/li>\n<\/ul>\n<p style=\"text-align: justify\">Projekti kestel toetab teid pidevalt suur \u00fclikoolide ja teaduskeskuste v\u00f5rgustik, kes aitab teid uurimistegevuste algatamisel ning \u00f5pilaste juhendamisel ja motiveerimisel \u2013 kasulik oskus, mis j\u00e4\u00e4b teile alles ka p\u00e4rast projekti ametlikku l\u00f5ppu ning tagab Uuringulaeka eduka rakendamise ka aastate m\u00f6\u00f6dudes.<\/p>\n<p style=\"text-align: justify\">Uuringulaeka <strong>edukus<\/strong> ja j\u00e4tkusuutlikkus <strong>s\u00f5ltub <\/strong>peamiselt<strong> kogukonnast<\/strong>, kes noori nende \u00f5ppimises ja uurimistegevustes toetab. See t\u00e4hendab, et teie, \u00f5petajad, olete edu v\u00f5ti!<\/p>\n<p style=\"text-align: justify\">Meil on hea meel teatada, et teil on n\u00fc\u00fcd v\u00f5imalik liituda Uuringulaeka kogukonnaga! K\u00f5igil huvitatutel palume \u00e4ra t\u00e4ita l\u00fchikese registreerumisankeedi, mille leiate <a href=\"http:\/\/goo.gl\/forms\/z6w5KS8Mzn\" target=\"_blank\" rel=\"noopener\">siit<\/a>.<\/p>\n<p style=\"text-align: justify\">Vaadake ringi ka meie veebilehel ja j\u00e4lgige meid <a href=\"http:\/\/www.facebook.com\/ArkofInquiry\" target=\"_blank\" rel=\"noopener\">Facebookis.<\/a><\/p>\n<p style=\"text-align: justify\">\n<\/p><p style=\"text-align: justify\">\n<\/p><p style=\"text-align: justify\"><strong>\u00a0<\/strong><\/p>\n<p style=\"text-align: justify\"><span style=\"line-height: 1.6em\">\u00a0<\/span><\/p>\n<p style=\"text-align: justify\"><span style=\"line-height: 1.6em\">\u00a0<\/span><\/p>\n<p style=\"text-align: justify\">\n<\/p><p style=\"text-align: justify\">\n<\/p>","protected":false},"excerpt":{"rendered":"<p>Ma \u00f5petaksin seda, kuidas teadus toimib sama palju kui seda, mida teadus teab. Ma v\u00e4idan t\u00e4ie kindlusega (eeldades, et p\u00f5him\u00f5tteliselt iga\u00fcks \u00f5pib lugema), et teaduslik kirjaoskus on k\u00f5ige t\u00e4htsam kirjaoskus, mille nad 21. sajandisse kaasa v\u00f5tta saavad. Ma omistaksin v\u00e4hem &#8230;<\/p>\n","protected":false},"author":30,"featured_media":0,"parent":0,"menu_order":0,"comment_status":"closed","ping_status":"closed","template":"","meta":{"_acf_changed":false,"inline_featured_image":false,"footnotes":""},"class_list":["post-63","page","type-page","status-publish","hentry"],"acf":[],"_links":{"self":[{"href":"https:\/\/sisu.ut.ee\/ark\/wp-json\/wp\/v2\/pages\/63","targetHints":{"allow":["GET"]}}],"collection":[{"href":"https:\/\/sisu.ut.ee\/ark\/wp-json\/wp\/v2\/pages"}],"about":[{"href":"https:\/\/sisu.ut.ee\/ark\/wp-json\/wp\/v2\/types\/page"}],"author":[{"embeddable":true,"href":"https:\/\/sisu.ut.ee\/ark\/wp-json\/wp\/v2\/users\/30"}],"replies":[{"embeddable":true,"href":"https:\/\/sisu.ut.ee\/ark\/wp-json\/wp\/v2\/comments?post=63"}],"version-history":[{"count":1,"href":"https:\/\/sisu.ut.ee\/ark\/wp-json\/wp\/v2\/pages\/63\/revisions"}],"predecessor-version":[{"id":956,"href":"https:\/\/sisu.ut.ee\/ark\/wp-json\/wp\/v2\/pages\/63\/revisions\/956"}],"wp:attachment":[{"href":"https:\/\/sisu.ut.ee\/ark\/wp-json\/wp\/v2\/media?parent=63"}],"curies":[{"name":"wp","href":"https:\/\/api.w.org\/{rel}","templated":true}]}}