{"id":62,"date":"2024-04-03T23:21:13","date_gmt":"2024-04-03T20:21:13","guid":{"rendered":"https:\/\/sisu.ut.ee\/ark\/avaleht\/"},"modified":"2024-04-25T16:11:56","modified_gmt":"2024-04-25T13:11:56","slug":"avaleht","status":"publish","type":"page","link":"https:\/\/sisu.ut.ee\/ark\/","title":{"rendered":"Tere tulemast Uuringulaeka veebilehele!"},"content":{"rendered":"<p style=\"text-align: center;\"><a href=\"https:\/\/sisu.ut.ee\/ark\/opilastele\/\"><img loading=\"lazy\" decoding=\"async\" class=\"alignnone wp-image-686 size-thumbnail\" src=\"https:\/\/sisu.ut.ee\/wp-content\/uploads\/sites\/84\/opilane-150x150.png\" alt=\"\" width=\"150\" height=\"150\" srcset=\"https:\/\/sisu.ut.ee\/wp-content\/uploads\/sites\/84\/opilane-150x150.png 150w, https:\/\/sisu.ut.ee\/wp-content\/uploads\/sites\/84\/opilane-300x300.png 300w, https:\/\/sisu.ut.ee\/wp-content\/uploads\/sites\/84\/opilane-1024x1024.png 1024w, https:\/\/sisu.ut.ee\/wp-content\/uploads\/sites\/84\/opilane-768x768.png 768w, https:\/\/sisu.ut.ee\/wp-content\/uploads\/sites\/84\/opilane.png 1181w\" sizes=\"auto, (max-width: 150px) 100vw, 150px\"><\/a> <a href=\"https:\/\/sisu.ut.ee\/ark\/opetaja\/\"><img loading=\"lazy\" decoding=\"async\" class=\"alignnone wp-image-684 size-thumbnail\" src=\"https:\/\/sisu.ut.ee\/wp-content\/uploads\/sites\/84\/opetaja-150x150.png\" alt=\"\" width=\"150\" height=\"150\" srcset=\"https:\/\/sisu.ut.ee\/wp-content\/uploads\/sites\/84\/opetaja-150x150.png 150w, https:\/\/sisu.ut.ee\/wp-content\/uploads\/sites\/84\/opetaja-300x300.png 300w, https:\/\/sisu.ut.ee\/wp-content\/uploads\/sites\/84\/opetaja-1024x1024.png 1024w, https:\/\/sisu.ut.ee\/wp-content\/uploads\/sites\/84\/opetaja-768x768.png 768w, https:\/\/sisu.ut.ee\/wp-content\/uploads\/sites\/84\/opetaja.png 1181w\" sizes=\"auto, (max-width: 150px) 100vw, 150px\"><\/a> <a href=\"https:\/\/sisu.ut.ee\/ark\/opetajakoolitus-ja-haridusteadlased\/\"><img loading=\"lazy\" decoding=\"async\" class=\"alignnone wp-image-685 size-thumbnail\" src=\"https:\/\/sisu.ut.ee\/wp-content\/uploads\/sites\/84\/opetajakoolitaja-150x150.png\" alt=\"\" width=\"150\" height=\"150\" srcset=\"https:\/\/sisu.ut.ee\/wp-content\/uploads\/sites\/84\/opetajakoolitaja-150x150.png 150w, https:\/\/sisu.ut.ee\/wp-content\/uploads\/sites\/84\/opetajakoolitaja-300x300.png 300w, https:\/\/sisu.ut.ee\/wp-content\/uploads\/sites\/84\/opetajakoolitaja-1024x1024.png 1024w, https:\/\/sisu.ut.ee\/wp-content\/uploads\/sites\/84\/opetajakoolitaja-768x768.png 768w, https:\/\/sisu.ut.ee\/wp-content\/uploads\/sites\/84\/opetajakoolitaja.png 1181w\" sizes=\"auto, (max-width: 150px) 100vw, 150px\"><\/a> <a href=\"https:\/\/sisu.ut.ee\/ark\/teadlastele\/\"><img loading=\"lazy\" decoding=\"async\" class=\"alignnone wp-image-683 size-thumbnail\" src=\"https:\/\/sisu.ut.ee\/wp-content\/uploads\/sites\/84\/teadlane-1-150x150.png\" alt=\"\" width=\"150\" height=\"150\" srcset=\"https:\/\/sisu.ut.ee\/wp-content\/uploads\/sites\/84\/teadlane-1-150x150.png 150w, https:\/\/sisu.ut.ee\/wp-content\/uploads\/sites\/84\/teadlane-1-300x300.png 300w, https:\/\/sisu.ut.ee\/wp-content\/uploads\/sites\/84\/teadlane-1-1024x1024.png 1024w, https:\/\/sisu.ut.ee\/wp-content\/uploads\/sites\/84\/teadlane-1-768x768.png 768w, https:\/\/sisu.ut.ee\/wp-content\/uploads\/sites\/84\/teadlane-1.png 1181w\" sizes=\"auto, (max-width: 150px) 100vw, 150px\"><\/a> <a href=\"https:\/\/sisu.ut.ee\/ark\/lastevanemad\/\"><img loading=\"lazy\" decoding=\"async\" class=\"alignnone wp-image-681 size-thumbnail\" src=\"https:\/\/sisu.ut.ee\/wp-content\/uploads\/sites\/84\/lapsevanem-1-150x150.png\" alt=\"\" width=\"150\" height=\"150\" srcset=\"https:\/\/sisu.ut.ee\/wp-content\/uploads\/sites\/84\/lapsevanem-1-150x150.png 150w, https:\/\/sisu.ut.ee\/wp-content\/uploads\/sites\/84\/lapsevanem-1-300x300.png 300w, https:\/\/sisu.ut.ee\/wp-content\/uploads\/sites\/84\/lapsevanem-1-1024x1024.png 1024w, https:\/\/sisu.ut.ee\/wp-content\/uploads\/sites\/84\/lapsevanem-1-768x768.png 768w, https:\/\/sisu.ut.ee\/wp-content\/uploads\/sites\/84\/lapsevanem-1.png 1181w\" sizes=\"auto, (max-width: 150px) 100vw, 150px\"><\/a><a href=\"https:\/\/sisu.ut.ee\/ark\/opetajakoolitus-ja-haridusteadlased\/\"><img loading=\"lazy\" decoding=\"async\" class=\"wp-image-685 size-thumbnail alignnone\" src=\"https:\/\/sisu.ut.ee\/wp-content\/uploads\/sites\/84\/opetajakoolitaja-150x150.png\" alt=\"\" width=\"150\" height=\"150\" srcset=\"https:\/\/sisu.ut.ee\/wp-content\/uploads\/sites\/84\/opetajakoolitaja-150x150.png 150w, https:\/\/sisu.ut.ee\/wp-content\/uploads\/sites\/84\/opetajakoolitaja-300x300.png 300w, https:\/\/sisu.ut.ee\/wp-content\/uploads\/sites\/84\/opetajakoolitaja-1024x1024.png 1024w, https:\/\/sisu.ut.ee\/wp-content\/uploads\/sites\/84\/opetajakoolitaja-768x768.png 768w, https:\/\/sisu.ut.ee\/wp-content\/uploads\/sites\/84\/opetajakoolitaja.png 1181w\" sizes=\"auto, (max-width: 150px) 100vw, 150px\"><\/a><a href=\"https:\/\/sisu.ut.ee\/ark\/muuseumid-ja-teaduskeskused\/\"><img loading=\"lazy\" decoding=\"async\" class=\"wp-image-682 size-thumbnail alignnone\" src=\"https:\/\/sisu.ut.ee\/wp-content\/uploads\/sites\/84\/muuseumid-150x150.png\" alt=\"\" width=\"150\" height=\"150\" srcset=\"https:\/\/sisu.ut.ee\/wp-content\/uploads\/sites\/84\/muuseumid-150x150.png 150w, https:\/\/sisu.ut.ee\/wp-content\/uploads\/sites\/84\/muuseumid-300x300.png 300w, https:\/\/sisu.ut.ee\/wp-content\/uploads\/sites\/84\/muuseumid-1024x1024.png 1024w, https:\/\/sisu.ut.ee\/wp-content\/uploads\/sites\/84\/muuseumid-768x768.png 768w, https:\/\/sisu.ut.ee\/wp-content\/uploads\/sites\/84\/muuseumid.png 1181w\" sizes=\"auto, (max-width: 150px) 100vw, 150px\"><\/a><\/p>\n<p style=\"text-align: center;\"><a href=\"https:\/\/www.arkportal.ut.ee\/#\/\"><img loading=\"lazy\" decoding=\"async\" class=\"alignnone  wp-image-458\" src=\"https:\/\/sisu.ut.ee\/wp-content\/uploads\/sites\/84\/gateway-02-01-1024x579.png\" alt=\"\" width=\"504\" height=\"285\" srcset=\"https:\/\/sisu.ut.ee\/wp-content\/uploads\/sites\/84\/gateway-02-01-1024x579.png 1024w, https:\/\/sisu.ut.ee\/wp-content\/uploads\/sites\/84\/gateway-02-01-300x170.png 300w, https:\/\/sisu.ut.ee\/wp-content\/uploads\/sites\/84\/gateway-02-01-768x434.png 768w, https:\/\/sisu.ut.ee\/wp-content\/uploads\/sites\/84\/gateway-02-01.png 1156w\" sizes=\"auto, (max-width: 504px) 100vw, 504px\"><\/a><\/p>\n<p style=\"text-align: center;\"><a href=\"https:\/\/sisu.ut.ee\/ark\/allalaetavad-materjalid\/\" target=\"_blank\" rel=\"noopener\"><img loading=\"lazy\" decoding=\"async\" class=\"alignnone  wp-image-779\" src=\"https:\/\/sisu.ut.ee\/wp-content\/uploads\/sites\/84\/est.jpg\" alt=\"\" width=\"190\" height=\"158\" srcset=\"https:\/\/sisu.ut.ee\/wp-content\/uploads\/sites\/84\/est.jpg 375w, https:\/\/sisu.ut.ee\/wp-content\/uploads\/sites\/84\/est-300x250.jpg 300w\" sizes=\"auto, (max-width: 190px) 100vw, 190px\"><\/a><\/p>\n<p style=\"text-align: center;\"><span style=\"font-size: medium;\"><strong>Uuringulaeka projekti<\/strong> eesm\u00e4rk on t\u00f5sta 7\u201318-aastaste \u00f5pilaste teadlikkust vastutustundlikust teadusest ja innovatsioonist (rri). Projekti kohta saate p\u00f5hjalikumalt lugeda <a href=\"http:\/\/www.arkofinquiry.eu\/projekti-%C3%BClevaade\">projekti \u00fclevaate<\/a> lehelt.<\/span><\/p>\n<p style=\"text-align: center;\"><span style=\"font-size: medium;\">Tutvuge meie veebilehega ja avastage, milliseid aardeid Uuringulaegas endas peidab!\u00a0\u00a0<\/span><\/p>\n<p style=\"text-align: justify;\"><em id=\"__mceDel\"><em id=\"__mceDel\"><span style=\"color: #ffffff;\">*<\/span><\/em><\/em><\/p>\n","protected":false},"excerpt":{"rendered":"<p>Uuringulaeka projekti eesm\u00e4rk on t\u00f5sta 7\u201318-aastaste \u00f5pilaste teadlikkust vastutustundlikust teadusest ja innovatsioonist (rri). Projekti kohta saate p\u00f5hjalikumalt lugeda projekti \u00fclevaate lehelt. Tutvuge meie veebilehega ja avastage, milliseid aardeid Uuringulaegas endas peidab!\u00a0\u00a0 *<\/p>\n","protected":false},"author":30,"featured_media":0,"parent":0,"menu_order":0,"comment_status":"closed","ping_status":"closed","template":"","meta":{"_acf_changed":false,"inline_featured_image":false,"footnotes":""},"class_list":["post-62","page","type-page","status-publish","hentry"],"acf":[],"_links":{"self":[{"href":"https:\/\/sisu.ut.ee\/ark\/wp-json\/wp\/v2\/pages\/62","targetHints":{"allow":["GET"]}}],"collection":[{"href":"https:\/\/sisu.ut.ee\/ark\/wp-json\/wp\/v2\/pages"}],"about":[{"href":"https:\/\/sisu.ut.ee\/ark\/wp-json\/wp\/v2\/types\/page"}],"author":[{"embeddable":true,"href":"https:\/\/sisu.ut.ee\/ark\/wp-json\/wp\/v2\/users\/30"}],"replies":[{"embeddable":true,"href":"https:\/\/sisu.ut.ee\/ark\/wp-json\/wp\/v2\/comments?post=62"}],"version-history":[{"count":7,"href":"https:\/\/sisu.ut.ee\/ark\/wp-json\/wp\/v2\/pages\/62\/revisions"}],"predecessor-version":[{"id":1917,"href":"https:\/\/sisu.ut.ee\/ark\/wp-json\/wp\/v2\/pages\/62\/revisions\/1917"}],"wp:attachment":[{"href":"https:\/\/sisu.ut.ee\/ark\/wp-json\/wp\/v2\/media?parent=62"}],"curies":[{"name":"wp","href":"https:\/\/api.w.org\/{rel}","templated":true}]}}