{"id":60,"date":"2024-04-03T23:21:11","date_gmt":"2024-04-03T20:21:11","guid":{"rendered":"https:\/\/sisu.ut.ee\/ark\/lastevanemad\/"},"modified":"2024-04-25T13:47:37","modified_gmt":"2024-04-25T10:47:37","slug":"lastevanemad","status":"publish","type":"page","link":"https:\/\/sisu.ut.ee\/ark\/lastevanemad\/","title":{"rendered":"Lastevanemad"},"content":{"rendered":"<p>Me elame muutuvas maailmas, mis areneb \u00fcha kiirenevas tempos. Seet\u00f5ttu on meil j\u00e4rjest raskem omandada faktiteadmisi, mis on vajalikud selles keerulises moodsas maailmas edukalt hakkama saamiseks. Veelgi enam \u2013 \u00fcha enam saab ilmseks, et ainu\u00fcksi faktide teadmisest ei piisa. Meie \u00fchiskond on j\u00e4rjest s\u00f5ltuvam teadmistest ja tehnoloogiast. Tuleviku inimestel peavad olema head teadusalased teadmised ja v\u00f5ime kriitiliselt m\u00f5elda ning teaduslikult arutleda \u2013 nii suudavad nad teha informeeritud otsuseid nii omaenda elu kohta kui \u00fchiskonna kohta tervikuna. Teaduslik kirjaoskus omandab meie moodsa \u00fchiskonna probleemide (n\u00e4iteks meditsiini v\u00f5i keskkonnaga seotud k\u00fcsimused) m\u00f5istmisel j\u00e4rjest suurema t\u00e4htsuse.<\/p>\n<p>Euroopa vajab noori, kes oleksid huvitatud loodusainetest ning n\u00e4eksid oma tulevikku teaduse ja innovatsiooni valdkonnas. Et muuta loodusteadused noortele huvipakkuvamaks, on meil tarvis uusi \u00f5pimeetodeid. On t\u00f5estatud, et uurimuslik \u00f5pe suudab motiveerida \u00f5pilasi loodusaineid \u00f5ppima ning aitab neil p\u00f5nevate tegevuste kaudu aru saada keerukatest teemadest. \u00dcha enam teadmistep\u00f5hiseks muutuvas \u00fchiskonnas on oluline liikuda eemale valmis lahendustest ning anda opilastele oskus ja v\u00f5ime iseseisvalt m\u00f5elda. Lihtsalt faktide meeldej\u00e4tmise juurest tuleb liikuda meid \u00fcmbritseva maailma s\u00fcgavama teadusliku m\u00f5istmise suunas.<a href=\"https:\/\/sisu.ut.ee\/sites\/default\/files\/styles\/os_files_medium\/public\/ark\/files\/6-01.jpg?itok=sHJfEGLI\" target=\"_blank\" rel=\"noopener\"><img loading=\"lazy\" decoding=\"async\" class=\"alignnone wp-image-653\" style=\"float: right; margin: 10px;\" title=\"A family at AHHAA Science Centre\" src=\"https:\/\/sisu.ut.ee\/wp-content\/uploads\/sites\/84\/6-01-scaled.jpg\" alt=\"A family at AHHAA Science Centre\" width=\"525\" height=\"815\" srcset=\"https:\/\/sisu.ut.ee\/wp-content\/uploads\/sites\/84\/6-01-scaled.jpg 1649w, https:\/\/sisu.ut.ee\/wp-content\/uploads\/sites\/84\/6-01-193x300.jpg 193w, https:\/\/sisu.ut.ee\/wp-content\/uploads\/sites\/84\/6-01-660x1024.jpg 660w, https:\/\/sisu.ut.ee\/wp-content\/uploads\/sites\/84\/6-01-768x1192.jpg 768w, https:\/\/sisu.ut.ee\/wp-content\/uploads\/sites\/84\/6-01-989x1536.jpg 989w, https:\/\/sisu.ut.ee\/wp-content\/uploads\/sites\/84\/6-01-1319x2048.jpg 1319w\" sizes=\"auto, (max-width: 525px) 100vw, 525px\"><\/a><\/p>\n<p>Uuringulaeka projekti eesm\u00e4rk on luua n-\u00f6 uue p\u00f5lvkonna loodusainete tund, kus \u00f5pilased saavad uurimistegevuste kaudu \u00f5ppida teaduslikku m\u00f5tlemist ning vastutustundlikku teadust ja innovatsiooni. Meie sihiks on anda opilastele rohkem v\u00e4ljakutseid pakkuvaid, autentseid ja k\u00f5rgema j\u00e4rgu m\u00f5tlemist n\u00f5udvaid \u00f5pikogemusi ning rohkem v\u00f5imalusi osaleda teaduslikes praktikates ja \u00fclesannetes, kasutades teadusele omast diskursust ja vahendeid.<\/p>\n<p>Projekti keskmes on k\u00fcll \u00f5pilaste iseseisev t\u00f6\u00f6, kuid <strong>teil lapsevanematena on siiski oluline roll toetavas kogukonnas<\/strong>, kes \u00f5pilasi nende \u00f5ppet\u00f6\u00f6s aitab ja juhendab.<\/p>\n<p>Uuringulaeka projektis t\u00f6\u00f6tatakse v\u00e4lja veebip\u00f5hised materjalid, mis peaksid aitama teil \u00f5pilasi nende uurimistegevustes juhendada ja motiveerida.<\/p>\n<p>Materjalidest leiate vastused j\u00e4rgmistele k\u00fcsimustele:<\/p>\n<ul>\n<li>Millist rolli oodatakse Uuringulaeka projektis lapsevanematelt?<\/li>\n<li>Kuidas lapsi Uuringulaeka tegevustes kodus suunavalt toestada?<\/li>\n<\/ul>\n<p>\u00d5pilased saavad Uuringulaeka seiklusega liituda 2015. aasta septembrist alates. Seni\u00a0vaadake ringi meie veebilehel, tutvuge Uuringulaeka projektiga ja j\u00e4lgige meid\u00a0<a href=\"http:\/\/www.facebook.com\/ArkofInquiry\" target=\"_blank\" rel=\"noopener\">Facebookis.<\/a><\/p>\n","protected":false},"excerpt":{"rendered":"<p>Me elame muutuvas maailmas, mis areneb \u00fcha kiirenevas tempos. Seet\u00f5ttu on meil j\u00e4rjest raskem omandada faktiteadmisi, mis on vajalikud selles keerulises moodsas maailmas edukalt hakkama saamiseks. Veelgi enam \u2013 \u00fcha enam saab ilmseks, et ainu\u00fcksi faktide teadmisest ei piisa. Meie &#8230;<\/p>\n","protected":false},"author":30,"featured_media":0,"parent":0,"menu_order":0,"comment_status":"closed","ping_status":"closed","template":"","meta":{"_acf_changed":false,"inline_featured_image":false,"footnotes":""},"class_list":["post-60","page","type-page","status-publish","hentry"],"acf":[],"_links":{"self":[{"href":"https:\/\/sisu.ut.ee\/ark\/wp-json\/wp\/v2\/pages\/60","targetHints":{"allow":["GET"]}}],"collection":[{"href":"https:\/\/sisu.ut.ee\/ark\/wp-json\/wp\/v2\/pages"}],"about":[{"href":"https:\/\/sisu.ut.ee\/ark\/wp-json\/wp\/v2\/types\/page"}],"author":[{"embeddable":true,"href":"https:\/\/sisu.ut.ee\/ark\/wp-json\/wp\/v2\/users\/30"}],"replies":[{"embeddable":true,"href":"https:\/\/sisu.ut.ee\/ark\/wp-json\/wp\/v2\/comments?post=60"}],"version-history":[{"count":2,"href":"https:\/\/sisu.ut.ee\/ark\/wp-json\/wp\/v2\/pages\/60\/revisions"}],"predecessor-version":[{"id":1804,"href":"https:\/\/sisu.ut.ee\/ark\/wp-json\/wp\/v2\/pages\/60\/revisions\/1804"}],"wp:attachment":[{"href":"https:\/\/sisu.ut.ee\/ark\/wp-json\/wp\/v2\/media?parent=60"}],"curies":[{"name":"wp","href":"https:\/\/api.w.org\/{rel}","templated":true}]}}