{"id":59,"date":"2024-04-03T23:21:11","date_gmt":"2024-04-03T20:21:11","guid":{"rendered":"https:\/\/sisu.ut.ee\/ark\/allalaetavad-materjalid\/"},"modified":"2024-04-10T10:26:48","modified_gmt":"2024-04-10T07:26:48","slug":"allalaetavad-materjalid","status":"publish","type":"page","link":"https:\/\/sisu.ut.ee\/ark\/allalaetavad-materjalid\/","title":{"rendered":"Allalaaditavad materjalid"},"content":{"rendered":"<p>Siit lehelt leiad mitmeid allalaaditavaid materjale, mis on seotud Ark of Inquiry projektiga. Materjalid h\u00f5lmavad mitmesuguseid ettekandeid ja jaotmaterjale, mis on kasutusel projekti tuvustamiseks avalikkusele. \u00dchtlasi on v\u00e4lja toodud dokumendimallid, mille abil materjalid koostatud on.<\/p>\n<p><\/p><div class=\"accordion mb-3\">\n        <div class=\"accordion-item accordion-item--white\">\n        <h2 class=\"accordion-header\" id=\"accordion-69e2bc88b9acb-heading\">\n            <button class=\"accordion-button collapsed\" type=\"button\" data-bs-toggle=\"collapse\" data-bs-target=\"#accordion-69e2bc88b9acb-collapse\" aria-expanded=\"true\" aria-controls=\"accordion-69e2bc88b9acb-collapse\">Ettekanded<\/button>\n        <\/h2>\n        <div id=\"accordion-69e2bc88b9acb-collapse\" class=\"accordion-collapse collapse\" aria-labelledby=\"accordion-69e2bc88b9acb-heading\">\n            <div class=\"accordion-body\">\n<p><span>Ingliskeelsed ettekanded:<\/span><\/p>\n<ul>\n<li><a href=\"https:\/\/sisu.ut.ee\/sites\/default\/files\/lessons_from_ark_of_inquiry_14.05.2014_brussels.pdf\" target=\"_blank\" rel=\"noopener\">Lessons from Ark of Inquiry (Pedaste, M.) \u2013 Information Day for Horizon 2020: Science with and for Society (14.05.2014, Brussels, wide, 200 people<\/a>)\u00a0<\/li>\n<li><a href=\"https:\/\/sisu.ut.ee\/wp-content\/uploads\/sites\/84\/siiman_-_isatt2014.pdf\">A Pedagogical Framework for the Ark of Inquiry project (Siiman, L., de Vries, B., Veermans, K.) \u2013 \u00a0ISATT Conference: Theory meets practice: Important issues in teaching practice (21.11.2014, Tartu)<\/a><\/li>\n<\/ul>\n<p><span>Eestikeelsed ettekanded:<\/span><\/p>\n<ul>\n<li><a href=\"https:\/\/sisu.ut.ee\/wp-content\/uploads\/sites\/84\/uuringulaeka_tutvustus_25.04.2014_0.pdf\" target=\"_blank\" rel=\"noopener\">Uuringulaeka tutvustus (Pedaste, M.) \u2013 Uurimuslikku \u00f5pet toetavaid tegevusi ja projekte tutvustav seminar (25.04.2014, Tallinn, \u00f5petajatele ja \u00f5pilast\u00f6\u00f6de juhendajatele)<\/a><a href=\"https:\/\/sisu.ut.ee\/wp-content\/uploads\/sites\/84\/uuringulaeka_tutvustus_25.04.2014.pdf\" target=\"_blank\" rel=\"noopener\">\u00a0<\/a><\/li>\n<li><a href=\"https:\/\/sisu.ut.ee\/wp-content\/uploads\/sites\/84\/uuringulaeka_tutvustus_25.04.2014.pdf\" target=\"_blank\" rel=\"noopener\"><\/a><a href=\"https:\/\/sisu.ut.ee\/sites\/default\/files\/haridustehnoloogia\/files\/uuringulaegas_230115.pdf\" target=\"_blank\" rel=\"noopener\">Uuringulaeka tutvustus (Pedaste, M.) \u2013 Uuringulaegas (23.01.2015, Tartu,\u00a0Haridustehnoloogia keskuse koost\u00f6\u00f6seminar)<\/a><\/li>\n<li><a href=\"https:\/\/sisu.ut.ee\/wp-content\/uploads\/sites\/84\/bioloogia_talvepaevad_2015.pdf\" target=\"_blank\" rel=\"noopener\">Uuringulaeka tutvustus (Burget, M.) \u2013 Uuringulaegas (21.02.2015, Tartu, bioloogia\u00f5petajate talvep\u00e4evad)<\/a><\/li><\/ul><\/div>\n        <\/div>\n        <\/div>\n    <\/div>\n\n<p><\/p><div class=\"accordion mb-3\">\n        <div class=\"accordion-item accordion-item--white\">\n        <h2 class=\"accordion-header\" id=\"accordion-69e2bc88b9ad2-heading\">\n            <button class=\"accordion-button collapsed\" type=\"button\" data-bs-toggle=\"collapse\" data-bs-target=\"#accordion-69e2bc88b9ad2-collapse\" aria-expanded=\"true\" aria-controls=\"accordion-69e2bc88b9ad2-collapse\">Dokumendimallid<\/button>\n        <\/h2>\n        <div id=\"accordion-69e2bc88b9ad2-collapse\" class=\"accordion-collapse collapse\" aria-labelledby=\"accordion-69e2bc88b9ad2-heading\">\n            <div class=\"accordion-body\">\n<p>Mallid Ark of Inquiry projektiga seonduvate ettekannete tegemiseks. Alla laadimiseks vajutada soovitud kuvasuhtega malli nimele.<\/p>\n<ul>\n<li><a href=\"https:\/\/sisu.ut.ee\/wp-content\/uploads\/sites\/84\/ark_template_4by3.pptx\" target=\"_blank\" rel=\"noopener\"><span>Powerpoint\u00b4i esitluse mall (4:3)<\/span><\/a><\/li>\n<li><a href=\"https:\/\/sisu.ut.ee\/wp-content\/uploads\/sites\/84\/ark_template_16by9.pptx\" target=\"_blank\" rel=\"noopener\"><span>Powerpoint\u00b4i esitluse mall (16:9)<\/span><\/a><\/li>\n<\/ul>\n<p><\/p><\/div>\n        <\/div>\n        <\/div>\n    <\/div>\n<p><\/p><div class=\"accordion mb-3\">\n        <div class=\"accordion-item accordion-item--white\">\n        <h2 class=\"accordion-header\" id=\"accordion-69e2bc88b9ad6-heading\">\n            <button class=\"accordion-button collapsed\" type=\"button\" data-bs-toggle=\"collapse\" data-bs-target=\"#accordion-69e2bc88b9ad6-collapse\" aria-expanded=\"true\" aria-controls=\"accordion-69e2bc88b9ad6-collapse\">Postrid<\/button>\n        <\/h2>\n        <div id=\"accordion-69e2bc88b9ad6-collapse\" class=\"accordion-collapse collapse\" aria-labelledby=\"accordion-69e2bc88b9ad6-heading\">\n            <div class=\"accordion-body\">\n<p>Ingliskeelsed postrid<\/p>\n<ul>\n<li><span><a href=\"https:\/\/sisu.ut.ee\/wp-content\/uploads\/sites\/84\/ark-profiles_poster.pdf\" target=\"_blank\" rel=\"noopener\">Ark of Inquiry: Inquiry Awards over Europe poster (2nd International PROFILES Conference on Enhancing Scientific Literacy in Berlin, 25 \u2013 27 August 2014<\/a>)<\/span><\/li>\n<\/ul>\n<p><span>Saksakeelsed postrid<\/span><\/p>\n<ul>\n<li><span><a href=\"https:\/\/sisu.ut.ee\/wp-content\/uploads\/sites\/84\/ark-profiles_poster.pdf\" target=\"_blank\" rel=\"noopener\"><\/a><\/span><a href=\"https:\/\/sisu.ut.ee\/wp-content\/uploads\/sites\/84\/gdcp_2014_ark_of_inquiry_de_schryver.pdf\" target=\"_blank\" rel=\"noopener\">Ark of Inquiry poster for the annual GDCP conference (15-18 September 2014, in Bremen, Germany<\/a>)<\/li>\n<\/ul>\n<p>Eestikeelsed postrid<\/p>\n<ul>\n<li><a href=\"https:\/\/sisu.ut.ee\/wp-content\/uploads\/sites\/84\/siiman_-_isatt2014_poster.pdf\" target=\"_blank\" rel=\"noopener\"><span style=\"background-color: #ffffff\">\u00d5petajakoolituse projekt Uuringulaegas<\/span>\u00a0\u2013\u00a0ISATT konverents: Theory meets practice: Important issues in teaching practice (21.11.2014, Tartu)<\/a><\/li>\n<\/ul>\n<p><\/p><\/div>\n        <\/div>\n        <\/div>\n    <\/div>\n<p><\/p><div class=\"accordion mb-3\">\n        <div class=\"accordion-item accordion-item--white\">\n        <h2 class=\"accordion-header\" id=\"accordion-69e2bc88b9adb-heading\">\n            <button class=\"accordion-button collapsed\" type=\"button\" data-bs-toggle=\"collapse\" data-bs-target=\"#accordion-69e2bc88b9adb-collapse\" aria-expanded=\"true\" aria-controls=\"accordion-69e2bc88b9adb-collapse\">Roll-up b\u00e4nnerid<\/button>\n        <\/h2>\n        <div id=\"accordion-69e2bc88b9adb-collapse\" class=\"accordion-collapse collapse\" aria-labelledby=\"accordion-69e2bc88b9adb-heading\">\n            <div class=\"accordion-body\">\n<ul>\n<li><a href=\"https:\/\/sisu.ut.ee\/wp-content\/uploads\/sites\/84\/english_rollup_cmyk_800x2000mm.pdf\" target=\"_blank\" rel=\"noopener\"><span>Ark of Inquiry roll-up inglise keeles (cmyk_800x2000mm)<\/span><\/a><\/li>\n<li><a href=\"https:\/\/sisu.ut.ee\/wp-content\/uploads\/sites\/84\/belgian_rollup_cmyk_800x2000mm.pdf\" target=\"_blank\" rel=\"noopener\"><span>Ark of Inquiry roll-up Belgia versioon (cmyk_800x2000mm)<\/span><\/a><\/li>\n<li><a href=\"https:\/\/sisu.ut.ee\/wp-content\/uploads\/sites\/84\/finnish_rollup_cmyk_800x2000mm.pdf\" target=\"_blank\" rel=\"noopener\"><span>Ark of Inquiry roll-up soome keeles (cmyk_800x2000mm)<\/span><\/a><\/li>\n<li><a href=\"https:\/\/sisu.ut.ee\/wp-content\/uploads\/sites\/84\/french_rollup_cmyk_800x2000mm.pdf\" target=\"_blank\" rel=\"noopener\"><span>Ark of Inquiry roll-up prantsuse keeles (cmyk_800x2000mm)<\/span><\/a><\/li>\n<li><span><a href=\"https:\/\/sisu.ut.ee\/wp-content\/uploads\/sites\/84\/german_rollup_cmyk_800x2000mm.pdf\" target=\"_blank\" rel=\"noopener\">Ark of Inquiry roll-up saksa keeles (cmyk_800x2000mm)<\/a><\/span><\/li>\n<li><a href=\"https:\/\/sisu.ut.ee\/wp-content\/uploads\/sites\/84\/greek_rollup_cmyk_800x2000mm.pdf\" target=\"_blank\" rel=\"noopener\"><span>Ark of Inquiry roll-up kreeka keeles (cmyk_800x2000mm)<\/span><\/a><\/li>\n<li><a href=\"https:\/\/sisu.ut.ee\/wp-content\/uploads\/sites\/84\/hungarian_rollup_cmyk_800x2000mm.pdf\" target=\"_blank\" rel=\"noopener\"><span>Ark of Inquiry roll-up ungari keeles (cmyk_800x2000mm)<\/span><\/a><\/li>\n<li><a href=\"https:\/\/sisu.ut.ee\/wp-content\/uploads\/sites\/84\/netherlandish_rollup_cmyk_800x2000mm.pdf\" target=\"_blank\" rel=\"noopener\"><span>Ark of Inquiry roll-up hollandi keeles (cmyk_800x2000mm)<\/span><\/a><\/li>\n<li><a href=\"https:\/\/sisu.ut.ee\/wp-content\/uploads\/sites\/84\/turkish_rollup_cmyk_800x2000mm.pdf\" target=\"_blank\" rel=\"noopener\"><span>Ark of Inquiry roll-up t\u00fcrgi keeles (cmyk_800x2000mm)<\/span><\/a><\/li>\n<\/ul>\n<p><\/p><\/div>\n        <\/div>\n        <\/div>\n    <\/div>\n<p><\/p><div class=\"accordion mb-3\">\n        <div class=\"accordion-item accordion-item--white\">\n        <h2 class=\"accordion-header\" id=\"accordion-69e2bc88b9adf-heading\">\n            <button class=\"accordion-button collapsed\" type=\"button\" data-bs-toggle=\"collapse\" data-bs-target=\"#accordion-69e2bc88b9adf-collapse\" aria-expanded=\"true\" aria-controls=\"accordion-69e2bc88b9adf-collapse\">Flaierid<\/button>\n        <\/h2>\n        <div id=\"accordion-69e2bc88b9adf-collapse\" class=\"accordion-collapse collapse\" aria-labelledby=\"accordion-69e2bc88b9adf-heading\">\n            <div class=\"accordion-body\">\n<ul>\n<li><a href=\"https:\/\/sisu.ut.ee\/wp-content\/uploads\/sites\/84\/flyer_cmyk_297x210mm_double-sided.pdf\" target=\"_blank\" rel=\"noopener\"><span>Ark of Inquiry flaier inglise keeles (cmyk_297x210mm_kahepoolne)<\/span><\/a><\/li>\n<li><a href=\"https:\/\/sisu.ut.ee\/wp-content\/uploads\/sites\/84\/estonian_flyer_cmyk_297x210mm_double-sided.pdf\" target=\"_blank\" rel=\"noopener\">Ark of Inquiry flaier eesti keeles (cmyk_297x210mm_kahepoolne)<\/a><\/li>\n<li><a href=\"https:\/\/sisu.ut.ee\/wp-content\/uploads\/sites\/84\/turkish_flyer3_cmyk_297x210mm_double-sided.pdf\" target=\"_blank\" rel=\"noopener\">Ark of Inquiry flaier t\u00fcrgi keeles (cmyk_297x210mm_kahepoolne)<\/a><\/li>\n<\/ul>\n<p><\/p><\/div>\n        <\/div>\n        <\/div>\n    <\/div>\n<p><\/p><div class=\"accordion mb-3\">\n        <div class=\"accordion-item accordion-item--white\">\n        <h2 class=\"accordion-header\" id=\"accordion-69e2bc88b9ae2-heading\">\n            <button class=\"accordion-button collapsed\" type=\"button\" data-bs-toggle=\"collapse\" data-bs-target=\"#accordion-69e2bc88b9ae2-collapse\" aria-expanded=\"true\" aria-controls=\"accordion-69e2bc88b9ae2-collapse\">Uuringulaeka logo<\/button>\n        <\/h2>\n        <div id=\"accordion-69e2bc88b9ae2-collapse\" class=\"accordion-collapse collapse\" aria-labelledby=\"accordion-69e2bc88b9ae2-heading\">\n            <div class=\"accordion-body\">\n<p>Ark of Inquiry logo on saadaval kahes v\u00e4rviskeemis: must-valgena ja v\u00e4rvilisena. Vajuta soovitud v\u00e4rviskeemiga logo nimele, et laadida alla komplekt antud v\u00e4rviskeemis logosid .zip formaadis. Vektorfail n\u00f5udmisel (kontakt: mbrikker@ut.ee)<\/p>\n<ul>\n<li><a href=\"https:\/\/sisu.ut.ee\/wp-content\/uploads\/sites\/84\/logoqr_black_and_white-2014-10-24.zip\" target=\"_blank\" rel=\"noopener\"><span>Ark of Inquiry logo ja QR kood, mis viib Ark of Inquiry veebilehele (must-valge)<\/span><\/a><\/li>\n<li><a href=\"https:\/\/sisu.ut.ee\/wp-content\/uploads\/sites\/84\/logoqr_full_color-2014-10-24.zip\" target=\"_blank\" rel=\"noopener\"><span>Ark of Inquiry logo ja QR kood, mis viib Ark of Inquiry veebilehele (v\u00e4rviline)<\/span><\/a><\/li>\n<\/ul>\n<p>Kuidas kasutada Ark of Inquiry logo? N\u00e4idistega t\u00e4iendatud juhised leiab <a href=\"https:\/\/sisu.ut.ee\/wp-content\/uploads\/sites\/84\/the_use_of_the_ark_of_inquiry_logo.pdf\" target=\"_blank\" rel=\"noopener\">siit<\/a>. Juhised on inglise keeles.<\/p>\n<p><\/p><\/div>\n        <\/div>\n        <\/div>\n    <\/div>\n","protected":false},"excerpt":{"rendered":"<p>Siit lehelt leiad mitmeid allalaaditavaid materjale, mis on seotud Ark of Inquiry projektiga. Materjalid h\u00f5lmavad mitmesuguseid ettekandeid ja jaotmaterjale, mis on kasutusel projekti tuvustamiseks avalikkusele. \u00dchtlasi on v\u00e4lja toodud dokumendimallid, mille abil materjalid koostatud on. Ettekanded Ingliskeelsed ettekanded: Lessons from &#8230;<\/p>\n","protected":false},"author":30,"featured_media":0,"parent":0,"menu_order":0,"comment_status":"closed","ping_status":"closed","template":"","meta":{"_acf_changed":false,"inline_featured_image":false,"footnotes":""},"class_list":["post-59","page","type-page","status-publish","hentry"],"acf":[],"_links":{"self":[{"href":"https:\/\/sisu.ut.ee\/ark\/wp-json\/wp\/v2\/pages\/59","targetHints":{"allow":["GET"]}}],"collection":[{"href":"https:\/\/sisu.ut.ee\/ark\/wp-json\/wp\/v2\/pages"}],"about":[{"href":"https:\/\/sisu.ut.ee\/ark\/wp-json\/wp\/v2\/types\/page"}],"author":[{"embeddable":true,"href":"https:\/\/sisu.ut.ee\/ark\/wp-json\/wp\/v2\/users\/30"}],"replies":[{"embeddable":true,"href":"https:\/\/sisu.ut.ee\/ark\/wp-json\/wp\/v2\/comments?post=59"}],"version-history":[{"count":1,"href":"https:\/\/sisu.ut.ee\/ark\/wp-json\/wp\/v2\/pages\/59\/revisions"}],"predecessor-version":[{"id":960,"href":"https:\/\/sisu.ut.ee\/ark\/wp-json\/wp\/v2\/pages\/59\/revisions\/960"}],"wp:attachment":[{"href":"https:\/\/sisu.ut.ee\/ark\/wp-json\/wp\/v2\/media?parent=59"}],"curies":[{"name":"wp","href":"https:\/\/api.w.org\/{rel}","templated":true}]}}