{"id":55,"date":"2024-04-03T23:21:13","date_gmt":"2024-04-03T20:21:13","guid":{"rendered":"https:\/\/sisu.ut.ee\/ark\/projekti-eesmargid\/"},"modified":"2024-04-26T08:59:46","modified_gmt":"2024-04-26T05:59:46","slug":"projekti-eesmargid","status":"publish","type":"page","link":"https:\/\/sisu.ut.ee\/ark\/projekti-eesmargid\/","title":{"rendered":"Projekti eesm\u00e4rgid"},"content":{"rendered":"<p>Uuringulaeka projekti keskmes on kaks teineteisega tihedalt seotud m\u00f5istet: vastutustundlik teadus ja innovatsioon (<em>Responsible Research and Innovation<\/em> ehk rri) ning uurimuslik \u00f5pe loodusainete tundides (<em>Inquiry-Based Science Education<\/em> ehk IBSE). Uuringulaeka sihiks on t\u00f5sta noorte teadlikkust vastutustundlikust teadusest ja innovatsioonist ning ehitada loodusainete uurimusliku \u00f5ppe abil \u00fcles teadusliku kirjaoskusega ja vastutustundlik \u00fchiskond.<\/p>\n<p>Selleks on seatud selged eesm\u00e4rgid:<\/p>\n<p><\/p><div class=\"accordion mb-3\">\n        <div class=\"accordion-item accordion-item--white\">\n        <h2 class=\"accordion-header\" id=\"accordion-69e27c9144f57-heading\">\n            <button class=\"accordion-button collapsed\" type=\"button\" data-bs-toggle=\"collapse\" data-bs-target=\"#accordion-69e27c9144f57-collapse\" aria-expanded=\"true\" aria-controls=\"accordion-69e27c9144f57-collapse\">1.T\u00f6\u00f6tada v\u00e4lja pedagoogiline raamistik, mille p\u00f5hjal selgitatakse v\u00e4lja uurimistegevused, mis arendavad \u00f5pilaste teadlikkust vastutustundlikust teadusest ja innovatsioonist<\/button>\n        <\/h2>\n        <div id=\"accordion-69e27c9144f57-collapse\" class=\"accordion-collapse collapse\" aria-labelledby=\"accordion-69e27c9144f57-heading\">\n            <div class=\"accordion-body\">Meie sihiks on v\u00e4lja t\u00f6\u00f6tada pedagoogiline raamistik, mis t\u00f5staks \u00f5pilaste teadlikkust vastutustundlikust teadusest ja innovatsioonist ning suurendaks nende teadmisi ning arusaamist sellest, kuidas tehakse \u201ep\u00e4ris\u201c teadust. <\/div>\n        <\/div>\n        <\/div>\n    <\/div>\n<p><\/p><div class=\"accordion mb-3\">\n        <div class=\"accordion-item accordion-item--white\">\n        <h2 class=\"accordion-header\" id=\"accordion-69e27c9144f5d-heading\">\n            <button class=\"accordion-button collapsed\" type=\"button\" data-bs-toggle=\"collapse\" data-bs-target=\"#accordion-69e27c9144f5d-collapse\" aria-expanded=\"true\" aria-controls=\"accordion-69e27c9144f5d-collapse\">2. Koguda vastutustundliku teaduse ja innovatsiooniga seotud uurimistegevusi ja keskkondi<\/button>\n        <\/h2>\n        <div id=\"accordion-69e27c9144f5d-collapse\" class=\"accordion-collapse collapse\" aria-labelledby=\"accordion-69e27c9144f5d-heading\">\n            <div class=\"accordion-body\">Meie sihiks on koguda olemasolevaid uurimuslikke tegevusi ja keskkondi erinevatest riiklikest ning rahvusvahelistest projektidest, mis on seotud vastutustundliku teaduse ja innovatsiooni aspektidega, ning teha nad Uuringulaeka platvormi kaudu laialdaselt k\u00e4ttesaadavaks. <\/div>\n        <\/div>\n        <\/div>\n    <\/div>\n<p><\/p><div class=\"accordion mb-3\">\n        <div class=\"accordion-item accordion-item--white\">\n        <h2 class=\"accordion-header\" id=\"accordion-69e27c9144f60-heading\">\n            <button class=\"accordion-button collapsed\" type=\"button\" data-bs-toggle=\"collapse\" data-bs-target=\"#accordion-69e27c9144f60-collapse\" aria-expanded=\"true\" aria-controls=\"accordion-69e27c9144f60-collapse\">3. Ehitada \u00fcles suur toetav kogukond<\/button>\n        <\/h2>\n        <div id=\"accordion-69e27c9144f60-collapse\" class=\"accordion-collapse collapse\" aria-labelledby=\"accordion-69e27c9144f60-heading\">\n            <div class=\"accordion-body\">Meie sihiks on ehitada \u00fcles suur kogukond, kuhu kuuluks v\u00e4hemalt 1100 koolituse l\u00e4binud \u00f5petajat, 100 loodusteaduste ning \u00f5petajahariduse \u00fcli\u00f5pilast ja 50 teadlast \u00fclikoolidest ning teaduskeskustest \u00fcle kogu Euroopa. Nemad on inimesed, kes hakkavad \u00f5ppureid nende uurimistegevustes toetama ja auhindama. <\/div>\n        <\/div>\n        <\/div>\n    <\/div>\n<p><\/p><div class=\"accordion mb-3\">\n        <div class=\"accordion-item accordion-item--white\">\n        <h2 class=\"accordion-header\" id=\"accordion-69e27c9144f62-heading\">\n            <button class=\"accordion-button collapsed\" type=\"button\" data-bs-toggle=\"collapse\" data-bs-target=\"#accordion-69e27c9144f62-collapse\" aria-expanded=\"true\" aria-controls=\"accordion-69e27c9144f62-collapse\">4. Koolitada \u00f5petajaid<\/button>\n        <\/h2>\n        <div id=\"accordion-69e27c9144f62-collapse\" class=\"accordion-collapse collapse\" aria-labelledby=\"accordion-69e27c9144f62-heading\">\n            <div class=\"accordion-body\">Meie sihiks on koolitada v\u00e4hemalt 1100 \u00f5petajat, kes hakkavad toetama \u00f5pilaste uurimistegevusi viisil, mis tekitaks neis huvi ja motivatsiooni loodusteaduste ning vastutustundliku teaduse ja innovatsiooniga tegelemiseks. <\/div>\n        <\/div>\n        <\/div>\n    <\/div>\n<p><\/p><div class=\"accordion mb-3\">\n        <div class=\"accordion-item accordion-item--white\">\n        <h2 class=\"accordion-header\" id=\"accordion-69e27c9144f64-heading\">\n            <button class=\"accordion-button collapsed\" type=\"button\" data-bs-toggle=\"collapse\" data-bs-target=\"#accordion-69e27c9144f64-collapse\" aria-expanded=\"true\" aria-controls=\"accordion-69e27c9144f64-collapse\">5. Uuringulaegast hindamistulemuste p\u00f5hjal edasi arendada<\/button>\n        <\/h2>\n        <div id=\"accordion-69e27c9144f64-collapse\" class=\"accordion-collapse collapse\" aria-labelledby=\"accordion-69e27c9144f64-heading\">\n            <div class=\"accordion-body\">Me t\u00f6\u00f6tame v\u00e4lja instrumendid ja kogume andmeid, et hinnata projekti edukust ja t\u00f5husust \u2013 sellega soovime tagada, et nii pedagoogiline raamistik, kogutud uurimistegevused kui toetav kogukond t\u00f6\u00f6tavad selle heaks, et t\u00f5sta noorte teadlikkust vastutustundlikust teadusest ja innovatsioonist. <\/div>\n        <\/div>\n        <\/div>\n    <\/div>\n<p><\/p><div class=\"accordion mb-3\">\n        <div class=\"accordion-item accordion-item--white\">\n        <h2 class=\"accordion-header\" id=\"accordion-69e27c9144f66-heading\">\n            <button class=\"accordion-button collapsed\" type=\"button\" data-bs-toggle=\"collapse\" data-bs-target=\"#accordion-69e27c9144f66-collapse\" aria-expanded=\"true\" aria-controls=\"accordion-69e27c9144f66-collapse\">6. Teha uurimistegevused Uuringulaeka platvormi kaudu \u00fcle kogu Euroopa k\u00e4ttesaadavaks<\/button>\n        <\/h2>\n        <div id=\"accordion-69e27c9144f66-collapse\" class=\"accordion-collapse collapse\" aria-labelledby=\"accordion-69e27c9144f66-heading\">\n            <div class=\"accordion-body\">Meie sihiks on teha uurimistegevused k\u00e4ttesaadavaks Uuringulaeka laiaulatusliku rakendamise kaudu Euroopas \u2013 nii toome kokku uurimistegevused, \u00f5ppurid ja toetajad (\u00f5petajad, \u00fcli\u00f5pilased, teadlased ja teaduskeskuste, \u00fclikoolide ning muuseumide t\u00f6\u00f6tajad). <\/div>\n        <\/div>\n        <\/div>\n    <\/div>\n<p><\/p><div class=\"accordion mb-3\">\n        <div class=\"accordion-item accordion-item--white\">\n        <h2 class=\"accordion-header\" id=\"accordion-69e27c9144f68-heading\">\n            <button class=\"accordion-button collapsed\" type=\"button\" data-bs-toggle=\"collapse\" data-bs-target=\"#accordion-69e27c9144f68-collapse\" aria-expanded=\"true\" aria-controls=\"accordion-69e27c9144f68-collapse\">7. Uurimusliku l\u00e4henemise levitamine koolides, \u00fclikoolides, teaduskeskustes ja \u00fchiskonnas tervikuna \u00a0 \u00a0\u00a0<\/button>\n        <\/h2>\n        <div id=\"accordion-69e27c9144f68-collapse\" class=\"accordion-collapse collapse\" aria-labelledby=\"accordion-69e27c9144f68-heading\">\n            <div class=\"accordion-body\">Projektis osaleb v\u00e4hemalt 23 000 \u00f5pilast ja 1100 \u00f5petajat. Tagamaks Uuringulaeka j\u00e4tkusuutliku rakendamise ka p\u00e4rast projekti l\u00f5ppu, on kavas palju erinevaid tegevusi. <\/div>\n        <\/div>\n        <\/div>\n    <\/div>\n","protected":false},"excerpt":{"rendered":"<p>Uuringulaeka projekti keskmes on kaks teineteisega tihedalt seotud m\u00f5istet: vastutustundlik teadus ja innovatsioon (Responsible Research and Innovation ehk rri) ning uurimuslik \u00f5pe loodusainete tundides (Inquiry-Based Science Education ehk IBSE). Uuringulaeka sihiks on t\u00f5sta noorte teadlikkust vastutustundlikust teadusest ja innovatsioonist ning &#8230;<\/p>\n","protected":false},"author":30,"featured_media":0,"parent":0,"menu_order":0,"comment_status":"closed","ping_status":"closed","template":"","meta":{"_acf_changed":false,"inline_featured_image":false,"footnotes":""},"class_list":["post-55","page","type-page","status-publish","hentry"],"acf":[],"_links":{"self":[{"href":"https:\/\/sisu.ut.ee\/ark\/wp-json\/wp\/v2\/pages\/55","targetHints":{"allow":["GET"]}}],"collection":[{"href":"https:\/\/sisu.ut.ee\/ark\/wp-json\/wp\/v2\/pages"}],"about":[{"href":"https:\/\/sisu.ut.ee\/ark\/wp-json\/wp\/v2\/types\/page"}],"author":[{"embeddable":true,"href":"https:\/\/sisu.ut.ee\/ark\/wp-json\/wp\/v2\/users\/30"}],"replies":[{"embeddable":true,"href":"https:\/\/sisu.ut.ee\/ark\/wp-json\/wp\/v2\/comments?post=55"}],"version-history":[{"count":1,"href":"https:\/\/sisu.ut.ee\/ark\/wp-json\/wp\/v2\/pages\/55\/revisions"}],"predecessor-version":[{"id":964,"href":"https:\/\/sisu.ut.ee\/ark\/wp-json\/wp\/v2\/pages\/55\/revisions\/964"}],"wp:attachment":[{"href":"https:\/\/sisu.ut.ee\/ark\/wp-json\/wp\/v2\/media?parent=55"}],"curies":[{"name":"wp","href":"https:\/\/api.w.org\/{rel}","templated":true}]}}