{"id":54,"date":"2024-04-03T23:21:12","date_gmt":"2024-04-03T20:21:12","guid":{"rendered":"https:\/\/sisu.ut.ee\/ark\/projekti-ulevaade\/"},"modified":"2024-04-26T08:51:39","modified_gmt":"2024-04-26T05:51:39","slug":"projekti-ulevaade","status":"publish","type":"page","link":"https:\/\/sisu.ut.ee\/ark\/projekti-ulevaade\/","title":{"rendered":"Projekti \u00fclevaade"},"content":{"rendered":"<p><img loading=\"lazy\" decoding=\"async\" class=\"alignnone size-large wp-image-712\" src=\"https:\/\/sisu.ut.ee\/wp-content\/uploads\/sites\/84\/turku_meeting-01-1-1024x521.jpg\" alt=\"\" width=\"1024\" height=\"521\" srcset=\"https:\/\/sisu.ut.ee\/wp-content\/uploads\/sites\/84\/turku_meeting-01-1-1024x521.jpg 1024w, https:\/\/sisu.ut.ee\/wp-content\/uploads\/sites\/84\/turku_meeting-01-1-300x153.jpg 300w, https:\/\/sisu.ut.ee\/wp-content\/uploads\/sites\/84\/turku_meeting-01-1-768x391.jpg 768w, https:\/\/sisu.ut.ee\/wp-content\/uploads\/sites\/84\/turku_meeting-01-1-1536x782.jpg 1536w, https:\/\/sisu.ut.ee\/wp-content\/uploads\/sites\/84\/turku_meeting-01-1.jpg 1637w\" sizes=\"auto, (max-width: 1024px) 100vw, 1024px\"><\/p>\n<p>Uuringulaegas on Euroopa Komisjoni rahastatud <strong>teadus- ja arendusprojekt<\/strong>, millesse on kaasatud 13 projektipartnerit 12 riigist.<\/p>\n<p>Uuringulaeka projekti peamine eesm\u00e4rk on luua n-\u00f6 <strong>uue p\u00f5lvkonna loodusainete tund<\/strong>, mis annaks opilastele rohkem v\u00e4ljakutseid pakkuvaid, autentseid ja k\u00f5rgema j\u00e4rgu m\u00f5tlemist n\u00f5udvaid \u00f5pikogemusi ning rohkem v\u00f5imalusi osaleda teaduslikes praktikates ja \u00fclesannetes, kasutades teadusele omast diskursust ja vahendeid.<\/p>\n<p>Uuringulaeka projektis t\u00f6\u00f6tatakse v\u00e4lja <strong>platvorm<\/strong>, mille kaudu tehakse hoolikalt valitud uurimistegevused \u00fcle Euroopa laialdaselt k\u00e4ttesaadavaks. Platvorm toob kokku uurimistegevused, \u00f5ppurid ja nende toetajad (\u00f5petajad, \u00fcli\u00f5pilased, teadlased, muuseumide ja teaduskeskuste t\u00f6\u00f6tajad).<\/p>\n<p>\u00d5petajad l\u00e4bivad Uuringulaeka raames <strong>spetsiaalsed koolitused<\/strong>, kus \u00f5pivad uurimistegevuste algatamist ja l\u00e4biviimist \u2013 oskus, mis aitab neil oma \u00f5pilasi nende uurimistegevustes toetada ja motiveerida. Lisaks t\u00f6\u00f6tame v\u00e4lja veebip\u00f5hised toetusmaterjalid k\u00f5igile Uuringulaekasse kaasatud toetajatele.<\/p>\n","protected":false},"excerpt":{"rendered":"<p>Uuringulaegas on Euroopa Komisjoni rahastatud teadus- ja arendusprojekt, millesse on kaasatud 13 projektipartnerit 12 riigist. Uuringulaeka projekti peamine eesm\u00e4rk on luua n-\u00f6 uue p\u00f5lvkonna loodusainete tund, mis annaks opilastele rohkem v\u00e4ljakutseid pakkuvaid, autentseid ja k\u00f5rgema j\u00e4rgu m\u00f5tlemist n\u00f5udvaid \u00f5pikogemusi ning &#8230;<\/p>\n","protected":false},"author":30,"featured_media":0,"parent":0,"menu_order":0,"comment_status":"closed","ping_status":"closed","template":"","meta":{"_acf_changed":false,"inline_featured_image":false,"footnotes":""},"class_list":["post-54","page","type-page","status-publish","hentry"],"acf":[],"_links":{"self":[{"href":"https:\/\/sisu.ut.ee\/ark\/wp-json\/wp\/v2\/pages\/54","targetHints":{"allow":["GET"]}}],"collection":[{"href":"https:\/\/sisu.ut.ee\/ark\/wp-json\/wp\/v2\/pages"}],"about":[{"href":"https:\/\/sisu.ut.ee\/ark\/wp-json\/wp\/v2\/types\/page"}],"author":[{"embeddable":true,"href":"https:\/\/sisu.ut.ee\/ark\/wp-json\/wp\/v2\/users\/30"}],"replies":[{"embeddable":true,"href":"https:\/\/sisu.ut.ee\/ark\/wp-json\/wp\/v2\/comments?post=54"}],"version-history":[{"count":2,"href":"https:\/\/sisu.ut.ee\/ark\/wp-json\/wp\/v2\/pages\/54\/revisions"}],"predecessor-version":[{"id":1929,"href":"https:\/\/sisu.ut.ee\/ark\/wp-json\/wp\/v2\/pages\/54\/revisions\/1929"}],"wp:attachment":[{"href":"https:\/\/sisu.ut.ee\/ark\/wp-json\/wp\/v2\/media?parent=54"}],"curies":[{"name":"wp","href":"https:\/\/api.w.org\/{rel}","templated":true}]}}