{"id":11,"date":"2024-04-03T23:21:09","date_gmt":"2024-04-03T20:21:09","guid":{"rendered":"https:\/\/sisu.ut.ee\/ark\/national-coordinators\/"},"modified":"2024-04-10T10:35:07","modified_gmt":"2024-04-10T07:35:07","slug":"national-coordinators","status":"publish","type":"page","link":"https:\/\/sisu.ut.ee\/ark\/national-coordinators\/?lang=en","title":{"rendered":"National coordinators (Ark of Inquiry platform)"},"content":{"rendered":"<table class=\"table table-hover\" style=\"border-color: #69a0e6;border-width: 1px;border-style: solid\" border=\"1\" align=\"left\" cellpadding=\"4\" cellspacing=\"4\">\n<tbody>\n<tr valign=\"top\">\n<td style=\"width: 33%;height: 25%;border-color: #98d6e7;border-style: solid;border-width: 1px\">\n<p><strong>Austria<\/strong><\/p>\n<p>Erika Kaefer-Kochinger<br><a href=\"mailto:Erika.Kaefer-Kochinger@bmb.gv.at\" target=\"_blank\" rel=\"noopener\">Erika.Kaefer-Kochinger@bmb.gv.at<\/a>\u00a0<\/p>\n<p>Monika Moises<br><a href=\"mailto:moises.monika@gmail.com\" target=\"_blank\" rel=\"noopener\">moises.monika@gmail.com<\/a><\/p>\n<\/td>\n<td style=\"width: 33%;height: 25%;border-color: #98d6e7;border-style: solid;border-width: 1px\"><strong>Belgium<br><\/strong><br>Erica Andreotti<br>erica.andreotti@ucll.be<\/td>\n<td style=\"width: 33%;height: 25%;border-color: #98d6e7;border-style: solid;border-width: 1px\">\n<p><strong>Cyprus<br><\/strong><br>Marios Papaevripidou<br><a href=\"mailto:mpapa@ucy.ac.cy\">mpapa@ucy.ac.cy<\/a><\/p>\n<p>Maria Irakleous<br><a href=\"mailto:maria.irakleous@ucy.ac.cy\">irakleous.maria@ucy.ac.cy<\/a><\/p>\n<\/td>\n<\/tr>\n<tr valign=\"top\">\n<td style=\"width: 33%;height: 25%;border-color: #98d6e7;border-style: solid;border-width: 1px\">\n<p><strong>Estonia<\/strong><\/p>\n<p>Meelis Brikker<br>meelis.brikker@ut.ee<\/p>\n<\/td>\n<td style=\"width: 33%;height: 25%;border-color: #98d6e7;border-style: solid;border-width: 1px\">\n<p><strong>Finland<\/strong><\/p>\n<p>Tomi Jaakkola<br><a class=\"moz-txt-link-abbreviated\" href=\"mailto:toanja@utu.fi\">toanja@utu.fi<\/a><\/p>\n<p>Jiri Lallimo<br>jiri.lallimo@utu.fi<\/p>\n<\/td>\n<td style=\"width: 33%;height: 25%;border-color: #98d6e7;border-style: solid;border-width: 1px\">\n<p><strong>France<\/strong><\/p>\n<p>Christian Siatka<br>siatka@ecole-adn.fr<\/p>\n<p>Stephane Theulier<br>stephane@ecole-adn.fr<\/p>\n<\/td>\n<\/tr>\n<tr valign=\"top\">\n<td style=\"width: 33%;height: 25%;border-color: #98d6e7;border-style: solid;border-width: 1px\">\n<p><strong>Germany<\/strong><\/p>\n<p>Prof. R\u00fcdiger Tiemann<br><a href=\"mailto:ruediger.tiemann@chemie.hu-berlin.de\" target=\"_blank\" rel=\"noopener\">ruediger.tiemann@chemie.hu-berlin.de<\/a><\/p>\n<\/td>\n<td style=\"width: 33%;height: 25%;border-color: #98d6e7;border-style: solid;border-width: 1px\">\n<p><strong>Greece<\/strong><\/p>\n<p>Aliki Giannakopoulou<br>giannakopoulou@ea.gr<\/p>\n<p>Stephanos Cherouvis<br>stecherouvis@ea.gr<\/p>\n<\/td>\n<td style=\"width: 33%;height: 25%;border-color: #98d6e7;border-style: solid;border-width: 1px\">\n<p><strong>Hungary<\/strong><\/p>\n<p>Szilvia T\u00f3th<br><a href=\"mailto:tothszilvia.kuttanar@gmail.com\">tothszilvia.kuttanar@gmail.com<\/a><\/p>\n\n<p>M\u00f3nika R\u00e9ti<br><a href=\"mailto:retimon@gmail.com\">retimon@gmail.com<\/a><\/p>\n<\/td>\n<\/tr>\n<tr valign=\"top\">\n<td style=\"width: 33%;height: 25%;border-color: #98d6e7;border-style: solid;border-width: 1px\">\n<p><strong>Italy<\/strong><\/p>\n<p>Lauren Bohatka<br><a href=\"mailto:l.bohatka@unesco.org\">l.bohatka@unesco.org<\/a><\/p>\n<p>Anna Pascucci\u00a0<br><a href=\"mailto:anna.pascucci@gmail.com\">anna.pascucci@gmail.com<\/a><\/p>\n<\/td>\n<td style=\"width: 33%;height: 25%;border-color: #98d6e7;border-style: solid;border-width: 1px\">\n<p><strong>Netherlands<\/strong><\/p>\n<p>Annelies Dickhout<br><a href=\"mailto:Annelies.Dickhout@han.nl\" target=\"_blank\" rel=\"noopener\">Annelies.Dickhout@han.nl<\/a><\/p>\n<p><span>Harry Stokhof<\/span><br><a href=\"mailto:harry.stokhof@han.nl\" target=\"_blank\" rel=\"noopener\">harry.stokhof@han.nl<\/a><\/p>\n<\/td>\n<td style=\"width: 33%;height: 25%;border-color: #98d6e7;border-style: solid;border-width: 1px\">\n<p><strong>Turkey<\/strong><\/p>\n<p>Bulent Cavas<br><a href=\"mailto:bulentcavas@gmail.com\" target=\"_blank\" rel=\"noopener\">bulentcavas@gmail.com<\/a><\/p>\n<p>Zeynep Hulagu<br><a href=\"mailto:zeynep.hulagu@bahcesehir.k12.tr\" target=\"_blank\" rel=\"noopener\">zeynep.hulagu@bahcesehir.k12.tr<\/a><\/p>\n<\/td>\n<\/tr>\n<tr valign=\"top\">\n<td style=\"width: 33%;height: 25%;border-color: #98d6e7;border-style: solid;border-width: 1px\">\n<\/td>\n<td style=\"width: 33%;height: 25%;border-color: #98d6e7;border-style: solid;border-width: 1px\">\n<p><strong>Albania<\/strong><\/p>\n<p>Ornela Koleka<br><a href=\"mailto:okoleka@gmail.com\" target=\"_blank\" rel=\"noopener\">okoleka@gmail.com<\/a><\/p>\n\n<\/td>\n<td style=\"width: 33%;height: 25%;border-color: #98d6e7;border-style: solid;border-width: 1px\">\n<p><strong>\u00a0<\/strong><\/p>\n<\/td>\n<\/tr>\n<\/tbody>\n<\/table>\n<p style=\"text-align: center\">***<\/p>\n<p><strong>Couldn\u2019t find your country here?<\/strong> Contact\u00a0Meelis Brikker (meelis.brikker@ut.ee) or\u00a0Lauren Bohatka (<a style=\"background-color: #ffffff\" href=\"mailto:l.bohatka@unesco.org\">l.bohatka@unesco.org<\/a>).<\/p>\n<p><\/p>\n\n\n<div class=\"wp-block-group attached-files-group is-layout-constrained wp-block-group-is-layout-constrained\">\n<div class=\"wp-block-file\"><a id=\"wp-block-file--media-97d64906-9f75-43b4-9c8b-90d3608610af\" href=\"https:\/\/sisu.ut.ee\/wp-content\/uploads\/sites\/84\/platform_tutorial.pdf\" target=\"_blank\" rel=\"noreferrer noopener\">platform_tutorial.pdf<\/a><\/div>\n<\/div>\n","protected":false},"excerpt":{"rendered":"<p>Austria Erika Kaefer-KochingerErika.Kaefer-Kochinger@bmb.gv.at\u00a0 Monika Moisesmoises.monika@gmail.com BelgiumErica Andreottierica.andreotti@ucll.be CyprusMarios Papaevripidoumpapa@ucy.ac.cy Maria Irakleousirakleous.maria@ucy.ac.cy Estonia Meelis Brikkermeelis.brikker@ut.ee Finland Tomi Jaakkolatoanja@utu.fi Jiri Lallimojiri.lallimo@utu.fi France Christian Siatkasiatka@ecole-adn.fr Stephane Theulierstephane@ecole-adn.fr Germany Prof. R\u00fcdiger Tiemannruediger.tiemann@chemie.hu-berlin.de Greece Aliki Giannakopoulougiannakopoulou@ea.gr Stephanos Cherouvisstecherouvis@ea.gr Hungary Szilvia T\u00f3thtothszilvia.kuttanar@gmail.com M\u00f3nika R\u00e9tiretimon@gmail.com Italy Lauren &#8230;<\/p>\n","protected":false},"author":30,"featured_media":0,"parent":0,"menu_order":0,"comment_status":"closed","ping_status":"closed","template":"","meta":{"_acf_changed":false,"inline_featured_image":false,"footnotes":""},"class_list":["post-11","page","type-page","status-publish","hentry"],"acf":[],"_links":{"self":[{"href":"https:\/\/sisu.ut.ee\/ark\/wp-json\/wp\/v2\/pages\/11","targetHints":{"allow":["GET"]}}],"collection":[{"href":"https:\/\/sisu.ut.ee\/ark\/wp-json\/wp\/v2\/pages"}],"about":[{"href":"https:\/\/sisu.ut.ee\/ark\/wp-json\/wp\/v2\/types\/page"}],"author":[{"embeddable":true,"href":"https:\/\/sisu.ut.ee\/ark\/wp-json\/wp\/v2\/users\/30"}],"replies":[{"embeddable":true,"href":"https:\/\/sisu.ut.ee\/ark\/wp-json\/wp\/v2\/comments?post=11"}],"version-history":[{"count":3,"href":"https:\/\/sisu.ut.ee\/ark\/wp-json\/wp\/v2\/pages\/11\/revisions"}],"predecessor-version":[{"id":1722,"href":"https:\/\/sisu.ut.ee\/ark\/wp-json\/wp\/v2\/pages\/11\/revisions\/1722"}],"wp:attachment":[{"href":"https:\/\/sisu.ut.ee\/ark\/wp-json\/wp\/v2\/media?parent=11"}],"curies":[{"name":"wp","href":"https:\/\/api.w.org\/{rel}","templated":true}]}}