{"id":9,"date":"2024-04-03T23:27:07","date_gmt":"2024-04-03T20:27:07","guid":{"rendered":"https:\/\/sisu.ut.ee\/ariste\/teeside-esitamine\/"},"modified":"2024-04-03T23:27:11","modified_gmt":"2024-04-03T20:27:11","slug":"teeside-esitamine","status":"publish","type":"page","link":"https:\/\/sisu.ut.ee\/ariste\/teeside-esitamine\/","title":{"rendered":"Teeside esitamine"},"content":{"rendered":"<p>Teesid saadetakse elektrooniliselt e-maili manusena (doc(x) v\u00f5i rtf file) aadressil tonu.seilenthal@ut.ee. Teeside pikkus on 1000-1500 t\u00e4hem\u00e4rki (koos t\u00fchikutega), kaasa arvatud bibliograafia. Teesidel tohib olla ainult ettekande pealkiri ja teesid ei tohi sisaldada v\u00f5imalust autori identifitseerimiseks. E-mailis tuleb esitada autori nimi, asutus ja ettekande pealkiri ettekande keeles. Teesid tuleb esitada inglise keeles.<\/p>\n<p>K\u00f5ik teesid retsenseeritakse anon\u00fc\u00fcmselt.<\/p>\n","protected":false},"excerpt":{"rendered":"<p>Teesid saadetakse elektrooniliselt e-maili manusena (doc(x) v\u00f5i rtf file) aadressil tonu.seilenthal@ut.ee. Teeside pikkus on 1000-1500 t\u00e4hem\u00e4rki (koos t\u00fchikutega), kaasa arvatud bibliograafia. Teesidel tohib olla ainult ettekande pealkiri ja teesid ei tohi sisaldada v\u00f5imalust autori identifitseerimiseks. E-mailis tuleb esitada autori nimi, &#8230;<\/p>\n","protected":false},"author":35,"featured_media":0,"parent":0,"menu_order":0,"comment_status":"closed","ping_status":"closed","template":"","meta":{"_acf_changed":false,"inline_featured_image":false,"footnotes":""},"class_list":["post-9","page","type-page","status-publish","hentry"],"acf":[],"_links":{"self":[{"href":"https:\/\/sisu.ut.ee\/ariste\/wp-json\/wp\/v2\/pages\/9","targetHints":{"allow":["GET"]}}],"collection":[{"href":"https:\/\/sisu.ut.ee\/ariste\/wp-json\/wp\/v2\/pages"}],"about":[{"href":"https:\/\/sisu.ut.ee\/ariste\/wp-json\/wp\/v2\/types\/page"}],"author":[{"embeddable":true,"href":"https:\/\/sisu.ut.ee\/ariste\/wp-json\/wp\/v2\/users\/35"}],"replies":[{"embeddable":true,"href":"https:\/\/sisu.ut.ee\/ariste\/wp-json\/wp\/v2\/comments?post=9"}],"version-history":[{"count":1,"href":"https:\/\/sisu.ut.ee\/ariste\/wp-json\/wp\/v2\/pages\/9\/revisions"}],"predecessor-version":[{"id":47,"href":"https:\/\/sisu.ut.ee\/ariste\/wp-json\/wp\/v2\/pages\/9\/revisions\/47"}],"wp:attachment":[{"href":"https:\/\/sisu.ut.ee\/ariste\/wp-json\/wp\/v2\/media?parent=9"}],"curies":[{"name":"wp","href":"https:\/\/api.w.org\/{rel}","templated":true}]}}