{"id":6,"date":"2024-04-03T23:27:07","date_gmt":"2024-04-03T20:27:07","guid":{"rendered":"https:\/\/sisu.ut.ee\/ariste\/avaleht-0\/"},"modified":"2024-06-11T11:10:37","modified_gmt":"2024-06-11T08:10:37","slug":"avaleht-0","status":"publish","type":"page","link":"https:\/\/sisu.ut.ee\/ariste\/","title":{"rendered":"Paul Ariste"},"content":{"rendered":"<p style=\"text-align: left;\"><img loading=\"lazy\" decoding=\"async\" width=\"200\" height=\"409\" class=\"alignnone wp-image-16\" style=\"float: left; margin: 2px;\" title=\"Paul Ariste\" src=\"https:\/\/sisu.ut.ee\/wp-content\/uploads\/sites\/96\/ariste-1.jpg\" alt=\"Paul Ariste\" srcset=\"https:\/\/sisu.ut.ee\/wp-content\/uploads\/sites\/96\/ariste-1.jpg 200w, https:\/\/sisu.ut.ee\/wp-content\/uploads\/sites\/96\/ariste-1-147x300.jpg 147w\" sizes=\"auto, (max-width: 200px) 100vw, 200px\">Meil on r\u00f5\u00f5m teatada Paul Aristele p\u00fchendatud soome-ugri konverentsist, mis peetakse Tartus, 1.-3. veebruaril 2015. Konverentsi korraldab Tartu \u00dclikooli eesti ja \u00fcldkeeleteaduse instituudi <a href=\"https:\/\/keel.ut.ee\/et\/sisu\/soome-ugri-osakond\">soome-ugri osakond<\/a>.<\/p>\n<p>Paul Ariste (1905-1990) oli 33 aastat soome-ugri keelte kateedri juhataja aastatel 1944 kuni 1977. 1949. a. sai ta soome-ugri keelte professoriks. Ariste pani aluse t\u00e4nap\u00e4evasele soome-ugri keelte uurimisele Eestis. Tema sooviks oli ette valmistada asjatundja iga soome-ugri keele jaoks. Paul Aristel oli ka v\u00e4ljapaistev roll Venemaa soome-ugri keelte uurijate ettevalmistamisel. Tema juhendamisel valmis \u00fcle 60 kandidaadi- ja doktoriv\u00e4itekirja. \u201cAriste aspirandid\u201d t\u00f6\u00f6tavad t\u00e4nap\u00e4eval v\u00e4ga paljudes soome-ugri \u00fclikoolides. 1965. aastal asutati Ariste algatusel rahvusvaheline ajakiri\u00a0<em>Sovetskoye finnougrovedeniye\u00a0<\/em>(praegu\u00a0<a title=\"Linguistica uralica\" href=\"http:\/\/www.kirj.ee\/lu\/\" target=\"_blank\" rel=\"noopener\"><em>Linguistica Uralica<\/em><\/a>), mille esimene peatoimetaja ta oli. Ariste teaduslike publikatsioonide arv \u00fcletab 1300 nimetust, sealhulgas on ligi 50 monograafiat. Ariste oli Eesti Teaduste Akadeemia akadeemik (1954), ta oli Helsinki (1969), Szegedi (1971), Tampere (1975) ja L\u00e4ti (1989) \u00fclikoolide audoktor ja samuti Ungari Teaduste Akadeemia ja Soome Teaduste Akadeemia auliige.<\/p>\n<p style=\"text-align: left;\"><a href=\"https:\/\/sisu.ut.ee\/ariste_conference\" target=\"_blank\" rel=\"noopener\"><img loading=\"lazy\" decoding=\"async\" width=\"50\" height=\"30\" class=\"alignnone wp-image-17\" title=\"english_flag1.png\" src=\"https:\/\/sisu.ut.ee\/wp-content\/uploads\/sites\/96\/english_flag1.png\" alt=\"english_flag1.png\"><\/a><a href=\"https:\/\/sisu.ut.ee\/ariste_konverents\" target=\"_blank\" rel=\"noopener\"><img loading=\"lazy\" decoding=\"async\" width=\"50\" height=\"33\" class=\"alignnone wp-image-18\" title=\"russian2.jpg\" src=\"https:\/\/sisu.ut.ee\/wp-content\/uploads\/sites\/96\/russian2.jpg\" alt=\"russian2.jpg\"><\/a><\/p>\n","protected":false},"excerpt":{"rendered":"<p>Meil on r\u00f5\u00f5m teatada Paul Aristele p\u00fchendatud soome-ugri konverentsist, mis peetakse Tartus, 1.-3. veebruaril 2015. Konverentsi korraldab Tartu \u00dclikooli eesti ja \u00fcldkeeleteaduse instituudi soome-ugri osakond. Paul Ariste (1905-1990) oli 33 aastat soome-ugri keelte kateedri juhataja aastatel 1944 kuni 1977. 1949. &#8230;<\/p>\n","protected":false},"author":35,"featured_media":0,"parent":0,"menu_order":0,"comment_status":"closed","ping_status":"closed","template":"","meta":{"_acf_changed":false,"inline_featured_image":false,"footnotes":""},"class_list":["post-6","page","type-page","status-publish","hentry"],"acf":[],"_links":{"self":[{"href":"https:\/\/sisu.ut.ee\/ariste\/wp-json\/wp\/v2\/pages\/6","targetHints":{"allow":["GET"]}}],"collection":[{"href":"https:\/\/sisu.ut.ee\/ariste\/wp-json\/wp\/v2\/pages"}],"about":[{"href":"https:\/\/sisu.ut.ee\/ariste\/wp-json\/wp\/v2\/types\/page"}],"author":[{"embeddable":true,"href":"https:\/\/sisu.ut.ee\/ariste\/wp-json\/wp\/v2\/users\/35"}],"replies":[{"embeddable":true,"href":"https:\/\/sisu.ut.ee\/ariste\/wp-json\/wp\/v2\/comments?post=6"}],"version-history":[{"count":3,"href":"https:\/\/sisu.ut.ee\/ariste\/wp-json\/wp\/v2\/pages\/6\/revisions"}],"predecessor-version":[{"id":61,"href":"https:\/\/sisu.ut.ee\/ariste\/wp-json\/wp\/v2\/pages\/6\/revisions\/61"}],"wp:attachment":[{"href":"https:\/\/sisu.ut.ee\/ariste\/wp-json\/wp\/v2\/media?parent=6"}],"curies":[{"name":"wp","href":"https:\/\/api.w.org\/{rel}","templated":true}]}}