{"id":3,"date":"2024-04-03T23:27:07","date_gmt":"2024-04-03T20:27:07","guid":{"rendered":"https:\/\/sisu.ut.ee\/ariste\/teemad\/"},"modified":"2024-04-03T23:27:11","modified_gmt":"2024-04-03T20:27:11","slug":"teemad","status":"publish","type":"page","link":"https:\/\/sisu.ut.ee\/ariste\/teemad\/","title":{"rendered":"Teemad"},"content":{"rendered":"<p>Konveretnsile me ootame ettekandeid j\u00e4rgmistelt fennougristika aladelt:<\/p>\n<ul>\n<li>rakendus- ja deskriptiivlingvistika,<\/li>\n<li>kontakt- ja areaallingvistika,<\/li>\n<li>ajalooline keeleteadus ja et\u00fcmoloogia,<\/li>\n<li>v\u00e4lit\u00f6\u00f6de meetodid.<\/li>\n<\/ul>\n<p>Konverentsi ametlikud keeled on eesti, inglise ja vene keel. Teesid tuleb esitada inglise keeles. Ettekande v\u00f5ib pidada eesti, vene, inglise v\u00f5i mistahes uurali keeles. (Palume arvestada, et t\u00f5lketeenust konverentsil ei ole.) Suulise ettekande jaoks on aega 30 minutit. Palun arvestage oma esinemise pikkuseks 20 min., j\u00e4ttes 10 min. k\u00fcsimusteks ja aruteluks.<\/p>\n","protected":false},"excerpt":{"rendered":"<p>Konveretnsile me ootame ettekandeid j\u00e4rgmistelt fennougristika aladelt: rakendus- ja deskriptiivlingvistika, kontakt- ja areaallingvistika, ajalooline keeleteadus ja et\u00fcmoloogia, v\u00e4lit\u00f6\u00f6de meetodid. Konverentsi ametlikud keeled on eesti, inglise ja vene keel. Teesid tuleb esitada inglise keeles. Ettekande v\u00f5ib pidada eesti, vene, inglise v\u00f5i &#8230;<\/p>\n","protected":false},"author":35,"featured_media":0,"parent":0,"menu_order":0,"comment_status":"closed","ping_status":"closed","template":"","meta":{"_acf_changed":false,"inline_featured_image":false,"footnotes":""},"class_list":["post-3","page","type-page","status-publish","hentry"],"acf":[],"_links":{"self":[{"href":"https:\/\/sisu.ut.ee\/ariste\/wp-json\/wp\/v2\/pages\/3","targetHints":{"allow":["GET"]}}],"collection":[{"href":"https:\/\/sisu.ut.ee\/ariste\/wp-json\/wp\/v2\/pages"}],"about":[{"href":"https:\/\/sisu.ut.ee\/ariste\/wp-json\/wp\/v2\/types\/page"}],"author":[{"embeddable":true,"href":"https:\/\/sisu.ut.ee\/ariste\/wp-json\/wp\/v2\/users\/35"}],"replies":[{"embeddable":true,"href":"https:\/\/sisu.ut.ee\/ariste\/wp-json\/wp\/v2\/comments?post=3"}],"version-history":[{"count":1,"href":"https:\/\/sisu.ut.ee\/ariste\/wp-json\/wp\/v2\/pages\/3\/revisions"}],"predecessor-version":[{"id":41,"href":"https:\/\/sisu.ut.ee\/ariste\/wp-json\/wp\/v2\/pages\/3\/revisions\/41"}],"wp:attachment":[{"href":"https:\/\/sisu.ut.ee\/ariste\/wp-json\/wp\/v2\/media?parent=3"}],"curies":[{"name":"wp","href":"https:\/\/api.w.org\/{rel}","templated":true}]}}