{"id":8,"date":"2024-04-04T05:53:31","date_gmt":"2024-04-04T02:53:31","guid":{"rendered":"https:\/\/sisu.ut.ee\/arheoloogia-andmebaasid\/avaleht\/"},"modified":"2024-04-23T15:58:59","modified_gmt":"2024-04-23T12:58:59","slug":"avaleht","status":"publish","type":"page","link":"https:\/\/sisu.ut.ee\/arheoloogia-andmebaasid\/","title":{"rendered":"Tutvustus"},"content":{"rendered":"<p>Koduleht tutvustab Eesti arheoloogia andmebaase ja digitaalseid inforessursse. \u00dclevaade h\u00f5lmab nii riiklikke andmebaase, \u00fclikoolide teaduskollektsioonide andmebaase kui ka \u00fcksikprojektide k\u00e4igus loodud suuremaid andmebaase. Andmekogude\u00a0tutvustused on koondatud temaatilistesse jaotustesse vasakul paneelil. Sealt leiab ka infot andmebaasidesse sisselogimise ja kasutus\u00f5iguste kohta. Siin on otseviited k\u00e4sitletavatele\u00a0\u00a0andmekogudele:<\/p>\n<p>MUISTISED<\/p>\n<p><a title=\"Kultuurim\u00e4lestiste riiklik register\" href=\"https:\/\/register.muinas.ee\/public.php?menuID=monument\" target=\"_blank\" rel=\"noopener\" data-url=\"https:\/\/register.muinas.ee\/public.php?menuID=monument\">Kultuurim\u00e4lestiste riiklik register<\/a><\/p>\n<p><a title=\"Vrakiregister\" href=\"https:\/\/register.muinas.ee\/public.php?menuID=wreckregistry\" target=\"_blank\" rel=\"noopener\" data-url=\"https:\/\/register.muinas.ee\/public.php?menuID=wreckregistry\">Vrakiregister<\/a><\/p>\n<p><a title=\"Muistised ja p\u00e4rimuspaigad\" href=\"https:\/\/register.muinas.ee\/public.php?menuID=placeinfo\" target=\"_blank\" rel=\"noopener\" data-url=\"https:\/\/register.muinas.ee\/public.php?menuID=placeinfo\">Muistised ja p\u00e4rimuspaigad<\/a><\/p>\n<p>KOGUD<\/p>\n<p><a title=\"\" href=\"https:\/\/tara.ut.ee\/\" target=\"_blank\" rel=\"noopener\" data-url=\"https:\/\/tara.ut.ee\/\">Tartu \u00dclikooli arheoloogiakogud<\/a>\u00a0(TARA)<\/p>\n<p><a title=\"\" href=\"https:\/\/talar.arheoloogia.ee\/login.php\" target=\"_blank\" rel=\"noopener\" data-url=\"https:\/\/talar.arheoloogia.ee\/login.php\">Tallinna \u00dclikooli arheoloogia teaduskogu <\/a>(mitteavalik)<\/p>\n<p><a title=\"\" href=\"https:\/\/www.muis.ee\/\" target=\"_blank\" rel=\"noopener\" data-url=\"https:\/\/www.muis.ee\/\">Eesti muuseumite kogud<\/a> (MUIS)<\/p>\n<p>KAEVAMISED<\/p>\n<p><a title=\"\" href=\"http:\/\/www.arheo.ut.ee\/kaevamiste-nimekiri\" target=\"_blank\" rel=\"noopener\" data-url=\"http:\/\/www.arheo.ut.ee\/kaevamiste-nimekiri\">Arheoloogilised kaevamised Eestis 1799\u20131999<\/a><\/p>\n<p>BIBLIOGRAAFIA<\/p>\n<p><a title=\"Eesti ja L\u00e4ti arheoloogiline bibliograafia\" href=\"http:\/\/biblio.arheo.ut.ee\/login\" target=\"_blank\" rel=\"noopener\" data-url=\"http:\/\/biblio.arheo.ut.ee\/login\">Eesti ja L\u00e4ti arheoloogiline bibliograafia<\/a><\/p>\n<p><a title=\"Eesti arheoloogide l\u00f5pu- ja kraadit\u00f6\u00f6d\" href=\"http:\/\/www.arheo.ut.ee\/thesis-list\/\" target=\"_blank\" rel=\"noopener\" data-url=\"http:\/\/www.arheo.ut.ee\/thesis-list\/\">Eesti arheoloogilised\u00a0l\u00f5pu- ja kraadit\u00f6\u00f6d<\/a><\/p>\n<p><a title=\"Estonian Journal of Archaeology \" href=\"http:\/\/www.kirj.ee\/archaeology\/\" target=\"_blank\" rel=\"noopener\" data-url=\"http:\/\/www.kirj.ee\/archaeology\/\">Estonian Journal of Archaeology\u00a0<\/a><\/p>\n<p><a title=\"Arheoloogilised v\u00e4lit\u00f6\u00f6d Eestis \" href=\"http:\/\/www.arheoloogia.ee\/kirjandus\/arheoloogilised-valitood-eestis\/\" target=\"_blank\" rel=\"noopener\" data-url=\"http:\/\/www.arheoloogia.ee\/kirjandus\/arheoloogilised-valitood-eestis\/\">Arheoloogilised v\u00e4lit\u00f6\u00f6d Eestis\u00a0<\/a><\/p>\n<p><a title=\"Tutulus\" href=\"https:\/\/tutulus.ee\/\" target=\"_blank\" rel=\"noopener\" data-url=\"https:\/\/tutulus.ee\/\">Tutulus<\/a><\/p>\n<p>TERMINID<\/p>\n<p><a title=\"Arheoloogia terminibaas\" href=\"https:\/\/sonaveeb.ee\/ds\/arh\" target=\"_blank\" rel=\"noopener\" data-url=\"https:\/\/term.eki.ee\/termbase\/view\/3651782\/\">Arheoloogia terminibaas<\/a><\/p>\n","protected":false},"excerpt":{"rendered":"<p>Koduleht tutvustab Eesti arheoloogia andmebaase ja digitaalseid inforessursse. \u00dclevaade h\u00f5lmab nii riiklikke andmebaase, \u00fclikoolide teaduskollektsioonide andmebaase kui ka \u00fcksikprojektide k\u00e4igus loodud suuremaid andmebaase. Andmekogude\u00a0tutvustused on koondatud temaatilistesse jaotustesse vasakul paneelil. Sealt leiab ka infot andmebaasidesse sisselogimise ja kasutus\u00f5iguste kohta. Siin &#8230;<\/p>\n","protected":false},"author":220,"featured_media":0,"parent":0,"menu_order":0,"comment_status":"closed","ping_status":"closed","template":"","meta":{"_acf_changed":false,"inline_featured_image":false,"footnotes":""},"class_list":["post-8","page","type-page","status-publish","hentry"],"acf":[],"_links":{"self":[{"href":"https:\/\/sisu.ut.ee\/arheoloogia-andmebaasid\/wp-json\/wp\/v2\/pages\/8","targetHints":{"allow":["GET"]}}],"collection":[{"href":"https:\/\/sisu.ut.ee\/arheoloogia-andmebaasid\/wp-json\/wp\/v2\/pages"}],"about":[{"href":"https:\/\/sisu.ut.ee\/arheoloogia-andmebaasid\/wp-json\/wp\/v2\/types\/page"}],"author":[{"embeddable":true,"href":"https:\/\/sisu.ut.ee\/arheoloogia-andmebaasid\/wp-json\/wp\/v2\/users\/220"}],"replies":[{"embeddable":true,"href":"https:\/\/sisu.ut.ee\/arheoloogia-andmebaasid\/wp-json\/wp\/v2\/comments?post=8"}],"version-history":[{"count":4,"href":"https:\/\/sisu.ut.ee\/arheoloogia-andmebaasid\/wp-json\/wp\/v2\/pages\/8\/revisions"}],"predecessor-version":[{"id":51,"href":"https:\/\/sisu.ut.ee\/arheoloogia-andmebaasid\/wp-json\/wp\/v2\/pages\/8\/revisions\/51"}],"wp:attachment":[{"href":"https:\/\/sisu.ut.ee\/arheoloogia-andmebaasid\/wp-json\/wp\/v2\/media?parent=8"}],"curies":[{"name":"wp","href":"https:\/\/api.w.org\/{rel}","templated":true}]}}