{"id":4,"date":"2024-04-04T05:53:30","date_gmt":"2024-04-04T02:53:30","guid":{"rendered":"https:\/\/sisu.ut.ee\/arheoloogia-andmebaasid\/kogud\/"},"modified":"2024-04-04T05:53:36","modified_gmt":"2024-04-04T02:53:36","slug":"kogud","status":"publish","type":"page","link":"https:\/\/sisu.ut.ee\/arheoloogia-andmebaasid\/kogud\/","title":{"rendered":"Kogud"},"content":{"rendered":"<p>\n\t\u00a0\n<\/p>\n<p>\n\t<strong><span style=\"font-size:16px\"><a href=\"https:\/\/tara.ut.ee\/\" target=\"_blank\" title=\"\" rel=\"noopener\">Tartu \u00dclikooli arheoloogiakogud<\/a><\/span><\/strong>\n<\/p>\n<p>\n\t<em>Andmebaasi avaliku osa kasutamiseks logige sisse k\u00fclalisena.\u00a0Uurijad saavad andmebaasi mitteavaliku osa kasutamiseks taotleda luba T\u00dc arheoloogia kabinetilt (riina.juurik@ut.ee).\u00a0<\/em>\n<\/p>\n<p>\n\tAndmebaas sisaldab Tartu \u00dclikooli (T\u00dc) peanumbriga <a data-url=\"http:\/\/www.arheo.ut.ee\/kogud\/leiukogu\" href=\"http:\/\/www.arheo.ut.ee\/kogud\/leiukogu\" target=\"_blank\" title=\"\" rel=\"noopener\">esemete leiukogu<\/a>, <a data-url=\"http:\/\/www.arheo.ut.ee\/kogud\/osteoloogiakogud\" href=\"http:\/\/www.arheo.ut.ee\/kogud\/osteoloogiakogud\" target=\"_blank\" title=\"\" rel=\"noopener\">inimluude kogu<\/a>, <a data-url=\"http:\/\/www.arheo.ut.ee\/kogud\/arheozooloogilised-kogud\" href=\"http:\/\/www.arheo.ut.ee\/kogud\/arheozooloogilised-kogud\" target=\"_blank\" title=\"\" rel=\"noopener\">loomaluude kogu<\/a> ja <a data-url=\"http:\/\/www.arheo.ut.ee\/kogud\/loodusteaduslikud-kogud\" href=\"http:\/\/www.arheo.ut.ee\/kogud\/loodusteaduslikud-kogud\" target=\"_blank\" title=\"\" rel=\"noopener\">loodusteaduslikku kogu<\/a>. Kogusid \u00fchendab pearaamatu moodul. Andmebaasis on ka endine \u00d5petatud Eesti Seltsi (\u00d5ES) arheoloogiakogu, mis on osaliselt deponeeritud T\u00dc arheoloogiakogusse ja osaliselt asub Tallinna \u00dclikooli teaduskogus. Mitteavalik osa andmebaasist sisaldab lisaks infot arheoloogiliste aruannete (arhiivimoodul), plaanide ja fotode kohta.\u00a0\n<\/p>\n<p>\n\t<b>Vaata lisaks:\u00a0<\/b>\n<\/p>\n<p>\n\t<a data-url=\"https:\/\/www.academia.edu\/26943472\/Tartu_%C3%9Clikooli_arheoloogiakogud_minevik_ja_olevik\" href=\"https:\/\/www.academia.edu\/26943472\/Tartu_%C3%9Clikooli_arheoloogiakogud_minevik_ja_olevik\" target=\"_blank\" title=\"\" rel=\"noopener\">Tvauri, A. &amp;\u00a0Valk, H. 2012. Tartu \u00dclikooli arheoloogiakogud: minevik ja olevik. \u2212 Tartu \u00dclikooli Ajaloo K\u00fcsimusi, XXXX, 138\u2212153.<\/a>\n<\/p>\n<p>\n\t<a data-url=\"http:\/\/www.arheo.ut.ee\/kabinet\/tartu-%c3%bclikooli-arheoloogiaarhiiv\" href=\"http:\/\/www.arheo.ut.ee\/kabinet\/tartu-%c3%bclikooli-arheoloogiaarhiiv\" target=\"_blank\" title=\"\" rel=\"noopener\">\u00dclevaade Tartu \u00dclikooli arheoloogiaarhiivist<\/a>\n<\/p>\n<p>\n\t\u00a0\n<\/p>\n<p>\n\t\u00a0\n<\/p>\n<p>\n\t<span style=\"font-size:16px\"><strong><a href=\"https:\/\/talar.arheoloogia.ee\/login.php\" target=\"_blank\" title=\"\" rel=\"noopener\">Tallinna \u00dclikooli arheoloogia teaduskogu<\/a><\/strong><\/span>\n<\/p>\n<p>\n\t<em>Andmebaas on mitteavalik. Uurijad saavad kasutamiseks taotleda luba TL\u00dc arheoloogia teaduskogult <a href=\"mailto:arheoloogiakogu@tlu.ee\">(arheoloogiakogu@tlu.ee<\/a>).\u00a0<\/em>\n<\/p>\n<p>\n\tAndmebaasis on info <a data-url=\"https:\/\/arheoloogia.ee\/teaduskogu\/arheoloogiakogud\/\" href=\"https:\/\/arheoloogia.ee\/teaduskogu\/arheoloogiakogud\/\" target=\"_blank\" title=\"\" rel=\"noopener\">Tallinna \u00dclikooli arheoloogia teaduskogus <\/a>s\u00e4ilitatavate esemeleidude (leiukataloogi moodul), luukogu, arheoloogiliste aruannete (kihelkonna moodul) ning fotoarhiivi\u00a0kohta.\u00a0Kogusid \u00fchendab peakataloogi moodul.\n<\/p>\n<p>\n\t<img loading=\"lazy\" decoding=\"async\" width=\"1563\" height=\"509\" class=\"alignnone wp-image-15\" src=\"https:\/\/sisu.ut.ee\/wp-content\/uploads\/sites\/419\/tly-1.jpg\" title=\"tly-1.jpg\" alt=\"TLY\" srcset=\"https:\/\/sisu.ut.ee\/wp-content\/uploads\/sites\/419\/tly-1.jpg 1563w, https:\/\/sisu.ut.ee\/wp-content\/uploads\/sites\/419\/tly-1-300x98.jpg 300w, https:\/\/sisu.ut.ee\/wp-content\/uploads\/sites\/419\/tly-1-1024x333.jpg 1024w, https:\/\/sisu.ut.ee\/wp-content\/uploads\/sites\/419\/tly-1-768x250.jpg 768w, https:\/\/sisu.ut.ee\/wp-content\/uploads\/sites\/419\/tly-1-1536x500.jpg 1536w\" sizes=\"auto, (max-width: 1563px) 100vw, 1563px\">\n<\/p>\n<p>\n\t<b>Vaata lisaks:\u00a0<\/b>\n<\/p>\n<p>\n\t<a data-url=\"https:\/\/www.digar.ee\/arhiiv\/et\/raamatud\/14084\" href=\"https:\/\/www.digar.ee\/arhiiv\/et\/raamatud\/14084\" target=\"_blank\" title=\"\" rel=\"noopener\">L\u00f5ugas, L., Tamla, \u00dc. &amp; Ots, M. 2008. Arheoloogilised kogud ja andmebaasid.\u00a0\u2212 Eesti humanitaar- ja loodusteadusliku kogud. Seisund, kasutamine, andmebaasid. Tartu, 41\u221257.<\/a>\n<\/p>\n<p>\n\t\u00a0\n<\/p>\n<p>\n\t\u00a0\n<\/p>\n<p>\n\t<span style=\"font-size:16px\"><strong><a href=\"https:\/\/www.muis.ee\/\" target=\"_blank\" title=\"\" rel=\"noopener\">Eesti muuseumite kogud<\/a>\u00a0<\/strong><\/span>\n<\/p>\n<p>\n\tLisaks \u00fclikoolides asuvatele teaduskollektsioonidele on arheoloogilisi esemeid paljudes Eesti muuseumites. \u00dclevaate muuseumite leiukollektsioonidest\u00a0 saab\u00a0<a data-url=\"https:\/\/www.muis.ee\/\" href=\"https:\/\/www.muis.ee\/\" target=\"_blank\" title=\"\" rel=\"noopener\">Muuseumite infos\u00fcsteemist<\/a> (MUIS), mis on \u00fclesehitatud \u00fcksikleidude p\u00f5hiselt. MUISi otsingus t\u00e4histab v\u00e4li \u201cNimetus\u201d esemeliiki (nt odaots). Detailses otsingus saab arheoloogilisi leide teistest museaalidest eristada, kui\u00a0v\u00e4ljale \u201cOlemus\u201d kirjutada\u00a0arheoloogiline leid v\u00f5i\u00a0kaevamisleid.\n<\/p>\n<p>\n\t<strong><span style=\"font-size:22px\"><span style=\"color:#000080\">!<\/span><\/span><\/strong><span style=\"font-size:20px\"><span style=\"color:#000080\">\u00a0<\/span><\/span>Andmebaasi avalikult kasutatavas osas enamasti info leiukoha ja konteksti kohta puudub ning\u00a0leiukoha j\u00e4rgi ei ole v\u00f5imalik esemeid otsida. M\u00f5nel puhul on\u00a0asukohainfo sisestatud viidete v\u00f5i m\u00e4rkuste lahtrisse.\u00a0\n<\/p>\n<p>\n\t\u00a0\n<\/p>\n<p>\n\t<img loading=\"lazy\" decoding=\"async\" width=\"1190\" height=\"942\" class=\"alignnone wp-image-13\" src=\"https:\/\/sisu.ut.ee\/wp-content\/uploads\/sites\/419\/muis1.jpg\" title=\"muis1.jpg\" alt=\"Muis1\" srcset=\"https:\/\/sisu.ut.ee\/wp-content\/uploads\/sites\/419\/muis1.jpg 1190w, https:\/\/sisu.ut.ee\/wp-content\/uploads\/sites\/419\/muis1-300x237.jpg 300w, https:\/\/sisu.ut.ee\/wp-content\/uploads\/sites\/419\/muis1-1024x811.jpg 1024w, https:\/\/sisu.ut.ee\/wp-content\/uploads\/sites\/419\/muis1-768x608.jpg 768w\" sizes=\"auto, (max-width: 1190px) 100vw, 1190px\">\n<\/p>\n<p>\n\t\u00a0\n<\/p>\n<p>\n\t\u00a0\n<\/p>\n<p>\n\t<span style=\"font-size:16px\"><strong><a data-url=\"https:\/\/www.muinsuskaitseamet.ee\/et\/arhiiv\" href=\"https:\/\/www.muinsuskaitseamet.ee\/et\/arhiiv\" target=\"_blank\" title=\"\" rel=\"noopener\">Muinsuskaitseameti arhiiv<\/a><\/strong><\/span>\n<\/p>\n<p id=\"yui_3_17_2_1_1584934434216_119\">\n\tAlates 1990. aastatest asuvad k\u00f5ik arheoloogilised aruanded\u00a0Muinsuskaitseameti arhiivis, mis on riigiarhiivi osa. Riigiarhiivis on\u00a0ka osa Tartu linna kaevamisaruandeid, nende dublikaadid v\u00f5i koopiad on T\u00dc arheoloogia arhiivis. Muinsuskaitseameti arhiivis\u00e4ilikute otsimiseks kasutage <a data-url=\"https:\/\/ais.ra.ee\/\" href=\"https:\/\/ais.ra.ee\/\" target=\"_blank\" title=\"\" rel=\"noopener\">arhiivi infos\u00fcsteemi AIS,<\/a> kus detailotsingus saab asukohaks valida Muinsuskaitseameti arhiivi.\n<\/p>\n<p>\n\t<img loading=\"lazy\" decoding=\"async\" width=\"465\" height=\"741\" class=\"alignnone wp-image-14\" src=\"https:\/\/sisu.ut.ee\/wp-content\/uploads\/sites\/419\/ais1.jpg\" title=\"ais1.jpg\" alt=\"ais\" srcset=\"https:\/\/sisu.ut.ee\/wp-content\/uploads\/sites\/419\/ais1.jpg 465w, https:\/\/sisu.ut.ee\/wp-content\/uploads\/sites\/419\/ais1-188x300.jpg 188w\" sizes=\"auto, (max-width: 465px) 100vw, 465px\">\n<\/p>\n<p>\n\t\u00a0<\/p>\n","protected":false},"excerpt":{"rendered":"<p>\u00a0 Tartu \u00dclikooli arheoloogiakogud Andmebaasi avaliku osa kasutamiseks logige sisse k\u00fclalisena.\u00a0Uurijad saavad andmebaasi mitteavaliku osa kasutamiseks taotleda luba T\u00dc arheoloogia kabinetilt (riina.juurik@ut.ee).\u00a0 Andmebaas sisaldab Tartu \u00dclikooli (T\u00dc) peanumbriga esemete leiukogu, inimluude kogu, loomaluude kogu ja loodusteaduslikku kogu. Kogusid \u00fchendab pearaamatu &#8230;<\/p>\n","protected":false},"author":220,"featured_media":0,"parent":0,"menu_order":0,"comment_status":"closed","ping_status":"closed","template":"","meta":{"_acf_changed":false,"inline_featured_image":false,"footnotes":""},"class_list":["post-4","page","type-page","status-publish","hentry"],"acf":[],"_links":{"self":[{"href":"https:\/\/sisu.ut.ee\/arheoloogia-andmebaasid\/wp-json\/wp\/v2\/pages\/4","targetHints":{"allow":["GET"]}}],"collection":[{"href":"https:\/\/sisu.ut.ee\/arheoloogia-andmebaasid\/wp-json\/wp\/v2\/pages"}],"about":[{"href":"https:\/\/sisu.ut.ee\/arheoloogia-andmebaasid\/wp-json\/wp\/v2\/types\/page"}],"author":[{"embeddable":true,"href":"https:\/\/sisu.ut.ee\/arheoloogia-andmebaasid\/wp-json\/wp\/v2\/users\/220"}],"replies":[{"embeddable":true,"href":"https:\/\/sisu.ut.ee\/arheoloogia-andmebaasid\/wp-json\/wp\/v2\/comments?post=4"}],"version-history":[{"count":1,"href":"https:\/\/sisu.ut.ee\/arheoloogia-andmebaasid\/wp-json\/wp\/v2\/pages\/4\/revisions"}],"predecessor-version":[{"id":43,"href":"https:\/\/sisu.ut.ee\/arheoloogia-andmebaasid\/wp-json\/wp\/v2\/pages\/4\/revisions\/43"}],"wp:attachment":[{"href":"https:\/\/sisu.ut.ee\/arheoloogia-andmebaasid\/wp-json\/wp\/v2\/media?parent=4"}],"curies":[{"name":"wp","href":"https:\/\/api.w.org\/{rel}","templated":true}]}}