{"id":8,"date":"2026-01-06T13:15:19","date_gmt":"2026-01-06T11:15:19","guid":{"rendered":"https:\/\/sisu.ut.ee\/aprillikonverents2026\/?page_id=8"},"modified":"2026-04-10T14:29:25","modified_gmt":"2026-04-10T11:29:25","slug":"egeos-aprillikonverents-2026-toimub-10-04-2026-tartus","status":"publish","type":"page","link":"https:\/\/sisu.ut.ee\/aprillikonverents2026\/","title":{"rendered":"EGEOS Aprillikonverents 2026 toimub 10.04.2026 Tartus"},"content":{"rendered":"<figure class=\"wp-block-image size-large\"><img loading=\"lazy\" decoding=\"async\" width=\"1024\" height=\"442\" src=\"https:\/\/sisu.ut.ee\/wp-content\/uploads\/sites\/969\/Aprillikonverents-2026_Eesti-1024x442.png\" alt=\"\" class=\"wp-image-19\" srcset=\"https:\/\/sisu.ut.ee\/wp-content\/uploads\/sites\/969\/Aprillikonverents-2026_Eesti-1024x442.png 1024w, https:\/\/sisu.ut.ee\/wp-content\/uploads\/sites\/969\/Aprillikonverents-2026_Eesti-300x129.png 300w, https:\/\/sisu.ut.ee\/wp-content\/uploads\/sites\/969\/Aprillikonverents-2026_Eesti-768x331.png 768w, https:\/\/sisu.ut.ee\/wp-content\/uploads\/sites\/969\/Aprillikonverents-2026_Eesti.png 1280w\" sizes=\"auto, (max-width: 1024px) 100vw, 1024px\"><\/figure>\n\n\n\n<p>Head\u00a0geoloogid\u00a0ja\u00a0geoloogiahuvilised!\u00a0 \u00a0<\/p>\n\n\n\n<p>Meil\u00a0on\u00a0hea\u00a0meel\u00a0teada\u00a0anda, et\u00a0EGEOSe\u00a0j\u00e4rjekordne\u00a0aprillikonverents\u00a0toimub\u00a0<strong>10.\u00a0aprillil\u00a0Tartus<\/strong>\u00a0Oecologicumi\u00a0\u00f5ppehoones\u00a0(Liivi\u00a02-127). 2026.\u00a0aasta\u00a0aprillikonverentsi\u00a0teemaks\u00a0on<strong>\u00a0\u201eGeoloogiateadus\u00a0Eestis:\u00a0eile,\u00a0t\u00e4na\u00a0ja\u00a0homme\u201d<\/strong>,\u00a0keskendudes\u00a0geoloogiateaduse\u00a0t\u00e4nastele\u00a0saavutustele\u00a0ja\u00a0v\u00e4ljakutsetele.\u00a0Samuti\u00a0heidame\u00a0pilgu\u00a0m\u00f6\u00f6danikku\u00a0ja\u00a0arutame\u00a0tulevikusuundumuste\u00a0\u00fcle. Huvilistel\u00a0on\u00a0v\u00f5imalus\u00a0esineda\u00a0temaatilise\u00a0ettekandega\u00a0(suuline\u00a0v\u00f5i\u00a0posterettekanne)<\/p>\n\n\n\n<p>Registreerumine on l\u00f5ppenud.\u00a0 \u00a0<\/p>\n\n\n\n<p><font dir=\"auto\" style=\"vertical-align: inherit;\"><font dir=\"auto\" style=\"vertical-align: inherit;\">Konverentsip\u00e4eva \u00f5htul toimub koosviibimine Lodjakojas, kus esineb geoloogiab\u00e4nd\u00a0 <\/font><\/font><a href=\"https:\/\/geoloog.wordpress.com\/eterniit\/\"><font dir=\"auto\" style=\"vertical-align: inherit;\"><font dir=\"auto\" style=\"vertical-align: inherit;\">ETERNIIT<\/font><\/font><\/a>, soojendab noorteb\u00e4nd Kuumkapp.<\/p>\n\n\n\n<p><font dir=\"auto\" style=\"vertical-align: inherit;\"><font dir=\"auto\" style=\"vertical-align: inherit;\">\u00dcritus on k\u00f5igile osalejatele tasuta.<\/font><\/font><\/p>\n\n\n\n<p>EGEOSE aastakoosolekul saab osaleda <a href=\"https:\/\/teams.microsoft.com\/meet\/317290167321892?p=hkWKxCjBXJs35qF7gh\">Teamsi<\/a> vahendusel.<\/p>\n\n\n\n<p>R\u00e4\u00e4gime\u00a0geoloogiateadusest\u00a0Eestis! \u00a0<\/p>\n\n\n\n<p>Eesti\u00a0Geoloogia\u00a0Selts \u00a0<\/p>\n\n\n\n<p>Aprillikonverentsi\u00a0korralduskomitee<\/p>\n\n\n\n<div class=\"wp-block-columns is-layout-flex wp-container-core-columns-is-layout-9d6595d7 wp-block-columns-is-layout-flex\">\n<div class=\"wp-block-column is-vertically-aligned-center is-layout-flow wp-block-column-is-layout-flow\">\n<figure class=\"wp-block-image aligncenter size-large is-resized\"><img loading=\"lazy\" decoding=\"async\" width=\"1024\" height=\"815\" src=\"https:\/\/sisu.ut.ee\/wp-content\/uploads\/sites\/969\/egeos_logo-1024x815.png\" alt=\"\" class=\"wp-image-53\" style=\"aspect-ratio:1.2564570832246282;width:166px;height:auto\" srcset=\"https:\/\/sisu.ut.ee\/wp-content\/uploads\/sites\/969\/egeos_logo-1024x815.png 1024w, https:\/\/sisu.ut.ee\/wp-content\/uploads\/sites\/969\/egeos_logo-300x239.png 300w, https:\/\/sisu.ut.ee\/wp-content\/uploads\/sites\/969\/egeos_logo-768x612.png 768w, https:\/\/sisu.ut.ee\/wp-content\/uploads\/sites\/969\/egeos_logo.png 1581w\" sizes=\"auto, (max-width: 1024px) 100vw, 1024px\"><\/figure>\n<\/div>\n\n\n\n<div class=\"wp-block-column is-vertically-aligned-center is-layout-flow wp-block-column-is-layout-flow\">\n<figure class=\"wp-block-image aligncenter size-full\"><img loading=\"lazy\" decoding=\"async\" width=\"1494\" height=\"324\" src=\"https:\/\/sisu.ut.ee\/wp-content\/uploads\/sites\/969\/geoloogia-osakond_est_sinine.png\" alt=\"\" class=\"wp-image-58\" srcset=\"https:\/\/sisu.ut.ee\/wp-content\/uploads\/sites\/969\/geoloogia-osakond_est_sinine.png 1494w, https:\/\/sisu.ut.ee\/wp-content\/uploads\/sites\/969\/geoloogia-osakond_est_sinine-300x65.png 300w, https:\/\/sisu.ut.ee\/wp-content\/uploads\/sites\/969\/geoloogia-osakond_est_sinine-1024x222.png 1024w, https:\/\/sisu.ut.ee\/wp-content\/uploads\/sites\/969\/geoloogia-osakond_est_sinine-768x167.png 768w\" sizes=\"auto, (max-width: 1494px) 100vw, 1494px\"><\/figure>\n<\/div>\n\n\n\n<div class=\"wp-block-column is-vertically-aligned-center is-layout-flow wp-block-column-is-layout-flow\">\n<figure class=\"wp-block-image size-large\"><img loading=\"lazy\" decoding=\"async\" width=\"1024\" height=\"410\" src=\"https:\/\/sisu.ut.ee\/wp-content\/uploads\/sites\/969\/Geoloogiateenistus_3lovi_est_rgb-1-1024x410.jpg\" alt=\"\" class=\"wp-image-57\" srcset=\"https:\/\/sisu.ut.ee\/wp-content\/uploads\/sites\/969\/Geoloogiateenistus_3lovi_est_rgb-1-1024x410.jpg 1024w, https:\/\/sisu.ut.ee\/wp-content\/uploads\/sites\/969\/Geoloogiateenistus_3lovi_est_rgb-1-300x120.jpg 300w, https:\/\/sisu.ut.ee\/wp-content\/uploads\/sites\/969\/Geoloogiateenistus_3lovi_est_rgb-1-768x307.jpg 768w, https:\/\/sisu.ut.ee\/wp-content\/uploads\/sites\/969\/Geoloogiateenistus_3lovi_est_rgb-1.jpg 1890w\" sizes=\"auto, (max-width: 1024px) 100vw, 1024px\"><\/figure>\n<\/div>\n\n\n\n<div class=\"wp-block-column is-vertically-aligned-center is-layout-flow wp-block-column-is-layout-flow\">\n<figure class=\"wp-block-image size-full is-resized\"><img loading=\"lazy\" decoding=\"async\" width=\"945\" height=\"747\" src=\"https:\/\/sisu.ut.ee\/wp-content\/uploads\/sites\/969\/Logo_veeb_esitlus_png.png\" alt=\"\" class=\"wp-image-54\" style=\"aspect-ratio:1.265121166349248;width:158px;height:auto\" srcset=\"https:\/\/sisu.ut.ee\/wp-content\/uploads\/sites\/969\/Logo_veeb_esitlus_png.png 945w, https:\/\/sisu.ut.ee\/wp-content\/uploads\/sites\/969\/Logo_veeb_esitlus_png-300x237.png 300w, https:\/\/sisu.ut.ee\/wp-content\/uploads\/sites\/969\/Logo_veeb_esitlus_png-768x607.png 768w\" sizes=\"auto, (max-width: 945px) 100vw, 945px\"><\/figure>\n<\/div>\n<\/div>\n\n\n\n<p><\/p>\n","protected":false},"excerpt":{"rendered":"<p>Head\u00a0geoloogid\u00a0ja\u00a0geoloogiahuvilised!\u00a0 \u00a0 Meil\u00a0on\u00a0hea\u00a0meel\u00a0teada\u00a0anda, et\u00a0EGEOSe\u00a0j\u00e4rjekordne\u00a0aprillikonverents\u00a0toimub\u00a010.\u00a0aprillil\u00a0Tartus\u00a0Oecologicumi\u00a0\u00f5ppehoones\u00a0(Liivi\u00a02-127). 2026.\u00a0aasta\u00a0aprillikonverentsi\u00a0teemaks\u00a0on\u00a0\u201eGeoloogiateadus\u00a0Eestis:\u00a0eile,\u00a0t\u00e4na\u00a0ja\u00a0homme\u201d,\u00a0keskendudes\u00a0geoloogiateaduse\u00a0t\u00e4nastele\u00a0saavutustele\u00a0ja\u00a0v\u00e4ljakutsetele.\u00a0Samuti\u00a0heidame\u00a0pilgu\u00a0m\u00f6\u00f6danikku\u00a0ja\u00a0arutame\u00a0tulevikusuundumuste\u00a0\u00fcle. Huvilistel\u00a0on\u00a0v\u00f5imalus\u00a0esineda\u00a0temaatilise\u00a0ettekandega\u00a0(suuline\u00a0v\u00f5i\u00a0posterettekanne) Registreerumine on l\u00f5ppenud.\u00a0 \u00a0 Konverentsip\u00e4eva \u00f5htul toimub koosviibimine Lodjakojas, kus esineb geoloogiab\u00e4nd\u00a0 ETERNIIT, soojendab noorteb\u00e4nd Kuumkapp. \u00dcritus on k\u00f5igile osalejatele tasuta. EGEOSE aastakoosolekul saab osaleda Teamsi vahendusel. R\u00e4\u00e4gime\u00a0geoloogiateadusest\u00a0Eestis! \u00a0 Eesti\u00a0Geoloogia\u00a0Selts \u00a0 Aprillikonverentsi\u00a0korralduskomitee<\/p>\n","protected":false},"author":971,"featured_media":0,"parent":0,"menu_order":0,"comment_status":"closed","ping_status":"closed","template":"","meta":{"_acf_changed":false,"inline_featured_image":false,"footnotes":""},"class_list":["post-8","page","type-page","status-publish","hentry"],"acf":[],"_links":{"self":[{"href":"https:\/\/sisu.ut.ee\/aprillikonverents2026\/wp-json\/wp\/v2\/pages\/8","targetHints":{"allow":["GET"]}}],"collection":[{"href":"https:\/\/sisu.ut.ee\/aprillikonverents2026\/wp-json\/wp\/v2\/pages"}],"about":[{"href":"https:\/\/sisu.ut.ee\/aprillikonverents2026\/wp-json\/wp\/v2\/types\/page"}],"author":[{"embeddable":true,"href":"https:\/\/sisu.ut.ee\/aprillikonverents2026\/wp-json\/wp\/v2\/users\/971"}],"replies":[{"embeddable":true,"href":"https:\/\/sisu.ut.ee\/aprillikonverents2026\/wp-json\/wp\/v2\/comments?post=8"}],"version-history":[{"count":24,"href":"https:\/\/sisu.ut.ee\/aprillikonverents2026\/wp-json\/wp\/v2\/pages\/8\/revisions"}],"predecessor-version":[{"id":242,"href":"https:\/\/sisu.ut.ee\/aprillikonverents2026\/wp-json\/wp\/v2\/pages\/8\/revisions\/242"}],"wp:attachment":[{"href":"https:\/\/sisu.ut.ee\/aprillikonverents2026\/wp-json\/wp\/v2\/media?parent=8"}],"curies":[{"name":"wp","href":"https:\/\/api.w.org\/{rel}","templated":true}]}}