{"id":40,"date":"2026-01-27T12:01:10","date_gmt":"2026-01-27T10:01:10","guid":{"rendered":"https:\/\/sisu.ut.ee\/aprillikonverents2026\/?page_id=40"},"modified":"2026-04-02T14:27:20","modified_gmt":"2026-04-02T11:27:20","slug":"registreerimine","status":"publish","type":"page","link":"https:\/\/sisu.ut.ee\/aprillikonverents2026\/registreerimine\/","title":{"rendered":"Registreerimine"},"content":{"rendered":"<p>Konverentsile registreerumine on l\u00f5ppenud, k\u00fcsimuste korral v\u00f5tke julgelt \u00fchendust kart.luik@ut.ee v\u00f5i triinu.jairus@ut.ee<\/p>\n\n\n\n<p><\/p>\n\n\n\n<p>Osalejate nimekiri:<\/p>\n\n\n\n<hr class=\"wp-block-separator has-alpha-channel-opacity\">\n\n\n\n<figure class=\"wp-block-table\"><table class=\"table table-hover\"><tbody><tr><td>Joosep Aia \u2013 T\u00dc<\/td><\/tr><tr><td>Anon\u00fc\u00fcmne<\/td><\/tr><tr><td>Anon\u00fc\u00fcmne<\/td><\/tr><tr><td>Markus Ausmeel \u2013 T\u00dc \/ EGT<\/td><\/tr><tr><td>Annabel Eensoo \u2013 EGT\/T\u00dc<\/td><\/tr><tr><td>Estida Eensoo \u2013 University of Tartu, Department of Geology<\/td><\/tr><tr><td>Sandra Ga\u0161kov \u2013 Kliimaministeerium<\/td><\/tr><tr><td>Mart Ga\u0161kov \u2013 Reaalprojekt O\u00dc<\/td><\/tr><tr><td>Arina Gotsenko \u2013 Taltech\u00a0<\/td><\/tr><tr><td>Sigrid Hade \u2013 EGT<\/td><\/tr><tr><td>Kai Helm \u2013 SA KIK<\/td><\/tr><tr><td>Rutt Hints \u2013 Tallinna Tehnika\u00fclikooli geoloogia instituut<\/td><\/tr><tr><td>Marlen Hunt \u2013 EGT<\/td><\/tr><tr><td>Mare Isakar \u2013 Tartu \u00dclikool, loodusmuuseum<\/td><\/tr><tr><td>Triinu Jairus \u2013 Tartu \u00dclikool<\/td><\/tr><tr><td>Astrid J\u00f5erand \u2013 Tartu \u00dclikool\/ G\u00dcS<\/td><\/tr><tr><td>Trinity J\u00f5gisalu \u2013 TalTech<\/td><\/tr><tr><td>Lauri Joosu \u2013 Eesti Geoloogiateenistus<\/td><\/tr><tr><td>Ene J\u00fcrjens \u2013 Kliimaministeerium<\/td><\/tr><tr><td>Tiit Kaasik \u2013 EGT<\/td><\/tr><tr><td>Christopher\u00a0 Kalev \u2013 Reaalprojekt\u00a0<\/td><\/tr><tr><td>Katrin Kaljul\u00e4te<\/td><\/tr><tr><td>Katrin\u00a0 Kalla\u00a0 \u2013 Eesti Geoloogiateenistus<\/td><\/tr><tr><td>Enn Karro \u2013 Tartu \u00dclikool<\/td><\/tr><tr><td>Kaidi Karro<\/td><\/tr><tr><td>Juho Kirs \u2013 T\u00dc \u00d6MI geoloogia osakond<\/td><\/tr><tr><td>Kelly Kittus \u2013 T\u00dc<\/td><\/tr><tr><td>Eelika Kivi \u2013 T\u00dc<\/td><\/tr><tr><td>Anon\u00fc\u00fcmne<\/td><\/tr><tr><td>Margaret Iris Kreutzberg \u2013 Tartu \u00dclikool<\/td><\/tr><tr><td>Annamaria Krull \u2013 Maves O\u00dc<\/td><\/tr><tr><td>Meribel Kruusement \u2013 Tartu \u00dclikool<\/td><\/tr><tr><td>Marian K\u00fclaviir<\/td><\/tr><tr><td>Katrin Kuslap \u2013 Reaalprojekt O\u00dc<\/td><\/tr><tr><td>Carmel Kuusk \u2013 T\u00dc\/EGT<\/td><\/tr><tr><td>Elina Kuusma \u2013 T\u00dc\/EGT<\/td><\/tr><tr><td>Kertu Laansalu \u2013 Tartu \u00dclikool<\/td><\/tr><tr><td>Liisa Lang \u2013 UT<\/td><\/tr><tr><td>Katrin Lasberg \u2013 Maa- ja Ruumiamet<\/td><\/tr><tr><td>Liina Laumets \u2013 T\u00dc<\/td><\/tr><tr><td>Kristjan Leben \u2013 Eesti Geoloogiateenistus<\/td><\/tr><tr><td>Anon\u00fc\u00fcmne<\/td><\/tr><tr><td>Sirle Liivam\u00e4gi \u2013 Eesti Geoloogiateenistus<\/td><\/tr><tr><td>K\u00e4rt\u00a0 Luik \u2013 T\u00dc<\/td><\/tr><tr><td>Kaarel Lumiste \u2013 Tartu \u00dclikool<\/td><\/tr><tr><td>Lennart Maala \u2013 Eesti Geoloogiateenistus<\/td><\/tr><tr><td>Tanel M\u00e4ger \u2013 Kobras O\u00dc<\/td><\/tr><tr><td>Laura Maisv\u00e4li \u2013 Tartu \u00dclikool<\/td><\/tr><tr><td>Kaarel M\u00e4nd \u2013 Steiger \/ T\u00dc<\/td><\/tr><tr><td>Magdaleena M\u00e4nnik \u2013 EGT\/T\u00dc<\/td><\/tr><tr><td>Andres Marandi \u2013 EGT<\/td><\/tr><tr><td>Viirika\u00a0 Mastik<\/td><\/tr><tr><td>Katriina Metstak<\/td><\/tr><tr><td>Eriina Morgen \u2013 EGT<\/td><\/tr><tr><td>J\u00fcri Mullo<\/td><\/tr><tr><td>Anon\u00fc\u00fcmne<\/td><\/tr><tr><td>Maarja Oja<\/td><\/tr><tr><td>Johanna Maria Ojap \u2013 Tartu \u00dclikool<\/td><\/tr><tr><td>Liina Ordlik \u2013 Kliimaministeerium<\/td><\/tr><tr><td>Mall Orru \u2013 Tallinna Tehnika\u00fclikool<\/td><\/tr><tr><td>Madis Osjamets \u2013 EGT<\/td><\/tr><tr><td>Raul Paat \u2013 Tartu \u00dclikool<\/td><\/tr><tr><td>Peeter Paaver \u2013 Tartu \u00fclikool<\/td><\/tr><tr><td>K\u00e4rt Paiste \u2013 Tartu \u00dclikool<\/td><\/tr><tr><td>Reesi Paju \u2013 T\u00dc<\/td><\/tr><tr><td>T\u00f5nu Pani \u2013 Tartu \u00dclikool, Loodusmuuseum ja botaanikaaed<\/td><\/tr><tr><td>Karel Pettai \u2013 O\u00dc Insenerib\u00fcroo STEIGER<\/td><\/tr><tr><td>Richard Pihel \u2013 Tartu \u00dclikool<\/td><\/tr><tr><td>Helle Pohl-Raidla \u2013 geoloogia instituut<\/td><\/tr><tr><td>Kairi P\u00f5ldsaar \u2013 T\u00dc \/ EGT<\/td><\/tr><tr><td>Ain P\u00f5ldvere \u2013 Maavarauuringud O\u00dc<\/td><\/tr><tr><td>Anon\u00fc\u00fcmne<\/td><\/tr><tr><td>Eduard Pukkonen \u2013 TalTech<\/td><\/tr><tr><td>Margus Raha \u2013 Kliimaministeerium<\/td><\/tr><tr><td>Tiit Rahe \u2013 Eesti Geoloogiateenistus<\/td><\/tr><tr><td>Georg Rahu \u2013 T\u00dc<\/td><\/tr><tr><td>Valle Raidla \u2013 EGT<\/td><\/tr><tr><td>Triinu Relvik \u2013 Eesti Geoloogiateenistus<\/td><\/tr><tr><td>Alar Rosentau \u2013 Tartu \u00fclikool<\/td><\/tr><tr><td>Madli Ruuto \u2013 Taltech<\/td><\/tr><tr><td>Grete Sabine Sarap \u2013 IPT Projektijuhtimine O\u00dc<\/td><\/tr><tr><td>Sandra Sereda \u2013 G\u00dcS<\/td><\/tr><tr><td>Terje Sild \u2013 Maa- ja Ruumiamet<\/td><\/tr><tr><td>Alvar Soesoo<\/td><\/tr><tr><td>Kadri Sohar<\/td><\/tr><tr><td>Peeter Somelar \u2013 Tartu \u00dclikool<\/td><\/tr><tr><td>Heidi Soosalu \u2013 Eesti Geoloogiateenistus<\/td><\/tr><tr><td>Carina Sula \u2013 TalTech<\/td><\/tr><tr><td>Anon\u00fc\u00fcmne<\/td><\/tr><tr><td>Sten Suuroja \u2013 EGT<\/td><\/tr><tr><td>Krista T\u00e4ht-Kok<\/td><\/tr><tr><td>Annette Talpsep \u2013 IPT Projektijuhtimine O\u00dc\/Tartu \u00dclikool<\/td><\/tr><tr><td>Janne Tamm \u2013 EGT<\/td><\/tr><tr><td>Ethel Tamm \u2013 Eesti Geoloogiateenistus<\/td><\/tr><tr><td>Indrek Tamm \u2013 Eesti Keskkonnauuringute Keskus<\/td><\/tr><tr><td>Anete\u00a0 Tamm<\/td><\/tr><tr><td>Siim Tarros \u2013 EGT \/ UT<\/td><\/tr><tr><td>Alan Tkaczyk \u2013 Tartu \u00dclikool<\/td><\/tr><tr><td>Ursula Toom \u2013 TalTech geoloogia instituut<\/td><\/tr><tr><td>Rauno Torp \u2013 Eesti Geoloogiateenistus<\/td><\/tr><tr><td>Marko Troon \u2013 Maa-ja Ruumiamet<\/td><\/tr><tr><td>Merle Truu \u2013 EGT<\/td><\/tr><tr><td>Kersti T\u00fcrk \u2013 Kliimaministeerium<\/td><\/tr><tr><td>Lizet T\u00fcvi \u2013 Steiger\/T\u00dc<\/td><\/tr><tr><td>Aileen Umal \u2013 Eesti Geoloogiateenistus<\/td><\/tr><tr><td>Rein Vaikm\u00e4e \u2013 TT\u00dc geoloogia instituut<\/td><\/tr><tr><td>Katarina V\u00e4ljako \u2013 T\u00dc<\/td><\/tr><tr><td>Anu Veski \u2013 EGT<\/td><\/tr><tr><td>Johannes Vind \u2013 EGT<\/td><\/tr><tr><td>Epp Zirk \u2013 Hendrikson&amp;Ko O\u00dc<\/td><\/tr><\/tbody><\/table><\/figure>\n","protected":false},"excerpt":{"rendered":"<p>Konverentsile registreerumine on l\u00f5ppenud, k\u00fcsimuste korral v\u00f5tke julgelt \u00fchendust kart.luik@ut.ee v\u00f5i triinu.jairus@ut.ee Osalejate nimekiri: Joosep Aia \u2013 T\u00dc Anon\u00fc\u00fcmne Anon\u00fc\u00fcmne Markus Ausmeel \u2013 T\u00dc \/ EGT Annabel Eensoo \u2013 EGT\/T\u00dc Estida Eensoo \u2013 University of Tartu, Department of Geology Sandra &#8230;<\/p>\n","protected":false},"author":971,"featured_media":0,"parent":0,"menu_order":0,"comment_status":"closed","ping_status":"closed","template":"","meta":{"_acf_changed":false,"inline_featured_image":false,"footnotes":""},"class_list":["post-40","page","type-page","status-publish","hentry"],"acf":[],"_links":{"self":[{"href":"https:\/\/sisu.ut.ee\/aprillikonverents2026\/wp-json\/wp\/v2\/pages\/40","targetHints":{"allow":["GET"]}}],"collection":[{"href":"https:\/\/sisu.ut.ee\/aprillikonverents2026\/wp-json\/wp\/v2\/pages"}],"about":[{"href":"https:\/\/sisu.ut.ee\/aprillikonverents2026\/wp-json\/wp\/v2\/types\/page"}],"author":[{"embeddable":true,"href":"https:\/\/sisu.ut.ee\/aprillikonverents2026\/wp-json\/wp\/v2\/users\/971"}],"replies":[{"embeddable":true,"href":"https:\/\/sisu.ut.ee\/aprillikonverents2026\/wp-json\/wp\/v2\/comments?post=40"}],"version-history":[{"count":21,"href":"https:\/\/sisu.ut.ee\/aprillikonverents2026\/wp-json\/wp\/v2\/pages\/40\/revisions"}],"predecessor-version":[{"id":148,"href":"https:\/\/sisu.ut.ee\/aprillikonverents2026\/wp-json\/wp\/v2\/pages\/40\/revisions\/148"}],"wp:attachment":[{"href":"https:\/\/sisu.ut.ee\/aprillikonverents2026\/wp-json\/wp\/v2\/media?parent=40"}],"curies":[{"name":"wp","href":"https:\/\/api.w.org\/{rel}","templated":true}]}}