{"id":6,"date":"2024-04-04T08:27:46","date_gmt":"2024-04-04T05:27:46","guid":{"rendered":"https:\/\/sisu.ut.ee\/aprillikonverents\/avaleht\/"},"modified":"2024-04-30T09:10:30","modified_gmt":"2024-04-30T06:10:30","slug":"avaleht","status":"publish","type":"page","link":"https:\/\/sisu.ut.ee\/aprillikonverents\/","title":{"rendered":"Avaleht"},"content":{"rendered":"<h2 style=\"text-align: left;\"><span style=\"font-family: Arial,Helvetica,sans-serif;\"><span style=\"font-size: 20px;\"><img loading=\"lazy\" decoding=\"async\" class=\" wp-image-31 alignright\" src=\"https:\/\/sisu.ut.ee\/wp-content\/uploads\/sites\/611\/ak_vasar_ringkiri.png\" alt=\"AK logo vasar ringkiri\" width=\"298\" height=\"286\" srcset=\"https:\/\/sisu.ut.ee\/wp-content\/uploads\/sites\/611\/ak_vasar_ringkiri.png 833w, https:\/\/sisu.ut.ee\/wp-content\/uploads\/sites\/611\/ak_vasar_ringkiri-300x288.png 300w, https:\/\/sisu.ut.ee\/wp-content\/uploads\/sites\/611\/ak_vasar_ringkiri-768x737.png 768w\" sizes=\"auto, (max-width: 298px) 100vw, 298px\">Reedel, 14. aprillil Tartus Omicumi saalis (Riia 23b)<\/span><\/span><\/h2>\n<p><span style=\"font-size: 48px;\">EESTI GEOLOOGIDE\u00a0APRILLIKONVERENTS: <\/span><\/p>\n<p><span style=\"font-size: 48px;\">KUHU R\u00c4NDAB EESTI GEOLOOGIA?<\/span><\/p>\n<p><span style=\"font-size: 20px;\">Korraldaja: Eesti Geoloogia Selts koos Tartu \u00dclikooli, Tallinna Tehnika\u00fclikooli ja Eesti Geoloogiateenistusega<\/span><\/p>\n<p><span style=\"font-size: 16px;\">Geoloogide p\u00e4evaga seonduv aprillikonverents oli Eesti geoloogide kogukonna pika-ajaliseks traditsiooniks, mis toimus edukalt uuesti 14. aprillil 2023 aastal.\u00a0Tegemist on teaduskonverentsiga, kus r\u00e4\u00e4gitakse uutest suundadest ja tulevikust, kuid r\u00f5hutatakse ka geoloogiap\u00e4randi hoidmise ja arendamise vajadust. 2024. aasta aprillikonverentsi\u00a0korraldamise teatepulk anti \u00fcle TalTechile.<\/span><\/p>\n<p><span style=\"font-size: 16px;\">Kohtumiseni juba 2024. aastal Tallinnas.<br>\n<\/span><span style=\"font-size: 16px;\">Erik Puura, Eesti Geoloogia Seltsi juhatuse esimees<\/span><\/p>\n<p>LOE \u00dcRITUSE J\u00c4RELKAJASID EGEOS\u2019E FB LEHELT:<\/p>\n<p class=\"p1\"><div class=\"video-placeholder-wrapper video-placeholder-wrapper--fixed\" style=\"height: 600px;\">\n\t\t\t    <div class=\"video-placeholder d-flex justify-content-center align-items-center\">\n\t\t\t        <div class=\"overlay text-white p-2 w-100 text-center d-block justify-content-center align-items-center\">\n\t\t\t            <div>Kolmandate osapoolte sisu n\u00e4gemiseks palun n\u00f5ustu k\u00fcpsistega.<\/div>\n\t\t\t            <button class=\"btn btn-secondary btn-sm mt-1 consent-change\">Muuda n\u00f5usolekut<\/button>\n\t\t\t        <\/div>\n\t\t\t    <\/div>\n\t\t\t<\/div>\n<\/p>\n<hr>\n<p><strong>\u00dcRITUSE KORRALDAJAD<\/strong> <em>(kl\u00f5psamine logol\u00a0viib asutuse kodulehele)<\/em>:<\/p>\n<p><a title=\"\" href=\"https:\/\/www.egeos.ee\/\" target=\"_blank\" rel=\"noopener\" data-url=\"https:\/\/www.egeos.ee\/\"><img loading=\"lazy\" decoding=\"async\" class=\"alignnone wp-image-20\" title=\"egeos_logo.png\" src=\"https:\/\/sisu.ut.ee\/wp-content\/uploads\/sites\/611\/egeos_logo.png\" alt=\"EGEOS_logo\" width=\"166\" height=\"132\" srcset=\"https:\/\/sisu.ut.ee\/wp-content\/uploads\/sites\/611\/egeos_logo.png 1581w, https:\/\/sisu.ut.ee\/wp-content\/uploads\/sites\/611\/egeos_logo-300x239.png 300w, https:\/\/sisu.ut.ee\/wp-content\/uploads\/sites\/611\/egeos_logo-1024x815.png 1024w, https:\/\/sisu.ut.ee\/wp-content\/uploads\/sites\/611\/egeos_logo-768x612.png 768w, https:\/\/sisu.ut.ee\/wp-content\/uploads\/sites\/611\/egeos_logo-1536x1223.png 1536w\" sizes=\"auto, (max-width: 166px) 100vw, 166px\"><\/a> <a href=\"https:\/\/ut.ee\" target=\"_blank\" rel=\"noopener\"><img loading=\"lazy\" decoding=\"async\" class=\"alignnone size-full wp-image-129\" src=\"https:\/\/sisu.ut.ee\/wp-content\/uploads\/sites\/611\/tartu_ylikool-logo-250px.png\" alt=\"\" width=\"250\" height=\"60\"><\/a>. <a title=\"\" href=\"https:\/\/egt.ee\/\" target=\"_blank\" rel=\"noopener\" data-url=\"https:\/\/egt.ee\/\"><img loading=\"lazy\" decoding=\"async\" class=\"alignnone wp-image-21\" title=\"geoloogiateenistus_3lovi_est_rgb.jpg\" src=\"https:\/\/sisu.ut.ee\/wp-content\/uploads\/sites\/611\/geoloogiateenistus_3lovi_est_rgb.jpg\" alt=\"EGT logo\" width=\"347\" height=\"139\" srcset=\"https:\/\/sisu.ut.ee\/wp-content\/uploads\/sites\/611\/geoloogiateenistus_3lovi_est_rgb.jpg 1890w, https:\/\/sisu.ut.ee\/wp-content\/uploads\/sites\/611\/geoloogiateenistus_3lovi_est_rgb-300x120.jpg 300w, https:\/\/sisu.ut.ee\/wp-content\/uploads\/sites\/611\/geoloogiateenistus_3lovi_est_rgb-1024x410.jpg 1024w, https:\/\/sisu.ut.ee\/wp-content\/uploads\/sites\/611\/geoloogiateenistus_3lovi_est_rgb-768x307.jpg 768w, https:\/\/sisu.ut.ee\/wp-content\/uploads\/sites\/611\/geoloogiateenistus_3lovi_est_rgb-1536x614.jpg 1536w\" sizes=\"auto, (max-width: 347px) 100vw, 347px\"> <\/a><a href=\"https:\/\/geoloogia.ut.ee\/et\/geoloogia-osakond-0\" target=\"_blank\" rel=\"noopener\"><img loading=\"lazy\" decoding=\"async\" class=\"alignnone wp-image-18\" title=\"geoloogia_osakond_est_sinine.png\" src=\"https:\/\/sisu.ut.ee\/wp-content\/uploads\/sites\/611\/geoloogia_osakond_est_sinine.png\" alt=\"Geoloogia osakon_logo\" width=\"281\" height=\"61\" srcset=\"https:\/\/sisu.ut.ee\/wp-content\/uploads\/sites\/611\/geoloogia_osakond_est_sinine.png 1494w, https:\/\/sisu.ut.ee\/wp-content\/uploads\/sites\/611\/geoloogia_osakond_est_sinine-300x65.png 300w, https:\/\/sisu.ut.ee\/wp-content\/uploads\/sites\/611\/geoloogia_osakond_est_sinine-1024x222.png 1024w, https:\/\/sisu.ut.ee\/wp-content\/uploads\/sites\/611\/geoloogia_osakond_est_sinine-768x167.png 768w\" sizes=\"auto, (max-width: 281px) 100vw, 281px\"><\/a><a title=\"\" href=\"https:\/\/taltech.ee\/geoloogia-instituut\" target=\"_blank\" rel=\"noopener\" data-url=\"https:\/\/taltech.ee\/geoloogia-instituut\"><img loading=\"lazy\" decoding=\"async\" class=\"alignnone wp-image-19\" title=\"logo_veeb_esitlus_png.png\" src=\"https:\/\/sisu.ut.ee\/wp-content\/uploads\/sites\/611\/logo_veeb_esitlus_png.png\" alt=\"TalTech_logo\" width=\"188\" height=\"149\" srcset=\"https:\/\/sisu.ut.ee\/wp-content\/uploads\/sites\/611\/logo_veeb_esitlus_png.png 945w, https:\/\/sisu.ut.ee\/wp-content\/uploads\/sites\/611\/logo_veeb_esitlus_png-300x237.png 300w, https:\/\/sisu.ut.ee\/wp-content\/uploads\/sites\/611\/logo_veeb_esitlus_png-768x607.png 768w\" sizes=\"auto, (max-width: 188px) 100vw, 188px\"><\/a><\/p>\n","protected":false},"excerpt":{"rendered":"<p>Reedel, 14. aprillil Tartus Omicumi saalis (Riia 23b) EESTI GEOLOOGIDE\u00a0APRILLIKONVERENTS: KUHU R\u00c4NDAB EESTI GEOLOOGIA? Korraldaja: Eesti Geoloogia Selts koos Tartu \u00dclikooli, Tallinna Tehnika\u00fclikooli ja Eesti Geoloogiateenistusega Geoloogide p\u00e4evaga seonduv aprillikonverents oli Eesti geoloogide kogukonna pika-ajaliseks traditsiooniks, mis toimus edukalt uuesti &#8230;<\/p>\n","protected":false},"author":219,"featured_media":0,"parent":0,"menu_order":0,"comment_status":"closed","ping_status":"closed","template":"","meta":{"_acf_changed":false,"inline_featured_image":false,"footnotes":""},"class_list":["post-6","page","type-page","status-publish","hentry"],"acf":[],"_links":{"self":[{"href":"https:\/\/sisu.ut.ee\/aprillikonverents\/wp-json\/wp\/v2\/pages\/6","targetHints":{"allow":["GET"]}}],"collection":[{"href":"https:\/\/sisu.ut.ee\/aprillikonverents\/wp-json\/wp\/v2\/pages"}],"about":[{"href":"https:\/\/sisu.ut.ee\/aprillikonverents\/wp-json\/wp\/v2\/types\/page"}],"author":[{"embeddable":true,"href":"https:\/\/sisu.ut.ee\/aprillikonverents\/wp-json\/wp\/v2\/users\/219"}],"replies":[{"embeddable":true,"href":"https:\/\/sisu.ut.ee\/aprillikonverents\/wp-json\/wp\/v2\/comments?post=6"}],"version-history":[{"count":6,"href":"https:\/\/sisu.ut.ee\/aprillikonverents\/wp-json\/wp\/v2\/pages\/6\/revisions"}],"predecessor-version":[{"id":140,"href":"https:\/\/sisu.ut.ee\/aprillikonverents\/wp-json\/wp\/v2\/pages\/6\/revisions\/140"}],"wp:attachment":[{"href":"https:\/\/sisu.ut.ee\/aprillikonverents\/wp-json\/wp\/v2\/media?parent=6"}],"curies":[{"name":"wp","href":"https:\/\/api.w.org\/{rel}","templated":true}]}}