{"id":5,"date":"2024-04-04T08:27:45","date_gmt":"2024-04-04T05:27:45","guid":{"rendered":"https:\/\/sisu.ut.ee\/aprillikonverents\/programm\/"},"modified":"2024-04-30T08:57:57","modified_gmt":"2024-04-30T05:57:57","slug":"programm","status":"publish","type":"page","link":"https:\/\/sisu.ut.ee\/aprillikonverents\/programm\/","title":{"rendered":"Programm"},"content":{"rendered":"<table class=\"table table-hover\" style=\"border-collapse: collapse; border: undefined;\">\n<tbody>\n<tr>\n<td style=\"width: 80px;\">\n<p style=\"padding: 0cm5.4pt0cm5.4pt; margin: 0cm 0cm 7.5pt 0cm;\"><em><span style=\"color: #565656;\">7.15<\/span><\/em><\/p>\n<\/td>\n<td style=\"width: 95%;\" colspan=\"2\" width=\"50%\">\n<p style=\"padding: 0cm5.4pt0cm5.4pt; margin: 0cm 0cm 7.5pt 0cm;\"><em><span style=\"color: #565656;\">V\u00e4ljas\u00f5it Tallinnast (tellitud buss)<\/span><\/em><\/p>\n<\/td>\n<\/tr>\n<tr>\n<td style=\"width: 49.4pt;\" width=\"66\">\n<p style=\"padding: 0cm5.4pt0cm5.4pt; margin: 0cm 0cm 7.5pt 0cm;\"><em><span style=\"color: #565656;\">9.30 <\/span><\/em><\/p>\n<\/td>\n<td style=\"width: 418.1pt;\" colspan=\"2\" width=\"557\">\n<p style=\"padding: 0cm5.4pt0cm5.4pt; margin: 0cm 0cm 7.5pt 0cm;\"><em><span style=\"color: #565656;\">Saabumine, kohv<\/span><\/em><\/p>\n<\/td>\n<\/tr>\n<tr>\n<td style=\"width: 49.4pt;\" width=\"66\">\n<p style=\"padding: 0cm5.4pt0cm5.4pt; margin: 0cm 0cm 7.5pt 0cm;\"><span style=\"color: #565656;\">10.00<\/span><\/p>\n<\/td>\n<td style=\"width: 240.95pt;\" width=\"321\">\n<p style=\"padding: 0cm5.4pt0cm5.4pt; margin: 0cm 0cm 7.5pt 0cm;\"><span style=\"color: #565656;\">Tervituss\u00f5nad, avaettekanne: geoloogia areng maailmas, Euroopas ja Eestis<\/span><\/p>\n<\/td>\n<td style=\"width: 177.15pt;\" width=\"236\">\n<p style=\"margin: 0cm; margin-bottom: .0001pt; padding: 0cm5.4pt0cm5.4pt;\"><em><span style=\"color: #565656;\">Erik Puura, <\/span><\/em><\/p>\n<p style=\"margin: 0cm; margin-bottom: .0001pt; padding: 0cm5.4pt0cm5.4pt;\"><em><span style=\"color: #565656;\">Eesti Geoloogia Selts<\/span><\/em><\/p>\n<\/td>\n<\/tr>\n<tr>\n<td style=\"width: 467.5pt;\" colspan=\"3\" width=\"623\">\n<p style=\"text-align: center; padding: 0cm5.4pt0cm5.4pt; margin: 12.0pt 0cm 12.0pt 0cm;\" align=\"center\"><strong><span style=\"color: #565656;\">I L\u00e4\u00e4nemere geoloogia<\/span><\/strong><\/p>\n<\/td>\n<\/tr>\n<tr>\n<td style=\"width: 49.4pt;\" width=\"66\">\n<p style=\"margin: 0cm; margin-bottom: .0001pt; padding: 0cm5.4pt0cm5.4pt;\"><span style=\"color: #565656;\">10.30<\/span><\/p>\n<\/td>\n<td style=\"width: 240.95pt;\" width=\"321\">\n<p style=\"margin: 0cm; margin-bottom: .0001pt; padding: 0cm5.4pt0cm5.4pt;\"><span style=\"background: white;\"><span style=\"color: #565656;\">Raua- ja mangaanikonkretsioonid L\u00e4\u00e4nemeres<\/span><\/span><\/p>\n<\/td>\n<td style=\"width: 177.15pt;\" width=\"236\">\n<p style=\"margin: 0cm; margin-bottom: .0001pt; padding: 0cm5.4pt0cm5.4pt;\"><span style=\"color: #565656;\">Aivo Lepland,<\/span><\/p>\n<p style=\"margin: 0cm; margin-bottom: .0001pt; padding: 0cm5.4pt0cm5.4pt;\"><em><span style=\"color: #565656;\">Norra Geoloogiateenistus<\/span><\/em><\/p>\n<\/td>\n<\/tr>\n<tr>\n<td style=\"width: 49.4pt;\" width=\"66\">\n<p style=\"margin: 0cm; margin-bottom: .0001pt; padding: 0cm5.4pt0cm5.4pt;\"><span style=\"color: #565656;\">10.50<\/span><\/p>\n<\/td>\n<td style=\"width: 240.95pt;\" width=\"321\">\n<p style=\"margin: 0cm; margin-bottom: .0001pt; padding: 0cm5.4pt0cm5.4pt;\"><span style=\"background: white;\"><span style=\"color: #565656;\">Fosfor L\u00e4\u00e4nemere merep\u00f5hjasetetes<\/span><\/span><\/p>\n<\/td>\n<td style=\"width: 177.15pt;\" width=\"236\">\n<p style=\"margin: 0cm; margin-bottom: .0001pt; padding: 0cm5.4pt0cm5.4pt;\"><span style=\"color: #565656;\">Markus Ausmeel,<\/span><\/p>\n<p style=\"margin: 0cm; margin-bottom: .0001pt; padding: 0cm5.4pt0cm5.4pt;\"><span style=\"color: #565656;\">Tartu \u00dclikool \/ Eesti Geoloogiateenistus<\/span><\/p>\n<\/td>\n<\/tr>\n<tr>\n<td style=\"width: 49.4pt;\" width=\"66\">\n<p style=\"margin: 0cm; margin-bottom: .0001pt; padding: 0cm5.4pt0cm5.4pt;\"><span style=\"color: #565656;\">11.10<\/span><\/p>\n<\/td>\n<td style=\"width: 240.95pt;\" width=\"321\">\n<p style=\"margin: 0cm; margin-bottom: .0001pt; padding: 0cm5.4pt0cm5.4pt;\"><span style=\"background: white;\"><span style=\"color: #565656;\">Meretuulepargid Eesti rannikumeres \u2013 geoloogiline kontekst<\/span><\/span><\/p>\n<\/td>\n<td style=\"width: 177.15pt;\" width=\"236\">\n<p style=\"margin: 0cm; margin-bottom: .0001pt; padding: 0cm5.4pt0cm5.4pt;\"><span style=\"color: #565656;\">Sten Suuroja,<\/span><\/p>\n<p style=\"margin: 0cm; margin-bottom: .0001pt; padding: 0cm5.4pt0cm5.4pt;\"><span style=\"color: #565656;\">Eesti Geoloogiateenistus<\/span><\/p>\n<\/td>\n<\/tr>\n<tr>\n<td style=\"width: 49.4pt;\" width=\"66\">\n<p style=\"margin: 0cm; margin-bottom: .0001pt; padding: 0cm5.4pt0cm5.4pt;\"><span style=\"color: #565656;\">11.30<\/span><\/p>\n<\/td>\n<td style=\"width: 240.95pt;\" width=\"321\">\n<p style=\"margin: 0cm; margin-bottom: .0001pt; padding: 0cm5.4pt0cm5.4pt;\"><span style=\"background: white;\"><span style=\"color: #565656;\">Murtood \u2013 uued pinnavormid Eesti merep\u00f5hjas<\/span><\/span><\/p>\n<\/td>\n<td style=\"width: 177.15pt;\" width=\"236\">\n<p style=\"margin: 0cm; margin-bottom: .0001pt; padding: 0cm5.4pt0cm5.4pt;\"><span style=\"color: #565656;\">Vladimir Karpin, <\/span><\/p>\n<p style=\"margin: 0cm; margin-bottom: .0001pt; padding: 0cm5.4pt0cm5.4pt;\"><span style=\"color: #565656;\">TalTech<\/span><\/p>\n<\/td>\n<\/tr>\n<tr>\n<td style=\"width: 49.4pt;\" width=\"66\">\n<p style=\"margin: 0cm; margin-bottom: .0001pt; padding: 0cm5.4pt0cm5.4pt;\"><span style=\"color: #565656;\">11.50<\/span><\/p>\n<\/td>\n<td style=\"width: 418.1pt;\" colspan=\"2\" width=\"557\">\n<p style=\"margin: 0cm; margin-bottom: .0001pt; padding: 0cm5.4pt0cm5.4pt;\"><span style=\"color: #565656;\">Kokkuv\u00f5te meregeoloogiast<\/span><\/p>\n<\/td>\n<\/tr>\n<tr>\n<td style=\"width: 49.4pt;\" width=\"66\">\n<p style=\"margin: 0cm; margin-bottom: .0001pt; padding: 0cm5.4pt0cm5.4pt;\"><em><span style=\"color: #565656;\">12.00<\/span><\/em><\/p>\n<\/td>\n<td style=\"width: 418.1pt;\" colspan=\"2\" width=\"557\">\n<p style=\"margin: 0cm; margin-bottom: .0001pt; padding: 0cm5.4pt0cm5.4pt;\"><em><span style=\"color: #565656;\">L\u00f5unapaus korraldajate poolt Omicumi fuajees, posterettekannete sessioon<\/span><\/em><\/p>\n<\/td>\n<\/tr>\n<tr>\n<td style=\"width: 467.5pt;\" colspan=\"3\" width=\"623\">\n<p style=\"text-align: center; padding: 0cm5.4pt0cm5.4pt; margin: 12.0pt 0cm 12.0pt 0cm;\" align=\"center\"><strong><span style=\"color: #565656;\">II Eesti maap\u00f5ueressursid ja s\u00e4\u00e4stlik kaevandamine<\/span><\/strong><\/p>\n<\/td>\n<\/tr>\n<tr>\n<td style=\"width: 49.4pt;\" width=\"66\">\n<p style=\"margin: 0cm; margin-bottom: .0001pt; padding: 0cm5.4pt0cm5.4pt;\"><span style=\"color: #565656;\">13.00<\/span><\/p>\n<\/td>\n<td style=\"width: 240.95pt;\" width=\"321\">\n<p style=\"margin: 0cm; margin-bottom: .0001pt; padding: 0cm5.4pt0cm5.4pt;\"><span style=\"background: white;\"><span style=\"color: #565656;\">Kui j\u00e4tkusuutlik on Eesti h\u00fcdrogeoloogiline bilanss?<\/span><\/span><\/p>\n<\/td>\n<td style=\"width: 177.15pt;\" width=\"236\">\n<p style=\"margin: 0cm; margin-bottom: .0001pt; padding: 0cm5.4pt0cm5.4pt;\"><span style=\"color: #565656;\">Andres Marandi, <\/span><\/p>\n<p style=\"margin: 0cm; margin-bottom: .0001pt; padding: 0cm5.4pt0cm5.4pt;\"><span style=\"color: #565656;\">Eesti Geoloogiateenistus<\/span><\/p>\n<\/td>\n<\/tr>\n<tr>\n<td style=\"width: 49.4pt;\" width=\"66\">\n<p style=\"margin: 0cm; margin-bottom: .0001pt; padding: 0cm5.4pt0cm5.4pt;\"><span style=\"color: #565656;\">13.20<\/span><\/p>\n<\/td>\n<td style=\"width: 240.95pt;\" width=\"321\">\n<p style=\"margin: 0cm; margin-bottom: .0001pt; padding: 0cm5.4pt0cm5.4pt;\"><span style=\"background: white;\"><span style=\"color: #565656;\">Geotermaalenergia senine kasutamine Eestis<\/span><\/span><\/p>\n<\/td>\n<td style=\"width: 177.15pt;\" width=\"236\">\n<p style=\"margin: 0cm; margin-bottom: .0001pt; padding: 0cm5.4pt0cm5.4pt;\"><span style=\"color: #565656;\">Argo J\u00f5eleht, <\/span><\/p>\n<p style=\"margin: 0cm; margin-bottom: .0001pt; padding: 0cm5.4pt0cm5.4pt;\"><span style=\"color: #565656;\">Tartu \u00dclikool<\/span><\/p>\n<\/td>\n<\/tr>\n<tr>\n<td style=\"width: 49.4pt;\" width=\"66\">\n<p style=\"margin: 0cm; margin-bottom: .0001pt; padding: 0cm5.4pt0cm5.4pt;\"><span style=\"color: #565656;\">13.40<\/span><\/p>\n<\/td>\n<td style=\"width: 240.95pt;\" width=\"321\">\n<p style=\"margin: 0cm; margin-bottom: .0001pt; padding: 0cm5.4pt0cm5.4pt;\"><span style=\"background: white;\"><span style=\"color: #565656;\">Eesti fosforiidi uuringute ja kasutusv\u00f5imaluste hetkeseisust<\/span><\/span><\/p>\n<\/td>\n<td style=\"width: 177.15pt;\" width=\"236\">\n<p style=\"margin: 0cm; margin-bottom: .0001pt; padding: 0cm5.4pt0cm5.4pt;\"><span style=\"color: #565656;\">Lauri Joosu, <\/span><\/p>\n<p style=\"margin: 0cm; margin-bottom: .0001pt; padding: 0cm5.4pt0cm5.4pt;\"><span style=\"color: #565656;\">Eesti Geoloogiateenistus<\/span><\/p>\n<\/td>\n<\/tr>\n<tr>\n<td style=\"width: 49.4pt;\" width=\"66\">\n<p style=\"margin: 0cm; margin-bottom: .0001pt; padding: 0cm5.4pt0cm5.4pt;\"><span style=\"color: #565656;\">14.00<\/span><\/p>\n<\/td>\n<td style=\"width: 240.95pt;\" width=\"321\">\n<p style=\"margin: 0cm; margin-bottom: .0001pt; padding: 0cm5.4pt0cm5.4pt;\"><span style=\"background: white;\"><span style=\"color: #565656;\">J\u00e4lgelemendid Eesti fosforiidis<\/span><\/span><\/p>\n<\/td>\n<td style=\"width: 177.15pt;\" width=\"236\">\n<p style=\"margin: 0cm; margin-bottom: .0001pt; padding: 0cm5.4pt0cm5.4pt;\"><span style=\"color: #565656;\">Kaarel Lumiste, <\/span><\/p>\n<p style=\"margin: 0cm; margin-bottom: .0001pt; padding: 0cm5.4pt0cm5.4pt;\"><span style=\"color: #565656;\">Eesti Geoloogiateenistus<\/span><\/p>\n<\/td>\n<\/tr>\n<tr>\n<td style=\"width: 49.4pt;\" width=\"66\">\n<p style=\"margin: 0cm; margin-bottom: .0001pt; padding: 0cm5.4pt0cm5.4pt;\"><span style=\"color: #565656;\">14.20<\/span><\/p>\n<\/td>\n<td style=\"width: 240.95pt;\" width=\"321\">\n<p style=\"margin: 0cm; margin-bottom: .0001pt; padding: 0cm5.4pt0cm5.4pt;\"><span style=\"background: white;\"><span style=\"color: #565656;\">Kas Eestis on rauamaaki?<\/span><\/span><\/p>\n<\/td>\n<td style=\"width: 177.15pt;\" width=\"236\">\n<p style=\"margin: 0cm; margin-bottom: .0001pt; padding: 0cm5.4pt0cm5.4pt;\"><span style=\"color: #565656;\">Siim Nirgi, <\/span><\/p>\n<p style=\"margin: 0cm; margin-bottom: .0001pt; padding: 0cm5.4pt0cm5.4pt;\"><span style=\"color: #565656;\">Tartu \u00dclikool \/ Eesti Geoloogiateenistus<\/span><\/p>\n<\/td>\n<\/tr>\n<tr>\n<td style=\"width: 49.4pt;\" width=\"66\">\n<p style=\"margin: 0cm; margin-bottom: .0001pt; padding: 0cm5.4pt0cm5.4pt;\"><span style=\"color: #565656;\">14.40<\/span><\/p>\n<\/td>\n<td style=\"width: 240.95pt;\" width=\"321\">\n<p style=\"margin: 0cm; margin-bottom: .0001pt; padding: 0cm5.4pt0cm5.4pt;\"><span style=\"background: white;\"><span style=\"color: #565656;\">Vanaadiumi levik ja esinemisvormid graptoliitargilliidis ning eraldamise tehnoloogiad<\/span><\/span><\/p>\n<\/td>\n<td style=\"width: 177.15pt;\" width=\"236\">\n<p style=\"margin: 0cm; margin-bottom: .0001pt; padding: 0cm5.4pt0cm5.4pt;\"><span style=\"color: #565656;\">Rutt Hints, <\/span><\/p>\n<p style=\"margin: 0cm; margin-bottom: .0001pt; padding: 0cm5.4pt0cm5.4pt;\"><span style=\"color: #565656;\">TalTech<\/span><\/p>\n<\/td>\n<\/tr>\n<tr>\n<td style=\"width: 49.4pt;\" width=\"66\">\n<p style=\"margin: 0cm; margin-bottom: .0001pt; padding: 0cm5.4pt0cm5.4pt;\"><span style=\"color: #565656;\">15.00<\/span><\/p>\n<\/td>\n<td style=\"width: 240.95pt;\" width=\"321\">\n<p style=\"margin: 0cm; margin-bottom: .0001pt; padding: 0cm5.4pt0cm5.4pt;\"><span style=\"background: white;\"><span style=\"color: #565656;\">Eesti turbavarud ja nende kasutamine<\/span><\/span><\/p>\n<\/td>\n<td style=\"width: 177.15pt;\" width=\"236\">\n<p style=\"margin: 0cm; margin-bottom: .0001pt; padding: 0cm5.4pt0cm5.4pt;\"><span style=\"color: #565656;\">Erki Niitlaan, <\/span><\/p>\n<p style=\"margin: 0cm; margin-bottom: .0001pt; padding: 0cm5.4pt0cm5.4pt;\"><span style=\"color: #565656;\">Eesti Turbaliit<\/span><\/p>\n<\/td>\n<\/tr>\n<tr>\n<td style=\"width: 49.4pt;\" width=\"66\">\n<p style=\"margin: 0cm; margin-bottom: .0001pt; padding: 0cm5.4pt0cm5.4pt;\"><em><span style=\"color: #565656;\">15.20<\/span><\/em><\/p>\n<\/td>\n<td style=\"width: 240.95pt;\" width=\"321\">\n<p style=\"margin: 0cm; margin-bottom: .0001pt; padding: 0cm5.4pt0cm5.4pt;\"><span style=\"background: white;\"><em><span style=\"color: #565656;\">Kohvipaus<\/span><\/em><\/span><\/p>\n<\/td>\n<td style=\"width: 177.15pt;\" width=\"236\">\n<p style=\"margin: 0cm; margin-bottom: .0001pt; padding: 0cm5.4pt0cm5.4pt;\">\n<\/p><\/td>\n<\/tr>\n<tr>\n<td style=\"width: 49.4pt;\" width=\"66\">\n<p style=\"margin: 0cm; margin-bottom: .0001pt; padding: 0cm5.4pt0cm5.4pt;\"><span style=\"color: #565656;\">15.40<\/span><\/p>\n<\/td>\n<td style=\"width: 240.95pt;\" width=\"321\">\n<p style=\"margin: 0cm; margin-bottom: .0001pt; padding: 0cm5.4pt0cm5.4pt;\"><span style=\"background: white;\"><span style=\"color: #565656;\">Eesti m\u00e4enduse teekond v\u00f5rrelduna Euroopaga<\/span><\/span><\/p>\n<\/td>\n<td style=\"width: 177.15pt;\" width=\"236\">\n<p style=\"margin: 0cm; margin-bottom: .0001pt; padding: 0cm5.4pt0cm5.4pt;\"><span style=\"color: #565656;\">Veiko Karu, <\/span><\/p>\n<p style=\"margin: 0cm; margin-bottom: .0001pt; padding: 0cm5.4pt0cm5.4pt;\"><span style=\"color: #565656;\">TalTech<\/span><\/p>\n<\/td>\n<\/tr>\n<tr>\n<td style=\"width: 49.4pt;\" width=\"66\">\n<p style=\"margin: 0cm; margin-bottom: .0001pt; padding: 0cm5.4pt0cm5.4pt;\"><span style=\"color: #565656;\">16.00<\/span><\/p>\n<\/td>\n<td style=\"width: 240.95pt;\" width=\"321\">\n<p style=\"margin: 0cm; margin-bottom: .0001pt; padding: 0cm5.4pt0cm5.4pt;\"><span style=\"background: white;\"><span style=\"color: #565656;\">Maavarade allmaa m\u00e4rgrikastamine<\/span><\/span><\/p>\n<\/td>\n<td style=\"width: 177.15pt;\" width=\"236\">\n<p style=\"margin: 0cm; margin-bottom: .0001pt; padding: 0cm5.4pt0cm5.4pt;\"><span style=\"color: #565656;\">Erik V\u00e4li, <\/span><\/p>\n<p style=\"margin: 0cm; margin-bottom: .0001pt; padding: 0cm5.4pt0cm5.4pt;\"><span style=\"color: #565656;\">TalTech<\/span><\/p>\n<\/td>\n<\/tr>\n<tr>\n<td style=\"width: 49.4pt;\" width=\"66\">\n<p style=\"margin: 0cm; margin-bottom: .0001pt; padding: 0cm5.4pt0cm5.4pt;\"><span style=\"color: #565656;\">16.20<\/span><\/p>\n<\/td>\n<td style=\"width: 418.1pt;\" colspan=\"2\" width=\"557\">\n<p style=\"margin: 0cm; margin-bottom: .0001pt; padding: 0cm5.4pt0cm5.4pt;\"><span style=\"color: #565656;\">Paneeldiskussioon: Eesti maap\u00f5ueressursside kasutamise tulevik (T\u00dc, TT\u00dc, EGT, ministeeriumide, ettev\u00f5tjate esindajad)<\/span><\/p>\n<\/td>\n<\/tr>\n<tr>\n<td style=\"width: 467.5pt;\" colspan=\"3\" width=\"623\">\n<p style=\"text-align: center; padding: 0cm5.4pt0cm5.4pt; margin: 12.0pt 0cm 12.0pt 0cm;\" align=\"center\"><strong><span style=\"color: #565656;\">III Eesti geoloogiap\u00e4randi hoidmine<\/span><\/strong><\/p>\n<\/td>\n<\/tr>\n<tr>\n<td style=\"width: 49.4pt;\" width=\"66\">\n<p style=\"margin: 0cm; margin-bottom: .0001pt; padding: 0cm5.4pt0cm5.4pt;\"><span style=\"color: #565656;\">16.50<\/span><\/p>\n<\/td>\n<td style=\"width: 240.95pt;\" width=\"321\">\n<p style=\"margin: 0cm; margin-bottom: .0001pt; padding: 0cm5.4pt0cm5.4pt;\"><span style=\"background: white;\"><span style=\"color: #565656;\">Muuseumi kollektsioonidel p\u00f5hinev uurimist\u00f6\u00f6 \u2013 olukord praegu ja tulevikus<\/span><\/span><\/p>\n<\/td>\n<td style=\"width: 177.15pt;\" width=\"236\">\n<p style=\"margin: 0cm; margin-bottom: .0001pt; padding: 0cm5.4pt0cm5.4pt;\"><span style=\"color: #565656;\">Mare Isakar, <\/span><\/p>\n<p style=\"margin: 0cm; margin-bottom: .0001pt; padding: 0cm5.4pt0cm5.4pt;\"><span style=\"color: #565656;\">T\u00dc loodusmuuseum<\/span><\/p>\n<\/td>\n<\/tr>\n<tr>\n<td style=\"width: 49.4pt;\" width=\"66\">\n<p style=\"margin: 0cm; margin-bottom: .0001pt; padding: 0cm5.4pt0cm5.4pt;\"><span style=\"color: #565656;\">17.10<\/span><\/p>\n<\/td>\n<td style=\"width: 240.95pt;\" width=\"321\">\n<p style=\"margin: 0cm; margin-bottom: .0001pt; padding: 0cm5.4pt0cm5.4pt;\"><span style=\"background: white;\"><span style=\"color: #565656;\">Eesti Geoloogiateenistuse arhiivi hetkeseis ja tulevik<\/span><\/span><\/p>\n<\/td>\n<td style=\"width: 177.15pt;\" width=\"236\">\n<p style=\"margin: 0cm; margin-bottom: .0001pt; padding: 0cm5.4pt0cm5.4pt;\"><span style=\"color: #565656;\">Jaak J\u00fcrgenson, EGT<\/span><\/p>\n<\/td>\n<\/tr>\n<tr>\n<td style=\"width: 49.4pt;\" width=\"66\">\n<p style=\"padding: 0cm5.4pt0cm5.4pt; margin: 0cm 0cm 7.5pt 0cm;\"><span style=\"color: #565656;\">17.20<\/span><\/p>\n<\/td>\n<td style=\"width: 418.1pt;\" colspan=\"2\" width=\"557\">\n<p style=\"padding: 0cm5.4pt0cm5.4pt; margin: 0cm 0cm 7.5pt 0cm;\"><span style=\"color: #565656;\">Kokkuv\u00f5te ja l\u00f5petamine<\/span><\/p>\n<\/td>\n<\/tr>\n<tr>\n<td style=\"width: 49.4pt;\" width=\"66\">\n<p style=\"padding: 0cm5.4pt0cm5.4pt; margin: 0cm 0cm 7.5pt 0cm;\"><em><span style=\"color: #565656;\">17.45 <\/span><\/em><\/p>\n<\/td>\n<td style=\"width: 418.1pt;\" colspan=\"2\" width=\"557\">\n<p style=\"padding: 0cm5.4pt0cm5.4pt; margin: 0cm 0cm 7.5pt 0cm;\"><em><span style=\"color: #565656;\">Jalutusk\u00e4ik Toomem\u00e4ele (kellele m\u00e4kke ronimine on v\u00e4ljakutseks, neile on korraldatud transport Omicumist Toomem\u00e4ele T\u00dc muuseumi ukse ette)<\/span><\/em><\/p>\n<\/td>\n<\/tr>\n<tr>\n<td style=\"width: 49.4pt;\" width=\"66\">\n<p style=\"padding: 0cm5.4pt0cm5.4pt; margin: 0cm 0cm 7.5pt 0cm;\"><em><span style=\"color: #565656;\">18.00<\/span><\/em><\/p>\n<\/td>\n<td style=\"width: 418.1pt;\" colspan=\"2\" width=\"557\">\n<p style=\"padding: 0cm5.4pt0cm5.4pt; margin: 0cm 0cm 7.5pt 0cm;\"><em><span style=\"color: #565656;\">Programmi j\u00e4tk Toomem\u00e4el T\u00dc Muuseumi valges saalis: \u00f5htus\u00f6\u00f6k ja muhe koosviibimine<\/span><\/em><\/p>\n<\/td>\n<\/tr>\n<tr>\n<td style=\"width: 49.4pt;\" width=\"66\">\n<p style=\"padding: 0cm5.4pt0cm5.4pt; margin: 0cm 0cm 7.5pt 0cm;\"><em><span style=\"color: #565656;\">23:00<\/span><\/em><\/p>\n<\/td>\n<td style=\"width: 418.1pt;\" colspan=\"2\" width=\"557\">\n<p style=\"padding: 0cm5.4pt0cm5.4pt; margin: 0cm 0cm 7.5pt 0cm;\"><em><span style=\"color: #565656;\">Buss tagasi Tallinnasse<\/span><\/em><\/p>\n<\/td>\n<\/tr>\n<\/tbody>\n<\/table>\n<p style=\"text-align: center;\"><span style=\"font-family: Arial,Helvetica,sans-serif;\">\u00d5htul paneb jala tatsuma\u00a0suurep\u00e4rane ja kordumatu\u00a0<\/span><a title=\"\" href=\"https:\/\/nkb.ee\/\" target=\"_blank\" rel=\"noopener\" data-url=\"https:\/\/nkb.ee\/\">Nedsaja K\u00fcla B\u00e4nd<\/a><\/p>\n<p><span style=\"font-family: Arial,Helvetica,sans-serif;\"><img loading=\"lazy\" decoding=\"async\" width=\"1280\" height=\"720\" class=\"alignnone wp-image-15\" title=\"maxresdefault_1.jpg\" src=\"https:\/\/sisu.ut.ee\/wp-content\/uploads\/sites\/611\/maxresdefault_1.jpg\" alt=\"NKB2\" srcset=\"https:\/\/sisu.ut.ee\/wp-content\/uploads\/sites\/611\/maxresdefault_1.jpg 1280w, https:\/\/sisu.ut.ee\/wp-content\/uploads\/sites\/611\/maxresdefault_1-300x169.jpg 300w, https:\/\/sisu.ut.ee\/wp-content\/uploads\/sites\/611\/maxresdefault_1-1024x576.jpg 1024w, https:\/\/sisu.ut.ee\/wp-content\/uploads\/sites\/611\/maxresdefault_1-768x432.jpg 768w\" sizes=\"auto, (max-width: 1280px) 100vw, 1280px\"><\/span><\/p>\n<p style=\"text-align: center;\"><\/p><div class=\"ratio ratio-16x9 mb-3\"><div class=\"video-placeholder-wrapper video-placeholder-wrapper--16x9\">\n\t\t\t    <div class=\"video-placeholder d-flex justify-content-center align-items-center\">\n\t\t\t        <div class=\"overlay text-white p-2 w-100 text-center d-block justify-content-center align-items-center\">\n\t\t\t            <div>Kolmandate osapoolte sisu n\u00e4gemiseks palun n\u00f5ustu k\u00fcpsistega.<\/div>\n\t\t\t            <button class=\"btn btn-secondary btn-sm mt-1 consent-change\">Muuda n\u00f5usolekut<\/button>\n\t\t\t        <\/div>\n\t\t\t    <\/div>\n\t\t\t<\/div>\n<\/div>\n","protected":false},"excerpt":{"rendered":"<p>7.15 V\u00e4ljas\u00f5it Tallinnast (tellitud buss) 9.30 Saabumine, kohv 10.00 Tervituss\u00f5nad, avaettekanne: geoloogia areng maailmas, Euroopas ja Eestis Erik Puura, Eesti Geoloogia Selts I L\u00e4\u00e4nemere geoloogia 10.30 Raua- ja mangaanikonkretsioonid L\u00e4\u00e4nemeres Aivo Lepland, Norra Geoloogiateenistus 10.50 Fosfor L\u00e4\u00e4nemere merep\u00f5hjasetetes Markus Ausmeel, &#8230;<\/p>\n","protected":false},"author":219,"featured_media":0,"parent":0,"menu_order":0,"comment_status":"closed","ping_status":"closed","template":"","meta":{"_acf_changed":false,"inline_featured_image":false,"footnotes":""},"class_list":["post-5","page","type-page","status-publish","hentry"],"acf":[],"_links":{"self":[{"href":"https:\/\/sisu.ut.ee\/aprillikonverents\/wp-json\/wp\/v2\/pages\/5","targetHints":{"allow":["GET"]}}],"collection":[{"href":"https:\/\/sisu.ut.ee\/aprillikonverents\/wp-json\/wp\/v2\/pages"}],"about":[{"href":"https:\/\/sisu.ut.ee\/aprillikonverents\/wp-json\/wp\/v2\/types\/page"}],"author":[{"embeddable":true,"href":"https:\/\/sisu.ut.ee\/aprillikonverents\/wp-json\/wp\/v2\/users\/219"}],"replies":[{"embeddable":true,"href":"https:\/\/sisu.ut.ee\/aprillikonverents\/wp-json\/wp\/v2\/comments?post=5"}],"version-history":[{"count":4,"href":"https:\/\/sisu.ut.ee\/aprillikonverents\/wp-json\/wp\/v2\/pages\/5\/revisions"}],"predecessor-version":[{"id":135,"href":"https:\/\/sisu.ut.ee\/aprillikonverents\/wp-json\/wp\/v2\/pages\/5\/revisions\/135"}],"wp:attachment":[{"href":"https:\/\/sisu.ut.ee\/aprillikonverents\/wp-json\/wp\/v2\/media?parent=5"}],"curies":[{"name":"wp","href":"https:\/\/api.w.org\/{rel}","templated":true}]}}