{"id":4,"date":"2024-04-04T08:27:45","date_gmt":"2024-04-04T05:27:45","guid":{"rendered":"https:\/\/sisu.ut.ee\/aprillikonverents\/teesid\/"},"modified":"2024-04-30T08:58:53","modified_gmt":"2024-04-30T05:58:53","slug":"teesid","status":"publish","type":"page","link":"https:\/\/sisu.ut.ee\/aprillikonverents\/teesid\/","title":{"rendered":"TEESID"},"content":{"rendered":"<p>APRILLIKONVERENTSI TEESIDE KOGUMIKKU on koondatud nii suuliste kui ka posterettekannete teesid.<\/p>\n<p>Lae kogumik alla PDF kujul (kl\u00f5psa kogumikude kaanepildil)\u00a0v\u00f5i sirvi autori j\u00e4rgi\u00a0veebis (lingid eraldi all pool).<\/p>\n<p><a href=\"https:\/\/sisu.ut.ee\/wp-content\/uploads\/sites\/611\/ak_teeside_kogumik.pdf\" data-fid=\"76821\"><img loading=\"lazy\" decoding=\"async\" class=\"alignnone wp-image-14\" title=\"teeside_esikaas.jpg\" src=\"https:\/\/sisu.ut.ee\/wp-content\/uploads\/sites\/611\/teeside_esikaas-scaled.jpg\" alt=\"Teesikogumiku esikaas\" width=\"416\" height=\"587\" srcset=\"https:\/\/sisu.ut.ee\/wp-content\/uploads\/sites\/611\/teeside_esikaas-scaled.jpg 1815w, https:\/\/sisu.ut.ee\/wp-content\/uploads\/sites\/611\/teeside_esikaas-213x300.jpg 213w, https:\/\/sisu.ut.ee\/wp-content\/uploads\/sites\/611\/teeside_esikaas-726x1024.jpg 726w, https:\/\/sisu.ut.ee\/wp-content\/uploads\/sites\/611\/teeside_esikaas-768x1083.jpg 768w, https:\/\/sisu.ut.ee\/wp-content\/uploads\/sites\/611\/teeside_esikaas-1089x1536.jpg 1089w, https:\/\/sisu.ut.ee\/wp-content\/uploads\/sites\/611\/teeside_esikaas-1452x2048.jpg 1452w, https:\/\/sisu.ut.ee\/wp-content\/uploads\/sites\/611\/teeside_esikaas-1920x2708.jpg 1920w\" sizes=\"auto, (max-width: 416px) 100vw, 416px\"><\/a><\/p>\n<h2 class=\"MsoToc1\">SUULISTE ETTEKANNETE TEESID<\/h2>\n<p class=\"MsoToc1\"><em>Teeside \u00fckshaaval lugemiseks kl\u00f5psa huvipakkuval alloleval pealkirjal<\/em><span style=\"text-decoration: none;\">. 5<\/span><\/p>\n<ul>\n<li class=\"MsoToc1\"><a href=\"https:\/\/sisu.ut.ee\/wp-content\/uploads\/sites\/611\/ak2023_erik-puura.pdf\" data-fid=\"76808\"><strong>Erik Puura<\/strong> \u201cGeoloogia areng maailmas, Euroopas ja Eestis\u201d<\/a><\/li>\n<li class=\"MsoToc1\"><a href=\"https:\/\/sisu.ut.ee\/wp-content\/uploads\/sites\/611\/ak2023_lepland-suuroja.pdf\" data-fid=\"76807\"><strong>Aivo Lepland<\/strong> ja <strong>Sten Suuroja<\/strong> \u201cRaua- ja mangaanikonkretsioonid L\u00e4\u00e4nemeres\u201d<\/a><\/li>\n<li class=\"MsoToc1\"><a href=\"https:\/\/sisu.ut.ee\/wp-content\/uploads\/sites\/611\/ak2023_ausmeel.pdf\" data-fid=\"76803\"><strong>Markus Ausmeel<\/strong> \u201cFosfor L\u00e4\u00e4nemere p\u00f5hjasetetes\u201d<\/a><\/li>\n<li class=\"MsoToc1\"><a href=\"https:\/\/sisu.ut.ee\/wp-content\/uploads\/sites\/611\/ak2023_suuroja.pdf\" data-fid=\"76806\"><strong>Sten Suuroja<\/strong> \u201cMeretuulepargid Eesti rannikumeres \u2013 geoloogiline kontekst\u201d<\/a><\/li>\n<li class=\"MsoToc1\"><a href=\"https:\/\/sisu.ut.ee\/wp-content\/uploads\/sites\/611\/ak2023_karpin.pdf\" data-fid=\"76804\"><strong>Vladimir Karpin<\/strong> \u201cMurtood \u2013 uued pinnavormid Eesti merep\u00f5hjas\u201d<\/a><\/li>\n<li class=\"MsoToc1\"><a href=\"https:\/\/sisu.ut.ee\/wp-content\/uploads\/sites\/611\/ak2023_marandi.pdf\" data-fid=\"76805\"><strong>Andres Marandi<\/strong> \u201cKui j\u00e4tkusuutlik on Eesti h\u00fcdrogeoloogiline bilanss?\u201d<\/a><\/li>\n<li class=\"MsoToc1\"><a href=\"https:\/\/sisu.ut.ee\/wp-content\/uploads\/sites\/611\/ak2023_joeleht-paat.pdf\" data-fid=\"76802\"><strong>Argo J\u00f5eleht<\/strong> ja <strong>Raul Paat<\/strong> \u201cGeotermaalenergia senine kasutamine Eestis\u201d<\/a><\/li>\n<li class=\"MsoToc1\"><a href=\"https:\/\/sisu.ut.ee\/wp-content\/uploads\/sites\/611\/ak2023_joosu.pdf\" data-fid=\"76801\"><strong>Lauri Joosu<\/strong> \u201cEesti fosforiidi uuringute ja kasutusv\u00f5imaluste hetkeseisust\u201d<\/a><\/li>\n<li class=\"MsoToc1\"><a href=\"https:\/\/sisu.ut.ee\/wp-content\/uploads\/sites\/611\/ak2023_lumiste.pdf\" data-fid=\"76800\"><strong>Kaarel Lumiste<\/strong> \u201cJ\u00e4lgelemendid Eesti fosforiidis\u201d<\/a><\/li>\n<li class=\"MsoToc1\"><a href=\"https:\/\/sisu.ut.ee\/wp-content\/uploads\/sites\/611\/nirgi.pdf\" data-fid=\"76838\"><strong>Siim Nirgi<\/strong> \u201cKas Eestis on rauamaaki?\u201d<\/a><\/li>\n<li class=\"MsoToc1\"><a href=\"https:\/\/sisu.ut.ee\/wp-content\/uploads\/sites\/611\/ak2023_hints.pdf\" data-fid=\"76798\"><strong>Rutt Hints<\/strong> \u201cVanaadiumi levik ja esinemisvormid graptoliitargilliidis ning eraldamise tehnoloogiad\u201d<\/a><\/li>\n<li class=\"MsoToc1\"><a href=\"https:\/\/sisu.ut.ee\/wp-content\/uploads\/sites\/611\/niitlaan.pdf\" data-fid=\"76837\"><strong>Erki Niitlaan <\/strong>\u201cEesti turbavarud ja nende kasutamine\u201d<\/a><\/li>\n<li class=\"MsoToc1\"><a href=\"https:\/\/sisu.ut.ee\/wp-content\/uploads\/sites\/611\/karu.pdf\" data-fid=\"76835\"><strong>Veiko Karu<\/strong> \u201cEesti m\u00e4enduse teekond v\u00f5rrelduna Euroopaga\u201d<\/a><\/li>\n<li class=\"MsoToc1\"><a href=\"https:\/\/sisu.ut.ee\/wp-content\/uploads\/sites\/611\/vali.pdf\" data-fid=\"76836\"><strong>Erik V\u00e4li<\/strong> \u201cMaavarade allmaa m\u00e4rgrikastamine\u201d<\/a><\/li>\n<li class=\"MsoToc1\"><a href=\"https:\/\/sisu.ut.ee\/wp-content\/uploads\/sites\/611\/ak2023_isakar-toom.pdf\" data-fid=\"76796\"><strong>Mare Isakar<\/strong> ja <strong>Ursula Toom<\/strong> \u201cMuuseumi kollektsioonidel p\u00f5hinev uurimist\u00f6\u00f6 \u2013 olukord praegu ja tulevikus\u201d<\/a><\/li>\n<li class=\"MsoToc1\"><a href=\"https:\/\/sisu.ut.ee\/wp-content\/uploads\/sites\/611\/jurgenson.pdf\" data-fid=\"76834\"><strong>Jaak J\u00fcrgenson<\/strong> \u201cEesti Geoloogiateenistuse geokogude hetkeseis ja tulevik\u201d<\/a><\/li>\n<\/ul>\n<h2 class=\"MsoToc1\">POSTERETTEKANNETE TEESID<span style=\"text-decoration: none;\">. 25<\/span><\/h2>\n<ul>\n<li class=\"MsoToc1\"><a href=\"https:\/\/sisu.ut.ee\/wp-content\/uploads\/sites\/611\/hunt.pdf\" data-fid=\"76833\"><strong>Marlen Hunt<\/strong> \u201cLumikatte osakaalu ja lume veemahtuvuse seos, et modelleerida pinnavee-p\u00f5hjavee vastastikm\u00f5ju\u201d<\/a><\/li>\n<li class=\"MsoToc1\"><a href=\"https:\/\/sisu.ut.ee\/wp-content\/uploads\/sites\/611\/kiil.pdf\" data-fid=\"76832\"><strong>Eelika Kiil<\/strong> \u201cP\u00fcroklastilise komponendi m\u00f5ju setete p\u00e4ritolu ja murenemise intensiivsuse hindamisele\u201d<\/a><\/li>\n<li class=\"MsoToc1\"><a href=\"https:\/\/sisu.ut.ee\/wp-content\/uploads\/sites\/611\/monnik.pdf\" data-fid=\"76831\"><strong>Magdaleena M\u00e4nnik<\/strong> \u201cP\u00f5hjavee kaitstuse kaardid aitavad tegeleda p\u00f5hjusega ning v\u00e4ltida tagaj\u00e4rgi\u201d<\/a><\/li>\n<li class=\"MsoToc1\"><a href=\"https:\/\/sisu.ut.ee\/wp-content\/uploads\/sites\/611\/ojap.pdf\" data-fid=\"76839\"><strong>Johanna Maria Ojap<\/strong> \u201cSoome lahe raua-mangaani konkretsioonid\u201d<\/a><\/li>\n<li class=\"MsoToc1\"><a href=\"https:\/\/sisu.ut.ee\/wp-content\/uploads\/sites\/611\/paat.pdf\" data-fid=\"76828\"><strong>Raul Paat<\/strong> \u201cEdasiminekud Eesti h\u00fcdrogeoloogilistes uuringumeetodites \u2013 tulevik on \u00fcha helgem\u201d<\/a><\/li>\n<li class=\"MsoToc1\"><a href=\"https:\/\/sisu.ut.ee\/wp-content\/uploads\/sites\/611\/vits.pdf\" data-fid=\"76827\"><strong>Karmen Vits<\/strong> \u201cP\u00f5hjavee v\u00e4ljavoolude termokaardistamine\u201d<\/a><\/li>\n<li class=\"MsoToc1\"><a href=\"https:\/\/sisu.ut.ee\/wp-content\/uploads\/sites\/611\/poldsaar.pdf\" data-fid=\"76825\"><strong>Kairi P\u00f5ldsaar<\/strong> ja <strong>Heikki Bauert<\/strong> \u201cEGT-TWINN projekt: Eesti Geoloogiateenistuse uurimissuutlikuse t\u00f5stmine, et kiirendada riigi \u00fcleminekut rohelisele energiale\u201d<\/a><\/li>\n<\/ul>\n","protected":false},"excerpt":{"rendered":"<p>APRILLIKONVERENTSI TEESIDE KOGUMIKKU on koondatud nii suuliste kui ka posterettekannete teesid. Lae kogumik alla PDF kujul (kl\u00f5psa kogumikude kaanepildil)\u00a0v\u00f5i sirvi autori j\u00e4rgi\u00a0veebis (lingid eraldi all pool). SUULISTE ETTEKANNETE TEESID Teeside \u00fckshaaval lugemiseks kl\u00f5psa huvipakkuval alloleval pealkirjal. 5 Erik Puura \u201cGeoloogia &#8230;<\/p>\n","protected":false},"author":219,"featured_media":0,"parent":0,"menu_order":0,"comment_status":"closed","ping_status":"closed","template":"","meta":{"_acf_changed":false,"inline_featured_image":false,"footnotes":""},"class_list":["post-4","page","type-page","status-publish","hentry"],"acf":[],"_links":{"self":[{"href":"https:\/\/sisu.ut.ee\/aprillikonverents\/wp-json\/wp\/v2\/pages\/4","targetHints":{"allow":["GET"]}}],"collection":[{"href":"https:\/\/sisu.ut.ee\/aprillikonverents\/wp-json\/wp\/v2\/pages"}],"about":[{"href":"https:\/\/sisu.ut.ee\/aprillikonverents\/wp-json\/wp\/v2\/types\/page"}],"author":[{"embeddable":true,"href":"https:\/\/sisu.ut.ee\/aprillikonverents\/wp-json\/wp\/v2\/users\/219"}],"replies":[{"embeddable":true,"href":"https:\/\/sisu.ut.ee\/aprillikonverents\/wp-json\/wp\/v2\/comments?post=4"}],"version-history":[{"count":2,"href":"https:\/\/sisu.ut.ee\/aprillikonverents\/wp-json\/wp\/v2\/pages\/4\/revisions"}],"predecessor-version":[{"id":136,"href":"https:\/\/sisu.ut.ee\/aprillikonverents\/wp-json\/wp\/v2\/pages\/4\/revisions\/136"}],"wp:attachment":[{"href":"https:\/\/sisu.ut.ee\/aprillikonverents\/wp-json\/wp\/v2\/media?parent=4"}],"curies":[{"name":"wp","href":"https:\/\/api.w.org\/{rel}","templated":true}]}}