{"id":3,"date":"2024-04-04T08:27:45","date_gmt":"2024-04-04T05:27:45","guid":{"rendered":"https:\/\/sisu.ut.ee\/aprillikonverents\/merc\/"},"modified":"2024-04-04T08:28:40","modified_gmt":"2024-04-04T05:28:40","slug":"merc","status":"publish","type":"page","link":"https:\/\/sisu.ut.ee\/aprillikonverents\/merc\/","title":{"rendered":"S\u00e4rk ja pusa"},"content":{"rendered":"<p>\n\tKuni <b>24.m\u00e4rtsini<\/b>\u00a0on v\u00f5imalik endale ette tellida\u00a0<b>EGEOSe T-s\u00e4rki ja\/v\u00f5i pusa,<\/b>\u00a0mis valmivad t\u00e4pselt Aprillikonverentsil jagamiseks (hiljem saab k\u00e4tte Tartust Chemicumist).\u00a0\n<\/p>\n<p>\n\tKujunduse eskiisid on n\u00e4ha lisatud failist! Igal huvilisel on v\u00f5imalik tellida helesinist tooni s\u00e4rk ja\/v\u00f5i khaki tooni pusa. Lisaks saab valida erinevate\u00a0pildidega versioonide vahel \u2013\u00a0<b>1) r\u00fc\u00fckala<\/b>;\u00a0<b>2) meriskorpioni<\/b>\u00a0v\u00f5i\u00a0<b>3)trilobiidi<\/b>\u00a0pildiga variandid. Nii s\u00e4rgi kui pusa tagumisel poolel on\u00a0<b>EGEOSe logo<\/b>. Pildil on n\u00e4idatud kujundused meeste mudelite peal, aga olemas ka on samades toonides naistemudelid.\u00a0\n<\/p>\n<p>\n\t<img loading=\"lazy\" decoding=\"async\" width=\"2560\" height=\"1815\" class=\"alignnone wp-image-12\" src=\"https:\/\/sisu.ut.ee\/wp-content\/uploads\/sites\/611\/untitled-4_recovered-scaled.jpg\" title=\"untitled-4_recovered.jpg\" alt=\"S\u00e4rgi kujundused\" srcset=\"https:\/\/sisu.ut.ee\/wp-content\/uploads\/sites\/611\/untitled-4_recovered-scaled.jpg 2560w, https:\/\/sisu.ut.ee\/wp-content\/uploads\/sites\/611\/untitled-4_recovered-300x213.jpg 300w, https:\/\/sisu.ut.ee\/wp-content\/uploads\/sites\/611\/untitled-4_recovered-1024x726.jpg 1024w, https:\/\/sisu.ut.ee\/wp-content\/uploads\/sites\/611\/untitled-4_recovered-768x545.jpg 768w, https:\/\/sisu.ut.ee\/wp-content\/uploads\/sites\/611\/untitled-4_recovered-1536x1089.jpg 1536w, https:\/\/sisu.ut.ee\/wp-content\/uploads\/sites\/611\/untitled-4_recovered-2048x1452.jpg 2048w, https:\/\/sisu.ut.ee\/wp-content\/uploads\/sites\/611\/untitled-4_recovered-1920x1362.jpg 1920w\" sizes=\"auto, (max-width: 2560px) 100vw, 2560px\">\n<\/p>\n<p>\n\tMudelite t\u00e4psustused:\u00a0\n<\/p>\n<ul>\n<li>\n\t\tNaiste s\u00e4rk:\u00a0<a data-auth=\"NotApplicable\" data-linkindex=\"1\" data-safelink=\"true\" href=\"https:\/\/shop.malfini.com\/ee\/en\/product\/slim-139?color=44\" rel=\"noopener noreferrer\" target=\"_blank\">https:\/\/shop.malfini.com\/ee\/en\/product\/slim-139?color=44<\/a>\n\t<\/li>\n<li>\n\t\tMeeste s\u00e4rk:\u00a0<a data-auth=\"NotApplicable\" data-linkindex=\"0\" data-safelink=\"true\" href=\"https:\/\/shop.malfini.com\/ee\/en\/product\/fit-t-ls-119?color=44\" rel=\"noopener noreferrer\" target=\"_blank\">https:\/\/shop.malfini.com\/ee\/en\/product\/fit-t-ls-119?color=44<\/a>\n\t<\/li>\n<li>\n\t\tNaiste pusa:\u00a0<a data-auth=\"NotApplicable\" data-linkindex=\"3\" data-safelink=\"true\" href=\"https:\/\/www.bc-collection.eu\/en\/sweatshirts\/bc-queen-crew-neck-ww01q-vip\" rel=\"noopener noreferrer\" target=\"_blank\">https:\/\/www.bc-collection.eu\/en\/sweatshirts\/bc-queen-crew-neck-ww01q-vip<\/a>\n\t<\/li>\n<li>\n\t\tMeeste pusa:\u00a0<a data-auth=\"NotApplicable\" data-linkindex=\"2\" data-safelink=\"true\" href=\"https:\/\/www.bc-collection.eu\/en\/sweatshirts\/bc-king-crew-neck-wu01k\" rel=\"noopener noreferrer\" target=\"_blank\">https:\/\/www.bc-collection.eu\/en\/sweatshirts\/bc-king-crew-neck-wu01k<\/a>\n\t<\/li>\n<\/ul>\n<hr>\n<p>\n\tK\u00fcsimuste korral palun lahkesti p\u00f6\u00f6rduda Kairi P\u00f5ldsaare poole: kairi.poldsaar@ut.ee; tel 58330832\n<\/p>\n<p>\n\t\u00a0\n<\/p>\n<h2>\n\t<span style=\"color:#ff0000\">TELLIMINE ON SELLEKS KORRAKS L\u00d5PPENUD! VABANDAME!<\/span><br>\n<\/h2>\n<p>\n\t\u00a0<\/p>\n","protected":false},"excerpt":{"rendered":"<p>Kuni 24.m\u00e4rtsini\u00a0on v\u00f5imalik endale ette tellida\u00a0EGEOSe T-s\u00e4rki ja\/v\u00f5i pusa,\u00a0mis valmivad t\u00e4pselt Aprillikonverentsil jagamiseks (hiljem saab k\u00e4tte Tartust Chemicumist).\u00a0 Kujunduse eskiisid on n\u00e4ha lisatud failist! Igal huvilisel on v\u00f5imalik tellida helesinist tooni s\u00e4rk ja\/v\u00f5i khaki tooni pusa. Lisaks saab valida erinevate\u00a0pildidega &#8230;<\/p>\n","protected":false},"author":219,"featured_media":0,"parent":0,"menu_order":0,"comment_status":"closed","ping_status":"closed","template":"","meta":{"_acf_changed":false,"inline_featured_image":false,"footnotes":""},"class_list":["post-3","page","type-page","status-publish","hentry"],"acf":[],"_links":{"self":[{"href":"https:\/\/sisu.ut.ee\/aprillikonverents\/wp-json\/wp\/v2\/pages\/3","targetHints":{"allow":["GET"]}}],"collection":[{"href":"https:\/\/sisu.ut.ee\/aprillikonverents\/wp-json\/wp\/v2\/pages"}],"about":[{"href":"https:\/\/sisu.ut.ee\/aprillikonverents\/wp-json\/wp\/v2\/types\/page"}],"author":[{"embeddable":true,"href":"https:\/\/sisu.ut.ee\/aprillikonverents\/wp-json\/wp\/v2\/users\/219"}],"replies":[{"embeddable":true,"href":"https:\/\/sisu.ut.ee\/aprillikonverents\/wp-json\/wp\/v2\/comments?post=3"}],"version-history":[{"count":1,"href":"https:\/\/sisu.ut.ee\/aprillikonverents\/wp-json\/wp\/v2\/pages\/3\/revisions"}],"predecessor-version":[{"id":119,"href":"https:\/\/sisu.ut.ee\/aprillikonverents\/wp-json\/wp\/v2\/pages\/3\/revisions\/119"}],"wp:attachment":[{"href":"https:\/\/sisu.ut.ee\/aprillikonverents\/wp-json\/wp\/v2\/media?parent=3"}],"curies":[{"name":"wp","href":"https:\/\/api.w.org\/{rel}","templated":true}]}}