{"id":85,"date":"2024-04-10T09:55:43","date_gmt":"2024-04-10T06:55:43","guid":{"rendered":"https:\/\/sisu.ut.ee\/antikehad\/?page_id=85"},"modified":"2024-04-10T09:55:43","modified_gmt":"2024-04-10T06:55:43","slug":"enesetest","status":"publish","type":"page","link":"https:\/\/sisu.ut.ee\/antikehad\/enesetest\/","title":{"rendered":"Enesetest"},"content":{"rendered":"<div id=\"watupro_quiz\" class=\"quiz-area single-page-quiz\">\n<p id=\"submittingExam1\" style=\"display:none;text-align:center;\"><img loading=\"lazy\" decoding=\"async\" src=\"https:\/\/sisu.ut.ee\/wp-content\/plugins\/watupro\/img\/loading.gif\" width=\"16\" height=\"16\"><\/p>\n\n<div class=\"watupro-exam-description\" id=\"description-quiz-1\"><p><img loading=\"lazy\" decoding=\"async\" width=\"48\" height=\"48\" class=\"alignnone wp-image-26\" style=\"float: left;\" title=\"test.png\" src=\"https:\/\/sisu.ut.ee\/wp-content\/uploads\/sites\/25\/test.png\" alt=\"test.png\">Enesetest koosneb k\u00fcmnest valikvastustega k\u00fcsimusest, mis aitavad Sul kontrollida, kuidas oled aru saanud terapeutiliste antikehade tehnoloogiatest ja kasutamisest haiguste ravis. K\u00fcsimuse juures on selgitus, kas valida tuleb \u00fcks v\u00f5i mitu (kui on mitu \u00f5iget vastust) vastusevarianti. Head testimist!<\/p>\n<\/div>\n\n<form action=\"\" method=\"post\" class=\"quiz-form\" id=\"quiz-1\" enctype=\"multipart\/form-data\">\n<div class=\"watu-question \" id=\"question-1\" style=\";\"><div id=\"questionWrap-1\" class=\"  watupro-required-3 watupro-question-id-3\">\n\t\t\t<div class=\"question-content\"><div><p>Humaniseeritud antikehade immuunogeensus on reeglina:<\/p><\/div><input type=\"hidden\" name=\"question_id[]\" id=\"qID_1\" value=\"3\" class=\"watupro-question-id\"><input type=\"hidden\" id=\"answerType3\" class=\"answerTypeCnt1\" value=\"radio\"><input type=\"hidden\" id=\"watupro-required-question-3\"><!-- end question-content--><\/div><div class=\"question-choices watupro-choices-columns \" id=\"questionChoices3\"><div class=\"watupro-question-choice  \" dir=\"auto\"><input type=\"radio\" name=\"answer-3[]\" id=\"answer-id-11\" class=\"answer   answerof-3 \" value=\"11\"><label for=\"answer-id-11\" id=\"answer-label-11\" class=\" answer\"><span><p>k\u00f5rgem kui kim\u00e4\u00e4rsetel antikehadel\u00a0<\/p><\/span><\/label><\/div><div class=\"watupro-question-choice  \" dir=\"auto\"><input type=\"radio\" name=\"answer-3[]\" id=\"answer-id-10\" class=\"answer   answerof-3 \" value=\"10\"><label for=\"answer-id-10\" id=\"answer-label-10\" class=\" answer\"><span><p>k\u00f5rgem kui hiire monokloonsetel antikehadel\u00a0<\/p><\/span><\/label><\/div><div class=\"watupro-question-choice  \" dir=\"auto\"><input type=\"radio\" name=\"answer-3[]\" id=\"answer-id-9\" class=\"answer   answerof-3 \" value=\"9\"><label for=\"answer-id-9\" id=\"answer-label-9\" class=\" answer\"><span><p>madalam kui hiire monokloonsetel antikehadel<\/p><\/span><\/label><\/div><!-- end question-choices--><\/div><!-- end questionWrap--><\/div><\/div><div class=\"watu-question \" id=\"question-2\" style=\";\"><div id=\"questionWrap-2\" class=\"  watupro-required-7 watupro-question-id-7\">\n\t\t\t<div class=\"question-content\"><div><p>Bioparemad terapeutilised antikehad on:<\/p><\/div><input type=\"hidden\" name=\"question_id[]\" id=\"qID_2\" value=\"7\" class=\"watupro-question-id\"><input type=\"hidden\" id=\"answerType7\" class=\"answerTypeCnt2\" value=\"checkbox\"><input type=\"hidden\" id=\"watupro-required-question-7\"><!-- end question-content--><\/div><div class=\"question-choices watupro-choices-columns \" id=\"questionChoices7\"><div class=\"watupro-question-choice  \" dir=\"auto\"><input type=\"checkbox\" name=\"answer-7[]\" id=\"answer-id-24\" class=\"answer   answerof-7 \" value=\"24\"><label for=\"answer-id-24\" id=\"answer-label-24\" class=\" answer\"><span><p>ravimainega konjugeeritud antikehad\u00a0<\/p><\/span><\/label><\/div><div class=\"watupro-question-choice  \" dir=\"auto\"><input type=\"checkbox\" name=\"answer-7[]\" id=\"answer-id-22\" class=\"answer   answerof-7 \" value=\"22\"><label for=\"answer-id-22\" id=\"answer-label-22\" class=\" answer\"><span><p>sama primaarj\u00e4rjestusega kui originaalravim, kuid soodsama hinnaga terapeutilised antikehad\u00a0<\/p><\/span><\/label><\/div><div class=\"watupro-question-choice  \" dir=\"auto\"><input type=\"checkbox\" name=\"answer-7[]\" id=\"answer-id-23\" class=\"answer   answerof-7 \" value=\"23\"><label for=\"answer-id-23\" id=\"answer-label-23\" class=\" answer\"><span><p>optimeeritud efektorfunktsioonidega terapeutilised antikehad\u00a0<\/p><\/span><\/label><\/div><!-- end question-choices--><\/div><!-- end questionWrap--><\/div><\/div><div class=\"watu-question \" id=\"question-3\" style=\";\"><div id=\"questionWrap-3\" class=\"  watupro-required-9 watupro-question-id-9\">\n\t\t\t<div class=\"question-content\"><div><p>Terapeutilisi antikehi kasutatakse sagedamini j\u00e4rgmiste haiguste ravis (m\u00e4rgi \u00f5iged):<\/p><\/div><input type=\"hidden\" name=\"question_id[]\" id=\"qID_3\" value=\"9\" class=\"watupro-question-id\"><input type=\"hidden\" id=\"answerType9\" class=\"answerTypeCnt3\" value=\"checkbox\"><input type=\"hidden\" id=\"watupro-required-question-9\"><!-- end question-content--><\/div><div class=\"question-choices watupro-choices-columns \" id=\"questionChoices9\"><div class=\"watupro-question-choice  \" dir=\"auto\"><input type=\"checkbox\" name=\"answer-9[]\" id=\"answer-id-29\" class=\"answer   answerof-9 \" value=\"29\"><label for=\"answer-id-29\" id=\"answer-label-29\" class=\" answer\"><span><p>nakkushaigused\u00a0<\/p><\/span><\/label><\/div><div class=\"watupro-question-choice  \" dir=\"auto\"><input type=\"checkbox\" name=\"answer-9[]\" id=\"answer-id-31\" class=\"answer   answerof-9 \" value=\"31\"><label for=\"answer-id-31\" id=\"answer-label-31\" class=\" answer\"><span><p>immuunhaigused\u00a0<\/p><\/span><\/label><\/div><div class=\"watupro-question-choice  \" dir=\"auto\"><input type=\"checkbox\" name=\"answer-9[]\" id=\"answer-id-28\" class=\"answer   answerof-9 \" value=\"28\"><label for=\"answer-id-28\" id=\"answer-label-28\" class=\" answer\"><span><p>pahaloomuliste kasvajad\u00a0<\/p><\/span><\/label><\/div><div class=\"watupro-question-choice  \" dir=\"auto\"><input type=\"checkbox\" name=\"answer-9[]\" id=\"answer-id-30\" class=\"answer   answerof-9 \" value=\"30\"><label for=\"answer-id-30\" id=\"answer-label-30\" class=\" answer\"><span><p>neurodegeneratiivsed haigused<\/p><\/span><\/label><\/div><!-- end question-choices--><\/div><!-- end questionWrap--><\/div><\/div><div class=\"watu-question \" id=\"question-4\" style=\";\"><div id=\"questionWrap-4\" class=\"  watupro-required-2 watupro-question-id-2\">\n\t\t\t<div class=\"question-content\"><div><p>Mis takistab hiire monokloonsete antikehade kasutamist inimeste ravis (m\u00e4rgi \u00f5iged vastused loetelust):<\/p><\/div><input type=\"hidden\" name=\"question_id[]\" id=\"qID_4\" value=\"2\" class=\"watupro-question-id\"><input type=\"hidden\" id=\"answerType2\" class=\"answerTypeCnt4\" value=\"checkbox\"><input type=\"hidden\" id=\"watupro-required-question-2\"><!-- end question-content--><\/div><div class=\"question-choices watupro-choices-columns \" id=\"questionChoices2\"><div class=\"watupro-question-choice  \" dir=\"auto\"><input type=\"checkbox\" name=\"answer-2[]\" id=\"answer-id-8\" class=\"answer   answerof-2 \" value=\"8\"><label for=\"answer-id-8\" id=\"answer-label-8\" class=\" answer\"><span><p>hiire antikehade tootmine on kallis<\/p><\/span><\/label><\/div><div class=\"watupro-question-choice  \" dir=\"auto\"><input type=\"checkbox\" name=\"answer-2[]\" id=\"answer-id-5\" class=\"answer   answerof-2 \" value=\"5\"><label for=\"answer-id-5\" id=\"answer-label-5\" class=\" answer\"><span><p>hiire antikehad ei seondu inimese Fc retseptoritega\u00a0<\/p><\/span><\/label><\/div><div class=\"watupro-question-choice  \" dir=\"auto\"><input type=\"checkbox\" name=\"answer-2[]\" id=\"answer-id-4\" class=\"answer   answerof-2 \" value=\"4\"><label for=\"answer-id-4\" id=\"answer-label-4\" class=\" answer\"><span><p>tekib hiire antikehade vastane immuunvastus\u00a0<\/p><\/span><\/label><\/div><div class=\"watupro-question-choice  \" dir=\"auto\"><input type=\"checkbox\" name=\"answer-2[]\" id=\"answer-id-6\" class=\"answer   answerof-2 \" value=\"6\"><label for=\"answer-id-6\" id=\"answer-label-6\" class=\" answer\"><span><p>hiire antikehade poolv\u00e4\u00e4rtusaeg inimorganismis on l\u00fchike<\/p><\/span><\/label><\/div><div class=\"watupro-question-choice  \" dir=\"auto\"><input type=\"checkbox\" name=\"answer-2[]\" id=\"answer-id-7\" class=\"answer   answerof-2 \" value=\"7\"><label for=\"answer-id-7\" id=\"answer-label-7\" class=\" answer\"><span><p>hiire antikehad ei tunne \u00e4ra inimese valke<\/p><\/span><\/label><\/div><!-- end question-choices--><\/div><!-- end questionWrap--><\/div><\/div><div class=\"watu-question \" id=\"question-5\" style=\";\"><div id=\"questionWrap-5\" class=\"  watupro-required-8 watupro-question-id-8\">\n\t\t\t<div class=\"question-content\"><div><p>Valdav terapeutiliste antikehade alaklass on:<\/p><\/div><input type=\"hidden\" name=\"question_id[]\" id=\"qID_5\" value=\"8\" class=\"watupro-question-id\"><input type=\"hidden\" id=\"answerType8\" class=\"answerTypeCnt5\" value=\"radio\"><input type=\"hidden\" id=\"watupro-required-question-8\"><!-- end question-content--><\/div><div class=\"question-choices watupro-choices-columns \" id=\"questionChoices8\"><div class=\"watupro-question-choice  \" dir=\"auto\"><input type=\"radio\" name=\"answer-8[]\" id=\"answer-id-27\" class=\"answer   answerof-8 \" value=\"27\"><label for=\"answer-id-27\" id=\"answer-label-27\" class=\" answer\"><span><p>IgG4<\/p><\/span><\/label><\/div><div class=\"watupro-question-choice  \" dir=\"auto\"><input type=\"radio\" name=\"answer-8[]\" id=\"answer-id-26\" class=\"answer   answerof-8 \" value=\"26\"><label for=\"answer-id-26\" id=\"answer-label-26\" class=\" answer\"><span><p>IgG1<\/p><\/span><\/label><\/div><div class=\"watupro-question-choice  \" dir=\"auto\"><input type=\"radio\" name=\"answer-8[]\" id=\"answer-id-25\" class=\"answer   answerof-8 \" value=\"25\"><label for=\"answer-id-25\" id=\"answer-label-25\" class=\" answer\"><span><p>IgA1<\/p><\/span><\/label><\/div><!-- end question-choices--><\/div><!-- end questionWrap--><\/div><\/div><div class=\"watu-question \" id=\"question-6\" style=\";\"><div id=\"questionWrap-6\" class=\"  watupro-required-6 watupro-question-id-6\">\n\t\t\t<div class=\"question-content\"><div><p>Meetodid inimese monokloonsete antikehade saamiseks on (m\u00e4rgi \u00f5iged):<\/p><\/div><input type=\"hidden\" name=\"question_id[]\" id=\"qID_6\" value=\"6\" class=\"watupro-question-id\"><input type=\"hidden\" id=\"answerType6\" class=\"answerTypeCnt6\" value=\"checkbox\"><input type=\"hidden\" id=\"watupro-required-question-6\"><!-- end question-content--><\/div><div class=\"question-choices watupro-choices-columns \" id=\"questionChoices6\"><div class=\"watupro-question-choice  \" dir=\"auto\"><input type=\"checkbox\" name=\"answer-6[]\" id=\"answer-id-18\" class=\"answer   answerof-6 \" value=\"18\"><label for=\"answer-id-18\" id=\"answer-label-18\" class=\" answer\"><span><p>hiire monokloonsete antikehade humaniseerimine\u00a0<\/p><\/span><\/label><\/div><div class=\"watupro-question-choice  \" dir=\"auto\"><input type=\"checkbox\" name=\"answer-6[]\" id=\"answer-id-21\" class=\"answer   answerof-6 \" value=\"21\"><label for=\"answer-id-21\" id=\"answer-label-21\" class=\" answer\"><span><p>inimese vereseerumist spetsiifiliste antikehade puhastamine<\/p><\/span><\/label><\/div><div class=\"watupro-question-choice  \" dir=\"auto\"><input type=\"checkbox\" name=\"answer-6[]\" id=\"answer-id-20\" class=\"answer   answerof-6 \" value=\"20\"><label for=\"answer-id-20\" id=\"answer-label-20\" class=\" answer\"><span><p>inimese Ig-transgeensed hiired ja h\u00fcbridoomimeetod\u00a0<\/p><\/span><\/label><\/div><div class=\"watupro-question-choice  \" dir=\"auto\"><input type=\"checkbox\" name=\"answer-6[]\" id=\"answer-id-19\" class=\"answer   answerof-6 \" value=\"19\"><label for=\"answer-id-19\" id=\"answer-label-19\" class=\" answer\"><span><p>antikeha-raamatukogu faagkuva meetod\u00a0<\/p><\/span><\/label><\/div><!-- end question-choices--><\/div><!-- end questionWrap--><\/div><\/div><div class=\"watu-question \" id=\"question-7\" style=\";\"><div id=\"questionWrap-7\" class=\"  watupro-required-4 watupro-question-id-4\">\n\t\t\t<div class=\"question-content\"><div><p>Antikeha-raamatukogu on:<\/p><\/div><input type=\"hidden\" name=\"question_id[]\" id=\"qID_7\" value=\"4\" class=\"watupro-question-id\"><input type=\"hidden\" id=\"answerType4\" class=\"answerTypeCnt7\" value=\"radio\"><input type=\"hidden\" id=\"watupro-required-question-4\"><!-- end question-content--><\/div><div class=\"question-choices watupro-choices-columns \" id=\"questionChoices4\"><div class=\"watupro-question-choice  \" dir=\"auto\"><input type=\"radio\" name=\"answer-4[]\" id=\"answer-id-13\" class=\"answer   answerof-4 \" value=\"13\"><label for=\"answer-id-13\" id=\"answer-label-13\" class=\" answer\"><span><p>raamatukogu antikehade alasest kirjandusest\u00a0<\/p><\/span><\/label><\/div><div class=\"watupro-question-choice  \" dir=\"auto\"><input type=\"radio\" name=\"answer-4[]\" id=\"answer-id-12\" class=\"answer   answerof-4 \" value=\"12\"><label for=\"answer-id-12\" id=\"answer-label-12\" class=\" answer\"><span><p>katseklaasis olev antikehi kodeerivate geenide kogu, mida saab kasutada seonduvate antikehade leidmiseks<\/p><\/span><\/label><\/div><div class=\"watupro-question-choice  \" dir=\"auto\"><input type=\"radio\" name=\"answer-4[]\" id=\"answer-id-14\" class=\"answer   answerof-4 \" value=\"14\"><label for=\"answer-id-14\" id=\"answer-label-14\" class=\" answer\"><span><p>inimese vereseerumist puhastatud IgG klassi antikehad\u00a0<\/p><\/span><\/label><\/div><!-- end question-choices--><\/div><!-- end questionWrap--><\/div><\/div><div class=\"watu-question \" id=\"question-8\" style=\";\"><div id=\"questionWrap-8\" class=\"  watupro-required-5 watupro-question-id-5\">\n\t\t\t<div class=\"question-content\"><div><p>Kim\u00e4\u00e4rsetel antikehadel on asendatud teise liigi vastavate antikeha osadega:<\/p><\/div><input type=\"hidden\" name=\"question_id[]\" id=\"qID_8\" value=\"5\" class=\"watupro-question-id\"><input type=\"hidden\" id=\"answerType5\" class=\"answerTypeCnt8\" value=\"radio\"><input type=\"hidden\" id=\"watupro-required-question-5\"><!-- end question-content--><\/div><div class=\"question-choices watupro-choices-columns \" id=\"questionChoices5\"><div class=\"watupro-question-choice  \" dir=\"auto\"><input type=\"radio\" name=\"answer-5[]\" id=\"answer-id-15\" class=\"answer   answerof-5 \" value=\"15\"><label for=\"answer-id-15\" id=\"answer-label-15\" class=\" answer\"><span><p>antikeha kerge ahel\u00a0<\/p><\/span><\/label><\/div><div class=\"watupro-question-choice  \" dir=\"auto\"><input type=\"radio\" name=\"answer-5[]\" id=\"answer-id-17\" class=\"answer   answerof-5 \" value=\"17\"><label for=\"answer-id-17\" id=\"answer-label-17\" class=\" answer\"><span><p>antikeha Fc-regioon\u00a0<\/p><\/span><\/label><\/div><div class=\"watupro-question-choice  \" dir=\"auto\"><input type=\"radio\" name=\"answer-5[]\" id=\"answer-id-16\" class=\"answer   answerof-5 \" value=\"16\"><label for=\"answer-id-16\" id=\"answer-label-16\" class=\" answer\"><span><p>antikeha kerge ja raske ahela varieeruvad domeenid\u00a0<\/p><\/span><\/label><\/div><!-- end question-choices--><\/div><!-- end questionWrap--><\/div><\/div><div class=\"watu-question \" id=\"question-9\" style=\";\"><div id=\"questionWrap-9\" class=\"  watupro-required-1 watupro-question-id-1\">\n\t\t\t<div class=\"question-content\"><div><p>H\u00fcbridoome saadakse:<\/p><\/div><input type=\"hidden\" name=\"question_id[]\" id=\"qID_9\" value=\"1\" class=\"watupro-question-id\"><input type=\"hidden\" id=\"answerType1\" class=\"answerTypeCnt9\" value=\"radio\"><input type=\"hidden\" id=\"watupro-required-question-1\"><!-- end question-content--><\/div><div class=\"question-choices watupro-choices-columns \" id=\"questionChoices1\"><div class=\"watupro-question-choice  \" dir=\"auto\"><input type=\"radio\" name=\"answer-1[]\" id=\"answer-id-3\" class=\"answer   answerof-1 \" value=\"3\"><label for=\"answer-id-3\" id=\"answer-label-3\" class=\" answer\"><span><p>immuniseeeritud hiire B- ja T rakkude liitmisel\u00a0<\/p><\/span><\/label><\/div><div class=\"watupro-question-choice  \" dir=\"auto\"><input type=\"radio\" name=\"answer-1[]\" id=\"answer-id-2\" class=\"answer   answerof-1 \" value=\"2\"><label for=\"answer-id-2\" id=\"answer-label-2\" class=\" answer\"><span><p>immuniseeritud hiire T-rakkude ja m\u00fceloomirakkude liitmisel\u00a0<\/p><\/span><\/label><\/div><div class=\"watupro-question-choice  \" dir=\"auto\"><input type=\"radio\" name=\"answer-1[]\" id=\"answer-id-1\" class=\"answer   answerof-1 \" value=\"1\"><label for=\"answer-id-1\" id=\"answer-label-1\" class=\" answer\"><span><p>immuniseeritud hiire p\u00f5rnarakkude ja m\u00fceloomirakkude liitmisel\u00a0<\/p><\/span><\/label><\/div><!-- end question-choices--><\/div><!-- end questionWrap--><\/div><\/div><div class=\"watu-question \" id=\"question-10\" style=\";\"><div id=\"questionWrap-10\" class=\"  watupro-required-10 watupro-question-id-10\">\n\t\t\t<div class=\"question-content\"><div><p>Immuunhaiguste ravis antikehadega on ravisihtm\u00e4rkideks (m\u00e4rgi \u00f5iged):<\/p><\/div><input type=\"hidden\" name=\"question_id[]\" id=\"qID_10\" value=\"10\" class=\"watupro-question-id\"><input type=\"hidden\" id=\"answerType10\" class=\"answerTypeCnt10\" value=\"checkbox\"><input type=\"hidden\" id=\"watupro-required-question-10\"><!-- end question-content--><\/div><div class=\"question-choices watupro-choices-columns \" id=\"questionChoices10\"><div class=\"watupro-question-choice  \" dir=\"auto\"><input type=\"checkbox\" name=\"answer-10[]\" id=\"answer-id-33\" class=\"answer   answerof-10 \" value=\"33\"><label for=\"answer-id-33\" id=\"answer-label-33\" class=\" answer\"><span><p>rakusisesed signaali\u00fclekandemolekulid\u00a0<\/p><\/span><\/label><\/div><div class=\"watupro-question-choice  \" dir=\"auto\"><input type=\"checkbox\" name=\"answer-10[]\" id=\"answer-id-32\" class=\"answer   answerof-10 \" value=\"32\"><label for=\"answer-id-32\" id=\"answer-label-32\" class=\" answer\"><span><p>p\u00f5letikuts\u00fctokiinid\u00a0<\/p><\/span><\/label><\/div><div class=\"watupro-question-choice  \" dir=\"auto\"><input type=\"checkbox\" name=\"answer-10[]\" id=\"answer-id-35\" class=\"answer   answerof-10 \" value=\"35\"><label for=\"answer-id-35\" id=\"answer-label-35\" class=\" answer\"><span><p>kasvajaantigeenid\u00a0<\/p><\/span><\/label><\/div><div class=\"watupro-question-choice  \" dir=\"auto\"><input type=\"checkbox\" name=\"answer-10[]\" id=\"answer-id-34\" class=\"answer   answerof-10 \" value=\"34\"><label for=\"answer-id-34\" id=\"answer-label-34\" class=\" answer\"><span><p>immuunrakkude pinnaretseptorid\u00a0<\/p><\/span><\/label><\/div><!-- end question-choices--><\/div><!-- end questionWrap--><\/div><\/div><div style=\"display:none\" id=\"question-11\">\n\t<div class=\"question-content\">\n\t\t<img loading=\"lazy\" decoding=\"async\" src=\"https:\/\/sisu.ut.ee\/wp-content\/plugins\/watupro\/img\/loading.gif\" width=\"16\" height=\"16\" alt=\"Loading...\" title=\"Loading...\">\u00a0Loading...\t<\/div>\n<\/div>\n\n<br>\n\t\n\t\t\t<div class=\"watupro_buttons flex \" id=\"watuPROButtons1\">\n\t\t  <div id=\"prev-question\" style=\"display:none;\"><input type=\"button\" value=\"&lt; Previous\" onclick=\"WatuPRO.nextQuestion(event, 'previous');\"><\/div>\t\t  \t\t  \t\t   \n\t\t   \t  \t\t<div><input type=\"button\" name=\"action\" class=\"watupro-submit-button\" onclick=\"WatuPRO.submitResult(event)\" id=\"action-button\" value=\"View Results\">\n\t\t<\/div>\n\t\t<\/div>\n\t\t\n\t<input type=\"hidden\" name=\"quiz_id\" value=\"1\" id=\"watuPROExamID\">\n\t<input type=\"hidden\" name=\"start_time\" id=\"startTime\" value=\"2026-04-17 08:15:44\">\n\t<input type=\"hidden\" name=\"start_timestamp\" id=\"startTimeStamp\" value=\"1776413744\">\n\t<input type=\"hidden\" name=\"question_ids\" value=\"\">\n\t<input type=\"hidden\" name=\"watupro_questions\" value=\"3:11,10,9 | 7:24,22,23 | 9:29,31,28,30 | 2:8,5,4,6,7 | 8:27,26,25 | 6:18,21,20,19 | 4:13,12,14 | 5:15,17,16 | 1:3,2,1 | 10:33,32,35,34\">\n\t<input type=\"hidden\" name=\"no_ajax\" value=\"0\">\t\t\t<\/form>\n\t<p>\u00a0<\/p>\n<\/div>\n\n<script type=\"text\/javascript\">\n\/\/jQuery(document).ready(function(){\ndocument.addEventListener(\"DOMContentLoaded\", function(event) { \t\nvar question_ids = \"3,7,9,2,8,6,4,5,1,10\";\nWatuPROSettings[1] = {};\nWatuPRO.qArr = question_ids.split(',');\nWatuPRO.exam_id = 1;\t    \nWatuPRO.post_id = 85;\nWatuPRO.store_progress = 0;\nWatuPRO.curCatPage = 1;\nWatuPRO.requiredIDs=\"0,3,7,9,2,8,6,4,5,1,10\".split(\",\");\nWatuPRO.hAppID = \"0.05230600 1776402944\";\nvar url = \"https:\/\/sisu.ut.ee\/wp-content\/plugins\/watupro\/show_exam.php\";\nWatuPRO.examMode = 1;\nWatuPRO.siteURL=\"https:\/\/sisu.ut.ee\/antikehad\/wp-admin\/admin-ajax.php\";\nWatuPRO.emailIsNotRequired = 0;\nWatuPRO.perDecade = 10;\nWatuPROIntel.init(1);\nWatuPRO.inCategoryPages=1;});    \t \n<\/script>\n\n","protected":false},"excerpt":{"rendered":"","protected":false},"author":9,"featured_media":0,"parent":0,"menu_order":0,"comment_status":"closed","ping_status":"closed","template":"","meta":{"_acf_changed":false,"inline_featured_image":false,"footnotes":""},"class_list":["post-85","page","type-page","status-publish","hentry"],"acf":[],"_links":{"self":[{"href":"https:\/\/sisu.ut.ee\/antikehad\/wp-json\/wp\/v2\/pages\/85","targetHints":{"allow":["GET"]}}],"collection":[{"href":"https:\/\/sisu.ut.ee\/antikehad\/wp-json\/wp\/v2\/pages"}],"about":[{"href":"https:\/\/sisu.ut.ee\/antikehad\/wp-json\/wp\/v2\/types\/page"}],"author":[{"embeddable":true,"href":"https:\/\/sisu.ut.ee\/antikehad\/wp-json\/wp\/v2\/users\/9"}],"replies":[{"embeddable":true,"href":"https:\/\/sisu.ut.ee\/antikehad\/wp-json\/wp\/v2\/comments?post=85"}],"version-history":[{"count":1,"href":"https:\/\/sisu.ut.ee\/antikehad\/wp-json\/wp\/v2\/pages\/85\/revisions"}],"predecessor-version":[{"id":86,"href":"https:\/\/sisu.ut.ee\/antikehad\/wp-json\/wp\/v2\/pages\/85\/revisions\/86"}],"wp:attachment":[{"href":"https:\/\/sisu.ut.ee\/antikehad\/wp-json\/wp\/v2\/media?parent=85"}],"curies":[{"name":"wp","href":"https:\/\/api.w.org\/{rel}","templated":true}]}}