{"id":21,"date":"2024-04-03T23:11:00","date_gmt":"2024-04-03T20:11:00","guid":{"rendered":"https:\/\/sisu.ut.ee\/antikehad\/41-pahaloomulised-kasvajad-1\/"},"modified":"2024-04-10T10:24:10","modified_gmt":"2024-04-10T07:24:10","slug":"41-pahaloomulised-kasvajad-1","status":"publish","type":"page","link":"https:\/\/sisu.ut.ee\/antikehad\/41-pahaloomulised-kasvajad-1\/","title":{"rendered":"4.1. Pahaloomulised kasvajad"},"content":{"rendered":"<p>Kasvajate ravis antikehadega on peamisteks ravisihtm\u00e4rkideks:<\/p>\n<ul>\n<li><span style=\"line-height: 1.6em;\">kasvajaseoselised antigeenid sh kasvajaga seotud kasvufaktorid ja nende retseptorid;<\/span><\/li>\n<li><span style=\"line-height: 1.6em;\">immuunrakkude (inhibeerivad) retseptorid;<\/span><\/li>\n<\/ul>\n<p>Kasvajavastaste antikehade peamisteks toimemehhanismideks on kasvajarakkude h\u00e4vitamine v\u00f5i nende kasvu pidurdamine l\u00e4bi:<\/p>\n<ul>\n<li>immuunefektormehhanismide k\u00e4ivitamise (ADCC, CDC, fagots\u00fctoos);<\/li>\n<li>konjugeeritud ts\u00fctotoksiliste \u00fchendite m\u00f5ju;<\/li>\n<li>kasvufaktorite ja nende retseptorite blokeerimise;<\/li>\n<li>immunomodulatsiooni: l\u00fcmfots\u00fc\u00fctide aktivatsioon l\u00e4bi inhibeerivate signaalide blokeerimise.<\/li>\n<\/ul>\n<p>EL v\u00f5i USA-s m\u00fc\u00fcgiluba omavate kasvajavastaste antikehade nimetused, t\u00fc\u00fcp, sihtm\u00e4rgid, n\u00e4idustused ja m\u00fc\u00fcgiloa andmise aasta on toodud tabelis (26.04.2013 seisuga). Nagu tabelist n\u00e4ha, on m\u00f5nede sihtm\u00e4rkide vastu rohkem kui \u00fcks terapeutiline antikeha (14 antikeha, 8 sihtm\u00e4rki). Seevastu oli 2012. aastal kliinilistes katsetustes \u00fcle saja kasvajavastase ravimkandidaadi 92 erineva antigeeni vastu (Reichert 2012) ja ligikaudu pooled neist olid mittekanoonilised antikehad: antikeha fragmendid, konjugaadid v\u00f5i muul viisil insenergeneetiliselt modifitseeritud antikehad.<\/p>\n<p style=\"text-align: center;\">\u00a0Tabel 2. Ravimina registreeritud kasvajavastased antikehad (26.04.2013 seisuga).<\/p>\n<table class=\"table table-hover\" style=\"width: 100%;\" border=\"0\" cellspacing=\"0\" cellpadding=\"0\">\n<tbody>\n<tr>\n<td valign=\"top\"><strong>Rahvusvaheline nimetus<\/strong><\/td>\n<td valign=\"top\"><strong>Ravimi nimetus<\/strong><\/td>\n<td valign=\"top\"><strong>Antikeha t\u00fc\u00fcp<\/strong><\/td>\n<td valign=\"top\"><strong>Sihtm\u00e4rk<\/strong><\/td>\n<td valign=\"top\"><strong>Esimene n\u00e4idustus<\/strong><\/td>\n<td valign=\"top\"><strong>EL (USA) esmane reg.<\/strong><\/td>\n<\/tr>\n<tr>\n<td valign=\"top\">Rituximab<\/td>\n<td valign=\"top\">MabThera, Rituxan<\/td>\n<td valign=\"top\">Kim\u00e4\u00e4rne IgG<sub>1<\/sub>\u03ba<\/td>\n<td valign=\"top\">CD20<\/td>\n<td valign=\"top\">Mitte-Hodgkini l\u00fcmfoom<\/td>\n<td valign=\"top\">1998 (1997)<\/td>\n<\/tr>\n<tr>\n<td valign=\"top\">Trastuzumab<\/td>\n<td valign=\"top\">Herceptin<\/td>\n<td valign=\"top\">Humaniseeritud IgG<sub>1<\/sub>\u03ba<\/td>\n<td valign=\"top\">HER2\/Neu<\/td>\n<td valign=\"top\">Rinnav\u00e4hk<\/td>\n<td valign=\"top\">2000 (1998)<\/td>\n<\/tr>\n<tr>\n<td valign=\"top\">Alemtuzumab<\/td>\n<td valign=\"top\">MabCampath, Campath-1H<\/td>\n<td valign=\"top\">Humaniseeritud IgG<sub>1<\/sub>\u03ba<\/td>\n<td valign=\"top\">CD52<\/td>\n<td valign=\"top\">Krooniline m\u00fceloidne leukeemia<\/td>\n<td valign=\"top\">2001* (2001)<\/td>\n<\/tr>\n<tr>\n<td valign=\"top\">Tositumomab-I<sup>131<\/sup><\/td>\n<td valign=\"top\">Bexxar<\/td>\n<td valign=\"top\">Hiire IgG2a\u03bb, I<sup>131<\/sup> konjugeeritud<\/td>\n<td valign=\"top\">CD20<\/td>\n<td valign=\"top\">Mitte-Hodgkini l\u00fcmfoom<\/td>\n<td valign=\"top\">NA (2003)<\/td>\n<\/tr>\n<tr>\n<td valign=\"top\">Cetuximab<\/td>\n<td valign=\"top\">Erbitux<\/td>\n<td valign=\"top\">Kim\u00e4\u00e4rne IgG<sub>1<\/sub>\u03ba<\/td>\n<td valign=\"top\">EGFR<\/td>\n<td valign=\"top\">J\u00e4mesoole kartsinoom<\/td>\n<td valign=\"top\">2004 (2004)<\/td>\n<\/tr>\n<tr>\n<td valign=\"top\">Ibritumomab tiuxetan<\/td>\n<td valign=\"top\">Zevalin<\/td>\n<td valign=\"top\">Hiire IgG<sub>1<\/sub>\u03ba, Y<sup>90<\/sup> konjugeeritud<\/td>\n<td valign=\"top\">CD20<\/td>\n<td valign=\"top\">Mitte-Hodgkini l\u00fcmfoom<\/td>\n<td valign=\"top\">2004 (2002)<\/td>\n<\/tr>\n<tr>\n<td valign=\"top\">Bevacizumab<\/td>\n<td valign=\"top\">Avastin<\/td>\n<td valign=\"top\">Humaniseeritud IgG<sub>1<\/sub>\u03ba<\/td>\n<td valign=\"top\">VEGF-A<\/td>\n<td valign=\"top\">J\u00e4mesoole kartsinoom<\/td>\n<td valign=\"top\">2005 (2004)<\/td>\n<\/tr>\n<tr>\n<td valign=\"top\">Panitumumab<\/td>\n<td valign=\"top\">Vectibix<\/td>\n<td valign=\"top\">Inimese IgG<sub>2<\/sub>\u03ba<\/td>\n<td valign=\"top\">EGFR<\/td>\n<td valign=\"top\">J\u00e4mesoole kartsinoom<\/td>\n<td valign=\"top\">2007 (2006)<\/td>\n<\/tr>\n<tr>\n<td valign=\"top\">Catumaxomab<\/td>\n<td valign=\"top\">Removab<\/td>\n<td valign=\"top\">Roti IgG<sub>2<\/sub>b\/hiire IgG<sub>2<\/sub>a bispetsiifiline<\/td>\n<td valign=\"top\">EpCAM\/CD3<\/td>\n<td valign=\"top\">EpCAM positiivne kartsinoom (astsiidivedelikus)<\/td>\n<td valign=\"top\">2009 (NA)<\/td>\n<\/tr>\n<tr>\n<td valign=\"top\">Ofatumumab<\/td>\n<td valign=\"top\">Arzerra<\/td>\n<td valign=\"top\">Inimese IgG<sub>1<\/sub>\u03ba<\/td>\n<td valign=\"top\">CD20<\/td>\n<td valign=\"top\">Krooniline l\u00fcmfots\u00fctaarne leukeemia<\/td>\n<td valign=\"top\">2010 (2009)<\/td>\n<\/tr>\n<tr>\n<td valign=\"top\">Ipilimumab<\/td>\n<td valign=\"top\">Yervoy<\/td>\n<td valign=\"top\">Inimese IgG<sub>1<\/sub>\u03ba<\/td>\n<td valign=\"top\">CTLA-4<\/td>\n<td valign=\"top\">Melanoom<\/td>\n<td valign=\"top\">2011 (2011)<\/td>\n<\/tr>\n<tr>\n<td valign=\"top\">Brentuximab vedotin<\/td>\n<td valign=\"top\">Adcetris<\/td>\n<td valign=\"top\">Kim\u00e4\u00e4rne IgG<sub>1<\/sub>\u03ba; konjugeeritud monomet\u00fc\u00fcl auristatiin E<\/td>\n<td valign=\"top\">CD30<\/td>\n<td valign=\"top\">Hodgkini l\u00fcmfoom<\/td>\n<td valign=\"top\">2012* (2011)<\/td>\n<\/tr>\n<tr>\n<td valign=\"top\">Pertuzumab<\/td>\n<td valign=\"top\">Perjeta<\/td>\n<td valign=\"top\">Humaniseeritud IgG<sub>1<\/sub>\u03ba<\/td>\n<td valign=\"top\">HER2<\/td>\n<td valign=\"top\">HER2-positiivne rinnav\u00e4hk<\/td>\n<td valign=\"top\">2013 (2012)<\/td>\n<\/tr>\n<tr>\n<td valign=\"top\">Trastuzumab emtansine<\/td>\n<td valign=\"top\">Kadcyla<\/td>\n<td valign=\"top\">Humaniseeritud IgG<sub>1<\/sub>; konjugeeritud mertansiiniga<\/td>\n<td valign=\"top\">HER2<\/td>\n<td valign=\"top\">HER2-positiivne rinnav\u00e4hk<\/td>\n<td valign=\"top\">Menetluses (2013)<\/td>\n<\/tr>\n<\/tbody>\n<\/table>\n<p style=\"text-align: center;\">* Eestis registreerimata<\/p>\n<p>Allikad: Euroopa ravimiamet; Janice M Reichert, mAbs<\/p>\n<p>Terapeutiliste antikehade kasutamine on enim kasutust leidnud hematoloogiliste kasvajate (leukeemiad, l\u00fcmfoomid) ravis. Inimese B-rakkudel ja neist arenenud kasvajarakkudel ekspresseeruv CD20 on sihtm\u00e4rgiks neljale erinevale terapeutilisele antikehale, milledest esimene oli Rituximab Mitte-Hodgkini l\u00fcmfoomi raviks.<\/p>\n<p>Muudest v\u00e4hkkasvajatest on terapeutilisi antikehi k\u00f5ige enam kasutatud j\u00e4mesoole kartsinoomi ja rinnav\u00e4hi ravis. Epidermaalse kasvufaktori retseptor (EGFR) ja HER2 kuuluvad EGFR perekonda ja nende ekspressioon on t\u00f5usnud mitmetes v\u00e4hkkasvajates, olles m\u00f5lemad mitme terapeutilise antikeha sihtm\u00e4rgiks. Vaskulaarse endoteeli kasvufaktori A (VEGF-A) vastane antikeha (Bevacizumab) aeglustab tuumori kasvu p\u00e4rssides angiogeneesi.<\/p>\n<p>Melanoomi raviks kasutatakse antikeha (Ipilimumab) inimese T-raku negatiivse kostimulaatori CTLA-4 (<em style=\"line-height: 1.6em;\">Cytotoxic T-lymphocyte-associated protein 4)<\/em>\u00a0 vastu. Ravi suurendab kasvajavastast T-rakulist immuunvastust ja parandab seel\u00e4bi patsientide elulemust.<\/p>\n<h6><img loading=\"lazy\" decoding=\"async\" class=\"size-full wp-image-40 alignleft\" src=\"https:\/\/sisu.ut.ee\/wp-content\/uploads\/sites\/25\/ulesanne-1.png\" alt=\"\" width=\"48\" height=\"48\">\u00dclesanne:<br>\nVali tabelist \u00fcks Euroopa m\u00fc\u00fcgiloaga kasvajavastane terapeutiline antikeha ja tutvu selle avalikkusele suunatud infolehega Euroopa Ravimiameti kodulehel.\u00a0 Selleks mine kodulehele:\u00a0<a style=\"line-height: 1.6em;\" href=\"http:\/\/www.ema.europa.eu\/ema\/index.jsp?curl=pages\/home\/Home_Page.jsp&amp;mid\" target=\"_blank\" rel=\"noopener\">http:\/\/www.ema.europa.eu\/ema\/index.jsp?curl=pages\/home\/Home_Page.jsp&amp;mid<\/a>\u00a0Vali men\u00fc\u00fcst: <em>Find medicine<\/em>, ning kirjuta otsinguaknasse ravimi rahvusvaheline v\u00f5i tootenimetus. Tutvu l\u00e4hemalt ravimi kokkuv\u00f5ttega avalikkusele, vajadusel leiad selle ka eesti keeles (Language \u2013 ET). Selgita enda jaoks, millised on ravimi n\u00e4idustused, toimemehhanism, kuidas manustatakse, millised on uuringutulemused ravimi efektiivsuse ja ohutuse (k\u00f5rvaltoimete) kohta.<\/h6>\n","protected":false},"excerpt":{"rendered":"<p>Kasvajate ravis antikehadega on peamisteks ravisihtm\u00e4rkideks: kasvajaseoselised antigeenid sh kasvajaga seotud kasvufaktorid ja nende retseptorid; immuunrakkude (inhibeerivad) retseptorid; Kasvajavastaste antikehade peamisteks toimemehhanismideks on kasvajarakkude h\u00e4vitamine v\u00f5i nende kasvu pidurdamine l\u00e4bi: immuunefektormehhanismide k\u00e4ivitamise (ADCC, CDC, fagots\u00fctoos); konjugeeritud ts\u00fctotoksiliste \u00fchendite m\u00f5ju; kasvufaktorite &#8230;<\/p>\n","protected":false},"author":280,"featured_media":0,"parent":0,"menu_order":0,"comment_status":"closed","ping_status":"closed","template":"","meta":{"_acf_changed":false,"inline_featured_image":false,"footnotes":""},"class_list":["post-21","page","type-page","status-publish","hentry"],"acf":[],"_links":{"self":[{"href":"https:\/\/sisu.ut.ee\/antikehad\/wp-json\/wp\/v2\/pages\/21","targetHints":{"allow":["GET"]}}],"collection":[{"href":"https:\/\/sisu.ut.ee\/antikehad\/wp-json\/wp\/v2\/pages"}],"about":[{"href":"https:\/\/sisu.ut.ee\/antikehad\/wp-json\/wp\/v2\/types\/page"}],"author":[{"embeddable":true,"href":"https:\/\/sisu.ut.ee\/antikehad\/wp-json\/wp\/v2\/users\/280"}],"replies":[{"embeddable":true,"href":"https:\/\/sisu.ut.ee\/antikehad\/wp-json\/wp\/v2\/comments?post=21"}],"version-history":[{"count":2,"href":"https:\/\/sisu.ut.ee\/antikehad\/wp-json\/wp\/v2\/pages\/21\/revisions"}],"predecessor-version":[{"id":117,"href":"https:\/\/sisu.ut.ee\/antikehad\/wp-json\/wp\/v2\/pages\/21\/revisions\/117"}],"wp:attachment":[{"href":"https:\/\/sisu.ut.ee\/antikehad\/wp-json\/wp\/v2\/media?parent=21"}],"curies":[{"name":"wp","href":"https:\/\/api.w.org\/{rel}","templated":true}]}}