{"id":15,"date":"2024-04-03T23:11:00","date_gmt":"2024-04-03T20:11:00","guid":{"rendered":"https:\/\/sisu.ut.ee\/antikehad\/5-terapeutilised-antikehad-kasvajate-ravis\/"},"modified":"2024-04-03T23:11:04","modified_gmt":"2024-04-03T20:11:04","slug":"5-terapeutilised-antikehad-kasvajate-ravis","status":"publish","type":"page","link":"https:\/\/sisu.ut.ee\/antikehad\/5-terapeutilised-antikehad-kasvajate-ravis\/","title":{"rendered":"4. Terapeutilised antikehad haiguste ravis"},"content":{"rendered":"<p>2013. aasta 26. aprilli seisuga oli USA v\u00f5i EL ravimiametite poolt registreeritud 31-st terapeutilisest antikehast 14 antikeha kasvajate ja 12 antikeha immuunhaiguste raviks, samas vaid kaks antikeha oli kasutusel infektsioonhaiguste raviks. Kasvajatest on k\u00f5ige enam n\u00e4idustatud terapeutilisi antikehi hematoloogiliste kasvajate, kompaktkasvajatest aga j\u00e4mesoole kartsinoomi raviks. Immuunhaigustest on antikeha ravi rakendatud mitmete autoimmuunsete ja p\u00f5letikuliste haiguste nagu reumatoidartriidi, Crohni t\u00f5ve, s\u00fcsteemse er\u00fctematoosse luupuse, hulgiskleroosi ja psoriaasi raviks.<\/p>\n<h2><em><\/em>Manustamisviisid, annused\u00a0 ja ravi efektiivsus<\/h2>\n<p>Peamisteks terapeutiliste antikehade manustamisviisideks on intravenoosne infusioonravi ja nahaalused s\u00fcsted. \u00dchekordsete annuste suurus on suurusj\u00e4rgus 2\u201310 mg\/kg kehakaalu kohta infusioonravi korral, m\u00f5nev\u00f5rra v\u00e4iksem nahaaluste s\u00fcstete korral. Annustevaheline intervall v\u00f5ib olla n\u00e4dalast kuni kuuni s\u00f5ltuvalt ravimist, samuti v\u00f5ib ravikuuri kestus ulatuda \u00a0m\u00f5nest kuust kuni aastani. N\u00e4iteks Mitte-Hodgkini l\u00fcmfoomiga patsiendi ravikuuriks (8\u201316 annust) kulub kokku 6\u201312 g Rituximabi intravenoosselt. \u00a0<\/p>\n<h2>K\u00e4ttesaadavus \u2013 kallis hind<\/h2>\n<p>Terapeutiliste antikehade grammi mediaanhind on ligikaudu 8000 dollarit, erinevate terapaeutiliste antikehade ravikuuride keskmine maksumus on piirides 15\u00a0000 kuni 30\u00a0000 dollarit. See t\u00e4hendab, et tegemist on v\u00e4ga kalli raviga, mille k\u00e4ttesaadavus on piiratud isegi arenenud riikides. Terapeutiliste antikehade kliinilise efektiivsuse t\u00f5stmine ja tootmiskulude v\u00e4hendamine on suureks v\u00e4ljakutseks ravimit\u00f6\u00f6stusele.<\/p>\n","protected":false},"excerpt":{"rendered":"<p>2013. aasta 26. aprilli seisuga oli USA v\u00f5i EL ravimiametite poolt registreeritud 31-st terapeutilisest antikehast 14 antikeha kasvajate ja 12 antikeha immuunhaiguste raviks, samas vaid kaks antikeha oli kasutusel infektsioonhaiguste raviks. Kasvajatest on k\u00f5ige enam n\u00e4idustatud terapeutilisi antikehi hematoloogiliste kasvajate, &#8230;<\/p>\n","protected":false},"author":280,"featured_media":0,"parent":0,"menu_order":0,"comment_status":"closed","ping_status":"closed","template":"","meta":{"_acf_changed":false,"inline_featured_image":false,"footnotes":""},"class_list":["post-15","page","type-page","status-publish","hentry"],"acf":[],"_links":{"self":[{"href":"https:\/\/sisu.ut.ee\/antikehad\/wp-json\/wp\/v2\/pages\/15","targetHints":{"allow":["GET"]}}],"collection":[{"href":"https:\/\/sisu.ut.ee\/antikehad\/wp-json\/wp\/v2\/pages"}],"about":[{"href":"https:\/\/sisu.ut.ee\/antikehad\/wp-json\/wp\/v2\/types\/page"}],"author":[{"embeddable":true,"href":"https:\/\/sisu.ut.ee\/antikehad\/wp-json\/wp\/v2\/users\/280"}],"replies":[{"embeddable":true,"href":"https:\/\/sisu.ut.ee\/antikehad\/wp-json\/wp\/v2\/comments?post=15"}],"version-history":[{"count":1,"href":"https:\/\/sisu.ut.ee\/antikehad\/wp-json\/wp\/v2\/pages\/15\/revisions"}],"predecessor-version":[{"id":71,"href":"https:\/\/sisu.ut.ee\/antikehad\/wp-json\/wp\/v2\/pages\/15\/revisions\/71"}],"wp:attachment":[{"href":"https:\/\/sisu.ut.ee\/antikehad\/wp-json\/wp\/v2\/media?parent=15"}],"curies":[{"name":"wp","href":"https:\/\/api.w.org\/{rel}","templated":true}]}}