{"id":11,"date":"2024-04-03T23:11:00","date_gmt":"2024-04-03T20:11:00","guid":{"rendered":"https:\/\/sisu.ut.ee\/antikehad\/232-inimese-antikehad-transgeensest-hiirest\/"},"modified":"2024-04-03T23:11:04","modified_gmt":"2024-04-03T20:11:04","slug":"232-inimese-antikehad-transgeensest-hiirest","status":"publish","type":"page","link":"https:\/\/sisu.ut.ee\/antikehad\/232-inimese-antikehad-transgeensest-hiirest\/","title":{"rendered":"2.3.2. Transgeensed hiired"},"content":{"rendered":"<p>H\u00fcbridoomi meetodi rakendamine inimese monokloonsete antikehade saamiseks oli \u00fchest k\u00fcljest seotud metoodiliste raskustega, teisest k\u00fcljest eetiliste barj\u00e4\u00e4ridega inimese immuniseerisel. Transgeensete tehnoloogiate areng v\u00f5imaldas 1994. aastal luua hiired, kellel oli v\u00e4lja l\u00fclitatud hiire Ig rasket ja kerget ahelat kodeerivad geenid ja transgeenina sisse viidud vastavad inimese Ig ahelaid kodeerivate geenilookuste osad.<\/p>\n<p>Selliste hiirte immuniseerimisel ja h\u00fcbridoomi meetodi rakendamisel saadi geneetiliselt inimese antikehad, mis olid l\u00e4binud V-domeeni geenisegmentide rekombinatsiooni ja afiinsusk\u00fcpsemise. Inimese antikeha geenidega transgeenseid hiiri arendati edasi biotehnoloogiafirmades, kus loodi tehnoloogilised platvormid inimese terapeutiliste antikehade saamiseks. Esimene terapeutiline inimese monokloonne antikeha transgeenselt hiirelt, mis sai FDA heakskiidu 2006. aastal, oli epidermaalse kasvufaktori retseptori (<em>EGFR<\/em>) vastane antikeha Panitimumab j\u00e4mesoole metastaatilise kartsinoomi raviks. Seisuga 26.04.2013 oli FDA\/EMA poolt registreeritud k\u00fcmnest inimese monokloonsest antikehast seitse p\u00e4rit transgeensetelt hiirtelt. K\u00f5ige edukamaks on osutunud biotehnoloogiafirma Medarex poolt loodud HuMab\u00a0transgeense hiire tehnoloogia, mida on litsenseeritud edasi teistele ettev\u00f5tetele.<\/p>\n","protected":false},"excerpt":{"rendered":"<p>H\u00fcbridoomi meetodi rakendamine inimese monokloonsete antikehade saamiseks oli \u00fchest k\u00fcljest seotud metoodiliste raskustega, teisest k\u00fcljest eetiliste barj\u00e4\u00e4ridega inimese immuniseerisel. Transgeensete tehnoloogiate areng v\u00f5imaldas 1994. aastal luua hiired, kellel oli v\u00e4lja l\u00fclitatud hiire Ig rasket ja kerget ahelat kodeerivad geenid ja &#8230;<\/p>\n","protected":false},"author":280,"featured_media":0,"parent":0,"menu_order":0,"comment_status":"closed","ping_status":"closed","template":"","meta":{"_acf_changed":false,"inline_featured_image":false,"footnotes":""},"class_list":["post-11","page","type-page","status-publish","hentry"],"acf":[],"_links":{"self":[{"href":"https:\/\/sisu.ut.ee\/antikehad\/wp-json\/wp\/v2\/pages\/11","targetHints":{"allow":["GET"]}}],"collection":[{"href":"https:\/\/sisu.ut.ee\/antikehad\/wp-json\/wp\/v2\/pages"}],"about":[{"href":"https:\/\/sisu.ut.ee\/antikehad\/wp-json\/wp\/v2\/types\/page"}],"author":[{"embeddable":true,"href":"https:\/\/sisu.ut.ee\/antikehad\/wp-json\/wp\/v2\/users\/280"}],"replies":[{"embeddable":true,"href":"https:\/\/sisu.ut.ee\/antikehad\/wp-json\/wp\/v2\/comments?post=11"}],"version-history":[{"count":1,"href":"https:\/\/sisu.ut.ee\/antikehad\/wp-json\/wp\/v2\/pages\/11\/revisions"}],"predecessor-version":[{"id":67,"href":"https:\/\/sisu.ut.ee\/antikehad\/wp-json\/wp\/v2\/pages\/11\/revisions\/67"}],"wp:attachment":[{"href":"https:\/\/sisu.ut.ee\/antikehad\/wp-json\/wp\/v2\/media?parent=11"}],"curies":[{"name":"wp","href":"https:\/\/api.w.org\/{rel}","templated":true}]}}