{"id":8,"date":"2024-04-04T07:07:10","date_gmt":"2024-04-04T04:07:10","guid":{"rendered":"https:\/\/sisu.ut.ee\/andmeotsing\/andmeregistrid\/"},"modified":"2024-04-04T07:07:19","modified_gmt":"2024-04-04T04:07:19","slug":"andmeregistrid","status":"publish","type":"page","link":"https:\/\/sisu.ut.ee\/andmeotsing\/andmeregistrid\/","title":{"rendered":"Andmeregistrid"},"content":{"rendered":"<p>\n\t<strong>Andmeregistritest on v\u00f5imalik otsida andmekogusid ilma, et peaks enne otsima repositooriumi. On olemas mitu andmeregistrit, portaali ja otsimootorit, mis\u00a0metaandmete alusel andmekogud repositooriumidest \u00fcles\u00a0leiavad.\u00a0<\/strong>\n<\/p>\n<h2>\n\tDataCite Search<br>\n<\/h2>\n<p>\n\t<a data-url=\"https:\/\/datacite.org\/\" href=\"https:\/\/datacite.org\/\" target=\"_blank\" title=\"\" rel=\"noopener\">DataCite<\/a> on mittetulundus\u00fching, mis registreerib andmekogude metaandmed ja v\u00e4ljastab andmekogudele DOI. Just selle organisatsiooni kaudu saavad ka Eesti teadlased\u00a0oma andmekogudele DOI. Eesti suuremad k\u00f5rgkoolid on moodustanud konsortsiumi <a data-url=\"http:\/\/datacite.ee\/\" href=\"http:\/\/datacite.ee\/\" target=\"_blank\" title=\"\" rel=\"noopener\">DataCite Eesti<\/a>, et oma teadlastele seda teenust pakkuda.\u00a0\n<\/p>\n<p>\n\tDataCite\u2019i registrist on v\u00f5imalik otsida teadusandmeid, publikatsioone, tarkvara, organisatsioone, repositooriume jm, alustades\u00a0<a data-url=\"https:\/\/commons.datacite.org\/\" href=\"https:\/\/commons.datacite.org\/\" target=\"_blank\" title=\"\" rel=\"noopener\">DataCite Commons<\/a>\u00a0lehelt.\n<\/p>\n<p>\n\t<img loading=\"lazy\" decoding=\"async\" width=\"1395\" height=\"240\" class=\"alignnone wp-image-29\" src=\"https:\/\/sisu.ut.ee\/wp-content\/uploads\/sites\/480\/dc_commons.png\" title=\"dc_commons.png\" alt=\"DC Commons\" srcset=\"https:\/\/sisu.ut.ee\/wp-content\/uploads\/sites\/480\/dc_commons.png 1395w, https:\/\/sisu.ut.ee\/wp-content\/uploads\/sites\/480\/dc_commons-300x52.png 300w, https:\/\/sisu.ut.ee\/wp-content\/uploads\/sites\/480\/dc_commons-1024x176.png 1024w, https:\/\/sisu.ut.ee\/wp-content\/uploads\/sites\/480\/dc_commons-768x132.png 768w\" sizes=\"auto, (max-width: 1395px) 100vw, 1395px\">\n<\/p>\n<p>\n\t\u00a0\n<\/p>\n<p>\n\tOtsingus\u00f5nadeks tuleks kasutada\u00a0DataCite\u2019i metaandmete raamistikus\u00a0n\u00f5utud metaandmete v\u00e4ljadel olevaid andmeid: andmekogu autor, pealkiri, v\u00f5tmes\u00f5nad jne.\u00a0<br>Millised on DataCite\u2019i kohustuslikud, soovituslikud ja valikulised metaandmed, v\u00f5ib leida\u00a0<a data-url=\"https:\/\/datacite.ee\/teadlastele\/\" href=\"https:\/\/datacite.ee\/teadlastele\/\" target=\"_blank\" title=\"\" rel=\"noopener\">DataCite Eesti konsortsiumi kodulehelt.<\/a>\u00a0<br>Praegu on DataCite\u2019i registris \u00fcle 36\u00a0miljoni t\u00f6\u00f6, millest Eesti teadusandmeid on ligi 2,4 miljonit. Suurima panuse sellesse on andnud andmehaldusplatvorm PlutoF.\n<\/p>\n<p>\n\tDataCite\u2019i registril on m\u00f5ned head omadused:\u00a0<br>1. alates 2020. aasta algusest kajastab DataCite\u2019i register seda, kui\u00a0mitu korda on andmekogu tsiteeritud, vaadatud ja alla laetud. Tuleb t\u00e4hele panna, et varasemad tegevused ei kajastu, seega t\u00e4pse \u00fclevaate andmekogu kasutusest saab alles 2020. aastast.<br>2. Andmekogu on mugav\u00a0tsiteerida kaheksas\u00a0enamlevinud vormingus, need saab kohe registrist kopeerida.\u00a0\u00a0<br>3. DataCite pakub\u00a0viitevormindajat,\u00a0<a href=\"https:\/\/datacite.org\/citation.html\" target=\"_blank\" title=\"\" rel=\"noopener\">Data Citation Formatter<\/a>, kuhu kopeerides DOI, saab moodustada enam kui 5000 standardset viidet.\u00a0\n<\/p>\n<p>\n\tN\u00e4ide: Otsime T\u00dc teadlase Maarja \u00d6piku\u00a0avaldatud andmeid.\u00a0<br>\u00a0\n<\/p>\n<p style=\"text-align: center\">\n\t<img loading=\"lazy\" decoding=\"async\" width=\"1391\" height=\"841\" class=\"alignnone wp-image-30\" src=\"https:\/\/sisu.ut.ee\/wp-content\/uploads\/sites\/480\/maarja_andmed.png\" title=\"maarja_andmed.png\" alt=\"Maarja Dataset\" srcset=\"https:\/\/sisu.ut.ee\/wp-content\/uploads\/sites\/480\/maarja_andmed.png 1391w, https:\/\/sisu.ut.ee\/wp-content\/uploads\/sites\/480\/maarja_andmed-300x181.png 300w, https:\/\/sisu.ut.ee\/wp-content\/uploads\/sites\/480\/maarja_andmed-1024x619.png 1024w, https:\/\/sisu.ut.ee\/wp-content\/uploads\/sites\/480\/maarja_andmed-768x464.png 768w\" sizes=\"auto, (max-width: 1391px) 100vw, 1391px\">\n<\/p>\n<p style=\"text-align: center\">\n\t\u00a0\n<\/p>\n<p>\n\tOtsingutulemusest on n\u00e4ha, et andmekogu on\u00a01 kord tsiteeritud, 175 korda vaadatud ja 24\u00a0korda alla laetud. Pealkirja link\u00a0viib Dryad repositooriumisse andmekogu juurde, kus saab n\u00e4ha t\u00e4psemaid andmeid ja tsiteeridamitmes vormingus.\n<\/p>\n<p style=\"text-align: center\">\n\t\u00a0\n<\/p>\n<h2>\n\tOpenAIRE EXPLORE<br>\n<\/h2>\n<p>\n\tVeel \u00fcks andmete ja samuti\u00a0publikatsioonide otsimise koht on\u00a0<a href=\"https:\/\/www.openaire.eu\/\" target=\"_blank\" title=\"\" rel=\"noopener\">OpenAIRE<\/a>\u00a0portaal. OpenAIRE on Euroopa Komisjoni pikaajaline projekt, mis koondab komisjoni poolt rahastatud teadusprojektide tulemused ning lingib need omavahel.\n<\/p>\n<p>\n\tOtsimaks portaalist teaduspublikatsioone ja lingitud avaandmeid, tuleb avada\u00a0<a href=\"https:\/\/explore.openaire.eu\/\">OpenAIRE Explore<\/a>.\u00a0Otsingukastis valida, kas otsitakse publikatsioone, andmeid, tarkvara, organisatsioone, projekte v\u00f5i rahastajaid.\n<\/p>\n<p style=\"text-align: center\">\n\t<img loading=\"lazy\" decoding=\"async\" width=\"1233\" height=\"257\" class=\"alignnone wp-image-26\" src=\"https:\/\/sisu.ut.ee\/wp-content\/uploads\/sites\/480\/capture15.png\" title=\"capture15.png\" alt=\"OpenAIRE\" srcset=\"https:\/\/sisu.ut.ee\/wp-content\/uploads\/sites\/480\/capture15.png 1233w, https:\/\/sisu.ut.ee\/wp-content\/uploads\/sites\/480\/capture15-300x63.png 300w, https:\/\/sisu.ut.ee\/wp-content\/uploads\/sites\/480\/capture15-1024x213.png 1024w, https:\/\/sisu.ut.ee\/wp-content\/uploads\/sites\/480\/capture15-768x160.png 768w\" sizes=\"auto, (max-width: 1233px) 100vw, 1233px\">\n<\/p>\n<p>\n\t<strong>Otsime sellest registrist teadusandmeid autori R\u00e4mmer j\u00e4rgi <\/strong>ja n\u00e4eme, et \u00fche T\u00dc teadlase teadusandmed on erinevates andmerepositooriumides, kuid siiski leitavad OpenAIRE portalist. P\u00f5hjus v\u00f5ib olla selles, et EK rahastatavad projektid on koost\u00f6\u00f6projektid, kus osalevad paljude maade teadlased, seega andmed pannakse k\u00f5ikide partnerite poolt heaks kiidetud\u00a0repositooriumisse.\u00a0Embargoperioodi m\u00e4\u00e4rab\u00a0andmete autor tavaliselt nii kauaks, kui andmete anal\u00fc\u00fcsimine on l\u00f5ppenud ja artikkel avaldatud.\u00a0\n<\/p>\n<p style=\"text-align: center\">\n\t<img loading=\"lazy\" decoding=\"async\" width=\"1052\" height=\"617\" class=\"alignnone wp-image-27\" src=\"https:\/\/sisu.ut.ee\/wp-content\/uploads\/sites\/480\/capture16.png\" title=\"capture16.png\" alt=\"Rammer\" srcset=\"https:\/\/sisu.ut.ee\/wp-content\/uploads\/sites\/480\/capture16.png 1052w, https:\/\/sisu.ut.ee\/wp-content\/uploads\/sites\/480\/capture16-300x176.png 300w, https:\/\/sisu.ut.ee\/wp-content\/uploads\/sites\/480\/capture16-1024x601.png 1024w, https:\/\/sisu.ut.ee\/wp-content\/uploads\/sites\/480\/capture16-768x450.png 768w\" sizes=\"auto, (max-width: 1052px) 100vw, 1052px\">\n<\/p>\n<p>\n\t\u00a0\n<\/p>\n<h2>\n\tMendeley Data Search<br>\n<\/h2>\n<p>\n\tMendeley on Suurbritannias asuv firma, mis pakub tooteid ja teenuseid teadlastele. Firma omanik on teaduskirjastus Elsevier.<br><strong>Mendeley Data on teenus, mis pakub teadlastele andmete s\u00e4ilitamise v\u00f5imalust ja andmete otsingut \u00fcle paljude registrite.<\/strong>\u00a0<br><a href=\"https:\/\/data.mendeley.com\/\" target=\"_blank\" title=\"\" rel=\"noopener\">Mendeley Data Search\u00a0<\/a>\u00a0otsib repositooriumides olevaid andmekogusid, kasutades muuhulgas eelpool nimetatud DataCite\u2019i, OpenAIRE\u2019i jt registreid, kuid Mendeley Data eelis on see, et otsitakse\u00a0v\u00f5tmes\u00f5nu ka oma andmehoidla (Mendeley Data) andmefailide sisust, mitte ainult metaandmete hulgast.<br>Praegusel hetkel tundub Mendeley Data Search olevat k\u00f5ige otstarbekam otsingukeskkond, ehkki ka seal on filtreerimise v\u00f5imalusi v\u00e4he. Andmet\u00fc\u00fcbid on v\u00e4ga selgelt v\u00e4lja toodud.<br>Otsingutulemusi ei saa j\u00e4rjestada aasta j\u00e4rgi, kuid aastanumbri saab lisada otsingukasti.\u00a0\u00a0<br><strong>Loogika on t\u00e4pselt sama, mis teistel registritel: tuleb leida andmekogu ja andmetega tutvumiseks ja allalaadimiseks liikuda repositooriumisse.\u00a0<\/strong>\n<\/p>\n<p>\n\t<strong>Mendeley v\u00f5imaldab andmete liitotsingut j\u00e4rgmiste tunnuste j\u00e4rgi:\u00a0<\/strong>\n<\/p>\n<ul>\n<li>\n\t\tAUTHOR()\n\t<\/li>\n<li>\n\t\tAUTHOR_ID (Mendeley User ID, Scopus User ID, ORCID and all user IDs supported by DataCite)\n\t<\/li>\n<li>\n\t\tTITLE()\n\t<\/li>\n<li>\n\t\tINSTITUTION()\n\t<\/li>\n<li>\n\t\tINSTITUTION_ID() (Scopus Institution ID, Scival Institution ID, Mendeley Institution ID)\n\t<\/li>\n<li>\n\t\tID()\n\t<\/li>\n<li>\n\t\tDOI()\n\t<\/li>\n<li>\n\t\tKEYWORDS\n\t<\/li>\n<li>\n\t\tSUBJECT_AREA\n\t<\/li>\n<li>\n\t\tIS_SUPPLEMENT_TO\n\t<\/li>\n<\/ul>\n<p>\n\t<strong>T\u00f6\u00f6tavad ka Boole\u2019i operaatorid<\/strong> AND, OR, NOT,\u00a0 \u201cjutum\u00e4rgid\u201d ja sulud (), kuid sulgude sees operaatorid ei pruugi enam toimida.\u00a0<br>N\u00e4ide: otsime Maarja Kruusmaa teadusandmeid liustike h\u00fcdroloogia teemal:\u00a0Kruusmaa AND \u201cglacial hydrology\u201d. Saame kaks tulemust, mis viivad Zenodo repositooriumisse.\u00a0\n<\/p>\n<p style=\"text-align: center\">\n\t<img loading=\"lazy\" decoding=\"async\" width=\"1308\" height=\"865\" class=\"alignnone wp-image-28\" src=\"https:\/\/sisu.ut.ee\/wp-content\/uploads\/sites\/480\/capture17.png\" title=\"capture17.png\" alt=\"Mendeley\" srcset=\"https:\/\/sisu.ut.ee\/wp-content\/uploads\/sites\/480\/capture17.png 1308w, https:\/\/sisu.ut.ee\/wp-content\/uploads\/sites\/480\/capture17-300x198.png 300w, https:\/\/sisu.ut.ee\/wp-content\/uploads\/sites\/480\/capture17-1024x677.png 1024w, https:\/\/sisu.ut.ee\/wp-content\/uploads\/sites\/480\/capture17-768x508.png 768w\" sizes=\"auto, (max-width: 1308px) 100vw, 1308px\">\n<\/p>\n<p>\n\t\u00a0\n<\/p>\n<p>\n\t\u00a0\n<\/p>\n<h2>\n\tGoogle Dataset\u00a0Search<br>\n<\/h2>\n<p>\n\tGoogle arendab andmekogude otsimootorit\u00a0ja alates 2018. a on\u00a0<a href=\"https:\/\/datasetsearch.research.google.com\/\" target=\"_blank\" title=\"\" rel=\"noopener\">Google Dataset Search<\/a>\u00a0kasutatav. See on sarnane otsingumootoriga Google Scholar ja need on m\u00f5eldud teineteist t\u00e4iendama. Praegu on v\u00f5imalik vaid lihtne v\u00f5tmes\u00f5naotsing, filtreerida saab samuti andmet\u00fc\u00fcpidega. V\u00f5ib \u00f6elda, et praegu on Google Dataset Search arendusj\u00e4rgus.\u00a0\n<\/p>\n<h2>\n\tData Citation Index<br>\n<\/h2>\n<p>\n\tSarnaselt Web of Science viitamisandmebaasile on Clarivate arendanud teadusandmete otsingu registri <a data-url=\"https:\/\/clarivate.com\/webofsciencegroup\/solutions\/webofscience-data-citation-index\/\" href=\"https:\/\/clarivate.com\/webofsciencegroup\/solutions\/webofscience-data-citation-index\/\" target=\"_blank\" title=\"\" rel=\"noopener\">Data Citation Index<\/a>, milles 2020. a l\u00f5pus oli h\u00f5lmatud \u00fcle 10 miljoni andmekogu. Eesti raamatukogudele ei ole see toode praegu ostetud.\u00a0\n<\/p>\n<p>\n\t\u00a0\n<\/p>\n<p>\n\t\u00a0\n<\/p>\n<p>\n\t\u00a0<\/p>\n","protected":false},"excerpt":{"rendered":"<p>Andmeregistritest on v\u00f5imalik otsida andmekogusid ilma, et peaks enne otsima repositooriumi. On olemas mitu andmeregistrit, portaali ja otsimootorit, mis\u00a0metaandmete alusel andmekogud repositooriumidest \u00fcles\u00a0leiavad.\u00a0 DataCite Search DataCite on mittetulundus\u00fching, mis registreerib andmekogude metaandmed ja v\u00e4ljastab andmekogudele DOI. Just selle organisatsiooni kaudu &#8230;<\/p>\n","protected":false},"author":78,"featured_media":0,"parent":0,"menu_order":0,"comment_status":"closed","ping_status":"closed","template":"","meta":{"_acf_changed":false,"inline_featured_image":false,"footnotes":""},"class_list":["post-8","page","type-page","status-publish","hentry"],"acf":[],"_links":{"self":[{"href":"https:\/\/sisu.ut.ee\/andmeotsing\/wp-json\/wp\/v2\/pages\/8","targetHints":{"allow":["GET"]}}],"collection":[{"href":"https:\/\/sisu.ut.ee\/andmeotsing\/wp-json\/wp\/v2\/pages"}],"about":[{"href":"https:\/\/sisu.ut.ee\/andmeotsing\/wp-json\/wp\/v2\/types\/page"}],"author":[{"embeddable":true,"href":"https:\/\/sisu.ut.ee\/andmeotsing\/wp-json\/wp\/v2\/users\/78"}],"replies":[{"embeddable":true,"href":"https:\/\/sisu.ut.ee\/andmeotsing\/wp-json\/wp\/v2\/comments?post=8"}],"version-history":[{"count":1,"href":"https:\/\/sisu.ut.ee\/andmeotsing\/wp-json\/wp\/v2\/pages\/8\/revisions"}],"predecessor-version":[{"id":44,"href":"https:\/\/sisu.ut.ee\/andmeotsing\/wp-json\/wp\/v2\/pages\/8\/revisions\/44"}],"wp:attachment":[{"href":"https:\/\/sisu.ut.ee\/andmeotsing\/wp-json\/wp\/v2\/media?parent=8"}],"curies":[{"name":"wp","href":"https:\/\/api.w.org\/{rel}","templated":true}]}}