{"id":7,"date":"2024-04-04T07:07:10","date_gmt":"2024-04-04T04:07:10","guid":{"rendered":"https:\/\/sisu.ut.ee\/andmeotsing\/repositooriumide-registrid\/"},"modified":"2024-04-04T07:07:19","modified_gmt":"2024-04-04T04:07:19","slug":"repositooriumide-registrid","status":"publish","type":"page","link":"https:\/\/sisu.ut.ee\/andmeotsing\/repositooriumide-registrid\/","title":{"rendered":"Repositooriumide registrid"},"content":{"rendered":"<p>\n\t<strong>Repositooriumide register on andmebaas usaldusv\u00e4\u00e4rsetest avatud repositooriumidest, mis teenib kaht eesm\u00e4rki:\u00a0<\/strong>\n<\/p>\n<ol>\n<li>\n\t\tTeadlased leiavad registritest repositooriume, kuhu nad saaksid oma teadusandmeid pikaajalisele s\u00e4ilitamisele anda\n\t<\/li>\n<li>\n\t\tK\u00f5ik teadusandmetest huvitatud isikud (teadlased, harrastusteadlased, poliitikud, ajakirjanikud, ettev\u00f5tjad)\u00a0 saavad andmeid leida, vabalt alla laadida ja kasutada.<br>\u00a0\n\t<\/li>\n<\/ol>\n<p>\n\t<strong>Oma olemuselt on register repositooriumide kohta k\u00e4ivate metaandmete kataloog.<\/strong><br>Repositooriume iseloomustavad j\u00e4rgmised metaandmed:\n<\/p>\n<ul>\n<li>\n\t\trepositooriumi veebiaadress\n\t<\/li>\n<li>\n\t\tpoliitika olemasolu\n\t<\/li>\n<li>\n\t\trepositooriumi t\u00fc\u00fcp (universaalne, institutsionaalne, erialane)\n\t<\/li>\n<li>\n\t\tpeamised s\u00e4ilitatavad andmet\u00fc\u00fcbid\n\t<\/li>\n<li>\n\t\tvaldkondade loetelu\n\t<\/li>\n<li>\n\t\tavatud v\u00f5i suletud\n\t<\/li>\n<li>\n\t\tkasutatavad p\u00fcsiidentifikaatorid\n\t<\/li>\n<li>\n\t\tkasutatavad litsentsid\n\t<\/li>\n<li>\n\t\ttarkvara\n\t<\/li>\n<li>\n\t\triik\n\t<\/li>\n<li>\n\t\thaldav institutsioon\n\t<\/li>\n<li>\n\t\tasutamisaasta\n\t<\/li>\n<li>\n\t\tkvaliteedisertifikaat\n\t<\/li>\n<li>\n\t\t\u00fchilduvus OAI-PMH protokolliga\u00a0\n\t<\/li>\n<li>\n\t\tjne\n\t<\/li>\n<\/ul>\n<blockquote>\n<p>\n\t\tAlustades andmekogu otsingut repositooriumide registris, tuleb otsida k\u00fcllaltki laia valdkonna j\u00e4rgi, leida endale huvipakkuv andmerepositoorium ja edasi j\u00e4tkata otsingut repositooriumi sees.\u00a0\n\t<\/p>\n<\/blockquote>\n<h2>\n\t<br>Registry of Research Data Repositories (re3data)<br>\n<\/h2>\n<p>\n\t\u00a0\n<\/p>\n<p>\n\t<img loading=\"lazy\" decoding=\"async\" width=\"614\" height=\"247\" class=\"alignnone wp-image-21\" src=\"https:\/\/sisu.ut.ee\/wp-content\/uploads\/sites\/480\/capture8.png\" title=\"capture8.png\" alt=\"re3data\" srcset=\"https:\/\/sisu.ut.ee\/wp-content\/uploads\/sites\/480\/capture8.png 614w, https:\/\/sisu.ut.ee\/wp-content\/uploads\/sites\/480\/capture8-300x121.png 300w\" sizes=\"auto, (max-width: 614px) 100vw, 614px\">\n<\/p>\n<p>\n\t<a data-url=\"https:\/\/www.re3data.org\/\" href=\"https:\/\/www.re3data.org\/\" target=\"_blank\" title=\"\" rel=\"noopener\">re3data.org<\/a> on 2012. a avatud teadusandmete hoidlate \u00fclemaailmne register.\u00a0<br>Repositooriumide registris \u00a0<a href=\"https:\/\/www.re3data.org\/\" target=\"_blank\" title=\"\" rel=\"noopener\">re3data<\/a>, on registreeritud \u00fcle 2600\u00a0repositooriumi.<br>Lisaks leiab re3data portaalist\u00a041 tunnust otsingu t\u00e4psustamiseks. Siiski tuleb arvestada, et filtreerimine ei anna alati h\u00e4id tulemusi, kuna\u00a0repositooriumi haldaja ei ole esitanud v\u00e4ga p\u00f5hjalikke metaandmeid.\u00a0\n<\/p>\n<p>\n\tRegistris on olemas selge\u00a0ikoonide s\u00fcsteem, mis aitab m\u00f5ista:\u00a0\n<\/p>\n<ul>\n<li>\n\t\tkas repositoorium on avatud v\u00f5i suletud\u00a0\n\t<\/li>\n<li>\n\t\tkas on olemas litsentsid\u00a0\n\t<\/li>\n<li>\n\t\tmillist p\u00fcsiidentifikaatorit kasutatakse (DOI, hdl, purl vm)\u00a0\n\t<\/li>\n<li>\n\t\tkas repositooriumil on olemas sertifikaat jne\n\t<\/li>\n<\/ul>\n<p>\n\t<img loading=\"lazy\" decoding=\"async\" alt=\"ikoonid\" height=\"138\" src=\"https:\/\/sisu.ut.ee\/sites\/default\/files\/andmehaldus\/files\/ikoonid.png\" width=\"423\">\n<\/p>\n<p>\n\t\u00a0\n<\/p>\n<p>\n\tTeeme n\u00e4iteotsingu ja p\u00fc\u00fcame leida materjaliteaduse repositooriume:\u00a0<br>Alustame otsingut m\u00e4rks\u00f5naga\u00a0<strong>materjaliteadus\u00a0ehk\u00a0<em>materials science<\/em><\/strong>. Selline otsing annab 80 tulemust (26.09.2019 seisuga) ning need on v\u00f5imalik kiiresti \u00fcle vaadata repositooriumide kirjelduste p\u00f5hjal. Kui oleme huvipakkuva v\u00e4lja valinud, teeme edasised otsingud juba konkreetses repositooriumis.\n<\/p>\n<p style=\"text-align: center\">\n\t<\/p><div class=\"ratio ratio-16x9 mb-3\"><div class=\"video-placeholder-wrapper video-placeholder-wrapper--16x9\">\n\t\t\t    <div class=\"video-placeholder d-flex justify-content-center align-items-center\">\n\t\t\t        <div class=\"overlay text-white p-2 w-100 text-center d-block justify-content-center align-items-center\">\n\t\t\t            <div>Kolmandate osapoolte sisu n\u00e4gemiseks palun n\u00f5ustu k\u00fcpsistega.<\/div>\n\t\t\t            <button class=\"btn btn-secondary btn-sm mt-1 consent-change\">Muuda n\u00f5usolekut<\/button>\n\t\t\t        <\/div>\n\t\t\t    <\/div>\n\t\t\t<\/div>\n<\/div>\n\n<p style=\"text-align: center\">\n\t\u00a0\n<\/p>\n<p>\n\tOtsime\u00a0sotsiaalteaduste repositooriume\u00a0m\u00e4rks\u00f5naga\u00a0<em><strong>social science<\/strong>\u00a0<\/em>ning saame 337 tulemust (20.09.2019 seisuga) tulemust.\u00a0Valime nende hulgast Finnish Social Science Data Archive, mis viib meid Soome andmeportaali\u00a0<a href=\"https:\/\/services.fsd.uta.fi\/index?lang=en\" target=\"_blank\" rel=\"noopener\">Aila<\/a>.\n<\/p>\n<p style=\"text-align: center\">\n\t<\/p><div class=\"ratio ratio-16x9 mb-3\"><div class=\"video-placeholder-wrapper video-placeholder-wrapper--16x9\">\n\t\t\t    <div class=\"video-placeholder d-flex justify-content-center align-items-center\">\n\t\t\t        <div class=\"overlay text-white p-2 w-100 text-center d-block justify-content-center align-items-center\">\n\t\t\t            <div>Kolmandate osapoolte sisu n\u00e4gemiseks palun n\u00f5ustu k\u00fcpsistega.<\/div>\n\t\t\t            <button class=\"btn btn-secondary btn-sm mt-1 consent-change\">Muuda n\u00f5usolekut<\/button>\n\t\t\t        <\/div>\n\t\t\t    <\/div>\n\t\t\t<\/div>\n<\/div>\n\n<p style=\"text-align: center\">\n\t\u00a0\n<\/p>\n<p>\n\tRe3data pakub ka visuaalselt atraktiivset otsingut erialade j\u00e4rgi,\u00a0<a href=\"https:\/\/www.re3data.org\/browse\/by-subject\/\" target=\"_blank\" title=\"\" rel=\"noopener\">Browse by subject<\/a>, kuid siin on oht, et liiga kitsa valdkonna repositooriume ei leiagi.\u00a0\n<\/p>\n<p style=\"text-align: center\">\n\t<img loading=\"lazy\" decoding=\"async\" width=\"782\" height=\"772\" class=\"alignnone wp-image-22\" src=\"https:\/\/sisu.ut.ee\/wp-content\/uploads\/sites\/480\/capture9.png\" title=\"capture9.png\" alt=\"browse subject\" srcset=\"https:\/\/sisu.ut.ee\/wp-content\/uploads\/sites\/480\/capture9.png 782w, https:\/\/sisu.ut.ee\/wp-content\/uploads\/sites\/480\/capture9-300x296.png 300w, https:\/\/sisu.ut.ee\/wp-content\/uploads\/sites\/480\/capture9-768x758.png 768w\" sizes=\"auto, (max-width: 782px) 100vw, 782px\">\n<\/p>\n<p>\n\t\u00a0\n<\/p>\n<h2>\n\tOpenDOAR<br>\n<\/h2>\n<p>\n\tVeel \u00fcks\u00a0koht teaduse avaandmete leidmiseks on\u00a0<a href=\"http:\/\/v2.sherpa.ac.uk\/opendoar\/\">OpenDOAR<\/a>\u00a0(Directory of Open Access Repositories),\u00a0mis v\u00f5imaldab\u00a0andmete k\u00f5rval ka publikatsioonide, tarkvara, patentide, aruannete ja konverentsimaterjalide otsingut. Soovitav on kasutada\u00a0liitotsingut, et leida just oma vajadustele vastav repositoorium.\n<\/p>\n<p style=\"text-align: center\">\n\t<img loading=\"lazy\" decoding=\"async\" width=\"1006\" height=\"486\" class=\"alignnone wp-image-23\" src=\"https:\/\/sisu.ut.ee\/wp-content\/uploads\/sites\/480\/capture10.png\" title=\"capture10.png\" alt=\"OpenDOAR\" srcset=\"https:\/\/sisu.ut.ee\/wp-content\/uploads\/sites\/480\/capture10.png 1006w, https:\/\/sisu.ut.ee\/wp-content\/uploads\/sites\/480\/capture10-300x145.png 300w, https:\/\/sisu.ut.ee\/wp-content\/uploads\/sites\/480\/capture10-768x371.png 768w\" sizes=\"auto, (max-width: 1006px) 100vw, 1006px\">\n<\/p>\n<p>\n\tJuuresolevalt graafikult on n\u00e4ha, et OpenDOAR registris on otseselt andmekogusid\u00a0v\u00f5rreldes muude andmet\u00fc\u00fcpidega siiski v\u00e4he.\u00a0\n<\/p>\n<p style=\"text-align: center\">\n\t<img loading=\"lazy\" decoding=\"async\" width=\"956\" height=\"540\" class=\"alignnone wp-image-24\" src=\"https:\/\/sisu.ut.ee\/wp-content\/uploads\/sites\/480\/capture11.png\" title=\"capture11.png\" alt=\"OpenDOAR_Content\" srcset=\"https:\/\/sisu.ut.ee\/wp-content\/uploads\/sites\/480\/capture11.png 956w, https:\/\/sisu.ut.ee\/wp-content\/uploads\/sites\/480\/capture11-300x169.png 300w, https:\/\/sisu.ut.ee\/wp-content\/uploads\/sites\/480\/capture11-768x434.png 768w\" sizes=\"auto, (max-width: 956px) 100vw, 956px\">\n<\/p>\n<p>\n\t<span style=\"font-size:10px\">https:\/\/v2.sherpa.ac.uk\/view\/repository_visualisations\/1.html<\/span><\/p>\n","protected":false},"excerpt":{"rendered":"<p>Repositooriumide register on andmebaas usaldusv\u00e4\u00e4rsetest avatud repositooriumidest, mis teenib kaht eesm\u00e4rki:\u00a0 Teadlased leiavad registritest repositooriume, kuhu nad saaksid oma teadusandmeid pikaajalisele s\u00e4ilitamisele anda K\u00f5ik teadusandmetest huvitatud isikud (teadlased, harrastusteadlased, poliitikud, ajakirjanikud, ettev\u00f5tjad)\u00a0 saavad andmeid leida, vabalt alla laadida ja kasutada.\u00a0 &#8230;<\/p>\n","protected":false},"author":78,"featured_media":0,"parent":0,"menu_order":0,"comment_status":"closed","ping_status":"closed","template":"","meta":{"_acf_changed":false,"inline_featured_image":false,"footnotes":""},"class_list":["post-7","page","type-page","status-publish","hentry"],"acf":[],"_links":{"self":[{"href":"https:\/\/sisu.ut.ee\/andmeotsing\/wp-json\/wp\/v2\/pages\/7","targetHints":{"allow":["GET"]}}],"collection":[{"href":"https:\/\/sisu.ut.ee\/andmeotsing\/wp-json\/wp\/v2\/pages"}],"about":[{"href":"https:\/\/sisu.ut.ee\/andmeotsing\/wp-json\/wp\/v2\/types\/page"}],"author":[{"embeddable":true,"href":"https:\/\/sisu.ut.ee\/andmeotsing\/wp-json\/wp\/v2\/users\/78"}],"replies":[{"embeddable":true,"href":"https:\/\/sisu.ut.ee\/andmeotsing\/wp-json\/wp\/v2\/comments?post=7"}],"version-history":[{"count":1,"href":"https:\/\/sisu.ut.ee\/andmeotsing\/wp-json\/wp\/v2\/pages\/7\/revisions"}],"predecessor-version":[{"id":43,"href":"https:\/\/sisu.ut.ee\/andmeotsing\/wp-json\/wp\/v2\/pages\/7\/revisions\/43"}],"wp:attachment":[{"href":"https:\/\/sisu.ut.ee\/andmeotsing\/wp-json\/wp\/v2\/media?parent=7"}],"curies":[{"name":"wp","href":"https:\/\/api.w.org\/{rel}","templated":true}]}}