{"id":4,"date":"2024-04-04T07:07:10","date_gmt":"2024-04-04T04:07:10","guid":{"rendered":"https:\/\/sisu.ut.ee\/andmeotsing\/avaleht\/"},"modified":"2024-04-04T07:07:19","modified_gmt":"2024-04-04T04:07:19","slug":"avaleht","status":"publish","type":"page","link":"https:\/\/sisu.ut.ee\/andmeotsing\/","title":{"rendered":"Avaleht"},"content":{"rendered":"<p>\n\t<strong>Lisaks teadusartiklile avaldab teadlane t\u00e4nap\u00e4eval koos artikliga ka artikli alusandmed, s.t\u00a0need andmed, mis ta kogus ja t\u00f6\u00f6tles ning millel p\u00f5hinevad artiklis toodud j\u00e4reldused.\u00a0<\/strong><br>Andmete k\u00f5rval on oluline avaldada ka andmete kogumise metoodika, anal\u00fc\u00fcsimeetodid ja t\u00f6\u00f6tlemiseks kasutatud tarkvara, et teistel teadlastel oleks v\u00f5imalik tema\u00a0t\u00f6\u00f6d m\u00f5ista ja kontrollida ning sobivuse korral kasutada avaldatud andmeid\u00a0oma uurimist\u00f6\u00f6s.\n<\/p>\n<p style=\"text-align: right\">\n\t<img loading=\"lazy\" decoding=\"async\" width=\"864\" height=\"962\" class=\"alignnone wp-image-18\" style=\"width: 343px;height: 382px;float: right\" src=\"https:\/\/sisu.ut.ee\/wp-content\/uploads\/sites\/480\/tu-raamatukogu_avatud-teadus_logo-est_vertikaalne_rgb.png\" title=\"tu-raamatukogu_avatud-teadus_logo-est_vertikaalne_rgb.png\" alt=\"AT\" srcset=\"https:\/\/sisu.ut.ee\/wp-content\/uploads\/sites\/480\/tu-raamatukogu_avatud-teadus_logo-est_vertikaalne_rgb.png 864w, https:\/\/sisu.ut.ee\/wp-content\/uploads\/sites\/480\/tu-raamatukogu_avatud-teadus_logo-est_vertikaalne_rgb-269x300.png 269w, https:\/\/sisu.ut.ee\/wp-content\/uploads\/sites\/480\/tu-raamatukogu_avatud-teadus_logo-est_vertikaalne_rgb-768x855.png 768w\" sizes=\"auto, (max-width: 864px) 100vw, 864px\">\n<\/p>\n<p>\n\tSee on oluline, sest\n<\/p>\n<ul>\n<li>\n\t\tAvalikult (riigieelarvest) rahastatav teadus peab olema avalik\n\t<\/li>\n<li>\n\t\tV\u00e4ldib korduvate uuringute toetamist ja teostamist\n\t<\/li>\n<li>\n\t\tSuurendab teadustulemuste\u00a0l\u00e4bipaistvust\n\t<\/li>\n<li>\n\t\tUuringud on korratavad\n\t<\/li>\n<li>\n\t\tV\u00f5imaldab teadusandmete taaskasutust\u00a0 \u00a0 \u00a0 \u00a0 \u00a0 \u00a0 \u00a0 \u00a0 \u00a0 \u00a0 \u00a0 \u00a0 \u00a0 \u00a0 \u00a0 \u00a0 \u00a0 \u00a0\n\t<\/li>\n<li>\n\t\tAitab kaasa uutele t\u00f5lgendustele ja avastustele\n\t<\/li>\n<li>\n\t\tSuurendab koost\u00f6\u00f6d teadusvaldkondade vahel\n\t<\/li>\n<li>\n\t\tSoodustab rahvusvahelist koost\u00f6\u00f6d\n\t<\/li>\n<li>\n\t\tTeadlane saab tunnustust kogu t\u00f6\u00f6 eest (andmeid saab tsiteerida)\n\t<\/li>\n<li>\n\t\tOn baasiks \u00f5ppet\u00f6\u00f6le\n\t<\/li>\n<\/ul>\n<p><strong>Selles teemas \u00f5petame, kuidas avaandmeid otsida ja mille alusel andmekogude kvaliteeti hinnata.\u00a0<\/strong><\/p>\n<p>\n\t<br>Avaandmete otsingu tulemus, juba olemasolevad andmekogud\n<\/p>\n<ul>\n<li>\n\t\taitavad paremini m\u00f5ista teadusartiklite sisu\n\t<\/li>\n<li>\n\t\tv\u00f5imaldavad teadlasel leitud andmeid kasutada, ei pea alustama oma uurimist\u00f6\u00f6d nullist\n\t<\/li>\n<li>\n\t\tv\u00f5imaldavad oma teadust\u00f6\u00f6 metoodikat parandada, \u00f5ppida teiste vigadest\n\t<\/li>\n<\/ul>\n","protected":false},"excerpt":{"rendered":"<p>Lisaks teadusartiklile avaldab teadlane t\u00e4nap\u00e4eval koos artikliga ka artikli alusandmed, s.t\u00a0need andmed, mis ta kogus ja t\u00f6\u00f6tles ning millel p\u00f5hinevad artiklis toodud j\u00e4reldused.\u00a0Andmete k\u00f5rval on oluline avaldada ka andmete kogumise metoodika, anal\u00fc\u00fcsimeetodid ja t\u00f6\u00f6tlemiseks kasutatud tarkvara, et teistel teadlastel oleks &#8230;<\/p>\n","protected":false},"author":78,"featured_media":0,"parent":0,"menu_order":0,"comment_status":"closed","ping_status":"closed","template":"","meta":{"_acf_changed":false,"inline_featured_image":false,"footnotes":""},"class_list":["post-4","page","type-page","status-publish","hentry"],"acf":[],"_links":{"self":[{"href":"https:\/\/sisu.ut.ee\/andmeotsing\/wp-json\/wp\/v2\/pages\/4","targetHints":{"allow":["GET"]}}],"collection":[{"href":"https:\/\/sisu.ut.ee\/andmeotsing\/wp-json\/wp\/v2\/pages"}],"about":[{"href":"https:\/\/sisu.ut.ee\/andmeotsing\/wp-json\/wp\/v2\/types\/page"}],"author":[{"embeddable":true,"href":"https:\/\/sisu.ut.ee\/andmeotsing\/wp-json\/wp\/v2\/users\/78"}],"replies":[{"embeddable":true,"href":"https:\/\/sisu.ut.ee\/andmeotsing\/wp-json\/wp\/v2\/comments?post=4"}],"version-history":[{"count":1,"href":"https:\/\/sisu.ut.ee\/andmeotsing\/wp-json\/wp\/v2\/pages\/4\/revisions"}],"predecessor-version":[{"id":40,"href":"https:\/\/sisu.ut.ee\/andmeotsing\/wp-json\/wp\/v2\/pages\/4\/revisions\/40"}],"wp:attachment":[{"href":"https:\/\/sisu.ut.ee\/andmeotsing\/wp-json\/wp\/v2\/media?parent=4"}],"curies":[{"name":"wp","href":"https:\/\/api.w.org\/{rel}","templated":true}]}}