{"id":60,"date":"2024-04-04T04:36:09","date_gmt":"2024-04-04T01:36:09","guid":{"rendered":"https:\/\/sisu.ut.ee\/andmehaldus\/data-catalogues\/"},"modified":"2024-04-16T17:07:26","modified_gmt":"2024-04-16T14:07:26","slug":"data-catalogues","status":"publish","type":"page","link":"https:\/\/sisu.ut.ee\/andmehaldus\/data-catalogues\/?lang=en","title":{"rendered":"Data Catalogues"},"content":{"rendered":"<p>\n\tData catalogues assemble the data available in e-infrastructures related to a certain research field and\/or its network. In general, the same data can be found in data registers, but it is often easier to search the disciplinary data catalogue. At the same time one has to investigate, what resources are included in the catalogue and what may be left out.\n<\/p>\n<p>\n\tCESSDA is a Consortium of European Social Science Data Archives\u00a0and\u00a0\u00a0<a href=\"https:\/\/datacatalogue.cessda.eu\/\" target=\"_blank\" title=\"\" rel=\"noopener\">CESSDA Data Catalogue<\/a>\u00a0aggregates social science data from service providers in 20 European countries.<br>Watch the video\u00a0about data search\u00a0in the catalogue:\n<\/p>\n<p style=\"text-align: center\">\n\t<\/p><div class=\"ratio ratio-16x9 mb-3\"><div class=\"video-placeholder-wrapper video-placeholder-wrapper--16x9\">\n\t\t\t    <div class=\"video-placeholder d-flex justify-content-center align-items-center\">\n\t\t\t        <div class=\"overlay text-white p-2 w-100 text-center d-block justify-content-center align-items-center\">\n\t\t\t            <div>Kolmandate osapoolte sisu n\u00e4gemiseks palun n\u00f5ustu k\u00fcpsistega.<\/div>\n\t\t\t            <button class=\"btn btn-secondary btn-sm mt-1 consent-change\">Muuda n\u00f5usolekut<\/button>\n\t\t\t        <\/div>\n\t\t\t    <\/div>\n\t\t\t<\/div>\n<\/div>\n\n<p>\n\t\u00a0\n<\/p>\n<p>\n\t<a href=\"https:\/\/www.clarin.eu\/\" target=\"_blank\" title=\"CLARIN ERIC\" rel=\"noopener\">CLARIN ERIC<\/a>\u00a0(Common Language Resources and Technology Infrastructure of European Research Infrastructure Consortium) is a research infrastructure that was initiated\u00a0from the vision\u00a0that all digital language resources and tools from all over Europe and beyond are accessible through the\u00a0<dfn title=\"single sign-on\"><button disabled><\/button><\/dfn>online environment for the support of researchers in the humanities and social sciences.<br>The register of CLARIN language resources is\u00a0\u00a0<a href=\"https:\/\/vlo.clarin.eu\/;jsessionid=148CF6A9DBB8FFECB0C62E5BCF7621E8?0\" target=\"_blank\" title=\"\" rel=\"noopener\">Virtual Language Observator<\/a>y\u00a0(VLO).\n<\/p>\n<p>\n\tSome more examples:\u00a0\n<\/p>\n<p>\n\t<a href=\"https:\/\/www.covid19dataportal.org\/\" target=\"_blank\" title=\"\" rel=\"noopener\">COVID-19 Data Portal<\/a>. The portal enables to upload COVID-19 related research data and\u00a0open access to data.\u00a0\n<\/p>\n<p>\n\t<a href=\"https:\/\/www.openml.org\/\" target=\"_blank\" title=\"\" rel=\"noopener\">OpenML<\/a>\u00a0(Open Machine Learning) is for ML data and algorithms.\n<\/p>\n<p>\n\t<a href=\"https:\/\/gisgeography.com\/best-free-gis-data-sources-raster-vector\/\" target=\"_blank\" title=\"\" rel=\"noopener\">10 Free GIS Data Sources<\/a>: Best Global Raster and Vector Datasets.\n<\/p>\n<p>\n\t\u00a0<\/p>\n","protected":false},"excerpt":{"rendered":"<p>Data catalogues assemble the data available in e-infrastructures related to a certain research field and\/or its network. In general, the same data can be found in data registers, but it is often easier to search the disciplinary data catalogue. At &#8230;<\/p>\n","protected":false},"author":78,"featured_media":0,"parent":0,"menu_order":0,"comment_status":"closed","ping_status":"closed","template":"","meta":{"_acf_changed":false,"inline_featured_image":false,"footnotes":""},"class_list":["post-60","page","type-page","status-publish","hentry"],"acf":[],"_links":{"self":[{"href":"https:\/\/sisu.ut.ee\/andmehaldus\/wp-json\/wp\/v2\/pages\/60","targetHints":{"allow":["GET"]}}],"collection":[{"href":"https:\/\/sisu.ut.ee\/andmehaldus\/wp-json\/wp\/v2\/pages"}],"about":[{"href":"https:\/\/sisu.ut.ee\/andmehaldus\/wp-json\/wp\/v2\/types\/page"}],"author":[{"embeddable":true,"href":"https:\/\/sisu.ut.ee\/andmehaldus\/wp-json\/wp\/v2\/users\/78"}],"replies":[{"embeddable":true,"href":"https:\/\/sisu.ut.ee\/andmehaldus\/wp-json\/wp\/v2\/comments?post=60"}],"version-history":[{"count":1,"href":"https:\/\/sisu.ut.ee\/andmehaldus\/wp-json\/wp\/v2\/pages\/60\/revisions"}],"predecessor-version":[{"id":304,"href":"https:\/\/sisu.ut.ee\/andmehaldus\/wp-json\/wp\/v2\/pages\/60\/revisions\/304"}],"wp:attachment":[{"href":"https:\/\/sisu.ut.ee\/andmehaldus\/wp-json\/wp\/v2\/media?parent=60"}],"curies":[{"name":"wp","href":"https:\/\/api.w.org\/{rel}","templated":true}]}}