{"id":46,"date":"2024-04-04T04:36:12","date_gmt":"2024-04-04T01:36:12","guid":{"rendered":"https:\/\/sisu.ut.ee\/andmehaldus\/vastutusalad-ja-andmehalduse-maksumus\/"},"modified":"2024-04-04T04:37:02","modified_gmt":"2024-04-04T01:37:02","slug":"vastutusalad-ja-andmehalduse-maksumus","status":"publish","type":"page","link":"https:\/\/sisu.ut.ee\/andmehaldus\/vastutusalad-ja-andmehalduse-maksumus\/","title":{"rendered":"Vastutusalad ja andmehalduse maksumus"},"content":{"rendered":"<p style=\"text-align: justify\">\n\t<strong>Andmehaldusplaani koostamine ja kaasajastamine on kollektiivne t\u00f6\u00f6<\/strong>, kuid igale tegevusele peaks olema m\u00e4\u00e4ratud vastutajad, sest k\u00f5ik on huvitatud projekti elluviimisest ning kvaliteetsetest tulemustest, artiklitest ja avaldatud andmetest.\n<\/p>\n<blockquote>\n<p style=\"text-align: justify\">\n\t\tVastutust v\u00f5ib planeerida nii ametikohtade kui ka t\u00f6\u00f6voo j\u00e4rgi.\u00a0\n\t<\/p>\n<\/blockquote>\n<p style=\"text-align: justify\">\n\t<strong>Juhtivteadurid (<em>PI<\/em>)<\/strong>\n<\/p>\n<ul>\n<li style=\"text-align: justify\">\n\t\tPeaksid hoolitsema selle eest, et k\u00f5ik uurimisgrupi liikmed\u00a0(sh doktorandid)\u00a0oleksid teadlikud, milline on selle grupi andmehalduse poliitika\n\t<\/li>\n<li style=\"text-align: justify\">\n\t\tVastutavad\u00a0andmehaldusplaani koostamise ja t\u00e4iendamise eest kogu projekti v\u00e4ltel\n\t<\/li>\n<li style=\"text-align: justify\">\n\t\tVastutavad\u00a0k\u00f5ikide siduvate lepingute s\u00f5lmimise ja t\u00e4itmise eest\n\t<\/li>\n<li style=\"text-align: justify\">\n\t\tKoordineerivad\u00a0andmehaldust koost\u00f6\u00f6projektide puhul\n\t<\/li>\n<li style=\"text-align: justify\">\n\t\tPlaneerivad\u00a0andmehalduse kulud\n\t<\/li>\n<\/ul>\n<p style=\"text-align: justify\">\n\t<strong>Doktorantide juhendajad<\/strong>\n<\/p>\n<ul>\n<li style=\"text-align: justify\">\n\t\tToetavad doktoranti andmehaldusplaani koostamisel, juhendades ja lahendades konkreetseid probleeme\n\t<\/li>\n<li style=\"text-align: justify\">\n\t\tTagavad, et doktorandil oleksid andmehalduse alased oskused\n\t<\/li>\n<li style=\"text-align: justify\">\n\t\tVeenduvad, et PhD teeside alusandmed ning\u00a0tarkvara saaksid hallatud\u00a0ja avaldatud nii, et need oleksid repositooriumis s\u00e4ilitatavad FAIR andmed\n\t<\/li>\n<\/ul>\n<p style=\"text-align: justify\">\n\t<strong>Doktorandid<\/strong>\n<\/p>\n<ul>\n<li style=\"text-align: justify\">\n\t\tVastutavad, et nende enda\u00a0kogutud andmed oleksid organiseeritud ning\u00a0dokumenteeritud vastavalt andmehaldusplaanile\n\t<\/li>\n<li style=\"text-align: justify\">\n\t\tVastutavad, et nende andmed oleksid projekti l\u00f5ppedes FAIR andmed\n\t<\/li>\n<li style=\"text-align: justify\">\n\t\tProbleemide tekkimisel k\u00fcsivad abi ja koolitusi\n\t<\/li>\n<\/ul>\n<p style=\"text-align: justify\">\n\t<strong>Vastutust v\u00f5ib jagada ka andmetega tehtavate operatsioonide kaupa v\u00f5i t\u00f6\u00f6voo j\u00e4rgi<\/strong>. Sel juhul tuleks m\u00e4\u00e4rata kindlaks, kes vastutab andmete kogumise ees, kes dokumenteerimise ja metaandmetega kirjeldamise eest, kes andmeturbe ja varundamise eest.\n<\/p>\n<blockquote>\n<p style=\"text-align: justify\">\n\t\tLisaks otseselt teadust\u00f6\u00f6d tegevale uurimisgrupile on teadlasi toetamas teised \u00fclikooli struktuuri\u00fcksused nagu grandikeskus, IT-osakond ja raamatukogu.\n\t<\/p>\n<\/blockquote>\n<p style=\"text-align: justify\">\n\tVajadusel tuleb palgata spetsialiste v\u00f5i lisat\u00f6\u00f6j\u00f5udu.\u00a0Ka nemad peavad olema teadlikud oma rollist ja vastutusest.\n<\/p>\n<h3 style=\"text-align: justify\">\n\tAndmehalduse maksumus<br>\n<\/h3>\n<p style=\"text-align: justify\">\n\tJuba grandi taotlemisel on m\u00f5ttekas v\u00e4lja tuua andmehalduse kulud. Kulusid tekib andmete eluts\u00fckli igas etapis.\n<\/p>\n<p style=\"text-align: justify\">\n\t<strong>Andmete kogumine\u00a0<\/strong>\n<\/p>\n<p style=\"text-align: justify\">\n\tTeatavasti on \u00fcks v\u00f5imalus andmete saamiseks neid osta. Kui andmed kogutakse ise, on v\u00f5ib-olla vajalik v\u00e4lja t\u00f6\u00f6tada juhendeid v\u00f5i luua malle andmete kogumiseks.\n<\/p>\n<p style=\"text-align: justify\">\n\tKui andmeteks on n\u00e4iteks videointervjuud\u00a0v\u00f5i salvestatud fookusgrupi intervjuud, tuleb need transkribeerida. Selleks ei ole m\u00f5istlik kulutada k\u00f5rgelt kvalifitseeritud teadlase aega.\u00a0Otstarbekam on see sisse osta lisat\u00f6\u00f6d vajavalt \u00fcli\u00f5pilaselt. M\u00f5nikord\u00a0on vaja intervjuusid jms\u00a0ka t\u00f5lkida \u2013\u00a0professionaalse t\u00f5lgi teenus on aga kallis.\n<\/p>\n<p style=\"text-align: justify\">\n\tAndmete kogumisel tuleb lisaks m\u00f5elda j\u00e4rgmistele k\u00fcsimustele:\n<\/p>\n<ul>\n<li style=\"text-align: justify\">\n\t\tKui on tegemist isikuandmete kogumisega, kas on olemas p\u00e4devus n\u00f5usolekuvormi koostamiseks? Kas andmekaitse spetsialisti konsultatsiooni on v\u00f5imalik saada\u00a0tasuta?\n\t<\/li>\n<li style=\"text-align: justify\">\n\t\tKui andmete kogumiseks on vaja mingit tarkvara, kas see on tasuta saadaval, tuleb ise arendada v\u00f5i hoopis osta?\n\t<\/li>\n<li style=\"text-align: justify\">\n\t\tKas vajalik riistvara on olemas? Kas see vastab planeeritavatele andmemahtudele? Kuidas toimub andmete kogumine v\u00e4lit\u00f6\u00f6de ajal \u2013\u00a0kas selleks on vaja spetsiaalseid seadmeid? Kas andmete kogumise ja seadmete k\u00e4sitsemise kohta on vaja korraldada koolitusi?\n\t<\/li>\n<\/ul>\n<p style=\"text-align: justify\">\n\t<strong>Dokumenteerimine<\/strong>\u00a0\n<\/p>\n<p style=\"text-align: justify\">\n\tKui dokumeteerimist\u00a0teha jooksvalt, siis on see odav.\u00a0Kui tagantj\u00e4rele, siis aga kallis ja m\u00f5nikord lausa v\u00f5imatu.\n<\/p>\n<p style=\"text-align: justify\">\n\t<strong>Andmeanal\u00fc\u00fcs<\/strong>\u00a0\n<\/p>\n<p style=\"text-align: justify\">\n\tSiinkohal peab j\u00e4lle m\u00f5tlema riist- ja tarkvarale ning koolitusvajadusele. Andmeanal\u00fc\u00fcsiks saab kasutada ka teiste asutuste tasulisi teenuseid.\u00a0N\u00e4iteks suurandmete t\u00f6\u00f6tlus T\u00dc teadusarvutuste keskusest v\u00f5i teenused T\u00dc statistilise n\u00f5ustamise keskusest.\n<\/p>\n<p style=\"text-align: justify\">\n\t<strong>S\u00e4ilitamine, varundamine<\/strong>\u00a0\n<\/p>\n<p style=\"text-align: justify\">\n\t\u00dclikooli kesksed IT-teenused on tasuta, kuid muud lahendused ei pruugi olla. \u00dcldiselt s\u00f5ltub k\u00f5ik prognoositavast andmemahust. Selle j\u00e4rgi saab otsustada salvestusruumi vajaduse ning\u00a0maksumuse.\n<\/p>\n<p style=\"text-align: justify\">\n\tKui materjale on vaja skaneerida v\u00f5i digiteerida ja t\u00e4rktuvastada (OCR), on selleks vaja riist- ja tarkvara ning t\u00f6\u00f6j\u00f5udu. Siinkohal peab eriti m\u00f5tlema andmeturbele, n\u00e4iteks kas tundlikele andmetele on vaja eraldi serverit. Kuna andmeid peab varundama regulaarselt ja v\u00e4hemalt \u00fcks varukoopia peab asuma kuskil eemal, siis tasub uurida, kas selleks on vaja mingeid seadmeid.\n<\/p>\n<p style=\"text-align: justify\">\n\t<strong>Andmete pikaajaline s\u00e4ilitamine ja jagamine\u00a0<\/strong>\n<\/p>\n<p style=\"text-align: justify\">\n\tAndmete ettevalmistamine jagamiseks v\u00f5ib olla suur t\u00f6\u00f6, kui andmeid on vaja konverteerida teistesse vormingutesse. Tuleb veenduda, et k\u00f5ik avaldatavad andmed oleksid anon\u00fcmiseeritud.\u00a0Audio- ja videofailide puhul on see v\u00e4ga suur t\u00f6\u00f6. Selles etapis v\u00f5ib vaja minna ka juristi konsultatsiooni, et autori\u00f5iguse ning\u00a0litsentseerimise k\u00fcsimused oleksid \u00f5igesti lahendatud.\n<\/p>\n<p style=\"text-align: justify\">\n\tKui andmed s\u00e4ilitatakse institutsionaalses repositooriumis, siis see on \u00fcldjuhul tasuta. Suuremahuliste andmete s\u00e4ilitamine \u00fcksk\u00f5ik millises repositooriumis on tasuline, ehkki need piirid on v\u00e4ga erinevad.\n<\/p>\n<p style=\"text-align: justify\">\n\tAndmemahuka teadust\u00f6\u00f6 puhul v\u00f5ib olla otstarbekas palgata andmehaldur, kes oskab andmetega t\u00f6\u00f6tada, vastutab kogu t\u00f6\u00f6r\u00fchma andmehalduse eest ning\u00a0n\u00f5ustab ja koolitab.\n<\/p>\n<p style=\"text-align: justify\">\n\tKui koost\u00f6\u00f6partnerid on v\u00e4lismaal, tuleb kindlasti korraldada \u00fchiseid koosolekuid ja seminare.\u00a0Selleks\u00a0tuleks samuti raha planeerida.\n<\/p>\n<p style=\"text-align: justify\">\n\tPoster, mis illustreerib andmehalduse maksumust:\u00a0<span class=\"file media-element file-os-files-link\" data-file_info=\"%7B%22fid%22:%2251902%22,%22view_mode%22:%22os_files_link%22,%22type%22:%22media%22%7D\"><img decoding=\"async\" alt=\"\" class=\"file-icon\" src=\"\/profiles\/openscholar\/modules\/os\/modules\/os_files\/icons\/application-pdf.svg\"> <a href=\"https:\/\/sisu.ut.ee\/wp-content\/uploads\/sites\/301\/openaire_rdm_researcher_costs.pdf\">openaire_rdm_researcher_costs.pdf<\/a><\/span><br><span style=\"font-size:10px\"><span class=\"file media-element file-os-files-link\" data-file_info=\"%7B%22fid%22:%2251902%22,%22view_mode%22:%22os_files_link%22,%22type%22:%22media%22%7D\">Allikas:\u00a0<\/span>O\u2019Connor, Ryan, Delipalta, Alexandra, &amp; Jones, Sarah. (2020). What will it cost to manage and share my data?. Zenodo.<\/span><a data-url=\" http:\/\/doi.org\/10.5281\/zenodo.3837717\" href=\"http:\/\/doi.org\/10.5281\/zenodo.3837717\" target=\"_blank\" title=\"\" rel=\"noopener\">http:\/\/doi.org\/10.5281\/zenodo.3837717<\/a>\n<\/p>\n<p style=\"text-align: justify\">\n\tSiinkohal on ka v\u00e4ga huvitav vaadata, millistest allikatest andmete s\u00e4ilitamise maksumus kaetakse ning kuidas raha jagatakse s\u00f5ltuvalt teadlase positsioonist:\u00a0\n<\/p>\n<p style=\"text-align: center\">\n\t<img loading=\"lazy\" decoding=\"async\" width=\"896\" height=\"595\" class=\"alignnone wp-image-192\" src=\"https:\/\/sisu.ut.ee\/wp-content\/uploads\/sites\/301\/costs.png\" title=\"costs.png\" alt=\"Costs\" srcset=\"https:\/\/sisu.ut.ee\/wp-content\/uploads\/sites\/301\/costs.png 896w, https:\/\/sisu.ut.ee\/wp-content\/uploads\/sites\/301\/costs-300x199.png 300w, https:\/\/sisu.ut.ee\/wp-content\/uploads\/sites\/301\/costs-768x510.png 768w\" sizes=\"auto, (max-width: 896px) 100vw, 896px\">\n<\/p>\n<p>\n\t<span style=\"font-size:12px\">Allikas:\u00a0\u00a0European Commission, Directorate-General for Research and Innovation,\u00a0European Research Data Landscape \u2013 Final report, Publications Office of the European Union, 2022,\u00a0<a href=\"https:\/\/data.europa.eu\/doi\/10.2777\/3648\" target=\"_blank\" rel=\"noopener\">https:\/\/data.europa.eu\/doi\/10.2777\/3648<\/a><\/span>\n<\/p>\n<p style=\"text-align: center\">\n\t\u00a0\n<\/p>\n<p style=\"text-align: justify\">\n\t<br><!--break--><\/p>\n","protected":false},"excerpt":{"rendered":"<p>Andmehaldusplaani koostamine ja kaasajastamine on kollektiivne t\u00f6\u00f6, kuid igale tegevusele peaks olema m\u00e4\u00e4ratud vastutajad, sest k\u00f5ik on huvitatud projekti elluviimisest ning kvaliteetsetest tulemustest, artiklitest ja avaldatud andmetest. Vastutust v\u00f5ib planeerida nii ametikohtade kui ka t\u00f6\u00f6voo j\u00e4rgi.\u00a0 Juhtivteadurid (PI) Peaksid hoolitsema &#8230;<\/p>\n","protected":false},"author":78,"featured_media":0,"parent":0,"menu_order":0,"comment_status":"closed","ping_status":"closed","template":"","meta":{"_acf_changed":false,"inline_featured_image":false,"footnotes":""},"class_list":["post-46","page","type-page","status-publish","hentry"],"acf":[],"_links":{"self":[{"href":"https:\/\/sisu.ut.ee\/andmehaldus\/wp-json\/wp\/v2\/pages\/46","targetHints":{"allow":["GET"]}}],"collection":[{"href":"https:\/\/sisu.ut.ee\/andmehaldus\/wp-json\/wp\/v2\/pages"}],"about":[{"href":"https:\/\/sisu.ut.ee\/andmehaldus\/wp-json\/wp\/v2\/types\/page"}],"author":[{"embeddable":true,"href":"https:\/\/sisu.ut.ee\/andmehaldus\/wp-json\/wp\/v2\/users\/78"}],"replies":[{"embeddable":true,"href":"https:\/\/sisu.ut.ee\/andmehaldus\/wp-json\/wp\/v2\/comments?post=46"}],"version-history":[{"count":1,"href":"https:\/\/sisu.ut.ee\/andmehaldus\/wp-json\/wp\/v2\/pages\/46\/revisions"}],"predecessor-version":[{"id":318,"href":"https:\/\/sisu.ut.ee\/andmehaldus\/wp-json\/wp\/v2\/pages\/46\/revisions\/318"}],"wp:attachment":[{"href":"https:\/\/sisu.ut.ee\/andmehaldus\/wp-json\/wp\/v2\/media?parent=46"}],"curies":[{"name":"wp","href":"https:\/\/api.w.org\/{rel}","templated":true}]}}