{"id":44,"date":"2024-04-04T04:36:12","date_gmt":"2024-04-04T01:36:12","guid":{"rendered":"https:\/\/sisu.ut.ee\/andmehaldus\/andmete-jagamine\/"},"modified":"2024-04-04T04:37:02","modified_gmt":"2024-04-04T01:37:02","slug":"andmete-jagamine","status":"publish","type":"page","link":"https:\/\/sisu.ut.ee\/andmehaldus\/andmete-jagamine\/","title":{"rendered":"Andmete jagamine ja avaldamine"},"content":{"rendered":"<p style=\"text-align: justify\">\n\t<strong>P\u00e4rast teadusprojekti l\u00f5ppemist s\u00e4ilitatakse andmed usaldusv\u00e4\u00e4rsetes\u00a0teadusandmete repositooriumides, mille kaudu saadakse ka DOI ja registreeritakse metaandmed<\/strong>. See tagab, et andmed oleksid\u00a0teistele teadlastele kergesti leitavad, k\u00e4ttesaadavad ning\u00a0taaskasutatavad.\n<\/p>\n<p style=\"text-align: justify\">\n\tKui projekti k\u00e4igus avaldatakse teadusartiklid, siis lingitakse artiklid\u00a0nende\u00a0alusandmetega (ja muude teadust\u00f6\u00f6 v\u00e4ljunditega) DOI vahendusel.\u00a0\n<\/p>\n<h3 style=\"text-align: justify\">\n\t<em>Data availability statement<\/em><br>\n<\/h3>\n<p style=\"text-align: justify\">\n\tTeaduskirjastused n\u00f5uavad v\u00f5i soovitavad, et artikli esitamisel avaldamiseks lisataks ka <em>Data Availability Statement (DAS).\u00a0<\/em>See on siis teadaanne selle kohta, kus on artikli alusandmed k\u00e4ttesaadavad.<br>M\u00f5ned n\u00e4ited:\u00a0\n<\/p>\n<p>\n\t<strong>Taylor&amp;Francis<\/strong>: A data availability statement (also sometimes called a \u2018data access statement\u2019) tells the reader where the data associated with a paper is available, and under what conditions the data can be accessed. They also include links (where applicable) to the data set.\n<\/p>\n<p>\n\t<strong>Springer Nature<\/strong>:\u00a0Data availability statements provide a statement about where data supporting the results reported in a published article can be found \u2013 including, where applicable, hyperlinks to publicly archived datasets analysed or generated during the study.\n<\/p>\n<p>\n\t<strong>Sage Publishing<\/strong>:\u00a0We encourage authors to include in any articles that report results derived from research data to include a Data Availability Statement (DAS). A DAS should include information on where data supporting the results reported in the article can be found including, where applicable, hyperlinks to publicly archived datasets analyzed or generated during the study. Where research data are not publicly available, this must be stated along with any conditions for accessing the data.\n<\/p>\n<p>\n\tArtiklis\u00a0<strong>\u00a0<\/strong>Colavizza G, Hrynaszkiewicz I, Staden I, Whitaker K, McGillivray B (2020) <strong>The citation advantage of linking publications to research data.<\/strong> PLoS ONE 15(4): e0230416. <a data-url=\"https:\/\/doi.org\/10.1371\/journal.pone.0230416\" href=\"https:\/\/doi.org\/10.1371\/journal.pone.0230416\" target=\"_blank\" title=\"\" rel=\"noopener\">https:\/\/doi.org\/10.1371\/journal.pone.0230416<\/a><br>v\u00e4idetakse, et <strong>info selle kohta, kust leida andmed, suurendab artikli tsiteeritavust hinnanguliselt 25%<\/strong>.\n<\/p>\n<p>\n\tToome m\u00f5ned n\u00e4ited, kuidas on artikkel avaldatud koos andmetega:\n<\/p>\n<p>\n\t<strong>N\u00e4ide 1<\/strong>:<strong>\u00a0Avatud juurdep\u00e4\u00e4suga eelretsenseeritud teadusartikkel + avaandmed<\/strong> (supplemental material, supporting information). \u00dclalnimetatud artikli <a data-url=\"https:\/\/doi.org\/10.1371\/journal.pone.0230416\" href=\"https:\/\/doi.org\/10.1371\/journal.pone.0230416\" target=\"_blank\" title=\"\" rel=\"noopener\">https:\/\/doi.org\/10.1371\/journal.pone.0230416<\/a>\u00a0puhul on avaldatud, et\u00a0<br>Code and data can be found at:\u00a0<a href=\"https:\/\/doi.org\/10.5281\/zenodo.3470062\">https:\/\/doi.org\/10.5281\/zenodo.3470062<\/a><br>See t\u00e4hendab, et nii kood kui ka alusandmed on leitavad Zenodo repositooriumis.\n<\/p>\n<p>\n\t<strong>N\u00e4ide 2<\/strong>:\u00a0Artikliga koos on avaldatud <em>Supporting information<\/em>, need on andmekogud, tabelid ja joonised, millest iga\u00fcks on saanud oma DOI. Nii on v\u00f5imalik igale andmekogule eraldi viidata ja teadlased saavad tsiteeringuid.<br>Anagnostou P, Capocasa M, Milia N, Sanna E, Battaggia C, Luzi D, et al. (2015) When Data Sharing Gets Close to 100%: What Human Paleogenetics Can Teach the Open Science Movement. PLoS ONE 10(3): e0121409. <a data-url=\"https:\/\/doi.org\/10.1371\/journal.pone.0121409\" href=\"https:\/\/doi.org\/10.1371\/journal.pone.0121409\" target=\"_blank\" title=\"\" rel=\"noopener\">https:\/\/doi.org\/10.1371\/journal.pone.0121409<\/a>\n<\/p>\n<p>\n\t<strong>N\u00e4ide 3<\/strong>:\u00a0T<strong>ellitavates ajakirjades avaldatud artiklite alusandmed v\u00f5ivad samuti olla avatud<\/strong>. Elsevieri ajakirjas\u00a0<em>Journal of Molecular Graphics and Modelling<\/em>, avaldatud artikli andmed v\u00f5ib vabalt alla laadida QsarDB repositooriumist.\n<\/p>\n<p>\n\t<img loading=\"lazy\" decoding=\"async\" width=\"731\" height=\"551\" class=\"alignnone wp-image-182\" style=\"margin-left: auto;margin-right: auto;text-align: justify\" src=\"https:\/\/sisu.ut.ee\/wp-content\/uploads\/sites\/301\/qsardb.png\" title=\"qsardb.png\" alt=\"qsardb.png\" srcset=\"https:\/\/sisu.ut.ee\/wp-content\/uploads\/sites\/301\/qsardb.png 731w, https:\/\/sisu.ut.ee\/wp-content\/uploads\/sites\/301\/qsardb-300x226.png 300w\" sizes=\"auto, (max-width: 731px) 100vw, 731px\">\n<\/p>\n<p style=\"text-align: justify\">\n\t\u00a0\n<\/p>\n<p style=\"text-align: justify\">\n\t<strong>N\u00e4ide 4<\/strong>: J\u00e4rgmises Eestiga seotud projektis on tegemist tundlike (isiku)andmetega ning neid ei ole v\u00f5imalik avada. Selle t\u00f5ttu avaldatakse info, <strong>kuidas ja mis tingimustel on teistel teadlastel siiski v\u00f5imalik neid andmeid kasutada:<\/strong><br>Goel R, Sharma R, Aasa A (2021) Understanding gender segregation through Call Data Records: An Estonian case study. PLoS ONE 16(3): e0248212. <a data-url=\"https:\/\/doi.org\/10.1371\/journal.pone.0248212\" href=\"https:\/\/doi.org\/10.1371\/journal.pone.0248212\" target=\"_blank\" title=\"\" rel=\"noopener\">https:\/\/doi.org\/10.1371\/journal.pone.0248212<\/a><br><strong>Data Availability:\u00a0<\/strong>The data used in this study are owned by Mobility Lab. The data can be accessed through the secured servers of the Mobility Lab after making a non-disclosure agreement (NDA) with the Mobility Lab. Website:\u00a0<a data-url=\"https:\/\/mobilitylab.ut.ee\/\" href=\"https:\/\/mobilitylab.ut.ee\/\" target=\"_blank\" title=\"\" rel=\"noopener\">https:\/\/mobilitylab.ut.ee\/<\/a>. Address: Mobility Lab, University of Tartu, Faculty of Science and Technology, Institute of Ecology and Earth Sciences, Department of Geography, Vanemuise 46, 51003 Tartu, ESTONIA Email:\u00a0<a href=\"mailto:mobilitylab@ut.ee\">mobilitylab@ut.ee<\/a>\u00a0Tel: +372 737 6844. All researchers will receive the same privileges as the authors after signing a non-disclosure agreement (NDA).\n<\/p>\n<p style=\"text-align: justify\">\n\t<strong>N\u00e4ide 5<\/strong>: Toodud\u00a0metauuringu puhul <strong>on esitatud lisaks andmetele ka muud materjalid, skriptid ja kood<\/strong>. Oluline on m\u00e4rgata, et artikkel ja muud materjalid ei pea olema k\u00f5ik \u00fches ja samas repositooriumis, kuid peavad olema omavahel lingitud.\u00a0\n<\/p>\n<p style=\"text-align: justify\">\n\t\u200b\u200b\u200b\u200b\u200bHardwicke, T. E., Wallach, J. D., Kidwell, M. C., Bendixen, T., Cr\u00fcwell, S., &amp; Ioannidis, J. P. A. (2020). An empirical assessment of transparency and reproducibility-related research practices in the social sciences (2014-2017).\u00a0<i>Royal Society Open Science, 7<\/i>(2), 190806. doi:<a data-url=\"https:\/\/doi.org\/10.1098\/rsos.190806\" href=\"https:\/\/doi.org\/10.1098\/rsos.190806\" target=\"_blank\" title=\"\" rel=\"noopener\">https:\/\/doi.org\/10.1098\/rsos.190806<\/a>.<br><strong>Data accessibility<\/strong>: All data (<a data-url=\"https:\/\/osf.io\/u9fw8\/\" href=\"https:\/\/osf.io\/u9fw8\/\" target=\"_blank\" title=\"\" rel=\"noopener\">https:\/\/osf.io\/u9fw8\/<\/a>), materials (<a data-url=\"https:\/\/osf.io\/z9qtr\/\" href=\"https:\/\/osf.io\/z9qtr\/\" target=\"_blank\" title=\"\" rel=\"noopener\">https:\/\/osf.io\/z9qtr\/<\/a>) and analysis scripts (<a data-url=\"https:\/\/osf.io\/sbrez\/\" href=\"https:\/\/osf.io\/sbrez\/\" target=\"_blank\" title=\"\" rel=\"noopener\">https:\/\/osf.io\/sbrez\/<\/a>) related to this study are publicly available. To facilitate reproducibility this manuscript was written by interleaving regular prose and analysis code and is available in a Code Ocean container (<a data-url=\"https:\/\/doi.org\/10.24433\/CO.2749769.v4\" href=\"https:\/\/doi.org\/10.24433\/CO.2749769.v4\" target=\"_blank\" title=\"\" rel=\"noopener\">https:\/\/doi.org\/10.24433\/CO.2749769.v4<\/a>) which re-creates the software environment in which the original analyses were performed.\n<\/p>\n<p style=\"text-align: justify\">\n\t\u00a0\n<\/p>\n<p style=\"text-align: justify\">\n\tAndmed koos metaandmetega tuleks jagada \u00f5igeaegselt. \u00dcldiselt eeldatakse, et andmed avalikustatakse mitte hiljem kui publikatsioon, kuid jagamise puhul puhul peaks j\u00e4rgima valdkonnas v\u00e4lja kujunenud praktikat.\n<\/p>\n<p style=\"text-align: justify\">\n\tTeadlasel on seaduslik \u00f5igus saada kasu andmete loomiseks kulutatud aja ja j\u00f5upingutuste eest, kuid mitte pikaajalise ainuisikulise andmete kasutamise eest.\u00a0\n<\/p>\n<p style=\"text-align: justify\">\n\tTooge v\u00e4lja k\u00f5ik eeldatavad probleemid andmete jagamisel koos p\u00f5hjustega ning kuidas neid probleeme \u00fcletada. Probleemid v\u00f5ivad tuleneda andmete konfidentsiaalsusest, n\u00f5usolekuga seotud asjaoludest v\u00f5i intellektuaalomandi kaitsest.\n<\/p>\n<p style=\"text-align: justify\">\n\tKui organisatsioonist v\u00e4ljastpoolt tulevad kasutajad seotakse mingite lepingutega, siis tuleb seda kindlasti n\u00e4idata.\u00a0Tooge v\u00e4lja vastavad tingimused ja vastutusala. N\u00e4idake, kuidas andmetele juurdep\u00e4\u00e4su kontrollitakse. Kui juurdep\u00e4\u00e4suks on vaja l\u00e4bida kindel protseduur, peab see olema l\u00e4bipaistev ja\u00a0kirjeldatud (vt. n\u00e4ide 4).\n<\/p>\n<h3 style=\"text-align: justify\">\n\tAndmeajakirjad<br>\n<\/h3>\n<p style=\"text-align: justify\">\n\tVeel \u00fcks v\u00f5imalus on avaldada <strong>andmeartikkel andmeajakirjas (<em>Data Journal<\/em>)<\/strong>. Andmeajakiri ise andmeid ei s\u00e4ilita, need asuvad\u00a0ikka repositooriumis. Artikkel andmeajakirjas ei ole anal\u00fc\u00fcsi, tulemuste ja j\u00e4relduste koht, vaid see keskendub detailsele andmekirjeldusele, andmete v\u00e4\u00e4rtusele ning\u00a0taaskasutuse v\u00f5imalustele. Andmeajakirja artiklid on eelretsenseeritud ning\u00a0need suurendavad oluliselt tsiteeringute hulka ja\u00a0v\u00e4\u00e4rtustavad teadlase t\u00f6\u00f6d andmetega.\n<\/p>\n<p style=\"text-align:justify\">\n\tN\u00e4iteid andmeajakirjadest:\n<\/p>\n<ul>\n<li style=\"text-align:justify\">\n\t\t<a href=\"https:\/\/www.nature.com\/sdata\/\">Nature Scientific Data<\/a>\n\t<\/li>\n<li style=\"text-align:justify\">\n\t\t<a href=\"https:\/\/www.journals.elsevier.com\/data-in-brief\/\">Elsevier Data in Brief<\/a>\n\t<\/li>\n<li style=\"text-align:justify\">\n\t\t<a href=\"https:\/\/openarchaeologydata.metajnl.com\/\">Journal of Open Archaeology Data<\/a>\n\t<\/li>\n<li style=\"text-align:justify\">\n\t\t<a data-url=\"https:\/\/openhumanitiesdata.metajnl.com\/\" href=\"https:\/\/openhumanitiesdata.metajnl.com\/\" target=\"_blank\" title=\"\" rel=\"noopener\">Journal of Open Humanities Data (JOHD)<\/a>\n\t<\/li>\n<li style=\"text-align:justify\">\n\t\t<a data-url=\"https:\/\/www.earth-system-science-data.net\/\" href=\"https:\/\/www.earth-system-science-data.net\/\" target=\"_blank\" title=\"\" rel=\"noopener\">Earth System Science Data<\/a>\u00a0\n\t<\/li>\n<li style=\"text-align:justify\">\n\t\t<a data-url=\"https:\/\/pdr.repo.nii.ac.jp\/\" href=\"https:\/\/pdr.repo.nii.ac.jp\/\" target=\"_blank\" title=\"\" rel=\"noopener\">Polar Data Journal<\/a>\n\t<\/li>\n<\/ul>\n<p style=\"text-align:justify\">\n\tVeel m\u00f5ned andmeajakirjad ja juhendid, kuidas andmeartiklit avaldada:\u00a0\n<\/p>\n<p style=\"text-align:justify\">\n\t<a data-url=\"https:\/\/openworking.wordpress.com\/2022\/02\/17\/publishing-a-data-article\/\" href=\"https:\/\/openworking.wordpress.com\/2022\/02\/17\/publishing-a-data-article\/\" target=\"_blank\" title=\"\" rel=\"noopener\">Options to publish a Data Article<\/a> (veebruar 2022)\n<\/p>\n<blockquote>\n<p style=\"text-align:justify\">\n\t\tIga andmeajakiri annab oma autoritele juhised, kuidas andmekogu avaldamiseks ette valmistada. Seega peaks\u00a0sellega arvestama juba andmehaldusplaani koostades.\n\t<\/p>\n<\/blockquote>\n<p style=\"text-align:justify\">\n\tN\u00e4ide:\u00a0Tedersoo, L., K\u00fcngas, R., Oras, E.\u00a0et al.\u00a0Data sharing practices and data availability upon request differ across scientific disciplines.\u00a0Sci Data\u00a08,\u00a0192 (2021). <a data-url=\"https:\/\/doi.org\/10.1038\/s41597-021-00981-0\" href=\"https:\/\/doi.org\/10.1038\/s41597-021-00981-0\" target=\"_blank\" title=\"\" rel=\"noopener\">https:\/\/doi.org\/10.1038\/s41597-021-00981-0<\/a><a href=\"https:\/\/doi.org\/10.1038\/s41597-021-00981-0\">\u00a0 <\/a>\n<\/p>\n<p style=\"text-align:justify\">\n\t<strong><span style=\"background-color:#ffa07a\">Lisalugemist:<\/span><\/strong>\u00a0Kui on kavas oma andmed avaldada andmeajakirjas, tasub tutvuda kahe artikliga, mis k\u00e4sitlevad andmajakirjade poliitikat:\n<\/p>\n<p style=\"text-align:justify\">\n\t1. Walters, William H.. 2020. \u201cData Journals: Incentivizing Data Access and Documentation Within the Scholarly Communication System\u201d.\u00a0<i>Insights<\/i>\u00a033 (1): 18. DOI:\u00a0<a data-url=\"http:\/\/doi.org\/10.1629\/uksg.510\" href=\"http:\/\/doi.org\/10.1629\/uksg.510\" target=\"_blank\" title=\"\" rel=\"noopener\">http:\/\/doi.org\/10.1629\/uksg.510<\/a>\n<\/p>\n<p style=\"text-align:justify\">\n\t2.\u00a0\u00a0 Sunkyung Seo, Jihyun Kim. 2020. \u201cData journals: types of peer review, review criteria, and editorial committee members\u2019 positions\u201d. <em>Science Editing<\/em>\u00a07(2): 130-135.<a data-url=\"https:\/\/doi.org\/10.6087\/kcse.207\" href=\"https:\/\/doi.org\/10.6087\/kcse.207\" target=\"_blank\" title=\"\" rel=\"noopener\">https:\/\/doi.org\/10.6087\/kcse.207<\/a>\n<\/p>\n<p style=\"text-align:justify\">\n\t\u00a0\n<\/p>\n<p style=\"text-align: justify\">\n\t<strong><span style=\"background-color:#ffa07a\">Lisalugemist:<\/span><\/strong> T\u00dc raamatukogu korraldas 2018. aasta\u00a0maikuus rahvusvahelise seminari\u00a0<em><strong>How to Get the Maximum from Research Data \u2013 Prerequisites and Outcomes<\/strong><\/em>.\n<\/p>\n<p style=\"text-align: justify\">\n\tAvatud teaduse ja andmete jagamise teemaga haakuvad seminaril Veerle Van den Eyndeni (UK Data Archive) poolt peetud ettekande ja t\u00f6\u00f6toa slaidid:\n<\/p>\n<p style=\"text-align: justify\">\n\t<span class=\"file media-element file-os-files-link\" data-file_info=\"%7B%22fid%22:%2234823%22,%22view_mode%22:%22os_files_link%22,%22type%22:%22media%22%7D\"><img decoding=\"async\" alt=\"PDF icon\" class=\"file-icon\" src=\"\/modules\/file\/icons\/application-pdf.png\" title=\"application\/pdf\"> <\/span><a data-url=\"https:\/\/sisu.ut.ee\/wp-content\/uploads\/sites\/301\/veerle_sharereusedata_tartu2018.pdf\" href=\"https:\/\/sisu.ut.ee\/wp-content\/uploads\/sites\/301\/veerle_sharereusedata_tartu2018.pdf\" target=\"_blank\" title=\"\" rel=\"noopener\">Sharing and Reusing Research Data<\/a>\n<\/p>\n<p style=\"text-align: justify\">\n\t<strong><span class=\"file media-element file-os-files-link\" data-file_info=\"%7B%22fid%22:%2234823%22,%22view_mode%22:%22os_files_link%22,%22type%22:%22media%22%7D\"><span class=\"file media-element file-os-files-link\" data-file_info=\"%7B%22fid%22:%2234823%22,%22view_mode%22:%22os_files_link%22,%22type%22:%22media%22%7D\"><img decoding=\"async\" alt=\"PDF icon\" class=\"file-icon\" src=\"\/modules\/file\/icons\/application-pdf.png\" title=\"application\/pdf\"> <\/span><\/span><\/strong><a data-url=\"https:\/\/sisu.ut.ee\/wp-content\/uploads\/sites\/301\/preparedata_tartu2018.pdf\" href=\"https:\/\/sisu.ut.ee\/wp-content\/uploads\/sites\/301\/preparedata_tartu2018.pdf\" target=\"_blank\" title=\"\" rel=\"noopener\">Preparing Data for Sharing and Reuse<\/a>\n<\/p>\n<p style=\"text-align: justify;margin-left: 40px\">\n\t\u00a0\n<\/p>\n<p style=\"text-align: justify;margin-left: 40px\">\n\t\u00a0<\/p>\n","protected":false},"excerpt":{"rendered":"<p>P\u00e4rast teadusprojekti l\u00f5ppemist s\u00e4ilitatakse andmed usaldusv\u00e4\u00e4rsetes\u00a0teadusandmete repositooriumides, mille kaudu saadakse ka DOI ja registreeritakse metaandmed. See tagab, et andmed oleksid\u00a0teistele teadlastele kergesti leitavad, k\u00e4ttesaadavad ning\u00a0taaskasutatavad. Kui projekti k\u00e4igus avaldatakse teadusartiklid, siis lingitakse artiklid\u00a0nende\u00a0alusandmetega (ja muude teadust\u00f6\u00f6 v\u00e4ljunditega) DOI vahendusel.\u00a0 Data &#8230;<\/p>\n","protected":false},"author":78,"featured_media":0,"parent":0,"menu_order":0,"comment_status":"closed","ping_status":"closed","template":"","meta":{"_acf_changed":false,"inline_featured_image":false,"footnotes":""},"class_list":["post-44","page","type-page","status-publish","hentry"],"acf":[],"_links":{"self":[{"href":"https:\/\/sisu.ut.ee\/andmehaldus\/wp-json\/wp\/v2\/pages\/44","targetHints":{"allow":["GET"]}}],"collection":[{"href":"https:\/\/sisu.ut.ee\/andmehaldus\/wp-json\/wp\/v2\/pages"}],"about":[{"href":"https:\/\/sisu.ut.ee\/andmehaldus\/wp-json\/wp\/v2\/types\/page"}],"author":[{"embeddable":true,"href":"https:\/\/sisu.ut.ee\/andmehaldus\/wp-json\/wp\/v2\/users\/78"}],"replies":[{"embeddable":true,"href":"https:\/\/sisu.ut.ee\/andmehaldus\/wp-json\/wp\/v2\/comments?post=44"}],"version-history":[{"count":1,"href":"https:\/\/sisu.ut.ee\/andmehaldus\/wp-json\/wp\/v2\/pages\/44\/revisions"}],"predecessor-version":[{"id":320,"href":"https:\/\/sisu.ut.ee\/andmehaldus\/wp-json\/wp\/v2\/pages\/44\/revisions\/320"}],"wp:attachment":[{"href":"https:\/\/sisu.ut.ee\/andmehaldus\/wp-json\/wp\/v2\/media?parent=44"}],"curies":[{"name":"wp","href":"https:\/\/api.w.org\/{rel}","templated":true}]}}