{"id":43,"date":"2024-04-04T04:36:11","date_gmt":"2024-04-04T01:36:11","guid":{"rendered":"https:\/\/sisu.ut.ee\/andmehaldus\/andmerepositooriumid-0\/"},"modified":"2024-04-04T04:37:02","modified_gmt":"2024-04-04T01:37:02","slug":"andmerepositooriumid-0","status":"publish","type":"page","link":"https:\/\/sisu.ut.ee\/andmehaldus\/andmerepositooriumid-0\/","title":{"rendered":"Andmerepositooriumid"},"content":{"rendered":"<p style=\"text-align: justify\">\n\tTeadusandmete repositooriumid on andmehoidlad, mis s\u00e4ilitavad ja kureerivad andmekogusid, tagades nende pikaajalise s\u00e4ilimise ja ligip\u00e4\u00e4su andmetele.\n<\/p>\n<blockquote>\n<p style=\"text-align: justify\">\n\t\tTeadlasel on oluline juba andmehalduse planeerimisel otsustada, millisesse repositooriumisse oma andmed hoiule anda.\n\t<\/p>\n<\/blockquote>\n<p style=\"text-align: justify\">\n\t<strong>Repositooriumid on leitavad registrist <a href=\"https:\/\/www.re3data.org\/\" target=\"_blank\" rel=\"noopener\">re3data<\/a>.\u00a0<\/strong>\n<\/p>\n<p style=\"text-align: center\">\n\t<a data-url=\"https:\/\/www.re3data.org\/\" href=\"https:\/\/www.re3data.org\/\" target=\"_blank\" title=\"\" rel=\"noopener\"><img decoding=\"async\" alt=\"re3data\" src=\"https:\/\/sisu.ut.ee\/wp-content\/uploads\/sites\/301\/re3data.png\" style=\"width: 243px;height: 119px\"><\/a>\n<\/p>\n<p style=\"text-align: justify\">\n\tRepositooriume on nelja\u00a0peamist t\u00fc\u00fcpi:\n<\/p>\n<p style=\"text-align: justify\">\n\t<strong>Universaalsed<\/strong>\n<\/p>\n<p style=\"text-align: justify\">\n\tNeed repositooriumid peaksid vastu v\u00f5tma igas vormingus andmeid, ehkki v\u00e4ga spetsiifiliste vormingute puhul soovitatakse rohkem erialaseid repositooriume.\n<\/p>\n<ul>\n<li style=\"text-align: justify\">\n\t\t<a data-url=\"https:\/\/zenodo.org\/\" href=\"https:\/\/zenodo.org\/\" target=\"_blank\" title=\"\" rel=\"noopener\">Zenodo<\/a> on teadusandmete repositoorium, mida rahastatakse Euroopa Liidu fondidest ning sellesse v\u00f5ivad oma andmeid (kuni 50 GB) \u00fcles laadida k\u00f5ik teadlased\n\t<\/li>\n<li style=\"text-align: justify\">\n\t\t<a data-url=\"https:\/\/figshare.com\/\" href=\"https:\/\/figshare.com\/\" target=\"_blank\" title=\"\" rel=\"noopener\">Figshare<\/a> on samuti universaalne repositoorium, kuhu v\u00f5ib \u00fcles laadida andmekogusid, artikleid, videosid, postreid, koodi jne\n\t<\/li>\n<li style=\"text-align: justify\">\n\t\t<a data-url=\"https:\/\/osf.io\/\" href=\"https:\/\/osf.io\/\" target=\"_blank\" title=\"\" rel=\"noopener\">Open Science Framework<\/a>\u00a0on\u00a0repositoorium ja andmehaldusplatvorm, mis on koost\u00f6\u00f6v\u00f5imeline Dropboxi, GitHubi ja Zoteroga\n\t<\/li>\n<\/ul>\n<p style=\"text-align: justify\">\n\t<strong><span style=\"background-color:#ffa07a\">Lisalugemist:<\/span><\/strong> <a data-url=\"https:\/\/fairsharing.org\/collection\/GeneralRepositoryComparison\" href=\"https:\/\/fairsharing.org\/collection\/GeneralRepositoryComparison\" target=\"_blank\" title=\"\" rel=\"noopener\">General Repository Comparison<\/a>\u00a0on regulaarselt t\u00e4iendatav t\u00f6\u00f6riist teadlasele, et valida parim universaalne repositoorium oma andmete v\u00f5i muude digitaalsete objektide s\u00e4ilitamiseks.\u00a0\n<\/p>\n<p style=\"text-align: justify\">\n\t<strong>Erialased<\/strong>\n<\/p>\n<p style=\"text-align: justify\">\n\tSeda t\u00fc\u00fcpi repositooriumid on teadlastele v\u00e4ga olulised, kuna toetavad spetsiifilisemaid vorminguid ning\u00a0erialaseid metaandmete standardeid. Nende nimekiri on \u00fcsna pikk, kuid olgu siin nimetatud m\u00f5ned:\n<\/p>\n<ul>\n<li style=\"text-align: justify\">\n\t\t<a data-url=\"https:\/\/www.dataone.org\/ \" href=\"https:\/\/www.dataone.org\/%20\" target=\"_blank\" title=\"\" rel=\"noopener\">DataOne<\/a>, <a data-url=\"https:\/\/www.pangaea.de\/\" href=\"https:\/\/www.pangaea.de\/\" target=\"_blank\" title=\"\" rel=\"noopener\">PANGAEA<\/a> \u2013 keskkonna ja \u00f6koloogia andmed\n\t<\/li>\n<li style=\"text-align: justify\">\n\t\t<a data-url=\"http:\/\/opentrials.net\/\" href=\"http:\/\/opentrials.net\/\" target=\"_blank\" title=\"\" rel=\"noopener\">OpenTrials<\/a> \u2013 meditsiin\n\t<\/li>\n<li style=\"text-align: justify\">\n\t\t<a data-url=\"https:\/\/www.gesis.org\/en\/home \" href=\"https:\/\/www.gesis.org\/en\/home%20\" target=\"_blank\" title=\"\" rel=\"noopener\">GESIS<\/a>, <a data-url=\"https:\/\/www.icpsr.umich.edu\/icpsrweb\/ICPSR\/\" href=\"https:\/\/www.icpsr.umich.edu\/icpsrweb\/ICPSR\/\" target=\"_blank\" title=\"\" rel=\"noopener\">ICPSR<\/a> \u2013 sotsiaalteaduste andmearhiiv\n\t<\/li>\n<li style=\"text-align: justify\">\n\t\t<a data-url=\"https:\/\/www.tdar.org\/\" href=\"https:\/\/www.tdar.org\/\" target=\"_blank\" title=\"\" rel=\"noopener\">tDAR<\/a> \u2013 arheoloogia\n\t<\/li>\n<li style=\"text-align: justify\">\n\t\t<a data-url=\"http:\/\/www.crystallography.net\/cod\/index.php\" href=\"http:\/\/www.crystallography.net\/cod\/index.php\" target=\"_blank\" title=\"\" rel=\"noopener\">COD<\/a>, <a data-url=\"https:\/\/qsardb.org\/\" href=\"https:\/\/qsardb.org\/\" target=\"_blank\" title=\"\" rel=\"noopener\">QsarDB<\/a> \u2013 keemia\n\t<\/li>\n<\/ul>\n<p style=\"text-align: justify\">\n\tVahel avaldavad rahastajad nende poolt aktsepteeritavate repositooriumide nimekirja, olgu siin n\u00e4iteks valik <a data-url=\"https:\/\/www.nlm.nih.gov\/NIHbmic\/domain_specific_repositories.html\" href=\"https:\/\/www.nlm.nih.gov\/NIHbmic\/domain_specific_repositories.html\" target=\"_blank\" title=\"\" rel=\"noopener\">biomeditsiini-alaseid repositooriume<\/a> koos juhenditega, kuidas andmeid \u00fcles laadida ja kuidas andmetele juurdep\u00e4\u00e4s on tagatud.\u00a0\n<\/p>\n<p style=\"text-align: justify\">\n\t<strong>Riiklikud<\/strong>\n<\/p>\n<ul>\n<li style=\"text-align: justify\">\n\t\t<a data-url=\"https:\/\/www.ukdataservice.ac.uk\/\" href=\"https:\/\/www.ukdataservice.ac.uk\/\" target=\"_blank\" title=\"\" rel=\"noopener\">UK Data Service<\/a>\u00a0\u2013 Suurbritannia teadusandmete hoidla;\u00a0kogub ja s\u00e4ilitab avalikke avaandmeid (rahvaloendused, terviseandmed, pikaajaliste uuringute andmed, sotsiaalmajanduslikud andmed)\n\t<\/li>\n<li style=\"text-align: justify\">\n\t\t<a data-url=\"https:\/\/www.ands.org.au\/\" href=\"https:\/\/www.ands.org.au\/\" target=\"_blank\" title=\"\" rel=\"noopener\">ANDS<\/a> \u2013 Austraalia riiklik teadusandmete hoidla\n\t<\/li>\n<\/ul>\n<p style=\"text-align: justify\">\n\t<strong>Institutsionaalsed<\/strong>\n<\/p>\n<p>\n\tNeed on andmehoidlad, mida pakuvad oma teadlastele \u00fclikoolid.<br>Hiljutisest uuringust selgub, et teadlastele \u00fcldiselt meeldib kasutada oma \u00fclikooli repositooriumit, kuid samav\u00f5rra kasutatakse universaalseid repositooriume (international + general-purpose sellel graafikul)\n<\/p>\n<p style=\"text-align: center\">\n\t<img loading=\"lazy\" decoding=\"async\" width=\"753\" height=\"471\" class=\"alignnone wp-image-71\" src=\"https:\/\/sisu.ut.ee\/wp-content\/uploads\/sites\/301\/repos.png\" title=\"repos.png\" alt=\"Repos\" srcset=\"https:\/\/sisu.ut.ee\/wp-content\/uploads\/sites\/301\/repos.png 753w, https:\/\/sisu.ut.ee\/wp-content\/uploads\/sites\/301\/repos-300x188.png 300w\" sizes=\"auto, (max-width: 753px) 100vw, 753px\">\n<\/p>\n<p>\n\tAllikas:\u00a0\u00a0European Commission, Directorate-General for Research and Innovation,\u00a0European Research Data Landscape \u2013 Final report, Publications Office of the European Union, 2022,\u00a0<a href=\"https:\/\/data.europa.eu\/doi\/10.2777\/3648\" target=\"_blank\" rel=\"noopener\">https:\/\/data.europa.eu\/doi\/10.2777\/3648<\/a>\n<\/p>\n<p style=\"text-align: center\">\n\t\u00a0\n<\/p>\n<blockquote>\n<p style=\"text-align: justify\">\n\t\tTartu \u00dclikooli teadusandmete repositoorium on\u00a0<a data-url=\"http:\/\/datadoi.ee\/\" href=\"http:\/\/datadoi.ee\/\" target=\"_blank\" title=\"\" rel=\"noopener\">DataDOI<\/a>, mis on DSpace\u2019i baasil loodud platvorm teadusandmete kestvaks s\u00e4ilitamiseks. Kui andmete jaoks puudub erialane ning s\u00e4ilimist tagav keskkond, sisestatakse need DataDOI-sse.\u00a0Andmetele omistatakse ka DOI ning metaandmed registreeritakse DataCite vahendusel.\n\t<\/p>\n<\/blockquote>\n<p style=\"text-align: justify\">\n\tAndmete s\u00e4ilimise ning\u00a0k\u00e4ttesaadavuse tagab edaspidi repositooriumi haldaja, milleks on T\u00dc raamatukogu. Samuti on tagatud uuendused, vastavus standarditele, andmevahetuse toimimine jm. Sihtgrupiks on \u00fcksikteadlased ning all\u00fcksused\/t\u00f6\u00f6grupid Tartu \u00fclikoolis ja v\u00e4ljaspool seda.\u00a0T\u00dc teadlastele on DataDOI kasutamine tasuta.\n<\/p>\n<p style=\"text-align: justify\">\n\t\u00a0\n<\/p>\n<p style=\"text-align: justify\">\n\tVaata videojuhendit, kuidas oma andmed DataDOI-sse sisestada:\u00a0\n<\/p>\n<p>\n\t<\/p><div class=\"ratio ratio-16x9 mb-3\"><div class=\"video-placeholder-wrapper video-placeholder-wrapper--16x9\">\n\t\t\t    <div class=\"video-placeholder d-flex justify-content-center align-items-center\">\n\t\t\t        <div class=\"overlay text-white p-2 w-100 text-center d-block justify-content-center align-items-center\">\n\t\t\t            <div>Kolmandate osapoolte sisu n\u00e4gemiseks palun n\u00f5ustu k\u00fcpsistega.<\/div>\n\t\t\t            <button class=\"btn btn-secondary btn-sm mt-1 consent-change\">Muuda n\u00f5usolekut<\/button>\n\t\t\t        <\/div>\n\t\t\t    <\/div>\n\t\t\t<\/div>\n<\/div>\n\n<p style=\"text-align: justify\">\n\tTeised DataCite Eesti konsortsiumisse kuuluvad andmehoidlad on n\u00e4ha <a data-url=\"https:\/\/datacite.ee\/repositooriumid\/\" href=\"https:\/\/datacite.ee\/repositooriumid\/\" target=\"_blank\" title=\"\" rel=\"noopener\">DataCite Eesti lehelt<\/a>. K\u00f5ikidele nendele on tagatud t\u00e4pselt samasugused teenused nagu DataDOI-le.\n<\/p>\n<blockquote>\n<p style=\"text-align: justify\">\n\t\tKui te ei kasuta nimetatud andmekeskusi, tuleks n\u00e4idata valitud repositooriumi usaldusv\u00e4\u00e4rsust.\n\t<\/p>\n<\/blockquote>\n<p style=\"text-align: justify\">\n\tKvaliteetseid repositooriume saab otsida DataCite\u2019i teenuse\u00a0<a data-url=\"https:\/\/repositoryfinder.datacite.org\/\" href=\"https:\/\/repositoryfinder.datacite.org\/\" target=\"_blank\" title=\"\" rel=\"noopener\">Repository Finder abil<\/a>, kus tulemuseks kuvatakse FAIR andmeid s\u00e4ilitavad repositooriumid re3data registrist.\u00a0<br>Mitmed ajakirjad soovitavad samuti andmerepositooriume, mille kvaliteet vastab ajakirja n\u00f5uetele, n\u00e4iteks <a data-url=\"https:\/\/www.nature.com\/sdata\/policies\/repositories\" href=\"https:\/\/www.nature.com\/sdata\/policies\/repositories\" target=\"_blank\" title=\"\" rel=\"noopener\">Nature Scientific Data Recommended Data Repositories<\/a>.\u00a0\n<\/p>\n<p style=\"text-align: justify\">\n\tTeine andmehoidla kvaliteedin\u00e4itaja on <a data-url=\"https:\/\/www.coretrustseal.org\/why-certification\/certified-repositories\/\" href=\"https:\/\/www.coretrustseal.org\/why-certification\/certified-repositories\/\" target=\"_blank\" title=\"\" rel=\"noopener\">Core Trust Seal sertifikaat<\/a>. See arvestab repositooriumi organisatsioonilist ja tehnilist \u00fclesehitust, andmete kureerimise taset jms.\n<\/p>\n<h3 style=\"text-align:justify\">\n\tAndmete ettevalmistamine<br>\n<\/h3>\n<p style=\"text-align:justify\">\n\tSelleks, et otsustada, millised andmed anda s\u00e4ilitamiseks repositooriumisse, tuleks l\u00e4bi m\u00f5elda ja kirja panna, mis eesm\u00e4rgil ning\u00a0kui kaua neid\u00a0s\u00e4ilitatakse.\n<\/p>\n<blockquote>\n<p style=\"text-align:justify\">\n\t\tS\u00e4ilitamise eesm\u00e4rk v\u00f5ib olla grandi andja v\u00f5i teadusajakirja n\u00f5ue, teadustulemuse valideerimise vajadus v\u00f5i\u00a0\u00f5ppeotstarbel kasutamine.\n\t<\/p>\n<\/blockquote>\n<p style=\"text-align:justify\">\n\tRepositooriumid lubavad s\u00e4ilitada ja kureerida andmeid \u00fcldjuhul 10 aastat. Selle aja jooksul tagatakse andmete k\u00e4ttesaadavus, koost\u00f6\u00f6v\u00f5ime ja taaskasutatavus. Andmeid v\u00f5ib s\u00e4ilitada loomulikult kauem kui 10 aastat, kuid siis ei pruugi k\u00f5ik funktsioonid enam t\u00f6\u00f6tada.\n<\/p>\n<p style=\"text-align:justify\">\n\tErilist t\u00e4helepanu tuleb p\u00f6\u00f6rata isikuandmete kaitsele ning\u00a0veenduda, et andmed, mida kavatsetakse s\u00e4ilitada avaandmetena,\u00a0\u00a0oleksid anon\u00fcmiseeritud.\u00a0\n<\/p>\n<p style=\"text-align:justify\">\n\tAndmeid v\u00f5ib ja vahel tulebki kustutada, kuid p\u00f5hjuste kohta peaks andma selgituse.\n<\/p>\n<p style=\"text-align:justify\">\n\t<strong><span style=\"background-color:#ff8c00\">Lisalugemist:\u00a0<\/span><\/strong>Helsingi \u00fclikoolis on hiljuti v\u00e4lja antud juhend, mida v\u00f5iks j\u00e4rgida enne andmete repositooriumisse panemist:\u00a0<br>Lahtinen, T., Mela, M., M\u00e4kel\u00e4, M., Nurmi, N., &amp; Kuusniemi, M. E. (2023).\u00a0<strong>How to become a data preserver<\/strong>: The official University of Helsinki guide to the responsible preservation of research data (2.0). Zenodo.\u00a0<a data-auth=\"NotApplicable\" data-linkindex=\"0\" href=\"https:\/\/doi.org\/10.5281\/zenodo.10424017\" rel=\"noopener noreferrer\" target=\"_blank\">https:\/\/doi.org\/10.5281\/zenodo.10424017<\/a>\n<\/p>\n<p style=\"text-align:justify\">\n\t\u00a0\n<\/p>\n<h3 style=\"text-align: justify\">\n\tAndmehoidlate teenused<br>\n<\/h3>\n<p style=\"text-align: justify\">\n\tSuured repositooriumid pakuvad sageli <strong>tarkvara enamlevinud vormingute t\u00f6\u00f6tluseks<\/strong>. Probleemiks on alati uued formaadid, mis teevad andmete hooldamise keeruliseks. Andmevorming v\u00f5ib erijuhul olla ka teadlase ja repositooriumi vahelise l\u00e4bir\u00e4\u00e4kimise objekt, et peaeesm\u00e4rk \u2013\u00a0s\u00e4ilitamine ja ligip\u00e4\u00e4s \u2013\u00a0oleksid tagatud ning teadlase vajadused rahuldatud. \u00dcldjuhul toimub andmet\u00f6\u00f6tlus ikkagi p\u00e4rast andmete allalaadimist.\n<\/p>\n<p style=\"text-align: justify\">\n\tVeel v\u00f5ivad repositooriumid pakkuda <strong>bibliomeetrilisi\u00a0andmeid<\/strong>, statistikat andmekogu allalaadimise ning\u00a0visualiseerimise kohta, samuti tsiteerimise vormindamist.\n<\/p>\n<p style=\"text-align: justify\">\n\tRepositooriumid abistavad teadlast ka <strong>litsentside valikul<\/strong>.\n<\/p>\n<p class=\"Default\" style=\"text-align: justify\">\n\t\u00dcldiselt kasutavad repositooriumid kindlat t\u00fc\u00fcpi deponeerimislitsentse, mis m\u00e4\u00e4ravad \u00e4ra \u00f5igused, mis andmete omanik on repositooriumile \u00fcle andnud. See tagab andmete kureerimise kvaliteedi. Andmete \u00fcleslaadimisel\u00a0repositooriumisse ei muutu\u00a0andmete omanik.\n<\/p>\n<p class=\"Default\" style=\"text-align: justify\">\n\tLitsenseerimine on \u00fcks olulisemaid repositooriumi teenuseid, sest see v\u00f5imaldab teadlasel k\u00f5vasti aega kokku hoida nii deponeerijana kui ka andmete kasutajana (v\u00f5rreldes iga \u00fcksiku autori n\u00f5usoleku k\u00fcsimisega m\u00f5ne\u00a0muu andmete jagamise ja hankimise meetodi puhul). Andmete omanik peab repositooriumi kasutamiseks registreeruma ja valima endale sobiva litsentsi t\u00fc\u00fcbi. Seejuures tuleb veenduda, et andmekogu ning\u00a0sellega seotud dokumendid oleksid \u00fchtmoodi litsentseeritud.\n<\/p>\n<blockquote>\n<p style=\"text-align: justify\">\n\t\tRepositooriumide kodulehtedel on kasutustingimused ja instruktsioonid andmete \u00fcleslaadijatele, millega peaks tutvuma juba enne andmete kogumist.\n\t<\/p>\n<\/blockquote>\n<p style=\"text-align: justify\">\n\tViimane faas on andmete ettevalmistamine pikaajaliseks s\u00e4ilitamiseks.\u00a0\n<\/p>\n<p style=\"text-align: justify\">\n\tICPSRi (<b>Inter-university Consortium for Political and Social Research<\/b>) direktor <strong>Margaret Levenstein<\/strong> r\u00e4\u00e4gib\u00a0masinloetavate andmehaldusplaanidede ja p\u00fcsiidentifikaatoritede olulisusest uurimist\u00f6\u00f6\u00a0t\u00f5hustamisel ning kasulikkusest repositooriumide teenuste kavandamisel.\n<\/p>\n<p style=\"text-align: justify\">\n\t<\/p><div class=\"ratio ratio-16x9 mb-3\"><div class=\"video-placeholder-wrapper video-placeholder-wrapper--16x9\">\n\t\t\t    <div class=\"video-placeholder d-flex justify-content-center align-items-center\">\n\t\t\t        <div class=\"overlay text-white p-2 w-100 text-center d-block justify-content-center align-items-center\">\n\t\t\t            <div>Kolmandate osapoolte sisu n\u00e4gemiseks palun n\u00f5ustu k\u00fcpsistega.<\/div>\n\t\t\t            <button class=\"btn btn-secondary btn-sm mt-1 consent-change\">Muuda n\u00f5usolekut<\/button>\n\t\t\t        <\/div>\n\t\t\t    <\/div>\n\t\t\t<\/div>\n<\/div>\n\n<p style=\"text-align: justify\">\n\t\u00a0\n<\/p>\n<p style=\"text-align: justify\">\n\t\u00a0\n<\/p>\n<p style=\"text-align: justify\">\n\t\u00a0\n<\/p>\n<h3 style=\"text-align: justify\">\n\tOpenAIRE<br>\n<\/h3>\n<p style=\"text-align: justify\">\n\t<strong><a href=\"https:\/\/www.openaire.eu\/\" target=\"_blank\" rel=\"noopener\">OpenAIRE<\/a> on Euroopa Liidu projekt, mis toetab avatud juurdep\u00e4\u00e4su ja avaandmeid ning \u00fchtlustab avatud teaduse poliitikat Euroopas, ehitades e-infrastruktuuri ja Euroopa teaduspilve (EOSC).<\/strong>\n<\/p>\n<p style=\"text-align: justify\">\n\tOpenAIRE portaalis peavad olema n\u00e4htavad ning\u00a0otsitavad k\u00f5ik Euroopa Komisjoni rahastatud projektid, publikatsioonid, andmed ja rahastajad, mis on omavahel lingitud. Teadustulemuste s\u00e4ilitamiseks pakub OpenAIRE repositooriumit\u00a0<a href=\"https:\/\/zenodo.org\/\" target=\"_blank\" rel=\"noopener\">Zenodo<\/a>, kuid andmed v\u00f5ivad olla \u00fcksk\u00f5ik millises repositooriumis, mis annab DOI.\n<\/p>\n<p style=\"text-align: center\">\n\t<img loading=\"lazy\" decoding=\"async\" width=\"1520\" height=\"1331\" class=\"alignnone wp-image-179\" style=\"width: 800px;height: 701px\" src=\"https:\/\/sisu.ut.ee\/wp-content\/uploads\/sites\/301\/openaire_naide_v2.png\" title=\"openaire_naide_v2.png\" alt=\"openairen\u00e4ide\" srcset=\"https:\/\/sisu.ut.ee\/wp-content\/uploads\/sites\/301\/openaire_naide_v2.png 1520w, https:\/\/sisu.ut.ee\/wp-content\/uploads\/sites\/301\/openaire_naide_v2-300x263.png 300w, https:\/\/sisu.ut.ee\/wp-content\/uploads\/sites\/301\/openaire_naide_v2-1024x897.png 1024w, https:\/\/sisu.ut.ee\/wp-content\/uploads\/sites\/301\/openaire_naide_v2-768x673.png 768w\" sizes=\"auto, (max-width: 1520px) 100vw, 1520px\">\n<\/p>\n<h3 style=\"text-align: justify\">\n\tDigitaalobjekti Identifikaator DOI<br>\n<\/h3>\n<p style=\"text-align:justify\">\n\tDOI ehk\u00a0<em>Digital\u00a0Object\u00a0Identifier<\/em>\u00a0on jada numbreid, t\u00e4hti ja s\u00fcmboleid, mis p\u00fcsivalt ning ajas muutumatuna identifitseerib artiklit, dokumenti, andmekogu, e-raamatut vms ning viitab sellele veebis. N\u00e4iteks andmekogule \u201cE-raamatute eelt\u00f6\u00f6deldud ja lemmatiseeritud failid\u201d on antud DOI\u00a0<a href=\"http:\/\/dx.doi.org\/10.15155\/re-46\" rel=\"noreferrer noopener\" target=\"_blank\">http:\/\/dx.doi.org\/10.15155\/re-46<\/a>, mis viib veebiaadressile <a data-url=\" http:\/\/datadoi.ee\/handle\/33\/76\" href=\"http:\/\/datadoi.ee\/handle\/33\/76\" target=\"_blank\" title=\"\" rel=\"noopener\">http:\/\/datadoi.ee\/handle\/33\/76<\/a>.\u00a0Kui ka veebiaadress mingil p\u00f5hjusel muutub (nt toimub\u00a0andmerepositooriumi\u00a0\u00fcleviimine uuele domeenile), siis DOI p\u00fcsib muutumatuna ning tagab, et andmekogu on alati leitav \u00f5igelt veebiaadressilt.\u00a0\u00a0\n<\/p>\n<p style=\"text-align:justify\">\n\tEesti andmehoidlad saavad anda andmekogudele DOI DataCite Eesti konsortsiumi vahendusel. Vaata, millistel keskustel on \u00f5igus omistada DOI ja v\u00f5imaluse korral kasuta neid:\u00a0<a data-url=\"https:\/\/datacite.ee\/repositooriumid\/\" href=\"https:\/\/datacite.ee\/repositooriumid\/\" target=\"_blank\" title=\"\" rel=\"noopener\">DataCite Eesti konsortsiumi repositooriumid<\/a>.\n<\/p>\n<p style=\"text-align:center\">\n\t<img decoding=\"async\" alt=\"datacite\" src=\"https:\/\/sisu.ut.ee\/wp-content\/uploads\/sites\/301\/datacite.png\" style=\"width:197px;height:166px\">\n<\/p>\n<p style=\"text-align:justify\">\n\t<strong>Kuidas saada DOI oma teadusandmetele?<\/strong>\n<\/p>\n<p>\n\tEestis k\u00e4ib teadusandmete registreerimine\u00a0DataCite Eesti konsortsiumiga\u00a0liitunud \u00fclikoolide kaudu. Nende \u00fclikoolide teadlastele on DataCite\u2019i teenused tasuta.\n<\/p>\n<p>\n\tTeiste asutuste teadlased saavad omandada DOI-sid vastavalt hinnakirjale.\n<\/p>\n<p>\n\t<strong>Teadlane<\/strong>\u00a0ise peaks astuma j\u00e4rgmised sammud:\u00a0\n<\/p>\n<ol style=\"margin-left:40px\">\n<li>\n\t\tKorrastama oma andmed\n\t<\/li>\n<li>\n\t\tVarustama oma andmekogu metaandmetega\n\t<\/li>\n<li>\n\t\tLeidma endale sobiva andmekeskuse (erialane v\u00f5i institutsionaalne)\n\t<\/li>\n<li>\n\t\tLaadima oma andmed \u00fcles vastavalt juhendile\n\t<\/li>\n<li>\n\t\tK\u00fcsimuste ja probleemide korral v\u00f5tma \u00fchendust andmekeskuse haldajaga\n\t<\/li>\n<\/ol>\n<p>\n\tInfot jagavad ja koolitusi pakuvad \u00fclikoolide raamatukogude spetsialistid v\u00f5i T\u00dc raamatukogu kui DataCite\u2019i liige.\u00a0\n<\/p>\n<p style=\"text-align: justify\">\n\t\u00a0<\/p>\n","protected":false},"excerpt":{"rendered":"<p>Teadusandmete repositooriumid on andmehoidlad, mis s\u00e4ilitavad ja kureerivad andmekogusid, tagades nende pikaajalise s\u00e4ilimise ja ligip\u00e4\u00e4su andmetele. Teadlasel on oluline juba andmehalduse planeerimisel otsustada, millisesse repositooriumisse oma andmed hoiule anda. Repositooriumid on leitavad registrist re3data.\u00a0 Repositooriume on nelja\u00a0peamist t\u00fc\u00fcpi: Universaalsed Need &#8230;<\/p>\n","protected":false},"author":78,"featured_media":0,"parent":0,"menu_order":0,"comment_status":"closed","ping_status":"closed","template":"","meta":{"_acf_changed":false,"inline_featured_image":false,"footnotes":""},"class_list":["post-43","page","type-page","status-publish","hentry"],"acf":[],"_links":{"self":[{"href":"https:\/\/sisu.ut.ee\/andmehaldus\/wp-json\/wp\/v2\/pages\/43","targetHints":{"allow":["GET"]}}],"collection":[{"href":"https:\/\/sisu.ut.ee\/andmehaldus\/wp-json\/wp\/v2\/pages"}],"about":[{"href":"https:\/\/sisu.ut.ee\/andmehaldus\/wp-json\/wp\/v2\/types\/page"}],"author":[{"embeddable":true,"href":"https:\/\/sisu.ut.ee\/andmehaldus\/wp-json\/wp\/v2\/users\/78"}],"replies":[{"embeddable":true,"href":"https:\/\/sisu.ut.ee\/andmehaldus\/wp-json\/wp\/v2\/comments?post=43"}],"version-history":[{"count":1,"href":"https:\/\/sisu.ut.ee\/andmehaldus\/wp-json\/wp\/v2\/pages\/43\/revisions"}],"predecessor-version":[{"id":321,"href":"https:\/\/sisu.ut.ee\/andmehaldus\/wp-json\/wp\/v2\/pages\/43\/revisions\/321"}],"wp:attachment":[{"href":"https:\/\/sisu.ut.ee\/andmehaldus\/wp-json\/wp\/v2\/media?parent=43"}],"curies":[{"name":"wp","href":"https:\/\/api.w.org\/{rel}","templated":true}]}}