{"id":42,"date":"2024-04-04T04:36:11","date_gmt":"2024-04-04T01:36:11","guid":{"rendered":"https:\/\/sisu.ut.ee\/andmehaldus\/andmehaldusplaan\/"},"modified":"2024-04-04T04:37:02","modified_gmt":"2024-04-04T01:37:02","slug":"andmehaldusplaan","status":"publish","type":"page","link":"https:\/\/sisu.ut.ee\/andmehaldus\/andmehaldusplaan\/","title":{"rendered":"Andmehaldusplaan"},"content":{"rendered":"<p style=\"text-align: justify\">\n\tTeadusandmete halduse all m\u00f5istetakse k\u00f5iki tegevusi andmetega, mis tagavad teadusandmete k\u00f5rge kvaliteedi: andmete organiseerimine, dokumenteerimine, s\u00e4ilitamine ja\u00a0arhiveerimine.\u00a0Need k\u00f5ik\u00a0v\u00f5imaldavad andmetele juurdep\u00e4\u00e4su ning\u00a0andmete taaskasutamist.\n<\/p>\n<p style=\"text-align: justify\">\n\t\u00a0\n<\/p>\n<p>\n\t<\/p><div class=\"ratio ratio-16x9 mb-3\"><div class=\"video-placeholder-wrapper video-placeholder-wrapper--16x9\">\n\t\t\t    <div class=\"video-placeholder d-flex justify-content-center align-items-center\">\n\t\t\t        <div class=\"overlay text-white p-2 w-100 text-center d-block justify-content-center align-items-center\">\n\t\t\t            <div>Kolmandate osapoolte sisu n\u00e4gemiseks palun n\u00f5ustu k\u00fcpsistega.<\/div>\n\t\t\t            <button class=\"btn btn-secondary btn-sm mt-1 consent-change\">Muuda n\u00f5usolekut<\/button>\n\t\t\t        <\/div>\n\t\t\t    <\/div>\n\t\t\t<\/div>\n<\/div>\n\n<p style=\"text-align: justify\">\n\t<\/p><div class=\"accordion mb-3\">\n        <div class=\"accordion-item accordion-item--white\">\n        <h2 class=\"accordion-header\" id=\"accordion-69dc3258985f1-heading\">\n            <button class=\"accordion-button collapsed\" type=\"button\" data-bs-toggle=\"collapse\" data-bs-target=\"#accordion-69dc3258985f1-collapse\" aria-expanded=\"true\" aria-controls=\"accordion-69dc3258985f1-collapse\">Video tekst ja slaidid<\/button>\n        <\/h2>\n        <div id=\"accordion-69dc3258985f1-collapse\" class=\"accordion-collapse collapse\" aria-labelledby=\"accordion-69dc3258985f1-heading\">\n            <div class=\"accordion-body\">\n\n<p style=\"text-align: justify\">\n\t<span style=\"color: #3366ff\"><a data-fid=\"34845\" href=\"https:\/\/sisu.ut.ee\/wp-content\/uploads\/sites\/301\/andmehaldusplaan.pdf\" target=\"_blank\" title=\"Slaidid: andmehaldusplaan\" rel=\"noopener\"><span style=\"color: #3366ff\">Slaidid (pdf)<\/span><\/a><\/span>\n<\/p>\n<p style=\"text-align: justify\">\n\t[ Slaid 1] Selle kursuse k\u00f5ige olulisemaks osaks on andmehaldusplaani koostamine.\n<\/p>\n<p style=\"text-align: justify\">\n\t[Slaid 2] Andmehaldusplaan on ametlik dokument, mis kirjeldab, kuidas k\u00e4sitletakse teadusandmeid kogu teadusprojekti v\u00e4ltel ja p\u00e4rast projekti l\u00f5ppemist.\n<\/p>\n<p style=\"text-align: justify\">\n\t[Slaid 3] Andmehaldusplaani n\u00f5ude t\u00f5id teadusesse grantide andjad, teaduse rahastajad. Nende soov on n\u00e4ha, mida maksumaksja raha eest \u00e4ra tehakse ja kuidas see on kogu \u00fchiskonnale kasulik, lisaks v\u00e4ltida samade teemade mitu korda rahastamist. Selline n\u00f5ue sunnib praktiseerima avatud teadust, et k\u00f5ikidel kodanikel oleks ligip\u00e4\u00e4s teadustulemustele. Teadlane saab globaliseeruvas maailmas otsida kergemini koost\u00f6\u00f6partnereid, tema teadustulemuste usaldusv\u00e4\u00e4rsust kinnitab nende l\u00e4bipaistvus ja reprodutseeritavus. Tulevikuteaduse seisukohalt on oluline see, et mida rohkem on k\u00f5igile k\u00e4ttesaadavaid teadusandmeid, seda rohkem tekib uusi k\u00fcsimusi ja ideid ning uusi vastuseid. \u00dclikool kui t\u00f6\u00f6andja v\u00f5ib olla kindel, et l\u00e4bim\u00f5eldud plaani alusel kogutud, s\u00e4ilitatud ja publitseeritud andmed on igati kvaliteetsed: nende t\u00f6\u00f6tlemisel on j\u00e4rgitud k\u00f5iki kehtivaid seadusi, kasutatud k\u00f5ige efektiivsemaid andmet\u00f6\u00f6tlusmeetodeid ning andmed on leitavad avatud andmerepositooriumidest.\n<\/p>\n<p style=\"text-align: justify\">\n\t[Slaid 4] Andmehaldusplaani koostamine on \u00fcsna suur t\u00f6\u00f6 ja pikaajaline pidev protsess, kuid teadlastele teeb see projektijuhtimise ja osalemise oluliselt lihtsamaks. Pikaajaline planeerimine tagab andmete turvalisuse ja kvaliteedi. Mida suurem on tiim, seda olulisem on kirja panna ja j\u00e4rgida reegleid ja kokkuleppeid, et k\u00f5ik saaksid asjadest \u00fchtmoodi aru. See tagab andmete tervikluse kogu projekti v\u00e4ltel. Kuna avatud teaduse poliitika on v\u00e4ga paljudes riikides ja \u00fclikoolides juba kehtiv, tuleb koost\u00f6\u00f6projektide puhul tunda ja j\u00e4rgida v\u00e4lispartneri n\u00f5udeid.\n<\/p>\n<p style=\"text-align: justify\">\n\t[Slaid 5] J\u00e4rgneva kursuse jooksul k\u00e4sitleme andmehaldusplaani koostamist \u00fcle kogu teadusandmete eluts\u00fckli. Selleks on olemas vabavaraline t\u00f6\u00f6riist DMPonline [slaid 6], mille kasutamist \u00f5pime t\u00f6\u00f6 k\u00e4igus. <\/p><\/div>\n        <\/div>\n        <\/div>\n    <\/div>\n\n<blockquote>\n<p style=\"text-align: justify\">\n\t\tAndmehaldusplaan on ametlik dokument, mis kirjeldab, kuidas k\u00e4sitletakse teadusandmeid kogu teadusprojekti v\u00e4ltel ja p\u00e4rast projekti l\u00f5ppemist.\n\t<\/p>\n<\/blockquote>\n<h3 style=\"text-align: justify\">\n\tTeadusandmete eluts\u00fckkel<br>\n<\/h3>\n<p style=\"text-align: justify\">\n\tV\u00f5ib \u00f6elda, et andmehaldus on andmepoliitikast p\u00f5hjustatud tegevus, mis viib\u00a0andmed turvaliselt l\u00e4bi nende \u201celu\u201d.\u00a0Seda\u00a0v\u00f5ib esitada ts\u00fcklina:\u00a0\n<\/p>\n<p>\n\t<img loading=\"lazy\" decoding=\"async\" width=\"671\" height=\"667\" class=\"alignnone wp-image-172\" style=\"margin-left: auto;margin-right: auto;text-align: justify;width: 465px;height: 462px\" src=\"https:\/\/sisu.ut.ee\/wp-content\/uploads\/sites\/301\/elutsykkel.png\" title=\"elutsykkel.png\" alt=\"elutsykkel.png\" srcset=\"https:\/\/sisu.ut.ee\/wp-content\/uploads\/sites\/301\/elutsykkel.png 671w, https:\/\/sisu.ut.ee\/wp-content\/uploads\/sites\/301\/elutsykkel-300x298.png 300w, https:\/\/sisu.ut.ee\/wp-content\/uploads\/sites\/301\/elutsykkel-150x150.png 150w\" sizes=\"auto, (max-width: 671px) 100vw, 671px\">\n<\/p>\n<p style=\"text-align: justify\">\n\tSellel lihtsal skeemil on visualiseeritud teadusandmete haldamise k\u00f5ik olulised etapid, mis\u00a0aitavad\u00a0andmehaldusele s\u00fcsteemselt l\u00e4heneda. Iga etapp koosneb omakorda paljudest konkreetsetest tegevustest, mis enne alustamist on vaja l\u00e4bi m\u00f5elda ja kirja panna.\u00a0\n<\/p>\n<p style=\"text-align: justify\">\n\tV\u00f5ib tekkida k\u00fcsimus, miks seda nimetatakse teadusandmete eluts\u00fckliks, sest rangelt v\u00f5ttes samade andmetega t\u00e4pselt samu toiminguid ju enam ei teostata. Siinkohal on v\u00f5tmeks \u201etaaskasutus\u201c. Juba avaldatud andmeid saab kasutada j\u00e4tkuuuringutes v\u00f5i m\u00f5nedes teistes uuringutes teiste teadlaste poolt.\u00a0\n<\/p>\n<p style=\"text-align: justify\">\n\tAndmete eluts\u00fckkel on oma olemuselt loogiliste tegevuste jada v\u00f5i ring, mitte andmevooskeem.\u00a0\n<\/p>\n<p style=\"text-align: justify\">\n\tSiin ongi veidi teisel viisil \u2013\u00a0lineaarselt \u2013\u00a0v\u00e4ljendatud andmehalduse etapid kogu teadust\u00f6\u00f6 v\u00e4ltel. Seejuures\u00a0on r\u00f5hutatud, et andmete, meetodite ja protsesside dokumenteerimine, kvaliteedikontroll ning\u00a0andmeturve on olulised kogu ts\u00fckli jooksul.\u00a0Sellisel skeemil on ka stardipunkt paremini m\u00e4\u00e4ratletud.\n<\/p>\n<p>\n\t<img loading=\"lazy\" decoding=\"async\" width=\"633\" height=\"184\" class=\"alignnone wp-image-173\" style=\"margin-left: auto;margin-right: auto;text-align: justify\" src=\"https:\/\/sisu.ut.ee\/wp-content\/uploads\/sites\/301\/usgs_elutsykkel.png\" title=\"usgs_elutsykkel.png\" alt=\"usgs_elutsykkel.png\" srcset=\"https:\/\/sisu.ut.ee\/wp-content\/uploads\/sites\/301\/usgs_elutsykkel.png 633w, https:\/\/sisu.ut.ee\/wp-content\/uploads\/sites\/301\/usgs_elutsykkel-300x87.png 300w\" sizes=\"auto, (max-width: 633px) 100vw, 633px\">\n<\/p>\n<p style=\"text-align: justify\">\n\t<span style=\"font-size: small\">Faundeen, J.L., Burley, T.E., Carlino, J.A., Govoni, D.L., Henkel, H.S., Holl, S.L., Hutchison, V.B., Mart\u00edn, Elizabeth, Montgomery, E.T., Ladino, C.C., Tessler, Steven, and Zolly, L.S., 2013, The United States Geological Survey Science Data Lifecycle Model: U.S. Geological Survey Open-File Report 2013\u20131265, 4 p., <a href=\"http:\/\/dx.doi.org\/10.3133\/ofr20131265\" target=\"_blank\" rel=\"noopener\">http:\/\/dx.doi.org\/10.3133\/ofr20131265<\/a><\/span>\n<\/p>\n<h3 style=\"text-align: justify\">\n\tAndmehaldusplaan kui teekaart<br>\n<\/h3>\n<p style=\"text-align: justify\">\n\tTeadusuuringu l\u00e4biviimine on enamasti mitu aastat kestev projekt. Projekti juhtimine ja aruandlus on lihtsamad, kui tegevuskava on l\u00e4bi m\u00f5eldud, t\u00f6\u00f6j\u00f5ud ja eelarve planeeritud ning k\u00f5ik olulised sammud dokumenteeritud.\n<\/p>\n<blockquote>\n<p style=\"text-align: justify\">\n\t\tAbiks on andmehaldusplaan, mida projekti edenedes saab muuta ja t\u00e4iendada, et k\u00f5ik osalised oleksid teadlikud, kuidas k\u00e4itutakse andmetega kogu projekti v\u00e4ltel\u00a0ja p\u00e4rast selle l\u00f5ppemist ning kes mille eest vastutab.\n\t<\/p>\n<\/blockquote>\n<p style=\"text-align: justify\">\n\tViimastel aastatel on andmehaldusplaani koostamine enne uuringuga alustamist oluliselt suurenenud. Praegu on selle p\u00f5hjuseks enamasti rahastaja n\u00f5ue esitada andmehaldusplaan.<br><img loading=\"lazy\" decoding=\"async\" width=\"759\" height=\"451\" class=\"alignnone wp-image-177\" src=\"https:\/\/sisu.ut.ee\/wp-content\/uploads\/sites\/301\/dmp2020.png\" title=\"dmp2020.png\" alt=\"DMP2020\" srcset=\"https:\/\/sisu.ut.ee\/wp-content\/uploads\/sites\/301\/dmp2020.png 759w, https:\/\/sisu.ut.ee\/wp-content\/uploads\/sites\/301\/dmp2020-300x178.png 300w\" sizes=\"auto, (max-width: 759px) 100vw, 759px\">\n<\/p>\n<p style=\"text-align: justify\">\n\t<span style=\"font-size:11px\">Science, Digital; Hahnel, Mark; McIntosh Borrelli, Leslie; Hyndman, Alan; Baynes, Grace; Crosas, Merce; et al. (2020): The State of Open Data 2020. Digital Science. Report.\u00a0<a href=\"https:\/\/doi.org\/10.6084\/m9.figshare.13227875.v2%C2%A0\" target=\"_blank\" title=\"\" rel=\"noopener\">https:\/\/doi.org\/10.6084\/m9.figshare.13227875.v2\u00a0<\/a><\/span>\n<\/p>\n<p style=\"text-align: justify\">\n\t\u00a0\n<\/p>\n<p style=\"text-align: justify\">\n\t1997. aastal\u00a0avaldatud graafikul on v\u00e4lja toodud infokao p\u00f5hjused ning\u00a0ajaline kulg. On n\u00e4ha, et erilist t\u00e4helepanu tuleb p\u00f6\u00f6rata andmehaldusele p\u00e4rast projekti l\u00f5ppemist ning\u00a0artiklite avaldamist, kuna ilmnevad mitmed objektiivsed ja subjektiivsed p\u00f5hjused, miks andmed ei ole enam k\u00e4ttesaadavad ega m\u00f5istetavad.\u00a0\n<\/p>\n<p style=\"text-align: justify\">\n\t\u00a0\n<\/p>\n<p style=\"text-align: justify\">\n\t\u00a0\n<\/p>\n<p>\n\t<strong><img loading=\"lazy\" decoding=\"async\" width=\"762\" height=\"359\" class=\"alignnone wp-image-174\" style=\"margin-left: auto;margin-right: auto;text-align: justify\" src=\"https:\/\/sisu.ut.ee\/wp-content\/uploads\/sites\/301\/andmekadu.png\" title=\"andmekadu.png\" alt=\"andmekadu.png\" srcset=\"https:\/\/sisu.ut.ee\/wp-content\/uploads\/sites\/301\/andmekadu.png 762w, https:\/\/sisu.ut.ee\/wp-content\/uploads\/sites\/301\/andmekadu-300x141.png 300w\" sizes=\"auto, (max-width: 762px) 100vw, 762px\"><\/strong>\n<\/p>\n<p style=\"text-align: justify\">\n\t<span style=\"font-size: small\">Michener et al. (1997\u00a0William K. Michener , James W. Brunt , John J. Helly , Thomas B. Kirchner and Susan G. Stafford , `Nongeospatial Metadata for the Ecological Sciences\u2019, Ecological Applications 7\/1 (February):\u00a0330-342.<\/span>\n<\/p>\n<blockquote>\n<p style=\"text-align: justify\">\n\t\tAndmehaldusplaani loomine ja j\u00e4rgimine on eriti vajalik doktorantidele, sest selleks ajaks, kui nad j\u00f5uavad oma teeside esitamiseni\u00a0on t\u00f6\u00f6 alusandmete avaldamine saanud kindlasti normiks.\n\t<\/p>\n<\/blockquote>\n<p style=\"text-align: justify\">\n\t<strong>Uuringuga alustades on m\u00f5istlik defineerida oma andmepoliitika<\/strong>.\u00a0Seda eriti juhul, kui on h\u00f5lmatud v\u00e4lispartnerid \u00fclikoolidest, kus andmepoliitika on olemas.\n<\/p>\n<p style=\"text-align: justify\">\n\tSoovitan lugeda raamatut\u00a0<strong>Teadlane miiniv\u00e4ljal : l\u00e4hen \u00fctlen tihastele, et teeme n\u00fc\u00fcd uuesti<\/strong> \/ Virgo Siil ; [toimetaja Triin Olvet ; kujundaja Kaspar Ehlvest, kaanefoto: Kristjan Teedema] Ilmunud [Tallinn] : Argo, 2019;\u00a0<a href=\"https:\/\/www.ester.ee\/record=b5245221*est\" id=\"recordnum\">https:\/\/www.ester.ee\/record=b5245221*est<\/a>\n<\/p>\n<p style=\"text-align: justify\">\n\t\u00a0\n<\/p>\n<p style=\"text-align: justify\">\n\t<img loading=\"lazy\" decoding=\"async\" width=\"425\" height=\"621\" class=\"alignnone wp-image-176\" src=\"https:\/\/sisu.ut.ee\/wp-content\/uploads\/sites\/301\/siil.png\" title=\"siil.png\" alt=\"Siil\" srcset=\"https:\/\/sisu.ut.ee\/wp-content\/uploads\/sites\/301\/siil.png 425w, https:\/\/sisu.ut.ee\/wp-content\/uploads\/sites\/301\/siil-205x300.png 205w\" sizes=\"auto, (max-width: 425px) 100vw, 425px\">\n<\/p>\n<p style=\"text-align: justify\">\n\tAutor on intervjueerinud teadlasi, kes ausalt r\u00e4\u00e4givad oma t\u00f5sisematest ja humoorikamatest \u00e4pardustest teadust\u00f6\u00f6 tegemisel. T\u00f5en\u00e4oliselt oleks saanud paljusid neid eba\u00f5nnestumisi v\u00e4ltida, koostades andmehaldusplaani, mida k\u00f5ik uurimisgrupi liikmed tunnevad ja j\u00e4rgivad.\u00a0\n<\/p>\n<h3 style=\"text-align: justify\">\n\tDMPonline \u2013 t\u00f6\u00f6riist andmehaldusplaani koostamiseks<br>\n<\/h3>\n<p style=\"text-align: justify\">\n\tSuurbritannias asuv\u00a0<a href=\"http:\/\/www.dcc.ac.uk\/\" style=\"background-color: #ffffff\" target=\"_blank\" rel=\"noopener\">Digital Curation Centre<\/a>\u00a0pakub vabal tarkvaral p\u00f5hinevat keskkonda andmehaldusplaanide koostamiseks.\u00a0DMPonline t\u00f6\u00f6riista k\u00e4sitleme\u00a0edaspidistes peat\u00fckkides\u00a0p\u00f5hjalikumalt.\n<\/p>\n<p>\n\tNB! DMPonline keskkonnas koostatud andmehaldusplaanide n\u00e4iteid:\u00a0<a data-url=\"https:\/\/zenodo.org\/communities\/dast-2021\/search?page=1&amp;size=20\" href=\"https:\/\/zenodo.org\/communities\/dast-2021\/search?page=1&amp;size=20\" target=\"_blank\" title=\"\" rel=\"noopener\">https:\/\/dmponline.dcc.ac.uk\/public_plans<\/a>,\u00a0<a data-url=\"https:\/\/www.dmptuuli.fi\/public_plans\" href=\"https:\/\/www.dmptuuli.fi\/public_plans\" target=\"_blank\" title=\"\" rel=\"noopener\">https:\/\/www.dmptuuli.fi\/public_plans\u00a0<\/a><br>N\u00e4idetes toodud DMPTuuli on Soomele kohandatud DMPonline.\u00a0\n<\/p>\n<p style=\"text-align: justify\">\n\tDMPonline juhendmaterjalid on \u00fcsna \u00fcldised ega\u00a0arvesta erialade vajadusi, mist\u00f5ttu on Euroopa teadusrahastajate liit Science Europe v\u00e4lja t\u00f6\u00f6tamas andmehaldusplaanide standardeid\u00a0nn <em>disciplinary research data management protocols,\u00a0Domain Data Protocols (DDPs).\u00a0<\/em>\n<\/p>\n<h3 style=\"text-align: justify\">\n\tAndmehaldusplaanide hindamine<br>\n<\/h3>\n<p>\n\tEsimeseks hinnangu andjateks on teadlased ise: kas see on \u00fchiselt koostatud dokument, mida on hea j\u00e4rgida, v\u00f5i dokument, mis on valminud ainult teadusb\u00fcrokraatidele esitamiseks.\u00a0<br>Grandi taotlemise ja teadusprojekti elluviimisega kaasnevaid\u00a0andmehaldusplaane hindavad \u00fcldjuhul sama eriala eksperdid, kuid ka nemad j\u00e4rgivad ametlikke juhendeid, kui need on olemas.\n<\/p>\n<p>\n\t<strong><span style=\"background-color:#ffa500\">Lisalugemist<\/span><\/strong>: Science Europe\u2019i poolt v\u00e4lja antud\u00a0<a href=\"https:\/\/www.scienceeurope.org\/our-resources\/practical-guide-to-the-international-alignment-of-research-data-management\/\" rel=\"noopener\" target=\"_blank\" title=\"Practical Guide to the International Alignment of Research Data Management\">Practical Guide to the International Alignment of Research Data Management<\/a>\u00a0avaldati 2019. a ja t\u00e4iendati 2021. a jaanuaris. See sisaldab juhiseid andmehaldusplaanide hindamiseks, nende p\u00f5hin\u00f5udeid ja hindamistabeleid.\u00a0\n<\/p>\n<p style=\"text-align: justify\">\n\t\u00a0<\/p>\n","protected":false},"excerpt":{"rendered":"<p>Teadusandmete halduse all m\u00f5istetakse k\u00f5iki tegevusi andmetega, mis tagavad teadusandmete k\u00f5rge kvaliteedi: andmete organiseerimine, dokumenteerimine, s\u00e4ilitamine ja\u00a0arhiveerimine.\u00a0Need k\u00f5ik\u00a0v\u00f5imaldavad andmetele juurdep\u00e4\u00e4su ning\u00a0andmete taaskasutamist. \u00a0 Kolmandate osapoolte sisu n\u00e4gemiseks palun n\u00f5ustu k\u00fcpsistega. Muuda n\u00f5usolekut Video tekst ja slaidid Slaidid (pdf) [ Slaid &#8230;<\/p>\n","protected":false},"author":78,"featured_media":0,"parent":0,"menu_order":0,"comment_status":"closed","ping_status":"closed","template":"","meta":{"_acf_changed":false,"inline_featured_image":false,"footnotes":""},"class_list":["post-42","page","type-page","status-publish","hentry"],"acf":[],"_links":{"self":[{"href":"https:\/\/sisu.ut.ee\/andmehaldus\/wp-json\/wp\/v2\/pages\/42","targetHints":{"allow":["GET"]}}],"collection":[{"href":"https:\/\/sisu.ut.ee\/andmehaldus\/wp-json\/wp\/v2\/pages"}],"about":[{"href":"https:\/\/sisu.ut.ee\/andmehaldus\/wp-json\/wp\/v2\/types\/page"}],"author":[{"embeddable":true,"href":"https:\/\/sisu.ut.ee\/andmehaldus\/wp-json\/wp\/v2\/users\/78"}],"replies":[{"embeddable":true,"href":"https:\/\/sisu.ut.ee\/andmehaldus\/wp-json\/wp\/v2\/comments?post=42"}],"version-history":[{"count":1,"href":"https:\/\/sisu.ut.ee\/andmehaldus\/wp-json\/wp\/v2\/pages\/42\/revisions"}],"predecessor-version":[{"id":322,"href":"https:\/\/sisu.ut.ee\/andmehaldus\/wp-json\/wp\/v2\/pages\/42\/revisions\/322"}],"wp:attachment":[{"href":"https:\/\/sisu.ut.ee\/andmehaldus\/wp-json\/wp\/v2\/media?parent=42"}],"curies":[{"name":"wp","href":"https:\/\/api.w.org\/{rel}","templated":true}]}}