{"id":36,"date":"2024-04-04T04:36:11","date_gmt":"2024-04-04T01:36:11","guid":{"rendered":"https:\/\/sisu.ut.ee\/andmehaldus\/avatud-teadus-eestis\/"},"modified":"2026-02-27T13:42:29","modified_gmt":"2026-02-27T11:42:29","slug":"avatud-teadus-eestis","status":"publish","type":"page","link":"https:\/\/sisu.ut.ee\/andmehaldus\/avatud-teadus-eestis\/","title":{"rendered":"Avatud teadus Eestis"},"content":{"rendered":"<p style=\"text-align: justify;\">Eestis on juba pikema aja jooksul v\u00e4lja t\u00f6\u00f6tatud mitmeid dokumente, mis muuhulgas nimetavad ka avatud teadust, kuid riiklikku poliitikat avatud teaduse kohta ei ole siiani selgelt s\u00f5nastatud.<\/p>\n<p style=\"text-align: justify;\"><strong>Teemak\u00e4sitluse areng<\/strong><\/p>\n<p style=\"text-align: justify;\">Eesti teadus- ja arendustegevuse ning innovatsiooni strateegia 2014\u20132020\u00a0<a href=\"http:\/\/www.ester.ee\/record=b4454682*est\" target=\"_blank\" rel=\"noopener\">\u201cTeadmistep\u00f5hine Eesti\u201d<\/a>\u00a02. meede punkt 2.11 s\u00e4testas:<\/p>\n<p style=\"text-align: justify; margin-left: 40px;\">\u201cSoodustada\u00a0avatud juurdep\u00e4\u00e4su\u00a0<em>(open access)<\/em>\u00a0avaliku rahastuse eest saadud uurimist\u00f6\u00f6 tulemustele ja teadusandmetele. Toetada teadusasutuste ja teadusraamatukogude andmekogude t\u00e4iendamist ning tagada juurdep\u00e4\u00e4s olulisematele teadusandmebaasidele.\u201d<\/p>\n<p style=\"text-align: justify;\">2016. aasta\u00a0alguses avaldas Eesti Teadusagentuuri Avatud teaduse ekspertkomisjon oma p\u00f5him\u00f5tted ja soovitused riikliku poliitika kujundamiseks\u00a0<a href=\"http:\/\/www.etag.ee\/wp-content\/uploads\/2016\/07\/Avatud_Teadus_Eestis_1.0.pdf\" target=\"_blank\" rel=\"noopener\">\u201cAvatud teadus Eestis\u201d<\/a>, kus k\u00e4sitletakse ka teadusandmeid. Dokumendis s\u00f5nastatakse\u00a0Eesti strateegiline eesm\u00e4rk 2020:<\/p>\n<p style=\"text-align: justify; margin-left: 40px;\">\u201cTeadlaskond tunneb ja aktsepteerib avatud teaduse ja avaandmete p\u00f5him\u00f5tteid. Avaliku sektori poolse rahastamise toel kogutud teadusandmed on k\u00f5igile vabalt k\u00e4ttesaadavad ja taaskasutatavad, kui seda ei piira seadusest tulenevad kitsendused. Teadusandmed hoiustatakse kindlatele standarditele vastavates ja avatud repositooriumites ning need tehakse k\u00e4ttesaadavaks esimesel v\u00f5imalusel.\u201d<\/p>\n<p><img loading=\"lazy\" decoding=\"async\" width=\"570\" height=\"121\" class=\"alignnone wp-image-164\" style=\"margin-left: auto; margin-right: auto; text-align: justify;\" title=\"at_eestis.png\" src=\"https:\/\/sisu.ut.ee\/wp-content\/uploads\/sites\/301\/at_eestis.png\" alt=\"at_eestis.png\" srcset=\"https:\/\/sisu.ut.ee\/wp-content\/uploads\/sites\/301\/at_eestis.png 570w, https:\/\/sisu.ut.ee\/wp-content\/uploads\/sites\/301\/at_eestis-300x64.png 300w\" sizes=\"auto, (max-width: 570px) 100vw, 570px\"><\/p>\n<div class=\"O1\" style=\"text-align: justify;\">Kahjuks nimetatud dokumenti Eestis ei j\u00f5ustatud.<\/div>\n<div class=\"O1\" style=\"text-align: justify;\"><\/div>\n<div class=\"O1\" style=\"text-align: justify;\"><\/div>\n<div><\/div>\n<div class=\"O1\" style=\"text-align: justify;\">Hoolimata riikliku avatud teaduse poliitika v\u00f5i raamistiku puudumisest, k\u00e4sitletakse teadusandmeid kui avalikku teavet ja sellekohane seaduses\u00e4te on olemas <strong>Avaliku teabe seaduses\u00a0<\/strong><span style=\"line-height: 90%;\"><span style=\"color: black;\">(AvTS): <\/span><span style=\"color: #202020;\"><span style=\"font-weight: normal;\"><span style=\"font-style: normal;\">(8<\/span><\/span><\/span><span style=\"color: #202020;\"><span style=\"font-weight: normal;\"><span style=\"font-style: normal;\"><span style=\"vertical-align: super;\">2<\/span><\/span><\/span><\/span><span style=\"color: #202020;\"><span style=\"font-weight: normal;\"><span style=\"font-style: normal;\">)<\/span><\/span><\/span><span style=\"color: black;\">Teave, mida kogutakse v\u00f5i koostatakse teadust\u00f6\u00f6 k\u00e4igus ning mida kasutatakse teadusprotsessis t\u00f5endusmaterjalina v\u00f5i peetakse teadusringkondades \u00fcldiselt vajalikuks, et t\u00f5estada teadust\u00f6\u00f6 k\u00e4igus tehtud avastusi ja teadust\u00f6\u00f6 tulemusi (edaspidi teadusandmed), antakse taaskasutamisse, kui teadusandmete loomist on rahastatud riigi, kohaliku omavalitsuse \u00fcksuse v\u00f5i avalik-\u00f5igusliku juriidilise isiku eelarve vahenditest ning teadlased, teadust\u00f6\u00f6ga tegelevad isikud v\u00f5i teadust\u00f6\u00f6d rahastavad isikud on need digitaalselt institutsionaalse v\u00f5i valdkondliku teadusandmete hoidla kaudu juba avalikult k\u00e4ttesaadavaks teinud. Teaduslikud publikatsioonid ei ole k\u00e4sitatavad teadusandmetena.[<\/span><span style=\"color: black;\"><a href=\"https:\/\/www.riigiteataja.ee\/akt\/122032011010?leiaKehtiv\">RT I, 30.11.2021<\/a><\/span><span style=\"color: black;\">, 3 \u2013 j\u00f5ust. 10.12.2021]<\/span><\/span><\/div>\n<div><\/div>\n<div>2025. aastal j\u00f5ustus Teadus- ja arendustegevuse ning innovatsiooni korralduse seadus (01.10.2025), milles on v\u00e4lja toodud teadus- ja arendustegevuse p\u00f5him\u00f5tted:<br>\n<strong>\u00a7 5. Teadus- ja arendustegevuse p\u00f5him\u00f5tted<\/strong><br>\n<strong>Teadus- ja arendustegevuse osalised l\u00e4htuvad teadus- ja arendustegevuses ning selle korraldamisel:<\/strong><br>\n1) akadeemilisest vabadusest, mille kohaselt on teadus- ja arendustegevuse tegijal \u00f5igus otsustada teadus- ja arendustegevuse sisu ja meetodite ning tulemuste levitamise \u00fcle, kui seda ei piira teised \u00f5igusaktid, muud kokkulepped v\u00f5i tingimused;<br>\n2) \u00fcldtunnustatud teaduseetika normidest ja teaduse heast tavast;<br>\n3)<strong> p\u00f5him\u00f5ttest, et avalikest vahenditest rahastatud teadus- ja arendustegevuse tulemused ja andmed on k\u00e4ttesaadavad avalikkusele, v\u00e4lja arvatud kui avalikustamata j\u00e4tmine on koosk\u00f5las teiste \u00f5igusaktidega.<\/strong><\/div>\n<div class=\"O1\" style=\"text-align: justify;\"><\/div>\n<div class=\"O1\" style=\"text-align: justify;\">\n<p><strong>Tartu \u00dclikool<\/strong> kuulub 2020. aastal loodud Euroopa \u00fclikoolide v\u00f5rgustikku ENLIGHT, mis edendab k\u00f5rghariduse \u00fcmberkujundamise kaudu \u00f5iglast elukvaliteeti, kestlikkust ja avatust maailmale. V\u00f5rgustiku moodustavad k\u00fcmme klassikalist teadus\u00fclikooli: Baskimaa \u00dclikool, Berni \u00dclikool (seotud partnerina), Bordeaux\u2019 \u00dclikool, Bratislava Comeniuse \u00dclikool, Galway \u00dclikool, Genti \u00dclikool, Groningeni \u00dclikool, G\u00f6ttingeni \u00dclikool, Tartu \u00dclikool ja Uppsala \u00dclikool.<\/p>\n<p><strong>ENLIGHT v\u00f5rgustiku \u00fclikoolide rektorid allkirjastasid 23. novembril 2023 Uppsalas dokumendi<\/strong> <a title=\"\" href=\"https:\/\/www.enlight-eu.org\/docs\/enlight-os-2023.pdf\" target=\"_blank\" rel=\"noopener\" data-url=\"https:\/\/www.enlight-eu.org\/docs\/enlight-os-2023.pdf\">Open Science Principles for the ENLIGHT European University Alliance<\/a>.<\/p>\n<p>Viis printsiipi, mida kavatsetakse j\u00e4rgida:<\/p>\n<ol>\n<li>Avatud teaduse edendamine<\/li>\n<li>FAIR ja avatud andmed<\/li>\n<li>Avatud juurdep\u00e4\u00e4s<\/li>\n<li>Avatud haridus<\/li>\n<li>Vastutustundlik teadust\u00f6\u00f6 hindamine.<\/li>\n<\/ol>\n<\/div>\n<p>K\u00f5ik need suhteliselt hiljuti vastu v\u00f5etud dokumendid annaksid aluse Eesti riigi avatud teaduse poliitika ja Tartu \u00fclikooli juhendite v\u00e4ljat\u00f6\u00f6tamiseks.<br>\nJuuresolevalt kaardilt on n\u00e4ha, et eesti on \u00fcks v\u00e4heseid Euroopa riike, millel puudub riiklik avatud teaduse poliitika.<br>\n<img loading=\"lazy\" decoding=\"async\" class=\"aligncenter size-full wp-image-615\" src=\"https:\/\/sisu.ut.ee\/wp-content\/uploads\/sites\/301\/EOSC-observatory.png\" alt=\"\" width=\"839\" height=\"657\" srcset=\"https:\/\/sisu.ut.ee\/wp-content\/uploads\/sites\/301\/EOSC-observatory.png 839w, https:\/\/sisu.ut.ee\/wp-content\/uploads\/sites\/301\/EOSC-observatory-300x235.png 300w, https:\/\/sisu.ut.ee\/wp-content\/uploads\/sites\/301\/EOSC-observatory-768x601.png 768w\" sizes=\"auto, (max-width: 839px) 100vw, 839px\"><span style=\"font-size: revert;\">eaduse rahastamine riigieelarvest<\/span><\/p>\n<p style=\"text-align: justify;\">Suurimateks rahastamisinstrumentideks on <strong>baasfinantseerimine ja uurimistoetused (grandid)<\/strong>,\u00a0mis eraldatakse riigieelarvest Haridus- ja Teadusministeeriumi eelarve kaudu\u00a0<a href=\"http:\/\/www.etag.ee\/rahastamine\/\" target=\"_blank\" rel=\"noopener\">Eesti Teadusagentuuri<\/a>\u00a0korraldamisel ja vastutusel.<\/p>\n<p>Regulaarselt toimuvates taotlusvoorudes v\u00e4lja antavad uurimistoetused on:<\/p>\n<ul>\n<li><a href=\"https:\/\/www.etag.ee\/rahastamine\/uurimistoetused\/personaalne-uurimistoetus\/\"><strong>J\u00e4reldoktorigrant, stardigrant, r\u00fchmagrant<\/strong><\/a>\u00a0\u2013 teadus- ja arendusasutuses t\u00f6\u00f6tava teadlase v\u00f5i uurimisr\u00fchma k\u00f5rgetasemelise alus- v\u00f5i rakendusuuringu l\u00e4biviimiseks.<\/li>\n<li><a href=\"https:\/\/www.etag.ee\/rahastamine\/uurimistoetused\/arendusgrant\/\"><strong>Arendusgrant<\/strong>\u00a0<\/a>\u2013 Eesti teadus- ja arendusasutuses eksperimentaalarendusprojekti l\u00e4biviimiseks.<\/li>\n<\/ul>\n<p style=\"text-align: justify;\"><strong>Alates 2017. aastast on grandi taotlemisel vaja kirjeldada, kuidas hallatakse projekti k\u00e4igus kogutud andmeid. Grandi saajad peavad esitama t\u00e4psema andmehaldusplaani kuue kuu jooksul.<\/strong><\/p>\n<p style=\"text-align: justify;\"><a href=\"http:\/\/www.horisont2020.ee\/\" target=\"_blank\" rel=\"noopener\">Horisont 2020<\/a>\u00a0oli\u00a0Euroopa Liidu\u00a0\u00a0<strong>teadusuuringute ja innovatsiooni raamprogramm<\/strong>\u00a0teadus- ja arendustegevuse ning rahvusvahelise koost\u00f6\u00f6 toetamiseks. Programmi eelarve aastateks 2014\u20132020 oli\u00a0jooksevhindades 77 miljardit eurot, millega toetati\u00a0tipptasemel teadust, \u00fchiskonnaprobleemidele lahenduste otsimist ning teaduse abil juhtpositsiooni saavutamist t\u00f6\u00f6stuses.\u00a0<strong>Selle programmi raames algatas\u00a0Euroopa Liit pilootprogrammid, kus andmete haldamine ja avamine oli\u00a0kohustuslik\u00a0ning need olid\u00a0eraldi rahastatud.<\/strong><\/p>\n<p style=\"text-align: justify;\">2020. a l\u00f5pus kirjutati alla kokkulepe uue Euroopa Liidu poolt rahastatava programmi k\u00e4ivitamiseks aastast 2021. Uus programm kannab nime Euroopa horisont (<a title=\"\" href=\"https:\/\/ec.europa.eu\/info\/horizon-europe_en\" target=\"_blank\" rel=\"noopener\" data-url=\"https:\/\/ec.europa.eu\/info\/horizon-europe_en\">Horizon Europe<\/a>) 2021-2027 ja see toodi avalikkuse ette 2. veebruaril 2021. Programmi eelarve on 95,5 miljardit eurot.<br>\nEuroopa horisondi\u00a0kesksed uurimisteemad on\u00a0kliimamuutused, digip\u00f6\u00f6re, \u00dcRO kestliku arengu eesm\u00e4rgid ja Euroopa roheline kokkulepe. <strong>V\u00f5rreldes Horisont 2020 programmiga on avatud teaduse alaseid n\u00f5udeid laiendatud ja karmistatud.<\/strong><\/p>\n<h3 style=\"text-align: justify;\">Hea teadustava<\/h3>\n<p style=\"text-align: justify;\">T\u00dc eetikakeskus koostas dokumendi \u201c<a title=\"\" href=\"https:\/\/eetika.ee\/et\/sisu\/hea-teadustava\" target=\"_blank\" rel=\"noopener\" data-url=\"https:\/\/eetika.ee\/et\/sisu\/hea-teadustava\">Hea teadustava<\/a>\u201c, mis sai eelnevalt l\u00e4bi arutatud k\u00f5ikide valdkondade teadlastega.<\/p>\n<p style=\"text-align: justify;\">1. novembril 2017\u00a0liitus nende p\u00f5him\u00f5tetega\u00a021 teadusasutust, lisaks Eesti Teadusagentuur ning Haridus- ja Teadusministeerium.<\/p>\n<p style=\"text-align: justify;\">Selles dokumendis on peat\u00fckk <a href=\"https:\/\/www.eetika.ee\/et\/2-teadustoo-tegemine\" target=\"_blank\" rel=\"noopener\">Teadust\u00f6\u00f6 tegemine<\/a>, mis k\u00e4sitleb ka\u00a0andmete teadusliku t\u00f6\u00f6tlemise p\u00f5him\u00f5tteid, mis on koosk\u00f5las avatud teaduse printsiipidega.<\/p>\n<p style=\"text-align: center;\"><img decoding=\"async\" style=\"width: 711px; height: 598px;\" src=\"https:\/\/sisu.ut.ee\/wp-content\/uploads\/sites\/301\/ht.png\" alt=\"andmed\"><\/p>\n","protected":false},"excerpt":{"rendered":"<p>Eestis on juba pikema aja jooksul v\u00e4lja t\u00f6\u00f6tatud mitmeid dokumente, mis muuhulgas nimetavad ka avatud teadust, kuid riiklikku poliitikat avatud teaduse kohta ei ole siiani selgelt s\u00f5nastatud. Teemak\u00e4sitluse areng Eesti teadus- ja arendustegevuse ning innovatsiooni strateegia 2014\u20132020\u00a0\u201cTeadmistep\u00f5hine Eesti\u201d\u00a02. meede punkt &#8230;<\/p>\n","protected":false},"author":78,"featured_media":0,"parent":0,"menu_order":0,"comment_status":"closed","ping_status":"closed","template":"","meta":{"_acf_changed":false,"inline_featured_image":false,"footnotes":""},"class_list":["post-36","page","type-page","status-publish","hentry"],"acf":[],"_links":{"self":[{"href":"https:\/\/sisu.ut.ee\/andmehaldus\/wp-json\/wp\/v2\/pages\/36","targetHints":{"allow":["GET"]}}],"collection":[{"href":"https:\/\/sisu.ut.ee\/andmehaldus\/wp-json\/wp\/v2\/pages"}],"about":[{"href":"https:\/\/sisu.ut.ee\/andmehaldus\/wp-json\/wp\/v2\/types\/page"}],"author":[{"embeddable":true,"href":"https:\/\/sisu.ut.ee\/andmehaldus\/wp-json\/wp\/v2\/users\/78"}],"replies":[{"embeddable":true,"href":"https:\/\/sisu.ut.ee\/andmehaldus\/wp-json\/wp\/v2\/comments?post=36"}],"version-history":[{"count":6,"href":"https:\/\/sisu.ut.ee\/andmehaldus\/wp-json\/wp\/v2\/pages\/36\/revisions"}],"predecessor-version":[{"id":617,"href":"https:\/\/sisu.ut.ee\/andmehaldus\/wp-json\/wp\/v2\/pages\/36\/revisions\/617"}],"wp:attachment":[{"href":"https:\/\/sisu.ut.ee\/andmehaldus\/wp-json\/wp\/v2\/media?parent=36"}],"curies":[{"name":"wp","href":"https:\/\/api.w.org\/{rel}","templated":true}]}}