{"id":35,"date":"2024-04-04T04:36:11","date_gmt":"2024-04-04T01:36:11","guid":{"rendered":"https:\/\/sisu.ut.ee\/andmehaldus\/avatud-teadus\/"},"modified":"2024-04-04T04:37:02","modified_gmt":"2024-04-04T01:37:02","slug":"avatud-teadus","status":"publish","type":"page","link":"https:\/\/sisu.ut.ee\/andmehaldus\/avatud-teadus\/","title":{"rendered":"Avatud teadus"},"content":{"rendered":"<p style=\"text-align: justify\">\n\tAvatud teadus aitab t\u00f5sta teadusuuringute t\u00f5husust ning muuta need l\u00e4bipaistvamaks ja k\u00f5igile k\u00e4ttesaadavaks. Selle kaudu suureneb koost\u00f6\u00f6 teadlaste ja eri teadusvaldkondade vahel, mis loob kasu ka \u00fchiskonnale tervikuna. Seega teadusuuringute muutmine avatuks, globaalseks ja koost\u00f6\u00f6l p\u00f5hinevaks toob tulu nii teadlaskonnale, teadushuvilisele kui ka \u00fchiskonnale laiemalt.\u00a0\u00a0\n<\/p>\n<p>\n\t\u00a0\n<\/p>\n<blockquote>\n<p style=\"text-align: justify\">\n\t\tTartu \u00dclikooli p\u00f5hikirjast 1632, Filosoofiateaduskonna l\u00f5petaja vanne: \u201cMina, N. N., t\u00f5otan p\u00fchalikult, et ma hoidun \u00f5petataval alal igasugustest ebaselgustest ja targutustest. Esitan esmajoones seda, millest on teistes teaduskondades ja \u00fcldises elus k\u00f5ige rohkem kasu. Selles aidaku mind Jumal!\u201d\n\t<\/p>\n<\/blockquote>\n<p>\n\t\u00a0\n<\/p>\n<p>\n\t<\/p><div class=\"ratio ratio-16x9 mb-3\"><div class=\"video-placeholder-wrapper video-placeholder-wrapper--16x9\">\n\t\t\t    <div class=\"video-placeholder d-flex justify-content-center align-items-center\">\n\t\t\t        <div class=\"overlay text-white p-2 w-100 text-center d-block justify-content-center align-items-center\">\n\t\t\t            <div>Kolmandate osapoolte sisu n\u00e4gemiseks palun n\u00f5ustu k\u00fcpsistega.<\/div>\n\t\t\t            <button class=\"btn btn-secondary btn-sm mt-1 consent-change\">Muuda n\u00f5usolekut<\/button>\n\t\t\t        <\/div>\n\t\t\t    <\/div>\n\t\t\t<\/div>\n<\/div>\n\n<p>\n\t\u00a0\n<\/p>\n<p>\n\t<\/p><div class=\"accordion mb-3\">\n        <div class=\"accordion-item accordion-item--white\">\n        <h2 class=\"accordion-header\" id=\"accordion-69dc324c8cf12-heading\">\n            <button class=\"accordion-button collapsed\" type=\"button\" data-bs-toggle=\"collapse\" data-bs-target=\"#accordion-69dc324c8cf12-collapse\" aria-expanded=\"true\" aria-controls=\"accordion-69dc324c8cf12-collapse\">Video tekst ja slaidid<\/button>\n        <\/h2>\n        <div id=\"accordion-69dc324c8cf12-collapse\" class=\"accordion-collapse collapse\" aria-labelledby=\"accordion-69dc324c8cf12-heading\">\n            <div class=\"accordion-body\"> <a data-fid=\"34367\" href=\"\/wp-content\/uploads\/sites\/301\/sissejuhatus.pdf\" target=\"_blank\" rel=\"noopener\">slaidid<\/a>\u00a0\n\n<p>\n\t[Slaid 1] Tere! Mina olen Tiiu Tarkpea, Tartu \u00dclikooli raamatukogu teadusandmete peaspetsialist. Et t\u00e4nased noorteadlased oleksid kursis teadusmaailma muutva uue paradigmaga ning saaksid sellest ise maksimaalset kasu, pakuvad \u00d6koloogia ja maateaduste instituut ning Tartu \u00dclikooli raamatukogu koost\u00f6\u00f6s kursuse, mis k\u00e4sitleb olulisi etappe ja vahendeid teadust\u00f6\u00f6 planeerimisest kuni selle avaldamiseni. Minu loengud ja \u00f5ppematerjalid k\u00e4sitlevad avatud teadust ja teadusandmete haldamist \u00fcldisemalt. Olles l\u00e4binud selle osa kursusest, peaks olema selge, mis on avatud teadus ja mida me m\u00f5istame teadusandmete all. K\u00e4sitleme teadusandmete eluts\u00fcklit ning andmehaldusplaani koostamise p\u00f5him\u00f5tteid.\n<\/p>\n<p>\n\t[Slaid 2] Euroopa noorteadlaste ja doktorantide n\u00f5ukogu Eurodoc avaldas 1. oktoobril 2018. aastal juhendi, mis k\u00e4sitleb noorteadlastele vajalikke v\u00f5tmeoskusi ehk \u00fclekantavaid p\u00e4devusi. Need on sellised teadmised, oskused ja hoiakud v\u00f5i nende kombinatsioonid, mis aitavad erialateadmisi ja -oskusi erinevates kontekstides paindlikult ja eesm\u00e4rgip\u00e4raselt rakendada. Nagu n\u00e4ha, on enam kui pooled neist oskustest seotud avatud teadusega. Kui guugeldada eesti keeles m\u00f5istet \u201eavatud teadus\u201c, siis tulemuseks saame kaht t\u00fc\u00fcpi vastuseid: esiteks, Euroopa Komisjoni ja Eesti Teadusagentuuri dokumendid ning teiseks teadus\u00fclikoolide raamatukogude koostatud \u00f5ppematerjalid avatud teaduse ja teadusandmete haldamise teemal. Eesti teadlased ise avatud teadusest veel palju ei r\u00e4\u00e4gi, ehkki t\u00e4nu teaduse globaalsele ja rahvusvahelisele olemusele on nad selles juba praegu aktiivsed osalised.\n<\/p>\n<p>\n\t[Slaid 3] Avatud teadust kui suhteliselt uut n\u00e4htust on defineeritud mitmeti, kuid oma olemuselt on see uus l\u00e4henemisviis uurimist\u00f6\u00f6le, mis p\u00f5hineb digitaaltehnoloogial, koost\u00f6\u00f6l ja uute teadmiste levitamisel nii, et sellest saaksid kasu nii teised teadlased kui ka \u00fchiskond tervikuna. Avatud teadust v\u00f5ib k\u00e4sitleda lausa kui liikumist: see on \u00fcleminek varjamiselt, salastatuselt ja anon\u00fc\u00fcmsuselt avatusele, l\u00e4bipaistvusele ja reprodutseeritavusele.\n<\/p>\n<p>\n\t[Slaid 4] Teadlased ootavad praegu t\u00f5endeid, et avatud teadus on neile kasulik. Teisalt vajatakse uusi teadmisi ja tuge teaduspoliitikutelt, \u00fclikoolilt ja selleks seatud struktuuri\u00fcksustelt. Samas on iga teadlane ise olukorras, kus ta peab otsustama, kuidas minna edasi, kas ta l\u00e4heb kaasa uute praktikatega ja muudab teaduse tegemise kultuuri ning on selles osaline. Doktorantidel ja noorteadlastel t\u00f5en\u00e4oliselt ei olegi enam valikut, seet\u00f5ttu on uute teadmiste ja oskuste omandamine eriti oluline.\n<\/p>\n<p>\n\t[Slaid 5] Siin on veel m\u00f5ningad avatud teaduse t\u00f5lgendused ja definitsioonid, kuid k\u00f5ik need toetuvad kuuele sambale ja \u00fchele alusele. [Slaid 6] Kindlasti k\u00f5ige tuntum neist on avatud juurdep\u00e4\u00e4s teadusartiklitele, millega seondub artiklite eelretsenseerimine, mis ideaalis peaks arenema diskussiooniks ekspertide ja teadlaste vahel. Selle kursuse jooksul p\u00f6\u00f6rame k\u00f5ige rohkem t\u00e4helepanu teadusandmetele, kuid andmete k\u00f5rval on sama olulised ka avatud meetodid ja avatud l\u00e4htekoodiga tarkvara. Et avatud teadus oleks juriidiliselt korrektne, tuleb ise j\u00e4rgida k\u00f5iki seadusi, n\u00e4iteks autori\u00f5iguse seadust ning anda teistele v\u00f5imalus oma teadustulemusi kasutada, varustades neid selgete litsentsidega. See kursus on abiks ja toeks avatud teaduse m\u00f5istmisel ja praktiseerimisel. <\/p><\/div>\n        <\/div>\n        <\/div>\n    <\/div>\n\n<p>\n\t\u00a0\n<\/p>\n<p>\n\t\u00a0\n<\/p>\n<p>\n\t<img loading=\"lazy\" decoding=\"async\" width=\"693\" height=\"526\" class=\"alignnone wp-image-162\" style=\"margin-left: auto;margin-right: auto\" src=\"https:\/\/sisu.ut.ee\/wp-content\/uploads\/sites\/301\/kuus_sammast.png\" title=\"kuus_sammast.png\" alt=\"kuus_sammast.png\" srcset=\"https:\/\/sisu.ut.ee\/wp-content\/uploads\/sites\/301\/kuus_sammast.png 693w, https:\/\/sisu.ut.ee\/wp-content\/uploads\/sites\/301\/kuus_sammast-300x228.png 300w\" sizes=\"auto, (max-width: 693px) 100vw, 693px\">\n<\/p>\n<p style=\"text-align: justify\">\n\t<a data-url=\"https:\/\/en.wikipedia.org\/wiki\/Open_science\" href=\"https:\/\/en.wikipedia.org\/wiki\/Open_science\" target=\"_blank\" title=\"\" rel=\"noopener\">Wikipedia<\/a> andmetel kasutas m\u00f5istet \u201cavatud teadus\u201d esimest korda Steve Mann 1998. aastal.\n<\/p>\n<p style=\"text-align: justify\">\n\tK\u00f5ige laiemalt on avatud teadus defineeritud Euroopa Liidu poolt rahastatava e-\u00f5ppe keskkonna\u00a0<a data-url=\"https:\/\/www.fosteropenscience.eu\/\" href=\"https:\/\/www.fosteropenscience.eu\/\" style=\"background-color: #ffffff\" target=\"_blank\" title=\"\" rel=\"noopener\">FOSTER<\/a>\u00a0poolt:\n<\/p>\n<p style=\"margin-left: 40px;text-align: justify\">\n\t<em>The practice of science in such a way that others can collaborate and contribute, where research data, lab notes and other research processes are freely available, under terms that enable reuse, redistribution and reproduction of the research and its underlying data and methods<\/em>.\u00a0\n<\/p>\n<p style=\"text-align: justify\">\n\t\u00a0\n<\/p>\n<blockquote>\n<p style=\"text-align: justify\">\n\t\tAvatud teaduse eesm\u00e4rk on muuta teadusuuringud avatuks, loovaks ning koost\u00f6\u00f6l p\u00f5hinevaks, kasutades t\u00e4nap\u00e4evaseid info- ja kommunikatsioonitehnoloogia v\u00f5imalusi.\n\t<\/p>\n<\/blockquote>\n<p>\n\t\u00a0\n<\/p>\n<p style=\"text-align: justify\">\n\tKamila Markram on inspireeriv avatud teaduse eestk\u00f5neleja, neuroteadlane (EPFL Lausanne), avatud teaduse platvormi Frontiers looja ja arendaja. 2017. aastal\u00a0j\u00f5udis ta EL naisinnovaatorite auhinna finaalvooru.\n<\/p>\n<p style=\"text-align: justify\">\n\t\u00a0\n<\/p>\n<p>\n\t<\/p><div class=\"ratio ratio-16x9 mb-3\"><div class=\"video-placeholder-wrapper video-placeholder-wrapper--16x9\">\n\t\t\t    <div class=\"video-placeholder d-flex justify-content-center align-items-center\">\n\t\t\t        <div class=\"overlay text-white p-2 w-100 text-center d-block justify-content-center align-items-center\">\n\t\t\t            <div>Kolmandate osapoolte sisu n\u00e4gemiseks palun n\u00f5ustu k\u00fcpsistega.<\/div>\n\t\t\t            <button class=\"btn btn-secondary btn-sm mt-1 consent-change\">Muuda n\u00f5usolekut<\/button>\n\t\t\t        <\/div>\n\t\t\t    <\/div>\n\t\t\t<\/div>\n<\/div>\n\n<p style=\"text-align: center\">\n\t<strong>\u00a0 \u00a0 \u00a0 \u00a0 \u00a0Kamila Markram, TEDx Talks 2017: Open Science can save the planet<\/strong>\n<\/p>\n<p style=\"text-align: left\">\n\t\u00a0\n<\/p>\n<p style=\"text-align: justify\">\n\t\u00dcldtuntud avatud teaduse definitsioonid r\u00f5hutavad peamiselt kaht komponenti \u2013\u00a0avatud juurdep\u00e4\u00e4su teadusartiklitele ja teaduse avaandmeid:\n<\/p>\n<p style=\"margin-left: 40px;text-align: justify\">\n\t<em>Open science is the idea that scientific knowledge of all kinds should be openly shared as early as is practical in the discovery process.<\/em>\n<\/p>\n<p style=\"text-align: justify\">\n\t<span style=\"font-size:10px\">Nielsen M. An informal definition of OpenScience | The OpenScience Project [Internet]. [cited 26.07.2018]. Available from:\u00a0<a href=\"http:\/\/www.openscience.org\/blog\/?p=454\">http:\/\/www.openscience.org\/blog\/?p=454<\/a><\/span>\n<\/p>\n<p style=\"text-align: justify\">\n\tOECD defineerib aga avatud juurdep\u00e4\u00e4asuga teadust j\u00e4rgnevalt:\u00a0\n<\/p>\n<p style=\"margin-left: 40px;text-align: justify\">\n\t<em>to make the primary outputs of publicly funded research results \u2013 publications and the research data \u2013 publicly accessible in digital format with no or minimal restriction<\/em>\u00a0(<a data-url=\"https:\/\/www.fosteropenscience.eu\/content\/what-open-science-introduction\" href=\"https:\/\/www.fosteropenscience.eu\/content\/what-open-science-introduction\" target=\"_blank\" title=\"\" rel=\"noopener\">OECD, 2015:7<\/a>)\n<\/p>\n<p style=\"text-align: justify\">\n\t\u00a0\n<\/p>\n<p>\n\t<img loading=\"lazy\" decoding=\"async\" width=\"610\" height=\"345\" class=\"alignnone wp-image-163\" style=\"margin-left: auto;margin-right: auto\" src=\"https:\/\/sisu.ut.ee\/wp-content\/uploads\/sites\/301\/research_graph.png\" title=\"research_graph.png\" alt=\"research_graph.png\" srcset=\"https:\/\/sisu.ut.ee\/wp-content\/uploads\/sites\/301\/research_graph.png 610w, https:\/\/sisu.ut.ee\/wp-content\/uploads\/sites\/301\/research_graph-300x170.png 300w\" sizes=\"auto, (max-width: 610px) 100vw, 610px\">\n<\/p>\n<p style=\"text-align: center\">\n\t<a href=\"http:\/\/ec.europa.eu\/research\/participants\/data\/ref\/h2020\/grants_manual\/hi\/oa_pilot\/h2020-hi-oa-pilot-guide_en.pdf\" target=\"_blank\" rel=\"noopener\">Allikas<\/a>\n<\/p>\n<p style=\"text-align: justify\">\n\tK\u00e4esolev kursus on k\u00fcll keskendunud teadusandmete haldamisele ja publitseerimisele, kuid selle k\u00f5rval k\u00e4sitleme l\u00fchidalt j\u00e4rgnevates \u00f5ppet\u00fckkides ka m\u00f5ningaid teisi avatud teaduse komponente.<\/p>\n","protected":false},"excerpt":{"rendered":"<p>Avatud teadus aitab t\u00f5sta teadusuuringute t\u00f5husust ning muuta need l\u00e4bipaistvamaks ja k\u00f5igile k\u00e4ttesaadavaks. Selle kaudu suureneb koost\u00f6\u00f6 teadlaste ja eri teadusvaldkondade vahel, mis loob kasu ka \u00fchiskonnale tervikuna. Seega teadusuuringute muutmine avatuks, globaalseks ja koost\u00f6\u00f6l p\u00f5hinevaks toob tulu nii teadlaskonnale, &#8230;<\/p>\n","protected":false},"author":78,"featured_media":0,"parent":0,"menu_order":0,"comment_status":"closed","ping_status":"closed","template":"","meta":{"_acf_changed":false,"inline_featured_image":false,"footnotes":""},"class_list":["post-35","page","type-page","status-publish","hentry"],"acf":[],"_links":{"self":[{"href":"https:\/\/sisu.ut.ee\/andmehaldus\/wp-json\/wp\/v2\/pages\/35","targetHints":{"allow":["GET"]}}],"collection":[{"href":"https:\/\/sisu.ut.ee\/andmehaldus\/wp-json\/wp\/v2\/pages"}],"about":[{"href":"https:\/\/sisu.ut.ee\/andmehaldus\/wp-json\/wp\/v2\/types\/page"}],"author":[{"embeddable":true,"href":"https:\/\/sisu.ut.ee\/andmehaldus\/wp-json\/wp\/v2\/users\/78"}],"replies":[{"embeddable":true,"href":"https:\/\/sisu.ut.ee\/andmehaldus\/wp-json\/wp\/v2\/comments?post=35"}],"version-history":[{"count":1,"href":"https:\/\/sisu.ut.ee\/andmehaldus\/wp-json\/wp\/v2\/pages\/35\/revisions"}],"predecessor-version":[{"id":329,"href":"https:\/\/sisu.ut.ee\/andmehaldus\/wp-json\/wp\/v2\/pages\/35\/revisions\/329"}],"wp:attachment":[{"href":"https:\/\/sisu.ut.ee\/andmehaldus\/wp-json\/wp\/v2\/media?parent=35"}],"curies":[{"name":"wp","href":"https:\/\/api.w.org\/{rel}","templated":true}]}}