{"id":34,"date":"2024-04-04T04:36:11","date_gmt":"2024-04-04T01:36:11","guid":{"rendered":"https:\/\/sisu.ut.ee\/andmehaldus\/dokumenteerimine-ja-metaandmed\/"},"modified":"2025-10-23T09:40:19","modified_gmt":"2025-10-23T06:40:19","slug":"dokumenteerimine-ja-metaandmed","status":"publish","type":"page","link":"https:\/\/sisu.ut.ee\/andmehaldus\/dokumenteerimine-ja-metaandmed\/","title":{"rendered":"Dokumenteerimine ja metaandmed"},"content":{"rendered":"<h3 style=\"text-align: justify;\">Dokumenteerimine<\/h3>\n<p style=\"text-align: justify;\">Andmetega t\u00f6\u00f6tamist peaks dokumenteerima igas etapis alates andmete kogumisest kuni pikaajalisele s\u00e4ilitamisele andmiseni. K\u00f5igepealt ongi vaja otsustada, mille kohta \u00fcldse dokumentatsioon koostatakse, millises vormis\u00a0ja kes vastutab selle tegevuse eest.<\/p>\n<p style=\"text-align: justify;\">Kuna andmehaldusplaan iseenesest on ka ametlik dokument, ei ole vaja pikemalt korrata\u00a0neid punkte, mida andmehaldusplaan nagunii kirjeldab.<\/p>\n<blockquote>\n<p style=\"text-align: justify;\">Dokumentatsioon on oluline, kui grupiga liituvad uued teadlased ja doktorandid. Korralikult dokumenteeritud andmed v\u00e4ldivad v\u00e4\u00e4rkasutust ja valesti m\u00f5istmist tulevikus, mis ongi \u00fcks teadlase suurimaid hirme.<\/p>\n<\/blockquote>\n<p style=\"text-align: justify;\">N\u00e4iteks metaandmed lisatakse andmetele k\u00fcll t\u00f6\u00f6 k\u00e4igus, kuid millist standardit kasutatakse ja milliseid v\u00e4lju sellest standardist t\u00e4idetakse, tuleb otsustada juba varem ning\u00a0t\u00e4ita jooksvalt. Sellega seoses tuleks\u00a0\u00fchtlasi\u00a0otsustada, millises repositooriumis hakatakse andmeid hoidma p\u00e4rast projekti l\u00f5ppemist, kuna universaalsed repositooriumid ei toeta k\u00f5iki metaandmete standardeid. Seevastu erialased repositooriumid just sellep\u00e4rast ongi erialased, et need toetavad\u00a0erialaseid standardeid.<\/p>\n<blockquote>\n<p style=\"text-align: justify;\">Dokumenteerimine ja metaandmetega kirjeldamine on l\u00e4bi kogu andmets\u00fckli toimuv tegevus.<\/p>\n<\/blockquote>\n<div style=\"text-align: justify;\">Helsing \u00dclikoolis on v\u00e4lja antud v\u00e4ga hea andmete dokumenteerimise juhend, mis k\u00e4sitleb andmete dokumenteerimist uuringu jooksul ja p\u00e4rast t\u00f6\u00f6 l\u00f5ppemist andmete avaldamiseks:<\/div>\n<div style=\"text-align: justify;\">Siiri Fuchs, &amp; Mari Elisa Kuusniemi. (2018). Making a research project understandable \u2013 Guide for data documentation (1.2). Zenodo. <a title=\"\" href=\"https:\/\/doi.org\/10.5281\/zenodo.1914401\" target=\"_blank\" rel=\"noopener\" data-url=\"https:\/\/doi.org\/10.5281\/zenodo.1914401\">https:\/\/doi.org\/10.5281\/zenodo.1914401<\/a><br>\nSiinkohal v\u00f5iks t\u00e4hele panna, et lisatud link viib Zenodo repositooriumisse, kust on alati v\u00f5imalik endale alla laadida juhendi viimane t\u00e4iendatud versioon.<\/div>\n<h3 style=\"text-align: justify;\"><\/h3>\n<h3 style=\"text-align: justify;\">Metaandmed<\/h3>\n<blockquote>\n<p style=\"text-align: justify;\">Metaandmed on andmed andmete kohta. Metaandmed annavad teadusandmetele konteksti ja v\u00f5imaldavad tuvastada p\u00e4ritolu.<\/p>\n<\/blockquote>\n<p style=\"text-align: justify;\"><strong>Metaandmete eesm\u00e4rk on teha andmed otsitavaks, arusaadavaks ja kasutatavaks<\/strong> ka tulevikus, ilma et keegi peaks andma lisaselgitusi andmekogu kohta. Metaandmed kirjeldavad uurimisandmeid ja v\u00f5imaldavad otsingut. M\u00f5tle j\u00e4rele, kust sa need saad (lood ise, automaatselt) ning kus s\u00e4ilitad ja kuidas lingid andmetega.<br>\nMetaandmed peavad olema avalikud ka juhul, kui andmekogu ise j\u00e4\u00e4b suletuks.<\/p>\n<p style=\"text-align: justify;\">Metaandmete eluts\u00fckkel on \u00fcks osa teadusandmete eluts\u00fcklist, kuid see\u00a0ei tule ette mitte \u00fcks kord ts\u00fckli jooksul, vaid metaandmestada\u00a0 tuleks\u00a0pidevalt, p\u00f6\u00f6rdudes tagasi eelmiste etappide juurde.<\/p>\n<p style=\"text-align: justify;\">Seda iseloomustab metaandmete spiraal, mis eristab, millised metaandmed on vajalikud andmete otsimiseks ja leidmiseks ning millised andmete m\u00f5istmiseks ja taaskasutamiseks.<\/p>\n<p style=\"text-align: center;\"><img decoding=\"async\" style=\"width: 580px; height: 419px;\" src=\"https:\/\/sisu.ut.ee\/wp-content\/uploads\/sites\/301\/spiraal.png\" alt=\"spiraal\"><\/p>\n<p style=\"text-align: justify;\">Habermann, T. (2018). Metadata Life Cycles, Use Cases and Hierarchies. Geosciences, 8(5), 179. <a href=\"http:\/\/www.mdpi.com\/2076-3263\/8\/5\/179\">https:\/\/doi.org\/10.3390\/geosciences8050179<\/a><\/p>\n<p style=\"text-align: justify;\">Metaandmeid on kolme p\u00f5hit\u00fc\u00fcpi:<\/p>\n<ol>\n<li style=\"text-align: justify;\"><strong>Administratiivsed metaandmed<\/strong> (projekti ja vastutusalade kohta, juurdep\u00e4\u00e4su\u00f5iguste haldamine, litsentsid, embargoperiood). <strong>Eesm\u00e4rk: andmete juurdep\u00e4\u00e4setavus.<\/strong><\/li>\n<li style=\"text-align: justify;\"><strong>Tehnilised ja struktuuri metaandmed<\/strong> (riist- ja tarkvara kohta, autentimine, kr\u00fcpteerimine, andmed allikate digiteerimise kohta, digitaalobjektide ja andmekogu struktuur, koodid, muutujad jne). <strong>Eesm\u00e4rk: s\u00fcsteemide koost\u00f6\u00f6v\u00f5ime ja andmete taaskasutatavus.<\/strong><\/li>\n<li style=\"text-align: justify;\"><strong>Kirjeldavad metaandmed\u00a0<\/strong>(DOI, bibliograafilised metaandmed).\u00a0<strong>Eesm\u00e4rk:\u00a0et andmed oleksid leitavad ja m\u00f5istetavad.<\/strong><\/li>\n<\/ol>\n<p><img loading=\"lazy\" decoding=\"async\" width=\"489\" height=\"432\" class=\"alignnone wp-image-158\" style=\"margin-left: auto; margin-right: auto; text-align: justify;\" title=\"metadata.png\" src=\"https:\/\/sisu.ut.ee\/wp-content\/uploads\/sites\/301\/metadata.png\" alt=\"metadata.png\" srcset=\"https:\/\/sisu.ut.ee\/wp-content\/uploads\/sites\/301\/metadata.png 489w, https:\/\/sisu.ut.ee\/wp-content\/uploads\/sites\/301\/metadata-300x265.png 300w\" sizes=\"auto, (max-width: 489px) 100vw, 489px\"><\/p>\n<p><a title=\"\" href=\"https:\/\/www.niso.org\/publications\/understanding-metadata-2017\" target=\"_blank\" rel=\"noopener\" data-url=\"https:\/\/www.niso.org\/publications\/understanding-metadata-2017\">Riley, J.: Understanding Metadata: What is Metadata, and What is it For?: A Primer. NISO Press, Bethesda (2017)<\/a><\/p>\n<p style=\"text-align: justify;\">Juuresolevast tabelist on h\u00e4sti n\u00e4ha, kui olulised on andmekogu metaandmed FAIR andmete seisukohalt. Andmekogu looja \u00fclesanne on anda andmekogule sisu kirjeldavad ja \u00f5igusi m\u00e4\u00e4ravad metaandmed.\u00a0Repositooriumid peavad l\u00f5puks tagama pikaajalisele s\u00e4ilitamisele antud andmete koost\u00f6\u00f6v\u00f5imelisuse (<em>interoperability<\/em>) teiste infos\u00fcsteemidega.<br>\nJa mitte ainult. Sama oluline on semantiline koost\u00f6\u00f6v\u00f5ime, et andmete t\u00e4hendus ja m\u00f5te kaduma ei l\u00e4heks, ning ka juriidiline \u00fchilduvus.<\/p>\n<p style=\"text-align: justify;\">Standardeid ja metaandmete raamistikke on v\u00e4ga palju, nii \u00fcldisemaid kui ka v\u00e4ga erialaspetsiifilisi. Need n\u00e4evad ette metaandmete esitamise struktuuri ja andmeelemendid, arvestades konkreetsel erialal kogutavaid teadusandmeid.<\/p>\n<p style=\"text-align: justify;\">Metaandmete raamistikud ja standardid kasutavad kontrollitud s\u00f5nastikke ning\u00a0taksonoomiaid. See t\u00e4hendab, et paljudele andmeelemente kirjeldavatele metaandmete v\u00e4ljadele ei ole v\u00f5imalik sisestada\u00a0\u00fcksk\u00f5ik mida, vaid v\u00e4\u00e4rtused tuleb valida etteantud hulgast, kontrollitud s\u00f5nastikust. Sellega tagataksegi\u00a0andmevahetus ja koost\u00f6\u00f6v\u00f5imelisus.<\/p>\n<p style=\"text-align: justify;\">Eesti repositooriumides on standardiks <a title=\"\" href=\"https:\/\/ems.elnet.ee\/index.php\" target=\"_blank\" rel=\"noopener\" data-url=\"https:\/\/ems.elnet.ee\/index.php\">Eesti m\u00e4rks\u00f5nastik<\/a>.<br>\nTeine hea n\u00e4ide on paljudesse Euroopa keeltesse t\u00f5lgitud sotsiaalteaduste tesaurus:\u00a0<a title=\"\" href=\"https:\/\/elsst.cessda.eu\/\" target=\"_blank\" rel=\"noopener\" data-url=\"https:\/\/elsst.cessda.eu\/\">ELSST \u2013 European Language Social Science Thesaurus<\/a>.<\/p>\n<p style=\"text-align: justify;\">Internetiotsinguga v\u00f5ib leida mitmeid loetelusid erialastest standarditest, n\u00e4iteks<\/p>\n<p style=\"text-align: justify;\"><a title=\"\" href=\"https:\/\/rdamsc.bath.ac.uk\/\" target=\"_blank\" rel=\"noopener\" data-url=\"https:\/\/rdamsc.bath.ac.uk\/\">Metadata Standards Catalog<\/a><\/p>\n<p style=\"text-align: justify;\">Vaata videot ja kinnista \u00f5pitut metaandmete kohta, sest metaandmed on k\u00f5ige olulisem komponent FAIR andmete saavutamisel:<\/p>\n<p><\/p><div class=\"ratio ratio-16x9 mb-3\"><div class=\"video-placeholder-wrapper video-placeholder-wrapper--16x9\">\n\t\t\t    <div class=\"video-placeholder d-flex justify-content-center align-items-center\">\n\t\t\t        <div class=\"overlay text-white p-2 w-100 text-center d-block justify-content-center align-items-center\">\n\t\t\t            <div>Kolmandate osapoolte sisu n\u00e4gemiseks palun n\u00f5ustu k\u00fcpsistega.<\/div>\n\t\t\t            <button class=\"btn btn-secondary btn-sm mt-1 consent-change\">Muuda n\u00f5usolekut<\/button>\n\t\t\t        <\/div>\n\t\t\t    <\/div>\n\t\t\t<\/div>\n<\/div>\n<h3 style=\"text-align: justify;\">DataCite<\/h3>\n<p style=\"text-align: justify;\">Vaatame l\u00e4hemalt \u00fcht metaandmete raamistikku.<\/p>\n<p style=\"text-align: justify;\">Tartu \u00dclikool on liitunud mittetulundusliku organisatsiooniga <a title=\"\" href=\"https:\/\/datacite.org\/\" target=\"_blank\" rel=\"noopener\" data-url=\"https:\/\/datacite.org\/\">DataCite<\/a> ning T\u00dc raamatukogu on teenusepakkuja ja vahendaja rollis. Selleks on loodud <a title=\"\" href=\"https:\/\/datacite.ee\/\" target=\"_blank\" rel=\"noopener\" data-url=\"https:\/\/datacite.ee\/\">konsortsium DataCite Eesti.<\/a>\u00a0<strong>DataCite annab andmekogudele p\u00fcsiidentifikaatori DOI ja registreerib metaandmed. <\/strong>T\u00dc andmerepositooriumid <a title=\"\" href=\"https:\/\/plutof.ut.ee\/\" target=\"_blank\" rel=\"noopener\" data-url=\"https:\/\/plutof.ut.ee\/\">PlutoF<\/a>, <a title=\"\" href=\"https:\/\/datadoi.ee\/\" target=\"_blank\" rel=\"noopener\" data-url=\"https:\/\/datadoi.ee\/\">DataDOI<\/a> ja <a title=\"\" href=\"https:\/\/qsardb.org\/\" target=\"_blank\" rel=\"noopener\" data-url=\"https:\/\/qsardb.org\/\">QsarDB<\/a> on DataCite\u2019i poolt tunnustatud ja k\u00f5ik sellesse laaditud andmekogud saavad DOI ning on leitavad DataCite otsinguga t\u00e4nu metaandmetele.<\/p>\n<p style=\"text-align: justify;\"><a href=\"https:\/\/schema.datacite.org\/meta\/kernel-4.1\/index.html\" target=\"_blank\" rel=\"noopener\">DataCite\u2019i metaandmete raamistik<\/a> jagab metaandmed kolme gruppi: kohustuslikud, soovituslikud ja valikulised.<\/p>\n<p style=\"text-align: justify;\">Kohustuslike ja soovituslike metaandmete kirjeldus:<\/p>\n<p><img loading=\"lazy\" decoding=\"async\" width=\"634\" height=\"528\" class=\"alignnone wp-image-159\" style=\"margin-left: auto; margin-right: auto; text-align: justify;\" title=\"dc_k_meta.png\" src=\"https:\/\/sisu.ut.ee\/wp-content\/uploads\/sites\/301\/dc_k_meta.png\" alt=\"dc_k_meta.png\" srcset=\"https:\/\/sisu.ut.ee\/wp-content\/uploads\/sites\/301\/dc_k_meta.png 634w, https:\/\/sisu.ut.ee\/wp-content\/uploads\/sites\/301\/dc_k_meta-300x250.png 300w\" sizes=\"auto, (max-width: 634px) 100vw, 634px\"><\/p>\n<p><strong><img loading=\"lazy\" decoding=\"async\" width=\"633\" height=\"423\" class=\"alignnone wp-image-160\" style=\"margin-left: auto; margin-right: auto; text-align: justify;\" title=\"dc_s_meta.png\" src=\"https:\/\/sisu.ut.ee\/wp-content\/uploads\/sites\/301\/dc_s_meta.png\" alt=\"dc_s_meta.png\" srcset=\"https:\/\/sisu.ut.ee\/wp-content\/uploads\/sites\/301\/dc_s_meta.png 633w, https:\/\/sisu.ut.ee\/wp-content\/uploads\/sites\/301\/dc_s_meta-300x200.png 300w\" sizes=\"auto, (max-width: 633px) 100vw, 633px\"><\/strong><\/p>\n<p style=\"text-align: justify;\">Metaandmed on avatud ka siis, kui andmekogum ise pole mingil p\u00f5hjusel k\u00f5igile juurdep\u00e4\u00e4setav. Metaandmed on p\u00fcsivad ja nende eluts\u00fckkel on pikem kui nendes metaandmetes kirjeldatud andmetel.<\/p>\n<blockquote>\n<p style=\"text-align: justify;\">Mida rohkem metaandmeid, seda lihtsam on andmekogu leida ja m\u00f5ista!<\/p>\n<\/blockquote>\n<p style=\"text-align: justify;\">\n<\/p>","protected":false},"excerpt":{"rendered":"<p>Dokumenteerimine Andmetega t\u00f6\u00f6tamist peaks dokumenteerima igas etapis alates andmete kogumisest kuni pikaajalisele s\u00e4ilitamisele andmiseni. K\u00f5igepealt ongi vaja otsustada, mille kohta \u00fcldse dokumentatsioon koostatakse, millises vormis\u00a0ja kes vastutab selle tegevuse eest. Kuna andmehaldusplaan iseenesest on ka ametlik dokument, ei ole vaja &#8230;<\/p>\n","protected":false},"author":78,"featured_media":0,"parent":0,"menu_order":0,"comment_status":"closed","ping_status":"closed","template":"","meta":{"_acf_changed":false,"inline_featured_image":false,"footnotes":""},"class_list":["post-34","page","type-page","status-publish","hentry"],"acf":[],"_links":{"self":[{"href":"https:\/\/sisu.ut.ee\/andmehaldus\/wp-json\/wp\/v2\/pages\/34","targetHints":{"allow":["GET"]}}],"collection":[{"href":"https:\/\/sisu.ut.ee\/andmehaldus\/wp-json\/wp\/v2\/pages"}],"about":[{"href":"https:\/\/sisu.ut.ee\/andmehaldus\/wp-json\/wp\/v2\/types\/page"}],"author":[{"embeddable":true,"href":"https:\/\/sisu.ut.ee\/andmehaldus\/wp-json\/wp\/v2\/users\/78"}],"replies":[{"embeddable":true,"href":"https:\/\/sisu.ut.ee\/andmehaldus\/wp-json\/wp\/v2\/comments?post=34"}],"version-history":[{"count":5,"href":"https:\/\/sisu.ut.ee\/andmehaldus\/wp-json\/wp\/v2\/pages\/34\/revisions"}],"predecessor-version":[{"id":574,"href":"https:\/\/sisu.ut.ee\/andmehaldus\/wp-json\/wp\/v2\/pages\/34\/revisions\/574"}],"wp:attachment":[{"href":"https:\/\/sisu.ut.ee\/andmehaldus\/wp-json\/wp\/v2\/media?parent=34"}],"curies":[{"name":"wp","href":"https:\/\/api.w.org\/{rel}","templated":true}]}}