{"id":33,"date":"2024-04-04T04:36:11","date_gmt":"2024-04-04T01:36:11","guid":{"rendered":"https:\/\/sisu.ut.ee\/andmehaldus\/avaleht\/"},"modified":"2025-02-27T11:06:52","modified_gmt":"2025-02-27T09:06:52","slug":"avaleht","status":"publish","type":"page","link":"https:\/\/sisu.ut.ee\/andmehaldus\/","title":{"rendered":"Avaleht"},"content":{"rendered":"<h3>Tere tulemast kursusele!<\/h3>\n<p>Tahaksid teada, kuidas muuta oma teadust\u00f6\u00f6 efektiivsemaks? Kuidas saada rohkem tsiteeringuid ja edendada teadlaskarj\u00e4\u00e4ri? Oled kuulnud, et andmed on uus uraan?<\/p>\n<p>Andmed on sama v\u00e4\u00e4rtuslikud ning neid tuleb k\u00e4sitleda suurima hoolikusega, et t\u00f5useks tulu teadusele ja majandusele, seega kogu \u00fchiskonnale.<\/p>\n<p>Tartu \u00dclikooli raamatukogu on koostanud \u00f5ppematerjali, mis aitab m\u00f5ista avatud teadust ning \u00f5petab looma andmehaldusplaani.<\/p>\n<p><img loading=\"lazy\" decoding=\"async\" width=\"640\" height=\"213\" class=\"alignnone wp-image-156\" style=\"margin-left: auto; margin-right: auto;\" title=\"web-3706565_640.jpg\" src=\"https:\/\/sisu.ut.ee\/wp-content\/uploads\/sites\/301\/web-3706565_640.jpg\" alt=\"web-3706565_640.jpg\" srcset=\"https:\/\/sisu.ut.ee\/wp-content\/uploads\/sites\/301\/web-3706565_640.jpg 640w, https:\/\/sisu.ut.ee\/wp-content\/uploads\/sites\/301\/web-3706565_640-300x100.jpg 300w\" sizes=\"auto, (max-width: 640px) 100vw, 640px\"><\/p>\n<p style=\"text-align: center;\"><span style=\"font-size: small;\">Pixabay.com<\/span><\/p>\n","protected":false},"excerpt":{"rendered":"<p>Tere tulemast kursusele! Tahaksid teada, kuidas muuta oma teadust\u00f6\u00f6 efektiivsemaks? Kuidas saada rohkem tsiteeringuid ja edendada teadlaskarj\u00e4\u00e4ri? Oled kuulnud, et andmed on uus uraan? Andmed on sama v\u00e4\u00e4rtuslikud ning neid tuleb k\u00e4sitleda suurima hoolikusega, et t\u00f5useks tulu teadusele ja majandusele, &#8230;<\/p>\n","protected":false},"author":78,"featured_media":0,"parent":0,"menu_order":0,"comment_status":"closed","ping_status":"closed","template":"","meta":{"_acf_changed":false,"inline_featured_image":false,"footnotes":""},"class_list":["post-33","page","type-page","status-publish","hentry"],"acf":[],"_links":{"self":[{"href":"https:\/\/sisu.ut.ee\/andmehaldus\/wp-json\/wp\/v2\/pages\/33","targetHints":{"allow":["GET"]}}],"collection":[{"href":"https:\/\/sisu.ut.ee\/andmehaldus\/wp-json\/wp\/v2\/pages"}],"about":[{"href":"https:\/\/sisu.ut.ee\/andmehaldus\/wp-json\/wp\/v2\/types\/page"}],"author":[{"embeddable":true,"href":"https:\/\/sisu.ut.ee\/andmehaldus\/wp-json\/wp\/v2\/users\/78"}],"replies":[{"embeddable":true,"href":"https:\/\/sisu.ut.ee\/andmehaldus\/wp-json\/wp\/v2\/comments?post=33"}],"version-history":[{"count":7,"href":"https:\/\/sisu.ut.ee\/andmehaldus\/wp-json\/wp\/v2\/pages\/33\/revisions"}],"predecessor-version":[{"id":547,"href":"https:\/\/sisu.ut.ee\/andmehaldus\/wp-json\/wp\/v2\/pages\/33\/revisions\/547"}],"wp:attachment":[{"href":"https:\/\/sisu.ut.ee\/andmehaldus\/wp-json\/wp\/v2\/media?parent=33"}],"curies":[{"name":"wp","href":"https:\/\/api.w.org\/{rel}","templated":true}]}}