{"id":32,"date":"2024-04-04T04:36:11","date_gmt":"2024-04-04T01:36:11","guid":{"rendered":"https:\/\/sisu.ut.ee\/andmehaldus\/orcid-et\/"},"modified":"2024-10-17T14:36:51","modified_gmt":"2024-10-17T11:36:51","slug":"orcid-et","status":"publish","type":"page","link":"https:\/\/sisu.ut.ee\/andmehaldus\/orcid-et\/","title":{"rendered":"ORCID ja ResearcherID"},"content":{"rendered":"<p style=\"text-align: justify;\"><a title=\"\" href=\"https:\/\/orcid.org\/\" target=\"_blank\" rel=\"noopener\" data-url=\"https:\/\/orcid.org\/\">ORCID (Open Researcher and Contributor ID)<\/a><strong> on iga teadlase unikaalne ja p\u00fcsiv\u00a0identifikaator<\/strong>, mille abil siduda oma isikuga kogu professionaalne tegevus: teadusasutus, grandid, teadusprojektid, publikatsioonid ja teadusandmed. ORCID tagab, et teadlase t\u00f6\u00f6 tulemused on omistatud just talle.\u00a0Nendele on korrektselt viidatud, mist\u00f5ttu saab teadlane tunnustuse kogu tehtud t\u00f6\u00f6 eest. ORCID on seotud ainult teadlase isikuga \u2013\u00a0liikumine \u00fchest asutusest teise \u00fcle kogu maailma seda ei muuda.<\/p>\n<p style=\"text-align: center;\"><img decoding=\"async\" style=\"width: 225px; height: 107px;\" src=\"https:\/\/sisu.ut.ee\/wp-content\/uploads\/sites\/301\/orcid.png\" alt=\"orcid\"><\/p>\n<p style=\"text-align: justify;\"><strong>ORCID konto\u00a0<\/strong>loob ja seda haldab \u00fcksnes\u00a0teadlane ise, valides endale meelep\u00e4rased s\u00e4tted. Infot on v\u00f5imalik jagada\u00a0avalikult v\u00f5i ainult usaldusv\u00e4\u00e4rsete isikutega.<\/p>\n<p style=\"text-align: justify;\">Registreeri oma ORCID iD\u00a0<a title=\"\" href=\"https:\/\/orcid.org\/register\" target=\"_blank\" rel=\"noopener\" data-url=\"https:\/\/orcid.org\/register\">siin<\/a>!<\/p>\n<ol style=\"margin-left: 40px;\">\n<li style=\"text-align: justify;\">Sisesta nimi ja meiliaadress<\/li>\n<li style=\"text-align: justify;\">Vali parool<\/li>\n<li style=\"text-align: justify;\">Vali privaatsuss\u00e4tted<\/li>\n<li style=\"text-align: justify;\">Registreeri<\/li>\n<\/ol>\n<p style=\"text-align: justify;\">Soovitatav info, mida lisada:<\/p>\n<ol style=\"margin-left: 40px;\">\n<li style=\"text-align: justify;\">Nimi ja k\u00f5ikv\u00f5imalikud variandid sellest<\/li>\n<li style=\"text-align: justify;\">Teadust\u00f6\u00f6 p\u00f5hisuunad<\/li>\n<li style=\"text-align: justify;\">Teadusasutus, millega oled hetkel seotud<\/li>\n<\/ol>\n<blockquote>\n<p style=\"text-align: justify;\">ORCID konto loomine on kiire, lihtne ja tasuta!<\/p>\n<\/blockquote>\n<p style=\"text-align: justify;\">ORCID lihtsustab rahvusvaheliste taotluste esitamist.\u00a0Oma kontole sisse logides leiad eest eelt\u00e4idetud v\u00e4ljad.<\/p>\n<p style=\"text-align: justify;\">ORCID on koostalitlusv\u00f5imeline teaduskirjastustega, mis t\u00e4hendab, et publikatsioone ja viiteid on lihtne importida andmebaasidest. Samamoodi\u00a0saab lisada repositooriumides olevad t\u00f6\u00f6d ja teadusandmed. Importida saab publikatsioone, millel on olemas p\u00fcsiidentifikaator, nt\u00a0DOI, ISBN.\u00a0Teisest k\u00fcljest lihtsustab ORCID ka ajakirjale k\u00e4sikirja esitamise protsessi, sest n\u00f5utavad administratiivsed andmed on juba ORCID kontoga seotud.<br>\nKui lisada ORCID publikatsioonile, seotakse see kontoga automaatselt. Alati on v\u00f5imalik oma t\u00f6\u00f6de andmeid lisada k\u00e4sitsi. Samas ei ole \u00fcldse kohustust siduda publikatsioone oma kontoga.<\/p>\n<p style=\"text-align: justify;\"><strong>ORCID ja ETIS<\/strong><\/p>\n<p style=\"text-align: justify;\">ORCID ei ole veel teadlasele kohustuslik, kuid selle saab siduda oma ETIS-e kontoga: ETIS \u2192 CV \u2192 \u00fcldandmed<\/p>\n<blockquote>\n<p style=\"text-align: justify;\">Lisa ORCID oma CV-sse ja meilisignatuuri ning tee end teadusmaailmas n\u00e4htavaks!<\/p>\n<\/blockquote>\n<p style=\"text-align: justify;\"><img loading=\"lazy\" decoding=\"async\" width=\"565\" height=\"899\" class=\"alignnone wp-image-99\" style=\"float: left;\" title=\"virtuous_cycle.png\" src=\"https:\/\/sisu.ut.ee\/wp-content\/uploads\/sites\/301\/virtuous_cycle.png\" alt=\"ORCID\" srcset=\"https:\/\/sisu.ut.ee\/wp-content\/uploads\/sites\/301\/virtuous_cycle.png 565w, https:\/\/sisu.ut.ee\/wp-content\/uploads\/sites\/301\/virtuous_cycle-189x300.png 189w\" sizes=\"auto, (max-width: 565px) 100vw, 565px\"><\/p>\n<p style=\"text-align: justify;\">Allikas:\u00a0H.H. Pierce, A. Dev, E. Statham &amp; B.E. Bierer. Credit data generators for data reuse. Nature 570 (2019), 30\u201332. <a href=\"https:\/\/doi.org\/10.1038\/d41586-019-01715-4\">https:\/\/doi.org\/10.1038\/d41586-019-01715-4<\/a><\/p>\n<p style=\"text-align: justify;\"><strong>ResearcherID<\/strong><\/p>\n<p style=\"text-align: justify;\">ORCID ja\u00a0<a href=\"https:\/\/www.researcherid.com\/#rid-for-researchers\" target=\"_blank\" rel=\"noreferrer noopener\">ResearcherID<\/a>\u00a0(uue nimega\u00a0The\u00a0Web\u00a0of\u00a0Science\u00a0ResearcherID)\u00a0on\u00a0kaks teadlase identifitseerimise tunnust, mis on omavahel seotud ning t\u00e4iendavad teineteist.\u00a0ResearcherID\u00a0asub\u00a0Publons\u00a0platvormil, kus on v\u00f5imalik lisada publikatsioone, j\u00e4lgida oma tsiteeringuid ning hallata oma\u00a0Web\u00a0of\u00a0Science\u00a0kirjet.\u00a0ResearcherID\u00a0konto saab luua\u00a0<a href=\"https:\/\/publons.com\/account\/register\/\" target=\"_blank\" rel=\"noreferrer noopener\">Publons keskkonnas<\/a>.\u00a0Kui on soovi konto siduda ORCID-ga, siis tuleks registreerumisel valida registreerumine kasutades ORCID kontot:<\/p>\n<p style=\"text-align: center;\"><img loading=\"lazy\" decoding=\"async\" width=\"710\" height=\"671\" class=\"alignnone wp-image-155\" style=\"width: 500px; height: 473px;\" title=\"researcherid.png\" src=\"https:\/\/sisu.ut.ee\/wp-content\/uploads\/sites\/301\/researcherid.png\" alt=\"researcherid\" srcset=\"https:\/\/sisu.ut.ee\/wp-content\/uploads\/sites\/301\/researcherid.png 710w, https:\/\/sisu.ut.ee\/wp-content\/uploads\/sites\/301\/researcherid-300x284.png 300w\" sizes=\"auto, (max-width: 710px) 100vw, 710px\"><\/p>\n","protected":false},"excerpt":{"rendered":"<p>ORCID (Open Researcher and Contributor ID) on iga teadlase unikaalne ja p\u00fcsiv\u00a0identifikaator, mille abil siduda oma isikuga kogu professionaalne tegevus: teadusasutus, grandid, teadusprojektid, publikatsioonid ja teadusandmed. ORCID tagab, et teadlase t\u00f6\u00f6 tulemused on omistatud just talle.\u00a0Nendele on korrektselt viidatud, mist\u00f5ttu &#8230;<\/p>\n","protected":false},"author":78,"featured_media":0,"parent":0,"menu_order":0,"comment_status":"closed","ping_status":"closed","template":"","meta":{"_acf_changed":false,"inline_featured_image":false,"footnotes":""},"class_list":["post-32","page","type-page","status-publish","hentry"],"acf":[],"_links":{"self":[{"href":"https:\/\/sisu.ut.ee\/andmehaldus\/wp-json\/wp\/v2\/pages\/32","targetHints":{"allow":["GET"]}}],"collection":[{"href":"https:\/\/sisu.ut.ee\/andmehaldus\/wp-json\/wp\/v2\/pages"}],"about":[{"href":"https:\/\/sisu.ut.ee\/andmehaldus\/wp-json\/wp\/v2\/types\/page"}],"author":[{"embeddable":true,"href":"https:\/\/sisu.ut.ee\/andmehaldus\/wp-json\/wp\/v2\/users\/78"}],"replies":[{"embeddable":true,"href":"https:\/\/sisu.ut.ee\/andmehaldus\/wp-json\/wp\/v2\/comments?post=32"}],"version-history":[{"count":3,"href":"https:\/\/sisu.ut.ee\/andmehaldus\/wp-json\/wp\/v2\/pages\/32\/revisions"}],"predecessor-version":[{"id":552,"href":"https:\/\/sisu.ut.ee\/andmehaldus\/wp-json\/wp\/v2\/pages\/32\/revisions\/552"}],"wp:attachment":[{"href":"https:\/\/sisu.ut.ee\/andmehaldus\/wp-json\/wp\/v2\/media?parent=32"}],"curies":[{"name":"wp","href":"https:\/\/api.w.org\/{rel}","templated":true}]}}