{"id":31,"date":"2024-04-04T04:36:10","date_gmt":"2024-04-04T01:36:10","guid":{"rendered":"https:\/\/sisu.ut.ee\/andmehaldus\/litsentsid\/"},"modified":"2024-04-04T04:37:02","modified_gmt":"2024-04-04T01:37:02","slug":"litsentsid","status":"publish","type":"page","link":"https:\/\/sisu.ut.ee\/andmehaldus\/litsentsid\/","title":{"rendered":"Litsentsid"},"content":{"rendered":"<p style=\"text-align: justify\">\n\tTeadust\u00f6\u00f6 on loominguline t\u00f6\u00f6. Teadlase looming on artikkel, tarkvara, andmebaas, konverentsiettekanne, k\u00f5rgkooli\u00f5pik vms, millele rakendub autori\u00f5igus.\n<\/p>\n<blockquote>\n<p style=\"text-align: justify\">\n\t\tCreative Commonsi litsentsid v\u00f5imaldavad teose autoril m\u00f5nedest oma \u00f5igusest loobuda, et teost saaksid teised kasutada vastavalt autori m\u00e4\u00e4ratud tingimustele.\n\t<\/p>\n<\/blockquote>\n<p style=\"text-align: justify\">\n\t\u00a0\n<\/p>\n<p>\n\t<\/p><div class=\"ratio ratio-16x9 mb-3\"><div class=\"video-placeholder-wrapper video-placeholder-wrapper--16x9\">\n\t\t\t    <div class=\"video-placeholder d-flex justify-content-center align-items-center\">\n\t\t\t        <div class=\"overlay text-white p-2 w-100 text-center d-block justify-content-center align-items-center\">\n\t\t\t            <div>Kolmandate osapoolte sisu n\u00e4gemiseks palun n\u00f5ustu k\u00fcpsistega.<\/div>\n\t\t\t            <button class=\"btn btn-secondary btn-sm mt-1 consent-change\">Muuda n\u00f5usolekut<\/button>\n\t\t\t        <\/div>\n\t\t\t    <\/div>\n\t\t\t<\/div>\n<\/div>\n\n<p style=\"text-align: justify\">\n\tEesti keeles saab k\u00f5ige parema \u00fclevaate litsentsidest Hariduse Infotehnoloogia Sihtasutuse (HITSA) lehelt, kus on olemas litsentside selgitused ja soovitused kasutajale teemal\u00a0<a data-url=\"https:\/\/www.hitsa.ee\/teenused\/autorioigused\/litsentside-selgitused\" href=\"https:\/\/www.hitsa.ee\/teenused\/autorioigused\/litsentside-selgitused\" target=\"_blank\" title=\"\" rel=\"noopener\">Autori\u00f5igused \u2013 Creative Commons<\/a>\n<\/p>\n<p style=\"text-align: justify\">\n\tL\u00fchidalt on litsentsid kokku v\u00f5etud Vikipeedias:\n<\/p>\n<p>\n\t<img loading=\"lazy\" decoding=\"async\" width=\"583\" height=\"201\" class=\"alignnone wp-image-150\" style=\"margin-left: auto;margin-right: auto;text-align: justify\" src=\"https:\/\/sisu.ut.ee\/wp-content\/uploads\/sites\/301\/cc.png\" title=\"cc.png\" alt=\"cc.png\" srcset=\"https:\/\/sisu.ut.ee\/wp-content\/uploads\/sites\/301\/cc.png 583w, https:\/\/sisu.ut.ee\/wp-content\/uploads\/sites\/301\/cc-300x103.png 300w\" sizes=\"auto, (max-width: 583px) 100vw, 583px\">\n<\/p>\n<p style=\"text-align: justify\">\n\tAndmed kui objektiivselt olemasolevad faktid sageli ei olegi autori\u00f5iguse kaitse all, k\u00fcll aga v\u00f5ivad selleks olla t\u00f6\u00f6mahukad andmebaasid, kus on loodud lisav\u00e4\u00e4rtus (otsing, linkimine).<br>Andmekogude litsentseerimisel ongi oluline k\u00f5igepealt kindlaks teha, kellele kuuluvad andmed ja kellel \u00fcldse on \u00f5igus litsentsi anda.<br>Autori\u00f5iguse isiklikud \u00f5igused j\u00e4\u00e4vad autorile alatiseks alles, kuid varalised \u00f5igused kuuluvad \u00fclikoolile kui t\u00f6\u00f6andjale.\u00a0Sellegipoolest peab teadlane ise hoolitsema oma andmete litsentseerimise eest, et need vastaksid FAIR n\u00f5uetele.\n<\/p>\n<p style=\"text-align: justify\">\n\tEt teadusandmed oleksid teistele leitavad ning\u00a0kasutatavad, tuleb need s\u00e4ilitada andmerepositooriumis (vt\u00a0<a data-url=\"https:\/\/sisu.ut.ee\/andmehaldus\/andmerepositooriumid-0\" href=\"https:\/\/sisu.ut.ee\/andmehaldus\/andmerepositooriumid-0\" target=\"_blank\" title=\"\" rel=\"noopener\">repositooriumid<\/a>). Enamikel juhtudel pakub repositoorium ise litsentse, et andmed oleksid t\u00f5epoolest avaandmed ning\u00a0poleks seatud asjatuid piiranguid. Sellegipoolest otsustab litsentsi \u00fcle ikkagi autori\u00f5iguse omaja.\n<\/p>\n<blockquote>\n<p style=\"text-align: justify\">\n\t\tTuleb teadvustada, et kord antud litsentsi ei saa enam tagasi v\u00f5tta.\u00a0\n\t<\/p>\n<\/blockquote>\n<p style=\"text-align: justify\">\n\tCreative Commons (UK) on v\u00e4lja andnud infolehe, kuidas tuleks teadusandmeid avatud teaduse tarbeks litsentseerida:\n<\/p>\n<p style=\"text-align: justify\">\n\t<span style=\"font-size: small\">Fact Sheet on Creative Commons and Open Science, Creative Commons UK:\u00a0<\/span><a data-url=\" https:\/\/doi.org\/10.5281\/zenodo.840652\" href=\"https:\/\/doi.org\/10.5281\/zenodo.840652\" target=\"_blank\" title=\"\" rel=\"noopener\">https:\/\/doi.org\/10.5281\/zenodo.840652<\/a>,\u00a0<a data-url=\"https:\/\/creativecommons.org\/licenses\/by\/4.0\/\" href=\"https:\/\/creativecommons.org\/licenses\/by\/4.0\/\" target=\"_blank\" title=\"\" rel=\"noopener\">CC BY 4.0<\/a>\n<\/p>\n<p style=\"text-align: justify\">\n\t\u00a0\n<\/p>\n<p>\n\t<span style=\"font-size: small\"><img loading=\"lazy\" decoding=\"async\" width=\"798\" height=\"358\" class=\"alignnone wp-image-151\" style=\"margin-left: auto;margin-right: auto;text-align: justify\" src=\"https:\/\/sisu.ut.ee\/wp-content\/uploads\/sites\/301\/cc_info.png\" title=\"cc_info.png\" alt=\"cc_info.png\" srcset=\"https:\/\/sisu.ut.ee\/wp-content\/uploads\/sites\/301\/cc_info.png 798w, https:\/\/sisu.ut.ee\/wp-content\/uploads\/sites\/301\/cc_info-300x135.png 300w, https:\/\/sisu.ut.ee\/wp-content\/uploads\/sites\/301\/cc_info-768x345.png 768w\" sizes=\"auto, (max-width: 798px) 100vw, 798px\"><\/span>\n<\/p>\n<p style=\"text-align: justify\">\n\tInfoleht\u00a0on leitav\u00a0eesti ja inglise keeles:\n<\/p>\n<p style=\"text-align: justify\">\n\t<img decoding=\"async\" alt=\"PDF icon\" src=\"\/modules\/file\/icons\/application-pdf.png\" style=\"width: 16px;height: 16px\">\u00a0<a data-url=\"https:\/\/sisu.ut.ee\/wp-content\/uploads\/sites\/301\/cc_infoleht.pdf\" href=\"https:\/\/sisu.ut.ee\/wp-content\/uploads\/sites\/301\/cc_infoleht.pdf\" target=\"_blank\" title=\"\" rel=\"noopener\">Infoleht_est<\/a>\n<\/p>\n<p style=\"text-align: justify\">\n\t<img decoding=\"async\" alt=\"PDF icon\" src=\"\/modules\/file\/icons\/application-pdf.png\" style=\"width: 16px;height: 16px\">\u00a0<a data-url=\"https:\/\/sisu.ut.ee\/wp-content\/uploads\/sites\/301\/cc_fact_sheet.pdf\" href=\"https:\/\/sisu.ut.ee\/wp-content\/uploads\/sites\/301\/cc_fact_sheet.pdf\" target=\"_blank\" title=\"\" rel=\"noopener\">Infoleht_eng<\/a>\n<\/p>\n<p style=\"text-align: justify\">\n\tCreative Commonsi litsentside k\u00f5rval on andmete jagamiseks veel\u00a0v\u00f5imalik kasutada Open Data Commons litsentse, MIT litsentsi tarkvarale jne.\n<\/p>\n<p style=\"text-align: justify\">\n\tMillist litsentsi oleks otstarbekas kasutada, v\u00f5ib uurida\u00a0<a href=\"https:\/\/www.europeandataportal.eu\/et\/content\/show-license\" target=\"_blank\" rel=\"noopener\">Euroopa andmeportaali litsentsiabist<\/a> v\u00f5i ka<a href=\"http:\/\/ufal.github.io\/public-license-selector\/\" target=\"_blank\" rel=\"noopener\"> License Selector <\/a>abil.\n<\/p>\n<p style=\"text-align: justify\">\n\t\u00a0<\/p>\n","protected":false},"excerpt":{"rendered":"<p>Teadust\u00f6\u00f6 on loominguline t\u00f6\u00f6. Teadlase looming on artikkel, tarkvara, andmebaas, konverentsiettekanne, k\u00f5rgkooli\u00f5pik vms, millele rakendub autori\u00f5igus. Creative Commonsi litsentsid v\u00f5imaldavad teose autoril m\u00f5nedest oma \u00f5igusest loobuda, et teost saaksid teised kasutada vastavalt autori m\u00e4\u00e4ratud tingimustele. \u00a0 Kolmandate osapoolte sisu n\u00e4gemiseks &#8230;<\/p>\n","protected":false},"author":78,"featured_media":0,"parent":0,"menu_order":0,"comment_status":"closed","ping_status":"closed","template":"","meta":{"_acf_changed":false,"inline_featured_image":false,"footnotes":""},"class_list":["post-31","page","type-page","status-publish","hentry"],"acf":[],"_links":{"self":[{"href":"https:\/\/sisu.ut.ee\/andmehaldus\/wp-json\/wp\/v2\/pages\/31","targetHints":{"allow":["GET"]}}],"collection":[{"href":"https:\/\/sisu.ut.ee\/andmehaldus\/wp-json\/wp\/v2\/pages"}],"about":[{"href":"https:\/\/sisu.ut.ee\/andmehaldus\/wp-json\/wp\/v2\/types\/page"}],"author":[{"embeddable":true,"href":"https:\/\/sisu.ut.ee\/andmehaldus\/wp-json\/wp\/v2\/users\/78"}],"replies":[{"embeddable":true,"href":"https:\/\/sisu.ut.ee\/andmehaldus\/wp-json\/wp\/v2\/comments?post=31"}],"version-history":[{"count":1,"href":"https:\/\/sisu.ut.ee\/andmehaldus\/wp-json\/wp\/v2\/pages\/31\/revisions"}],"predecessor-version":[{"id":333,"href":"https:\/\/sisu.ut.ee\/andmehaldus\/wp-json\/wp\/v2\/pages\/31\/revisions\/333"}],"wp:attachment":[{"href":"https:\/\/sisu.ut.ee\/andmehaldus\/wp-json\/wp\/v2\/media?parent=31"}],"curies":[{"name":"wp","href":"https:\/\/api.w.org\/{rel}","templated":true}]}}