{"id":28,"date":"2024-04-04T04:36:10","date_gmt":"2024-04-04T01:36:10","guid":{"rendered":"https:\/\/sisu.ut.ee\/andmehaldus\/fair-andmed\/"},"modified":"2024-04-04T04:37:02","modified_gmt":"2024-04-04T01:37:02","slug":"fair-andmed","status":"publish","type":"page","link":"https:\/\/sisu.ut.ee\/andmehaldus\/fair-andmed\/","title":{"rendered":"FAIR andmed"},"content":{"rendered":"<p style=\"text-align: justify\">\n\t<strong>FAIR printsiipide<\/strong>\u00a0eesm\u00e4rgiks\u00a0on, et andmed oleksid internetis leitavad, ligip\u00e4\u00e4setavad, teiste arvutis\u00fcsteemidega koost\u00f6\u00f6v\u00f5imelised ning\u00a0taaskasutatavad nii inimestele kui ka masinatele.\n<\/p>\n<blockquote>\n<p style=\"text-align: justify\">\n\t\tL\u00fchend FAIR<em> <\/em>tuleb ingliskeelsetest s\u00f5nadest <em>Findable<\/em>, <em>Accessible<\/em>, <em>Interoperable<\/em> ja <em>Reusable.<\/em>\u00a0\n\t<\/p>\n<\/blockquote>\n<p style=\"text-align: justify\">\n\tT\u00e4nap\u00e4eva andmemahtude juures on m\u00f5eldamatu, et andmete otsing\u00a0toimuks ainult k\u00e4sit\u00f6\u00f6na teadlase enda poolt.\n<\/p>\n<p style=\"text-align: justify\">\n\tFAIR printsiibid tulenesid otseselt vajadusest tagada infrastruktuur, mis toetaks andmete masinloetavust, et neid leida, m\u00f5ista ja jagada\u00a0 ning t\u00e4nu sellele suurendada teadust\u00f6\u00f6 l\u00e4bipaistvust ja reprodutseeritavust.\n<\/p>\n<p style=\"text-align: justify\">\n\tTeaduse avaandmete jagamine oli olnud teemaks juba mitmed aastad, kuni tunnistati, et teadlaste j\u00f5upingutustest ning\u00a0korrektsest andmehaldusest\u00a0\u00fcksi ei piisa, et nende andmed oleksid teistele teadlastele taaskasutatavad.\n<\/p>\n<p style=\"text-align: justify\">\n\t2014. aastal kogunes grupp huvipoolte esindajaid, kes hakkasid v\u00e4lja t\u00f6\u00f6tama p\u00f5hialuseid, mis tagaksid andmete masinloetavuse.\u00a0\n<\/p>\n<p style=\"text-align: justify\">\n\t2016. aastal avaldati selle t\u00f6\u00f6 tulemus \u2013 FAIR printsiibid.\n<\/p>\n<p>\n\t<img loading=\"lazy\" decoding=\"async\" width=\"733\" height=\"570\" class=\"alignnone wp-image-145\" style=\"margin-left: auto;margin-right: auto;text-align: justify\" src=\"https:\/\/sisu.ut.ee\/wp-content\/uploads\/sites\/301\/fair_andmed.png\" title=\"fair_andmed.png\" alt=\"fair_andmed.png\" srcset=\"https:\/\/sisu.ut.ee\/wp-content\/uploads\/sites\/301\/fair_andmed.png 733w, https:\/\/sisu.ut.ee\/wp-content\/uploads\/sites\/301\/fair_andmed-300x233.png 300w\" sizes=\"auto, (max-width: 733px) 100vw, 733px\">\n<\/p>\n<p style=\"text-align: justify\">\n\tFAIR andmete alusartikkel:\n<\/p>\n<p style=\"text-align: justify\">\n\tWilkinson, M.D. et al.,. (2016). <strong>The FAIR Guiding Principles for scientific data management and stewardship, Scientific Data <\/strong>3,\u00a0<a data-url=\"https:\/\/doi.org\/10.1038\/sdata.2016.18\" href=\"https:\/\/doi.org\/10.1038\/sdata.2016.18\" target=\"_blank\" title=\"\" rel=\"noopener\">https:\/\/doi.org\/10.1038\/sdata.2016.18<\/a>\n<\/p>\n<p style=\"text-align: justify\">\n\tNeis 15 printsiibis on v\u00e4lja toodud nii teadlaste kui ka neid toetava infrastruktuuri roll.\n<\/p>\n<p style=\"text-align: justify\">\n\tAllpool on iga ploki juures l\u00fchikene selgitus.\u00a0P\u00f5hjalikum k\u00e4sitlus j\u00e4rgneb vastavas teemas.\n<\/p>\n<p style=\"text-align: justify\">\n\t\u00a0\n<\/p>\n<h3 style=\"text-align: center\">\n\t<strong>The FAIR Guiding Principles<\/strong><br>\n<\/h3>\n<p>\n\t\u00a0\n<\/p>\n<blockquote>\n<p style=\"text-align: justify\">\n\t\t<strong>To be Findable:<\/strong>\n\t<\/p>\n<p style=\"text-align: justify\">\n\t\tF1. (meta)data are assigned a globally unique and persistent identifier\n\t<\/p>\n<p style=\"text-align: justify\">\n\t\tF2. data are described with rich metadata (defined by R1 below)\n\t<\/p>\n<p style=\"text-align: justify\">\n\t\tF3. metadata clearly and explicitly include the identifier of the data it describes\n\t<\/p>\n<p style=\"text-align: justify\">\n\t\tF4. (meta)data are registered or indexed in a searchable resource\n\t<\/p>\n<p style=\"text-align: justify\">\n\t\tF1. (meta)data are assigned a globally unique and persistent identifier\n\t<\/p>\n<\/blockquote>\n<p style=\"text-align: justify\">\n\t\u00a0\n<\/p>\n<p style=\"text-align: justify\">\n\tTingimuste F1-F4 t\u00e4itmine on peamiselt andmete looja tagada. See puudutab oma andmete kirjeldamist v\u00f5imalikult t\u00e4ieliku metaandmete kogumiga ning DOI v\u00f5tmist oma andmekogule.\n<\/p>\n<p style=\"text-align: justify\">\n\tMida selleks teha, loe \u00f5ppematerjalidest teemadest <a data-url=\"https:\/\/sisu.ut.ee\/andmehaldus\/dokumenteerimine-ja-metaandmed\" href=\"https:\/\/sisu.ut.ee\/andmehaldus\/dokumenteerimine-ja-metaandmed\" target=\"_blank\" title=\"\" rel=\"noopener\">Metaandmed<\/a>, <a data-url=\"https:\/\/sisu.ut.ee\/andmehaldus\/andmerepositooriumid-0\" href=\"https:\/\/sisu.ut.ee\/andmehaldus\/andmerepositooriumid-0\" target=\"_blank\" title=\"\" rel=\"noopener\">Repositooriumid ning DOI<\/a>.\n<\/p>\n<p style=\"text-align: justify\">\n\t\u00a0\n<\/p>\n<blockquote>\n<p style=\"text-align: justify\">\n\t\t<strong>To be Accessible:<\/strong>\n\t<\/p>\n<p style=\"text-align: justify\">\n\t\tA1. (meta)data are retrievable by their identifier using a standardized communications protocol\n\t<\/p>\n<p style=\"text-align: justify\">\n\t\tA1.1 the protocol is open, free, and universally implementable\n\t<\/p>\n<p style=\"text-align: justify\">\n\t\tA1.2 the protocol allows for an authentication and authorization procedure, where necessary\n\t<\/p>\n<p style=\"text-align: justify\">\n\t\tA2. metadata are accessible, even when the data are no longer available\n\t<\/p>\n<\/blockquote>\n<p style=\"text-align: justify\">\n\t\u00a0\n<\/p>\n<p style=\"text-align: justify\">\n\tKui andmete leidmise eelduseks on metaandmete ja DOI olemasolu, siis tingimused A1-A2\u00a0 r\u00f5hutavad seda, et metaandmed peaksid olema standardsed. Metaandmete standardeid on nii \u00fcldisi ja tuntumaid kui ka v\u00e4ga erialaspetsiifilisi. Teadlase \u00fclesanne ongi valida oma andmete kirjeldamiseks sobiv standard.\n<\/p>\n<p style=\"text-align: justify\">\n\tAndmet\u00f6\u00f6tlusel kasutatakse \u00fcldiselt mingit tarkvara. Andmed on h\u00e4sti ligip\u00e4\u00e4setavad, kui see on vaba tarkvara, mis on\u00a0 v\u00f5imalikult universaalne ja tasuta. Siiski on vahel vaja ise arendada\u00a0 tarkvara mingil spetsiifilisel eesm\u00e4rgil. Sel juhul kehtivad tarkvarale k\u00f5ik samad n\u00f5uded, mis andmetele. Loe teemat <a data-url=\"https:\/\/sisu.ut.ee\/andmehaldus\/avatud-l%C3%A4htekood\" href=\"https:\/\/sisu.ut.ee\/andmehaldus\/avatud-l%C3%A4htekood\" target=\"_blank\" title=\"\" rel=\"noopener\">Avatud tarkvara<\/a>.\n<\/p>\n<p style=\"text-align: justify\">\n\tLoe \u00f5ppematerjali <a data-url=\"https:\/\/sisu.ut.ee\/andmehaldus\/dokumenteerimine-ja-metaandmed\" href=\"https:\/\/sisu.ut.ee\/andmehaldus\/dokumenteerimine-ja-metaandmed\" target=\"_blank\" title=\"\" rel=\"noopener\">Metaandmed<\/a>.\n<\/p>\n<p style=\"text-align: justify\">\n\t\u00a0\n<\/p>\n<blockquote>\n<p style=\"text-align: justify\">\n\t\t<strong>To be Interoperable:<\/strong>\n\t<\/p>\n<p style=\"text-align: justify\">\n\t\tI1. (meta)data use a formal, accessible, shared, and broadly applicable language for knowledge representation.\n\t<\/p>\n<p style=\"text-align: justify\">\n\t\tI2. (meta)data use vocabularies that follow FAIR principles\n\t<\/p>\n<p style=\"text-align: justify\">\n\t\tI3. (meta)data include qualified references to other (meta)data\n\t<\/p>\n<\/blockquote>\n<p style=\"text-align: justify\">\n\t\u00a0\n<\/p>\n<p style=\"text-align: justify\">\n\tAndmete masinloetavuse ja koost\u00f6\u00f6v\u00f5ime peaksid aitama tagada infos\u00fcsteemid. S\u00f5ltub sellest, kuidas andmebaasid on \u00fcles ehitatud, milliseid s\u00f5nastikke, ontoloogiaid ja taksonoomiat kasutatakse.\n<\/p>\n<p style=\"text-align: justify\">\n\tPaljud tehnilist laadi metaandmed luuakse ka automaatselt infos\u00fcsteemide poolt.\n<\/p>\n<p style=\"text-align: justify\">\n\tSelle teema kohta loe rohkem peat\u00fckis <a data-url=\"https:\/\/sisu.ut.ee\/andmehaldus\/andmerepositooriumid-0\" href=\"https:\/\/sisu.ut.ee\/andmehaldus\/andmerepositooriumid-0\" target=\"_blank\" title=\"\" rel=\"noopener\">Repositooriumid<\/a>.\n<\/p>\n<p style=\"text-align: justify\">\n\t\u00a0\n<\/p>\n<blockquote>\n<p style=\"text-align: justify\">\n\t\t<strong>To be Reusable:<\/strong>\n\t<\/p>\n<p style=\"text-align: justify\">\n\t\tR1. meta(data) are richly described with a plurality of accurate and relevant attributes\n\t<\/p>\n<p style=\"text-align: justify\">\n\t\tR1.1. (meta)data are released with a clear and accessible data usage license\n\t<\/p>\n<p style=\"text-align: justify\">\n\t\tR1.2. (meta)data are associated with detailed provenance\n\t<\/p>\n<p style=\"text-align: justify\">\n\t\tR1.3. (meta)data meet domain-relevant community standards\n\t<\/p>\n<\/blockquote>\n<p style=\"text-align: justify\">\n\t\u00a0\n<\/p>\n<p style=\"text-align: justify\">\n\tKui taaskasutamiseks m\u00f5eldud andmed repositooriumidest \u00fcles leitud, tuleb need asetada konteksti, neid m\u00f5ista, et hinnata, kas neid saab oma t\u00f6\u00f6s kasutada. Taas on abiks standardsed metaandmed ja andmetega kaasnev dokumentatsioon, et hinnata andmete p\u00e4ritolu ja terviklust.\n<\/p>\n<p style=\"text-align: justify\">\n\tTaaskasutamiseks on oluline aru saada, kuidas litsentsid lubavad andmeid kasutada ja kuidas kasutatavaid andmeid \u00f5igesti tsiteerida.\n<\/p>\n<p style=\"text-align: justify\">\n\tLoe l\u00e4hemalt teemasid <a data-url=\"https:\/\/sisu.ut.ee\/andmehaldus\/dokumenteerimine-ja-metaandmed\" href=\"https:\/\/sisu.ut.ee\/andmehaldus\/dokumenteerimine-ja-metaandmed\" target=\"_blank\" title=\"\" rel=\"noopener\">andmete dokumenteerimise, metaandmete<\/a> ja <a data-url=\"https:\/\/sisu.ut.ee\/andmehaldus\/litsentsid\" href=\"https:\/\/sisu.ut.ee\/andmehaldus\/litsentsid\" target=\"_blank\" title=\"\" rel=\"noopener\">litsentside<\/a> kohta.\n<\/p>\n<blockquote>\n<p style=\"text-align: justify\">\n\t\tFAIR andmed ja avatud andmed ei ole s\u00fcnon\u00fc\u00fcmid. FAIR andmed saavutatakse koost\u00f6\u00f6s teadlase ja e-infrastruktuuriga, kuid kas need on ka avatud andmed, on ainu\u00fcksi teadlase otsustada l\u00e4htuvalt nende sisust.\n\t<\/p>\n<\/blockquote>\n<p style=\"text-align: center\">\n\t<\/p><div class=\"ratio ratio-16x9 mb-3\"><div class=\"video-placeholder-wrapper video-placeholder-wrapper--16x9\">\n\t\t\t    <div class=\"video-placeholder d-flex justify-content-center align-items-center\">\n\t\t\t        <div class=\"overlay text-white p-2 w-100 text-center d-block justify-content-center align-items-center\">\n\t\t\t            <div>Kolmandate osapoolte sisu n\u00e4gemiseks palun n\u00f5ustu k\u00fcpsistega.<\/div>\n\t\t\t            <button class=\"btn btn-secondary btn-sm mt-1 consent-change\">Muuda n\u00f5usolekut<\/button>\n\t\t\t        <\/div>\n\t\t\t    <\/div>\n\t\t\t<\/div>\n<\/div>\n\n<p style=\"text-align: justify\">\n\t\u00a0\n<\/p>\n<p style=\"text-align: justify\">\n\tFAIR printsiibid leidsid ametliku heakskiidu G20 riikide juhtide tippkohtumisel Hiinas Hangzhous, 5. sept. 2016. a. Sellest ajast on l\u00e4bi viidud kestevuuringuid teaduse avaandmeid ja FAIR andmeid puudutavast olukorrast.\u00a0Uuringu viimane raport k\u00e4sitleb aastaid 2018-2020, millest n\u00e4htub, et\u00a0teadlikkus FAIR printsiipidest iga aastaga t\u00f5useb, kuid v\u00f5iks kindlasti olla k\u00f5rgem:\n<\/p>\n<p style=\"text-align: justify\">\n\t<img loading=\"lazy\" decoding=\"async\" width=\"746\" height=\"454\" class=\"alignnone wp-image-119\" src=\"https:\/\/sisu.ut.ee\/wp-content\/uploads\/sites\/301\/fair2020.png\" title=\"fair2020.png\" alt=\"FAIR2020\" srcset=\"https:\/\/sisu.ut.ee\/wp-content\/uploads\/sites\/301\/fair2020.png 746w, https:\/\/sisu.ut.ee\/wp-content\/uploads\/sites\/301\/fair2020-300x183.png 300w\" sizes=\"auto, (max-width: 746px) 100vw, 746px\">\n<\/p>\n<p style=\"text-align: justify\">\n\t<span style=\"font-size:11px\">Science, Digital; Hahnel, Mark; McIntosh Borrelli, Leslie; Hyndman, Alan; Baynes, Grace; Crosas, Merce; et al. (2020): The State of Open Data 2020. Digital Science. Report.<\/span><a data-url=\" https:\/\/doi.org\/10.6084\/m9.figshare.13227875.v2\u00a0\" href=\"https:\/\/doi.org\/10.6084\/m9.figshare.13227875.v2%C2%A0\" target=\"_blank\" title=\"\" rel=\"noopener\">https:\/\/doi.org\/10.6084\/m9.figshare.13227875.v2\u00a0<\/a>\n<\/p>\n<p>\n\tSiia k\u00f5rvale v\u00f5ib tuua andmed 2022. a avaldatud dokumendist: European Commission, Directorate-General for Research and Innovation,\u00a0European Research Data Landscape \u2013 Final report, Publications Office of the European Union, 2022,\u00a0<a href=\"https:\/\/data.europa.eu\/doi\/10.2777\/3648\" target=\"_blank\" rel=\"noopener\">https:\/\/data.europa.eu\/doi\/10.2777\/3648<\/a><br>Nagu n\u00e4ha, \u00fcldine teadlikkus FAIR andmetest on m\u00f5nev\u00f5rra paranenud. P\u00e4ris \u00fcks-\u00fchele neid graafikuid v\u00f5rrelda ei saa, sest valimid on olnud erinevad.\u00a0<br>\u00a0\n<\/p>\n<p style=\"text-align: center\">\n\t<img loading=\"lazy\" decoding=\"async\" width=\"780\" height=\"326\" class=\"alignnone wp-image-146\" src=\"https:\/\/sisu.ut.ee\/wp-content\/uploads\/sites\/301\/european_landscape1.png\" title=\"european_landscape1.png\" alt=\"European survey\" srcset=\"https:\/\/sisu.ut.ee\/wp-content\/uploads\/sites\/301\/european_landscape1.png 780w, https:\/\/sisu.ut.ee\/wp-content\/uploads\/sites\/301\/european_landscape1-300x125.png 300w, https:\/\/sisu.ut.ee\/wp-content\/uploads\/sites\/301\/european_landscape1-768x321.png 768w\" sizes=\"auto, (max-width: 780px) 100vw, 780px\">\n<\/p>\n<p style=\"text-align: justify\">\n\t\u00a0\n<\/p>\n<p style=\"text-align: justify\">\n\tFAIR andmete t\u00e4htsust on lihtsam m\u00f5ista selliste teadusuuringute puhul, kus andmete kogumine on v\u00e4ga kallis v\u00f5i siis saab andmeid koguda v\u00f5i vaatlusi korraldada ainult \u00fcks kord, vigade paranduse v\u00f5imalust ei ole.\u00a0<br>Hariduslikel eesm\u00e4rkidel on Austraalias v\u00e4lja t\u00f6\u00f6tatud enesehindamise t\u00f6\u00f6riist\u00a0<a data-url=\"https:\/\/ardc.edu.au\/resources\/working-with-data\/fair-data\/fair-self-assessment-tool\/\" href=\"https:\/\/ardc.edu.au\/resources\/working-with-data\/fair-data\/fair-self-assessment-tool\/\" target=\"_blank\" title=\"\" rel=\"noopener\">FAIR self assessment tool<\/a>, millega saab iga\u00fcks katsetada, kui FAIR on tema andmed.\u00a0\n<\/p>\n<p style=\"text-align: justify\">\n\t<strong>Igal juhul n\u00f5uab andmete avaldamine FAIR andmetana arvestatavat ajakulu, teadmisi, oskusi ja motivatsiooni seda teha.\u00a0<\/strong>\n<\/p>\n<p style=\"text-align: justify\">\n\tR\u00e4\u00e4gitakse ka <strong>FAIR andmete \u00f6kos\u00fcsteemist <\/strong>(<em>data ecosystem<\/em>), mis on\u00a0 andmed koos infos\u00fcsteemi komponentide ja nende vastastikkuse toimimise ja \u00fchise v\u00f5rgustikuga.<br>\u00d6kos\u00fcsteemi moodustavad andmepoliitika, andmehaldusplaanid, standardid, p\u00fcsiidentifikaatorid, repositooriumid ja automatiseeritud t\u00f6\u00f6vood nende vahel, mis kokku moodustavad v\u00f5rgustiku. V\u00f5rgustiku j\u00e4tkusuutlikuks toimimiseks on vaja v\u00e4lja t\u00f6\u00f6tatud teenuseid, t\u00f6\u00f6riistu\u00a0 ja e-infrastruktuuri ning nende toimimise rahastamist.\n<\/p>\n<p style=\"text-align: justify\">\n\tHiljuti viidi P\u00f5hja- ja Baltimaades l\u00e4bi uurimisprojekt, mille eesm\u00e4rk oli teada saada, kuidas stimuleerida FAIR andmete kultuuri:<br>Nordling, Josefine, Assinen, Pauli, Fuchs, Siiri, Kuusniemi, Mari Elisa, Lembinen, Liisi, Mihai, Hannah, Alater\u00e4, Tuomas, Meerman, Bert, Vecpuise, Elza, &amp; Ivarsson, Lars-Owe. (2022). D4.4 <strong>Report and recommendations on FAIR incentives and expected impacts in the Nordics, Baltics and EOSC<\/strong>. <a data-url=\"Zenodo. https:\/\/doi.org\/10.5281\/zenodo.6881009\" href=\"\/\/doi.org\/10.5281\/zenodo.6881009\" target=\"_blank\" title=\"\" rel=\"noopener\">Zenodo. https:\/\/doi.org\/10.5281\/zenodo.6881009<\/a>\n<\/p>\n<p style=\"text-align: justify\">\n\tLoodi kaks arhet\u00fc\u00fcpi, FAIR Newbie ja FAIR Master ning v\u00e4ljendati kokkuv\u00f5tlikult nende suhtumist FAIR andmetesse. P\u00fcstitati k\u00fcsimus, kuidas saaks algajast meister, mida tuleks selleks teha ja milliseid stiimuleid kasutada.\u00a0\n<\/p>\n<p style=\"text-align: center\">\n\t<img loading=\"lazy\" decoding=\"async\" width=\"711\" height=\"433\" class=\"alignnone wp-image-120\" src=\"https:\/\/sisu.ut.ee\/wp-content\/uploads\/sites\/301\/fair_newbie.png\" title=\"fair_newbie.png\" alt=\"newbie-master\" srcset=\"https:\/\/sisu.ut.ee\/wp-content\/uploads\/sites\/301\/fair_newbie.png 711w, https:\/\/sisu.ut.ee\/wp-content\/uploads\/sites\/301\/fair_newbie-300x183.png 300w\" sizes=\"auto, (max-width: 711px) 100vw, 711px\">\n<\/p>\n<p style=\"text-align: center\">\n\t\u00a0\n<\/p>\n<p>\n\t<a data-url=\"https:\/\/faircookbook.elixir-europe.org\/content\/home.html\" href=\"https:\/\/faircookbook.elixir-europe.org\/content\/home.html\" target=\"_blank\" title=\"\" rel=\"noopener\">FAIR Cookbook<\/a> pakub palju n\u00e4iteid, kuidas teha oma andmed FAIR andmeteks.\u00a0\n<\/p>\n<p style=\"text-align: justify\">\n\t<strong><span style=\"background-color:#ffa07a\">Lisalugemist FAIR andmete teemal<\/span><\/strong> ja kasulikke allikaid andmebaasist Nature Index (11.veebr. 2019):\u00a0<a href=\"https:\/\/www.natureindex.com\/news-blog\/what-scientists-need-to-know-about-fair-data\" target=\"_blank\" rel=\"noopener\">\u201cA love letter to your future self\u201d: What scientists need to know about FAIR data\u201d.\u00a0<\/a>\n<\/p>\n<p style=\"text-align: justify\">\n\t<span>Prof. Susanna-Assunta Sansone (Associate Director of Oxford eResearch Centre and Associate Professor (FAIR Data Science) at the University of Oxford), k\u00e4sitleb oma ettekandes FAIR andmete teemat \u00fcldiselt ja biomeditsiini valdkonnas:<\/span>\n<\/p>\n<p style=\"text-align: justify\">\n\t\u00a0\n<\/p>\n<p>\n\t<span><div class=\"ratio ratio-16x9 mb-3\"><div class=\"video-placeholder-wrapper video-placeholder-wrapper--16x9\">\n\t\t\t    <div class=\"video-placeholder d-flex justify-content-center align-items-center\">\n\t\t\t        <div class=\"overlay text-white p-2 w-100 text-center d-block justify-content-center align-items-center\">\n\t\t\t            <div>Kolmandate osapoolte sisu n\u00e4gemiseks palun n\u00f5ustu k\u00fcpsistega.<\/div>\n\t\t\t            <button class=\"btn btn-secondary btn-sm mt-1 consent-change\">Muuda n\u00f5usolekut<\/button>\n\t\t\t        <\/div>\n\t\t\t    <\/div>\n\t\t\t<\/div>\n<\/div><\/span>\n<\/p>\n<p style=\"text-align: justify\">\n\t\u00a0\n<\/p>\n<p style=\"text-align: justify\">\n\t\u00a0<\/p>\n","protected":false},"excerpt":{"rendered":"<p>FAIR printsiipide\u00a0eesm\u00e4rgiks\u00a0on, et andmed oleksid internetis leitavad, ligip\u00e4\u00e4setavad, teiste arvutis\u00fcsteemidega koost\u00f6\u00f6v\u00f5imelised ning\u00a0taaskasutatavad nii inimestele kui ka masinatele. L\u00fchend FAIR tuleb ingliskeelsetest s\u00f5nadest Findable, Accessible, Interoperable ja Reusable.\u00a0 T\u00e4nap\u00e4eva andmemahtude juures on m\u00f5eldamatu, et andmete otsing\u00a0toimuks ainult k\u00e4sit\u00f6\u00f6na teadlase enda poolt. &#8230;<\/p>\n","protected":false},"author":78,"featured_media":0,"parent":0,"menu_order":0,"comment_status":"closed","ping_status":"closed","template":"","meta":{"_acf_changed":false,"inline_featured_image":false,"footnotes":""},"class_list":["post-28","page","type-page","status-publish","hentry"],"acf":[],"_links":{"self":[{"href":"https:\/\/sisu.ut.ee\/andmehaldus\/wp-json\/wp\/v2\/pages\/28","targetHints":{"allow":["GET"]}}],"collection":[{"href":"https:\/\/sisu.ut.ee\/andmehaldus\/wp-json\/wp\/v2\/pages"}],"about":[{"href":"https:\/\/sisu.ut.ee\/andmehaldus\/wp-json\/wp\/v2\/types\/page"}],"author":[{"embeddable":true,"href":"https:\/\/sisu.ut.ee\/andmehaldus\/wp-json\/wp\/v2\/users\/78"}],"replies":[{"embeddable":true,"href":"https:\/\/sisu.ut.ee\/andmehaldus\/wp-json\/wp\/v2\/comments?post=28"}],"version-history":[{"count":1,"href":"https:\/\/sisu.ut.ee\/andmehaldus\/wp-json\/wp\/v2\/pages\/28\/revisions"}],"predecessor-version":[{"id":336,"href":"https:\/\/sisu.ut.ee\/andmehaldus\/wp-json\/wp\/v2\/pages\/28\/revisions\/336"}],"wp:attachment":[{"href":"https:\/\/sisu.ut.ee\/andmehaldus\/wp-json\/wp\/v2\/media?parent=28"}],"curies":[{"name":"wp","href":"https:\/\/api.w.org\/{rel}","templated":true}]}}