{"id":15,"date":"2024-04-04T04:36:09","date_gmt":"2024-04-04T01:36:09","guid":{"rendered":"https:\/\/sisu.ut.ee\/andmehaldus\/euroopa-teaduspilv\/"},"modified":"2024-04-04T04:37:03","modified_gmt":"2024-04-04T01:37:03","slug":"euroopa-teaduspilv","status":"publish","type":"page","link":"https:\/\/sisu.ut.ee\/andmehaldus\/euroopa-teaduspilv\/","title":{"rendered":"Euroopa teaduspilv"},"content":{"rendered":"<p>\n\tIlmselt on selge, et praegu on teaduse avaandmete otsing \u00fcsna pikk ja t\u00fclikas protsess. Et seda vaeva tulevikus v\u00e4hendada, arendab Euroopa Komisjon v\u00e4lja Euroopa avatud teaduse pilve.\n<\/p>\n<p>\n\t<strong>Euroopa teaduspilve (European Open Science Cloud, EOSC) <\/strong>m\u00f5te on tagada teadlastele tasuta ja avatud virtuaalne keskkond teadusandmete s\u00e4ilitamiseks, haldamiseks ja taaskasutamiseks.\n<\/p>\n<p>\n\tTeaduspilv koondaks ja \u00fchendaks praegused teadusandmete e-infrastruktuurid ning looks k\u00f5ikidele teadlastele ja distsipliinidele v\u00f5rdsed v\u00f5imalused, pakkudes FAIR andmete \u00fchisotsingut.\n<\/p>\n<p>\n\tTartu \u00dclikool, raamatukogu ja teadusarvutuste keskus on praegu aktiivselt tegevad EOSC-Nordic projektis.\n<\/p>\n<p style=\"text-align: center\">\n\t<\/p><div class=\"ratio ratio-16x9 mb-3\"><div class=\"video-placeholder-wrapper video-placeholder-wrapper--16x9\">\n\t\t\t    <div class=\"video-placeholder d-flex justify-content-center align-items-center\">\n\t\t\t        <div class=\"overlay text-white p-2 w-100 text-center d-block justify-content-center align-items-center\">\n\t\t\t            <div>Kolmandate osapoolte sisu n\u00e4gemiseks palun n\u00f5ustu k\u00fcpsistega.<\/div>\n\t\t\t            <button class=\"btn btn-secondary btn-sm mt-1 consent-change\">Muuda n\u00f5usolekut<\/button>\n\t\t\t        <\/div>\n\t\t\t    <\/div>\n\t\t\t<\/div>\n<\/div>\n\n<p>\n\t\u00a0\n<\/p>\n<p>\n\t\u00a0\n<\/p>\n<p>\n\t<strong>Lisalugemist ja -vaatamist:<\/strong> 2020. a. aprillis toimus T\u00dc raamatukogu korraldusel veebiseminar\u00a0\u201cWhere, How and Why \u2013 Essential Connections of Research Data\u201c. Seminaril esines ka eestlane Andreas Veispak, kes on Euroopoa Komisjoni juures asuva\u00a0<a data-url=\"https:\/\/ec.europa.eu\/digital-single-market\/en\/content\/einfrastructure-and-science-cloud-unit-c1\" href=\"https:\/\/ec.europa.eu\/digital-single-market\/en\/content\/einfrastructure-and-science-cloud-unit-c1\" target=\"_blank\" title=\"\" rel=\"noopener\">eInfrastructure and Science Cloud (Unit C.1)<\/a><em>\u00a0<\/em>\u00fcksuse juht.\u00a0<br>Tema slaidid avatud teaduse, FAIR andmete ja Euroopa teaduspilve kohta:\u00a0<a href=\"https:\/\/sisu.ut.ee\/wp-content\/uploads\/sites\/301\/a_veispak_eosc.pptx\">a_veispak_eosc.pptx<\/a><br>Ettekannete\u00a0videosalvestis:\u00a0<a href=\"https:\/\/sisu.ut.ee\/wp-content\/uploads\/sites\/301\/rda_seminar_06_04_2020_estonia.mp4\">rda_seminar_06_04_2020_estonia.mp4<\/a>\n<\/p>\n<p>\n\t\u00a0<\/p>\n","protected":false},"excerpt":{"rendered":"<p>Ilmselt on selge, et praegu on teaduse avaandmete otsing \u00fcsna pikk ja t\u00fclikas protsess. Et seda vaeva tulevikus v\u00e4hendada, arendab Euroopa Komisjon v\u00e4lja Euroopa avatud teaduse pilve. Euroopa teaduspilve (European Open Science Cloud, EOSC) m\u00f5te on tagada teadlastele tasuta ja &#8230;<\/p>\n","protected":false},"author":78,"featured_media":0,"parent":0,"menu_order":0,"comment_status":"closed","ping_status":"closed","template":"","meta":{"_acf_changed":false,"inline_featured_image":false,"footnotes":""},"class_list":["post-15","page","type-page","status-publish","hentry"],"acf":[],"_links":{"self":[{"href":"https:\/\/sisu.ut.ee\/andmehaldus\/wp-json\/wp\/v2\/pages\/15","targetHints":{"allow":["GET"]}}],"collection":[{"href":"https:\/\/sisu.ut.ee\/andmehaldus\/wp-json\/wp\/v2\/pages"}],"about":[{"href":"https:\/\/sisu.ut.ee\/andmehaldus\/wp-json\/wp\/v2\/types\/page"}],"author":[{"embeddable":true,"href":"https:\/\/sisu.ut.ee\/andmehaldus\/wp-json\/wp\/v2\/users\/78"}],"replies":[{"embeddable":true,"href":"https:\/\/sisu.ut.ee\/andmehaldus\/wp-json\/wp\/v2\/comments?post=15"}],"version-history":[{"count":1,"href":"https:\/\/sisu.ut.ee\/andmehaldus\/wp-json\/wp\/v2\/pages\/15\/revisions"}],"predecessor-version":[{"id":349,"href":"https:\/\/sisu.ut.ee\/andmehaldus\/wp-json\/wp\/v2\/pages\/15\/revisions\/349"}],"wp:attachment":[{"href":"https:\/\/sisu.ut.ee\/andmehaldus\/wp-json\/wp\/v2\/media?parent=15"}],"curies":[{"name":"wp","href":"https:\/\/api.w.org\/{rel}","templated":true}]}}