{"id":14,"date":"2024-04-04T04:36:09","date_gmt":"2024-04-04T01:36:09","guid":{"rendered":"https:\/\/sisu.ut.ee\/andmehaldus\/tulemuslik-andmeotsing\/"},"modified":"2024-04-04T04:37:03","modified_gmt":"2024-04-04T01:37:03","slug":"tulemuslik-andmeotsing","status":"publish","type":"page","link":"https:\/\/sisu.ut.ee\/andmehaldus\/tulemuslik-andmeotsing\/","title":{"rendered":"Tulemuslik andmeotsing"},"content":{"rendered":"<p>\n\tKui otsing on viinud huvipakkuvate andmekogudeni, tuleb neid p\u00f5hjalikult uurida ja <strong>hinnata andmekogu kvaliteeti ning taaskasutatavust<\/strong>.\u00a0<br>Selle juures on abiks README.txt fail ja k\u00f5ik metaandmed. Kui hakata nendesse s\u00fcvenema, v\u00f5ib leida v\u00e4ga palju h\u00e4id ja halbu n\u00e4iteid, millest tasub \u00f5ppida, kuidas oma andmekogusid avada.\u00a0<br>Metaandmed peaksid andma nii palju infot, et andmeid alla laadida ei oleks vaja enne, kui olete t\u00e4iesti veendunud, et soovite neid t\u00e4psemalt uurida v\u00f5i kasutada.\n<\/p>\n<p>\n\tJ\u00e4rgnevas artiklis on antud m\u00f5ned <strong>n\u00e4pun\u00e4ited tulemuslikuks andmeotsinguks<\/strong>, artikli avamisel saab igasse punkti s\u00fcveneda:\u00a0<br>Gregory K, Khalsa SJ, Michener WK, Psomopoulos FE, de Waard A, Wu M (2018) Eleven quick tips for finding research data. PLoS Comput Biol 14(4): e1006038. <a data-url=\"https:\/\/doi.org\/10.1371\/journal.pcbi.1006038\" href=\"https:\/\/doi.org\/10.1371\/journal.pcbi.1006038\" target=\"_blank\" title=\"\" rel=\"noopener\">https:\/\/doi.org\/10.1371\/journal.pcbi.1006038<\/a>\n<\/p>\n<ul>\n<li>\n\t\tTip 1: Think about the data you need and why you need them.\n\t<\/li>\n<li>\n\t\tTip 2: Select the most appropriate resource.\n\t<\/li>\n<li>\n\t\tTip 3: Construct your query strategically.\n\t<\/li>\n<li>\n\t\tTip 4: Make the repository work for you.\n\t<\/li>\n<li>\n\t\tTip 5: Refine your search.\n\t<\/li>\n<li>\n\t\tTip 6: Assess data relevance and fitness -for -use.\n\t<\/li>\n<li>\n\t\tTip 7: Save your search and data- source details.\n\t<\/li>\n<li>\n\t\tTip 8: Look for data services, not just data.\n\t<\/li>\n<li>\n\t\tTip 9: Monitor the latest data.\n\t<\/li>\n<li>\n\t\tTip 10: Treat sensitive data responsibly.\n\t<\/li>\n<li>\n\t\tTip 11: Give back (cite and share data).\n\t<\/li>\n<\/ul>\n","protected":false},"excerpt":{"rendered":"<p>Kui otsing on viinud huvipakkuvate andmekogudeni, tuleb neid p\u00f5hjalikult uurida ja hinnata andmekogu kvaliteeti ning taaskasutatavust.\u00a0Selle juures on abiks README.txt fail ja k\u00f5ik metaandmed. Kui hakata nendesse s\u00fcvenema, v\u00f5ib leida v\u00e4ga palju h\u00e4id ja halbu n\u00e4iteid, millest tasub \u00f5ppida, kuidas &#8230;<\/p>\n","protected":false},"author":78,"featured_media":0,"parent":0,"menu_order":0,"comment_status":"closed","ping_status":"closed","template":"","meta":{"_acf_changed":false,"inline_featured_image":false,"footnotes":""},"class_list":["post-14","page","type-page","status-publish","hentry"],"acf":[],"_links":{"self":[{"href":"https:\/\/sisu.ut.ee\/andmehaldus\/wp-json\/wp\/v2\/pages\/14","targetHints":{"allow":["GET"]}}],"collection":[{"href":"https:\/\/sisu.ut.ee\/andmehaldus\/wp-json\/wp\/v2\/pages"}],"about":[{"href":"https:\/\/sisu.ut.ee\/andmehaldus\/wp-json\/wp\/v2\/types\/page"}],"author":[{"embeddable":true,"href":"https:\/\/sisu.ut.ee\/andmehaldus\/wp-json\/wp\/v2\/users\/78"}],"replies":[{"embeddable":true,"href":"https:\/\/sisu.ut.ee\/andmehaldus\/wp-json\/wp\/v2\/comments?post=14"}],"version-history":[{"count":1,"href":"https:\/\/sisu.ut.ee\/andmehaldus\/wp-json\/wp\/v2\/pages\/14\/revisions"}],"predecessor-version":[{"id":350,"href":"https:\/\/sisu.ut.ee\/andmehaldus\/wp-json\/wp\/v2\/pages\/14\/revisions\/350"}],"wp:attachment":[{"href":"https:\/\/sisu.ut.ee\/andmehaldus\/wp-json\/wp\/v2\/media?parent=14"}],"curies":[{"name":"wp","href":"https:\/\/api.w.org\/{rel}","templated":true}]}}