{"id":13,"date":"2024-04-04T04:36:09","date_gmt":"2024-04-04T01:36:09","guid":{"rendered":"https:\/\/sisu.ut.ee\/andmehaldus\/erialased-andmekataloogid\/"},"modified":"2024-04-04T04:37:03","modified_gmt":"2024-04-04T01:37:03","slug":"erialased-andmekataloogid","status":"publish","type":"page","link":"https:\/\/sisu.ut.ee\/andmehaldus\/erialased-andmekataloogid\/","title":{"rendered":"Erialased andmekataloogid"},"content":{"rendered":"<p>\n\tAndmekataloogi on koondatud mingi eriala ja\/v\u00f5i selle v\u00f5rgustikuga seotud e-infrastruktuurides k\u00e4ttesaadavad\u00a0andmed. \u00dcldjuhul on samad andmed leitavad ka andmeregistritest, kuid kataloogist on sageli lihtsam otsida\u00a0\u00fche eriala andmeid. Kataloogide puhul on oluline uurida, kust kohast p\u00e4rit andmeid need koondavad ja mis v\u00f5ib v\u00e4lja j\u00e4\u00e4da.\u00a0\n<\/p>\n<p>\n\t<strong>CESSDA<\/strong> (Consortium of European Social Science Data Archives) on sotsiaalteaduslike andmearhiivide konsortsium ning\u00a0<a data-url=\"https:\/\/datacatalogue.cessda.eu\/\" href=\"https:\/\/datacatalogue.cessda.eu\/\" target=\"_blank\" title=\"\" rel=\"noopener\">CESSDA Data Catalogue<\/a>\u00a0koondab <strong>sotsiaalteaduste andmeid<\/strong>, mis on p\u00e4rit 20 Euroopa riigi teenusepakkujalt.\u00a0<br>Milliseid andmeotsinguid kataloog v\u00f5imaldab, saab vaadata videost:\n<\/p>\n<p style=\"text-align: center\">\n\t<\/p><div class=\"ratio ratio-16x9 mb-3\"><div class=\"video-placeholder-wrapper video-placeholder-wrapper--16x9\">\n\t\t\t    <div class=\"video-placeholder d-flex justify-content-center align-items-center\">\n\t\t\t        <div class=\"overlay text-white p-2 w-100 text-center d-block justify-content-center align-items-center\">\n\t\t\t            <div>Kolmandate osapoolte sisu n\u00e4gemiseks palun n\u00f5ustu k\u00fcpsistega.<\/div>\n\t\t\t            <button class=\"btn btn-secondary btn-sm mt-1 consent-change\">Muuda n\u00f5usolekut<\/button>\n\t\t\t        <\/div>\n\t\t\t    <\/div>\n\t\t\t<\/div>\n<\/div>\n\n<p>\n\t\u00a0\n<\/p>\n<p>\n\t<a data-url=\"https:\/\/www.clarin.eu\/\" href=\"https:\/\/www.clarin.eu\/\" target=\"_blank\" title=\"CLARIN ERIC\" rel=\"noopener\">CLARIN ERIC<\/a>\u00a0(Common Language Resources and Technology Infrastructure of European Research Infrastructure Consortium) on \u00fcle-euroopaline koost\u00f6\u00f6v\u00f5rgustik, et teha <strong>keeleressursid ja \u2013tehnoloogia<\/strong> k\u00e4ttesaadavaks.<br>CLARINi keeleressursside register on\u00a0\u00a0<a data-url=\"https:\/\/vlo.clarin.eu\/;jsessionid=148CF6A9DBB8FFECB0C62E5BCF7621E8?0\" href=\"https:\/\/vlo.clarin.eu\/;jsessionid=148CF6A9DBB8FFECB0C62E5BCF7621E8?0\" target=\"_blank\" title=\"\" rel=\"noopener\">Virtual Language Observatory<\/a>\u00a0(VLO) ja seal\u00a0 kajastuvad automaatselt k\u00f5ik\u00a0Eesti\u00a0keeleressursside registrisse\u00a0kogutud keeleresursside meta-andmed.\n<\/p>\n<p>\n\tVeel m\u00f5ned n\u00e4ited:\u00a0\n<\/p>\n<p>\n\t<a data-url=\"https:\/\/www.covid19dataportal.org\/\" href=\"https:\/\/www.covid19dataportal.org\/\" target=\"_blank\" title=\"\" rel=\"noopener\">COVID-19 Data Portal<\/a>.\u00a0Portaal v\u00f5imaldab teadlastel COVID-19-ga seotud andmeid\u00a0\u00fcles laadida, nendele\u00a0juurde p\u00e4\u00e4seda ja andmeid anal\u00fc\u00fcsida.\n<\/p>\n<p>\n\t<a data-url=\"https:\/\/www.openml.org\/\" href=\"https:\/\/www.openml.org\/\" target=\"_blank\" title=\"\" rel=\"noopener\">OpenML<\/a> (Open Machine Learning) koondab <strong>masin\u00f5ppe andmed ja algoritmid<\/strong>.\n<\/p>\n<p>\n\t<a data-url=\"https:\/\/www.ipcc-data.org\/data_catalogue.html\" href=\"https:\/\/www.ipcc-data.org\/data_catalogue.html\" target=\"_blank\" title=\"\" rel=\"noopener\">IPCC<\/a> kliimamuutuste andmekataloog\n<\/p>\n<p>\n\t<strong>Geoinfos\u00fcsteemid <\/strong>(GIS) ruumiandmete kogumiseks, anal\u00fc\u00fcsiks ja jagamiseks:\u00a0<a data-url=\"https:\/\/gisgeography.com\/best-free-gis-data-sources-raster-vector\/\" href=\"https:\/\/gisgeography.com\/best-free-gis-data-sources-raster-vector\/\" target=\"_blank\" title=\"\" rel=\"noopener\">10 Free GIS Data Sources<\/a>: Best Global Raster and Vector Datasets.<\/p>\n","protected":false},"excerpt":{"rendered":"<p>Andmekataloogi on koondatud mingi eriala ja\/v\u00f5i selle v\u00f5rgustikuga seotud e-infrastruktuurides k\u00e4ttesaadavad\u00a0andmed. \u00dcldjuhul on samad andmed leitavad ka andmeregistritest, kuid kataloogist on sageli lihtsam otsida\u00a0\u00fche eriala andmeid. Kataloogide puhul on oluline uurida, kust kohast p\u00e4rit andmeid need koondavad ja mis v\u00f5ib &#8230;<\/p>\n","protected":false},"author":78,"featured_media":0,"parent":0,"menu_order":0,"comment_status":"closed","ping_status":"closed","template":"","meta":{"_acf_changed":false,"inline_featured_image":false,"footnotes":""},"class_list":["post-13","page","type-page","status-publish","hentry"],"acf":[],"_links":{"self":[{"href":"https:\/\/sisu.ut.ee\/andmehaldus\/wp-json\/wp\/v2\/pages\/13","targetHints":{"allow":["GET"]}}],"collection":[{"href":"https:\/\/sisu.ut.ee\/andmehaldus\/wp-json\/wp\/v2\/pages"}],"about":[{"href":"https:\/\/sisu.ut.ee\/andmehaldus\/wp-json\/wp\/v2\/types\/page"}],"author":[{"embeddable":true,"href":"https:\/\/sisu.ut.ee\/andmehaldus\/wp-json\/wp\/v2\/users\/78"}],"replies":[{"embeddable":true,"href":"https:\/\/sisu.ut.ee\/andmehaldus\/wp-json\/wp\/v2\/comments?post=13"}],"version-history":[{"count":1,"href":"https:\/\/sisu.ut.ee\/andmehaldus\/wp-json\/wp\/v2\/pages\/13\/revisions"}],"predecessor-version":[{"id":351,"href":"https:\/\/sisu.ut.ee\/andmehaldus\/wp-json\/wp\/v2\/pages\/13\/revisions\/351"}],"wp:attachment":[{"href":"https:\/\/sisu.ut.ee\/andmehaldus\/wp-json\/wp\/v2\/media?parent=13"}],"curies":[{"name":"wp","href":"https:\/\/api.w.org\/{rel}","templated":true}]}}