{"id":12,"date":"2024-04-04T04:36:09","date_gmt":"2024-04-04T01:36:09","guid":{"rendered":"https:\/\/sisu.ut.ee\/andmehaldus\/andmeregistrid\/"},"modified":"2024-04-04T04:37:03","modified_gmt":"2024-04-04T01:37:03","slug":"andmeregistrid","status":"publish","type":"page","link":"https:\/\/sisu.ut.ee\/andmehaldus\/andmeregistrid\/","title":{"rendered":"Andmeregistrid"},"content":{"rendered":"<h3>\n\t<strong>DataCite<\/strong><br>\n<\/h3>\n<p>\n\tDataCite on organisatsioon, mis v\u00e4ljastab DOI ja registreerib andmekogude metaandmed. Seega on v\u00f5imalik metaandmete registrist ka teadusandmeid otsida.\u00a0<br>Lisaks teadusandmetele leiab sealt ka publikatsioone, tarkvara, organisatsioone ja repositooriume.\u00a0<br>Alustame <a data-url=\"https:\/\/commons.datacite.org\/\" href=\"https:\/\/commons.datacite.org\/\" target=\"_blank\" title=\"\" rel=\"noopener\">DataCite Commons<\/a>\u00a0lehelt.\n<\/p>\n<p>\n\t<img loading=\"lazy\" decoding=\"async\" width=\"1395\" height=\"240\" class=\"alignnone wp-image-77\" src=\"https:\/\/sisu.ut.ee\/wp-content\/uploads\/sites\/301\/dc_commons.png\" title=\"dc_commons.png\" alt=\"DataCite Commons\" srcset=\"https:\/\/sisu.ut.ee\/wp-content\/uploads\/sites\/301\/dc_commons.png 1395w, https:\/\/sisu.ut.ee\/wp-content\/uploads\/sites\/301\/dc_commons-300x52.png 300w, https:\/\/sisu.ut.ee\/wp-content\/uploads\/sites\/301\/dc_commons-1024x176.png 1024w, https:\/\/sisu.ut.ee\/wp-content\/uploads\/sites\/301\/dc_commons-768x132.png 768w\" sizes=\"auto, (max-width: 1395px) 100vw, 1395px\">\n<\/p>\n<p>\n\tOtsingus\u00f5nadeks tuleks kasutada <strong>DataCite\u2019i metaandmete raamistikus<\/strong> n\u00f5utud metaandmete v\u00e4ljadel olevaid andmeid: andmekogu autor, pealkiri, v\u00f5tmes\u00f5nad jne.\u00a0<br>Millised on DataCite\u2019i kohustuslikud, soovituslikud ja valikulised metaandmed, v\u00f5ib leida\u00a0DataCite Eesti konsortsiumi\u00a0<a data-url=\"https:\/\/datacite.ee\/teadlastele\/\" href=\"https:\/\/datacite.ee\/teadlastele\/\" target=\"_blank\" title=\"\" rel=\"noopener\">teadlastele suunatud lehelt<\/a>.\u00a0<br>Praegu on DataCite\u2019i registris ligi 36 miljont\u00a0registreeritud DOI-d, millest Eesti teadusandmeid on ligi 2,4 miljonit. Suurima panuse sellesse on andnud andmehaldusplatvorm PlutoF.\n<\/p>\n<p>\n\tSellel registril on m\u00f5ned head omadused:\u00a0<br>1. Alates 2020. aasta algusest kajastab DataCite\u2019i register seda, kui <strong>mitu korda on andmekogu tsiteeritud, vaadatud ja alla laetud<\/strong>. Tuleb t\u00e4hele panna, et varasemad tegevused ei kajastu, seega t\u00e4pse \u00fclevaate andmekogu kasutusest saab alles 2020. aastast.<br>2. Andmekogu on mugav <strong>tsiteerida 8 enamlevinud vormingus<\/strong>, need saab kohe registrist kopeerida.\u00a0\u00a0<br>3. DataCite pakub <strong>viitevormindajat<\/strong>, <a data-url=\"https:\/\/datacite.org\/citation.html\" href=\"https:\/\/datacite.org\/citation.html\" target=\"_blank\" title=\"\" rel=\"noopener\">Data Citation Formatter<\/a>, kuhu kopeerides DOI, saab moodustada enam kui 5000 standardset viidet.\u00a0\n<\/p>\n<p>\n\t<strong>N\u00e4ide<\/strong>: Otsime T\u00dc teadlase Maarja \u00d6piku avaldatud andmeid.\u00a0<br><img loading=\"lazy\" decoding=\"async\" width=\"1391\" height=\"841\" class=\"alignnone wp-image-78\" src=\"https:\/\/sisu.ut.ee\/wp-content\/uploads\/sites\/301\/maarja_andmed.png\" title=\"maarja_andmed.png\" alt=\"Maarja dataset\" srcset=\"https:\/\/sisu.ut.ee\/wp-content\/uploads\/sites\/301\/maarja_andmed.png 1391w, https:\/\/sisu.ut.ee\/wp-content\/uploads\/sites\/301\/maarja_andmed-300x181.png 300w, https:\/\/sisu.ut.ee\/wp-content\/uploads\/sites\/301\/maarja_andmed-1024x619.png 1024w, https:\/\/sisu.ut.ee\/wp-content\/uploads\/sites\/301\/maarja_andmed-768x464.png 768w\" sizes=\"auto, (max-width: 1391px) 100vw, 1391px\">\n<\/p>\n<p>\n\t\u00a0\n<\/p>\n<p>\n\tOtsingutulemusest on n\u00e4ha, et andmekogu on <strong>1 kord tsiteeritud, 175 korda vaadatud ja 24\u00a0korda alla laetud<\/strong>. Pealkirja link\u00a0viib Dryad repositooriumisse andmekogu juurde, kus saab n\u00e4ha t\u00e4psemaid andmeid ja tsiteeridamitmes vormingus.\n<\/p>\n<p>\n\t<strong><span style=\"background-color:#ffd700\">Lisalugemist<\/span><\/strong>:\u00a0<a data-url=\"https:\/\/doi.org\/10.1371\/journal.pcbi.1010476\" href=\"https:\/\/doi.org\/10.1371\/journal.pcbi.1010476\" target=\"_blank\" title=\"\" rel=\"noopener\">Ten simple rules for getting and giving credit for data.<\/a>\n<\/p>\n<h3>\n\t<strong>OpenAIRE<\/strong><br>\n<\/h3>\n<p>\n\tVeel \u00fcks andmete ja samuti\u00a0publikatsioonide otsimise koht on <a data-url=\"https:\/\/www.openaire.eu\/\" href=\"https:\/\/www.openaire.eu\/\" target=\"_blank\" title=\"\" rel=\"noopener\">OpenAIRE<\/a> portaal. OpenAIRE on Euroopa Komisjoni pikaajaline projekt, mis koondab komisjoni poolt rahastatud teadusprojektide tulemused ning lingib need omavahel.\n<\/p>\n<blockquote>\n<p>\n\t\tEesti OpenAIRE infopunkt on T\u00dc raamatukogu.\n\t<\/p>\n<\/blockquote>\n<p>\n\tOtsimaks portaalist teaduspublikatsioone ja lingitud avaandmeid, tuleb avada <a data-url=\"https:\/\/explore.openaire.eu\/\" href=\"https:\/\/explore.openaire.eu\/\" target=\"_blank\" title=\"\" rel=\"noopener\">OpenAIRE Explore<\/a>.\u00a0Otsingukastis valida, kas otsitakse publikatsioone, andmeid, tarkvara, organisatsioone, projekte v\u00f5i rahastajaid.\n<\/p>\n<p style=\"text-align: center\">\n\t<img loading=\"lazy\" decoding=\"async\" width=\"732\" height=\"507\" class=\"alignnone wp-image-96\" src=\"https:\/\/sisu.ut.ee\/wp-content\/uploads\/sites\/301\/oa_rp.png\" title=\"oa_rp.png\" alt=\"OA RP\" srcset=\"https:\/\/sisu.ut.ee\/wp-content\/uploads\/sites\/301\/oa_rp.png 732w, https:\/\/sisu.ut.ee\/wp-content\/uploads\/sites\/301\/oa_rp-300x208.png 300w\" sizes=\"auto, (max-width: 732px) 100vw, 732px\">\n<\/p>\n<p>\n\t<strong><span style=\"background-color:#ffd700\">Lisalugemist<\/span><\/strong> OpenAIRE blogist, kuidas teadust\u00f6\u00f6 tulemusi otsida ja mida OpenAIRE EXPLORE v\u00f5imaldab:\u00a0<a data-url=\"https:\/\/www.openaire.eu\/blogs\/explore-search-open-science-scholarly-works\" href=\"https:\/\/www.openaire.eu\/blogs\/explore-search-open-science-scholarly-works\" target=\"_blank\" title=\"\" rel=\"noopener\">EXPLORE: Search Open Science scholarly works<\/a>.\n<\/p>\n<p>\n\t\u00a0\n<\/p>\n<p>\n\t<strong>Mendeley Data Search<\/strong>\n<\/p>\n<p>\n\tMendeley on Suurbritannias asuv firma, mis pakub tooteid ja teenuseid teadlastele. Firma omanik on teaduskirjastus Elsevier. Mendeley Data on teenus, mis pakub teadlastele andmete s\u00e4ilitamise v\u00f5imalust ja andmete otsingut \u00fcle paljude registrite.\u00a0<br><a data-url=\"https:\/\/data.mendeley.com\/\" href=\"https:\/\/data.mendeley.com\/\" target=\"_blank\" title=\"\" rel=\"noopener\">Mendeley Data Search <\/a><strong>\u00a0otsib repositooriumides olevaid andmekogusid, kasutades muuhulgas eelpool nimetatud DataCite\u2019i, OpenAIRE\u2019i jt registreid<\/strong>, kuid Mendeley Data eelis on see, et otsitakse ka v\u00f5tmes\u00f5nu oma (st. Mendeley) andmehoidla andmefailide sisust, mitte ainult metaandmete hulgast.<br>Praegusel hetkel tundub Mendeley Data Search olevat k\u00f5ige otstarbekam otsingukeskkond, ehkki ka seal on filtreerimise v\u00f5imalusi v\u00e4he. Andmet\u00fc\u00fcbid on v\u00e4ga selgelt v\u00e4lja toodud.<br>Otsingutulemusi ei saa j\u00e4rjestada aasta j\u00e4rgi, kuid aastanumbri saab lisada otsingukasti.\u00a0\u00a0<br><strong>Loogika on t\u00e4pselt sama, mis teistel registritel: tuleb leida andmekogu ja andmetega tutvumiseks ja allalaadimiseks liikuda repositooriumisse.<\/strong>\u00a0\n<\/p>\n<p>\n\tN\u00e4ide:\n<\/p>\n<p style=\"text-align: center\">\n\t<img loading=\"lazy\" decoding=\"async\" width=\"1227\" height=\"459\" class=\"alignnone wp-image-97\" src=\"https:\/\/sisu.ut.ee\/wp-content\/uploads\/sites\/301\/dyslexia_01.png\" title=\"dyslexia_01.png\" alt=\"mendeley otsing\" srcset=\"https:\/\/sisu.ut.ee\/wp-content\/uploads\/sites\/301\/dyslexia_01.png 1227w, https:\/\/sisu.ut.ee\/wp-content\/uploads\/sites\/301\/dyslexia_01-300x112.png 300w, https:\/\/sisu.ut.ee\/wp-content\/uploads\/sites\/301\/dyslexia_01-1024x383.png 1024w, https:\/\/sisu.ut.ee\/wp-content\/uploads\/sites\/301\/dyslexia_01-768x287.png 768w\" sizes=\"auto, (max-width: 1227px) 100vw, 1227px\">\n<\/p>\n<p>\n\tT\u00e4psemalt saab andmekogu vaadata, kl\u00f5psates pealkirjal ja see viib repositooriumisse\u00a0 \u00a0<a data-url=\"https:\/\/data.mendeley.com\/datasets\/jtts2d7dtg\/1\" href=\"https:\/\/data.mendeley.com\/datasets\/jtts2d7dtg\/1\" target=\"_blank\" title=\"\" rel=\"noopener\">https:\/\/data.mendeley.com\/datasets\/jtts2d7dtg\/1<\/a>\n<\/p>\n<h3>\n\t<strong>Google Dataset\u00a0 Search<\/strong><br>\n<\/h3>\n<p>\n\tGoogle arendab andmekogude otsimootorit\u00a0ja alates 2018. a on <a data-url=\"https:\/\/datasetsearch.research.google.com\/\" href=\"https:\/\/datasetsearch.research.google.com\/\" target=\"_blank\" title=\"\" rel=\"noopener\">Google Dataset Search<\/a> kasutatav. See on sarnane otsingumootoriga Google Scholar ja need on m\u00f5eldud teineteist t\u00e4iendama. Praegu on v\u00f5imalik vaid lihtne v\u00f5tmes\u00f5naotsing, filtreerida saab samuti andmet\u00fc\u00fcpidega. V\u00f5ib \u00f6elda, et praegu on Google Dataset Search arendusj\u00e4rgus.\u00a0\n<\/p>\n<h3>\n\t<strong>Data Citation Index<\/strong><br>\n<\/h3>\n<p>\n\tData Citation Index on Web of Science grupile kuuluv teadusandmete register, mis lingib omavahel WoS artiklid ja nende alusandmed ning tarkvara.\u00a0<br>Seda registrit ei ole Eesti raamatukogud ostnud.\u00a0<\/p>\n","protected":false},"excerpt":{"rendered":"<p>DataCite DataCite on organisatsioon, mis v\u00e4ljastab DOI ja registreerib andmekogude metaandmed. Seega on v\u00f5imalik metaandmete registrist ka teadusandmeid otsida.\u00a0Lisaks teadusandmetele leiab sealt ka publikatsioone, tarkvara, organisatsioone ja repositooriume.\u00a0Alustame DataCite Commons\u00a0lehelt. Otsingus\u00f5nadeks tuleks kasutada DataCite\u2019i metaandmete raamistikus n\u00f5utud metaandmete v\u00e4ljadel olevaid &#8230;<\/p>\n","protected":false},"author":78,"featured_media":0,"parent":0,"menu_order":0,"comment_status":"closed","ping_status":"closed","template":"","meta":{"_acf_changed":false,"inline_featured_image":false,"footnotes":""},"class_list":["post-12","page","type-page","status-publish","hentry"],"acf":[],"_links":{"self":[{"href":"https:\/\/sisu.ut.ee\/andmehaldus\/wp-json\/wp\/v2\/pages\/12","targetHints":{"allow":["GET"]}}],"collection":[{"href":"https:\/\/sisu.ut.ee\/andmehaldus\/wp-json\/wp\/v2\/pages"}],"about":[{"href":"https:\/\/sisu.ut.ee\/andmehaldus\/wp-json\/wp\/v2\/types\/page"}],"author":[{"embeddable":true,"href":"https:\/\/sisu.ut.ee\/andmehaldus\/wp-json\/wp\/v2\/users\/78"}],"replies":[{"embeddable":true,"href":"https:\/\/sisu.ut.ee\/andmehaldus\/wp-json\/wp\/v2\/comments?post=12"}],"version-history":[{"count":1,"href":"https:\/\/sisu.ut.ee\/andmehaldus\/wp-json\/wp\/v2\/pages\/12\/revisions"}],"predecessor-version":[{"id":352,"href":"https:\/\/sisu.ut.ee\/andmehaldus\/wp-json\/wp\/v2\/pages\/12\/revisions\/352"}],"wp:attachment":[{"href":"https:\/\/sisu.ut.ee\/andmehaldus\/wp-json\/wp\/v2\/media?parent=12"}],"curies":[{"name":"wp","href":"https:\/\/api.w.org\/{rel}","templated":true}]}}