{"id":11,"date":"2024-04-04T04:36:09","date_gmt":"2024-04-04T01:36:09","guid":{"rendered":"https:\/\/sisu.ut.ee\/andmehaldus\/repositooriumide-registrid\/"},"modified":"2024-04-04T04:37:03","modified_gmt":"2024-04-04T01:37:03","slug":"repositooriumide-registrid","status":"publish","type":"page","link":"https:\/\/sisu.ut.ee\/andmehaldus\/repositooriumide-registrid\/","title":{"rendered":"Repositooriumide registrid"},"content":{"rendered":"<h3>\n\t<strong>Re3data<\/strong><br>\n<\/h3>\n<p>\n\tAndmerepositooriumide otsimist tuleks alustadarepositooriumide registrist\u00a0<a data-url=\"https:\/\/www.re3data.org\/\" href=\"https:\/\/www.re3data.org\/\" target=\"_blank\" title=\"\" rel=\"noopener\">re3data<\/a>, kus on registreeritud ligi 3000\u00a0repositooriumi. Lisaks leiab re3data portaalist\u00a041 tunnust otsingu t\u00e4psustamiseks.\n<\/p>\n<p>\n\tRe3data.org kasutamist soovitab ka Euroopa Komisjoni juhend\u00a0<a data-url=\"https:\/\/ec.europa.eu\/info\/funding-tenders\/opportunities\/docs\/2021-2027\/horizon\/guidance\/programme-guide_horizon_en.pdf\" href=\"https:\/\/ec.europa.eu\/info\/funding-tenders\/opportunities\/docs\/2021-2027\/horizon\/guidance\/programme-guide_horizon_en.pdf\" target=\"_blank\" title=\"\" rel=\"noopener\">Horizon Europe Programme Guide<\/a>.<a href=\"https:\/\/ec.europa.eu\/info\/funding-tenders\/opportunities\/docs\/2021-2027\/horizon\/guidance\/programme-guide_horizon_en.pdf\">\u00a0<\/a>\n<\/p>\n<blockquote>\n<p>\n\t\tTuleb r\u00f5hutada, et tegemist on <strong>repositooriumide registriga<\/strong>, mis t\u00e4hendab, et otsingut tuleb alustada k\u00fcllaltki laia valdkonna j\u00e4rgi ning seej\u00e4rel otsingut t\u00e4psustada. <strong>Konkreetsete andmekogude otsing toimub juba huvipakkuva repositooriumi sees.<\/strong>\n\t<\/p>\n<\/blockquote>\n<p>\n\tRegistris on olemas selge <strong>ikoonide s\u00fcsteem<\/strong>, mis aitab m\u00f5ista:\u00a0\n<\/p>\n<ul>\n<li>\n\t\tkas repositoorium on avatud v\u00f5i suletud\u00a0\n\t<\/li>\n<li>\n\t\tkas on olemas litsentsid\u00a0\n\t<\/li>\n<li>\n\t\tmillist p\u00fcsiidentifikaatorit kasutatakse (DOI, hdl, purl vm)\u00a0\n\t<\/li>\n<li>\n\t\tkas repositooriumil on olemas sertifikaat jne\n\t<\/li>\n<\/ul>\n<p>\n\t\u00a0\n<\/p>\n<p style=\"text-align: center\">\n\t<img loading=\"lazy\" decoding=\"async\" width=\"745\" height=\"244\" class=\"alignnone wp-image-87\" src=\"https:\/\/sisu.ut.ee\/wp-content\/uploads\/sites\/301\/ikoonid.png\" title=\"ikoonid.png\" alt=\"r3data ikoonid\" srcset=\"https:\/\/sisu.ut.ee\/wp-content\/uploads\/sites\/301\/ikoonid.png 745w, https:\/\/sisu.ut.ee\/wp-content\/uploads\/sites\/301\/ikoonid-300x98.png 300w\" sizes=\"auto, (max-width: 745px) 100vw, 745px\">\n<\/p>\n<p>\n\t\u00a0\n<\/p>\n<p>\n\tN\u00e4ited:\n<\/p>\n<p>\n\t<strong>Otsime materjaliteaduse avaandmeid<\/strong>.\u00a0Alustame otsingut m\u00e4rks\u00f5naga <strong>materjaliteadus<\/strong> ehk <em><strong>materials science<\/strong><\/em>. Selline otsing annab 80 tulemust (20.01.2020) ning need on v\u00f5imalik kiiresti \u00fcle vaadata repositooriumide kirjelduste p\u00f5hjal. Kui oleme huvipakkuva v\u00e4lja valinud, teeme edasised otsingud juba konkreetses repositooriumis.\n<\/p>\n<p>\n\t\u00a0\n<\/p>\n<p style=\"text-align: center\">\n\t<\/p><div class=\"ratio ratio-16x9 mb-3\"><div class=\"video-placeholder-wrapper video-placeholder-wrapper--16x9\">\n\t\t\t    <div class=\"video-placeholder d-flex justify-content-center align-items-center\">\n\t\t\t        <div class=\"overlay text-white p-2 w-100 text-center d-block justify-content-center align-items-center\">\n\t\t\t            <div>Kolmandate osapoolte sisu n\u00e4gemiseks palun n\u00f5ustu k\u00fcpsistega.<\/div>\n\t\t\t            <button class=\"btn btn-secondary btn-sm mt-1 consent-change\">Muuda n\u00f5usolekut<\/button>\n\t\t\t        <\/div>\n\t\t\t    <\/div>\n\t\t\t<\/div>\n<\/div>\n\n<p style=\"text-align: center\">\n\t<i>*Otsinguandmed 26.09.2019 seisuga<\/i>\n<\/p>\n<p>\n\t\u00a0\n<\/p>\n<p>\n\tOtsime <strong>sotsiaalteaduste repositooriume <\/strong>m\u00e4rks\u00f5naga\u00a0<em><strong>social science <\/strong><\/em>ning saame 337 tulemust.\u00a0Valime nende hulgast Finnish Social Science Data Archive, mis viib meid Soome andmeportaali <a href=\"https:\/\/services.fsd.uta.fi\/index?lang=en\" target=\"_blank\" rel=\"noopener\">Aila<\/a>.\n<\/p>\n<p style=\"text-align: center\">\n\t<\/p><div class=\"ratio ratio-16x9 mb-3\"><div class=\"video-placeholder-wrapper video-placeholder-wrapper--16x9\">\n\t\t\t    <div class=\"video-placeholder d-flex justify-content-center align-items-center\">\n\t\t\t        <div class=\"overlay text-white p-2 w-100 text-center d-block justify-content-center align-items-center\">\n\t\t\t            <div>Kolmandate osapoolte sisu n\u00e4gemiseks palun n\u00f5ustu k\u00fcpsistega.<\/div>\n\t\t\t            <button class=\"btn btn-secondary btn-sm mt-1 consent-change\">Muuda n\u00f5usolekut<\/button>\n\t\t\t        <\/div>\n\t\t\t    <\/div>\n\t\t\t<\/div>\n<\/div>\n\n<p style=\"text-align: center\">\n\t<i>*Otsinguandmed 20.09.2019 seisuga<\/i>\n<\/p>\n<p>\n\tRe3data pakub ka visuaalselt atraktiivset otsingut erialade j\u00e4rgi, <a data-url=\"https:\/\/www.re3data.org\/browse\/by-subject\/\" href=\"https:\/\/www.re3data.org\/browse\/by-subject\/\" target=\"_blank\" title=\"\" rel=\"noopener\">Browse by subject<\/a>, kuid siin on oht, et liiga kitsa valdkonna repositooriume ei leiagi.\u00a0\n<\/p>\n<p>\n\t\u00a0\n<\/p>\n<p style=\"text-align: center\">\n\t<img loading=\"lazy\" decoding=\"async\" width=\"591\" height=\"569\" class=\"alignnone wp-image-89\" src=\"https:\/\/sisu.ut.ee\/wp-content\/uploads\/sites\/301\/visual.png\" title=\"visual.png\" alt=\"visual\" srcset=\"https:\/\/sisu.ut.ee\/wp-content\/uploads\/sites\/301\/visual.png 591w, https:\/\/sisu.ut.ee\/wp-content\/uploads\/sites\/301\/visual-300x289.png 300w\" sizes=\"auto, (max-width: 591px) 100vw, 591px\">\n<\/p>\n<p>\n\t\u00a0\n<\/p>\n<p>\n\tVahel on v\u00e4ga raske otsustada, milline leitud erialane repositoorium on teadlaste hulgas tuntuim v\u00f5i parimaks hinnatud. Siinkohal v\u00f5ib olla abiks Vikipeedia leht <a data-url=\"http:\/\/oad.simmons.edu\/oadwiki\/Data_repositories\" href=\"http:\/\/oad.simmons.edu\/oadwiki\/Data_repositories\" target=\"_blank\" title=\"\" rel=\"noopener\">Data repositories<\/a>.\n<\/p>\n<h3>\n\t<strong>OpenDOAR<\/strong><br>\n<\/h3>\n<p>\n\tVeel \u00fcks\u00a0koht teaduse avaandmete leidmiseks on <a data-url=\"http:\/\/v2.sherpa.ac.uk\/opendoar\/\" href=\"http:\/\/v2.sherpa.ac.uk\/opendoar\/\" target=\"_blank\" title=\"\" rel=\"noopener\">OpenDOAR<\/a>, mis v\u00f5imaldab\u00a0andmete k\u00f5rval ka publikatsioonide, tarkvara, patentide, aruannete ja konverentsimaterjalide otsingut. Soovitav on kasutada <strong>liitotsingut<\/strong>, et leida just oma vajadustele vastav repositoorium.\n<\/p>\n<p style=\"text-align: center\">\n\t<img loading=\"lazy\" decoding=\"async\" width=\"997\" height=\"395\" class=\"alignnone wp-image-90\" src=\"https:\/\/sisu.ut.ee\/wp-content\/uploads\/sites\/301\/opendoar_search.png\" title=\"opendoar_search.png\" alt=\"OD Search\" srcset=\"https:\/\/sisu.ut.ee\/wp-content\/uploads\/sites\/301\/opendoar_search.png 997w, https:\/\/sisu.ut.ee\/wp-content\/uploads\/sites\/301\/opendoar_search-300x119.png 300w, https:\/\/sisu.ut.ee\/wp-content\/uploads\/sites\/301\/opendoar_search-768x304.png 768w\" sizes=\"auto, (max-width: 997px) 100vw, 997px\">\n<\/p>\n<p>\n\tToodud statistikast on n\u00e4ha, kuidas teadust\u00f6\u00f6 tulemuste avaldamine repositooriumis on viimase kahe aasta jooksul h\u00fcppeliselt kasvanud.\u00a0\n<\/p>\n<p style=\"text-align: center\">\n\t<img loading=\"lazy\" decoding=\"async\" width=\"960\" height=\"553\" class=\"alignnone wp-image-93\" src=\"https:\/\/sisu.ut.ee\/wp-content\/uploads\/sites\/301\/opendoar_02.png\" title=\"opendoar_02.png\" alt=\"OpenDOAR nov\" srcset=\"https:\/\/sisu.ut.ee\/wp-content\/uploads\/sites\/301\/opendoar_02.png 960w, https:\/\/sisu.ut.ee\/wp-content\/uploads\/sites\/301\/opendoar_02-300x173.png 300w, https:\/\/sisu.ut.ee\/wp-content\/uploads\/sites\/301\/opendoar_02-768x442.png 768w\" sizes=\"auto, (max-width: 960px) 100vw, 960px\">\n<\/p>\n<p>\n\tOpenDOAR\u2019is on registreeritud repositooriumide arv poole suurem kui re3data\u2019s, sest OpenDOAR h\u00f5lmab ka publikatsioonide repositooriumid.\u00a0\n<\/p>\n<p>\n\t\u00a0<\/p>\n","protected":false},"excerpt":{"rendered":"<p>Re3data Andmerepositooriumide otsimist tuleks alustadarepositooriumide registrist\u00a0re3data, kus on registreeritud ligi 3000\u00a0repositooriumi. Lisaks leiab re3data portaalist\u00a041 tunnust otsingu t\u00e4psustamiseks. Re3data.org kasutamist soovitab ka Euroopa Komisjoni juhend\u00a0Horizon Europe Programme Guide.\u00a0 Tuleb r\u00f5hutada, et tegemist on repositooriumide registriga, mis t\u00e4hendab, et otsingut tuleb &#8230;<\/p>\n","protected":false},"author":78,"featured_media":0,"parent":0,"menu_order":0,"comment_status":"closed","ping_status":"closed","template":"","meta":{"_acf_changed":false,"inline_featured_image":false,"footnotes":""},"class_list":["post-11","page","type-page","status-publish","hentry"],"acf":[],"_links":{"self":[{"href":"https:\/\/sisu.ut.ee\/andmehaldus\/wp-json\/wp\/v2\/pages\/11","targetHints":{"allow":["GET"]}}],"collection":[{"href":"https:\/\/sisu.ut.ee\/andmehaldus\/wp-json\/wp\/v2\/pages"}],"about":[{"href":"https:\/\/sisu.ut.ee\/andmehaldus\/wp-json\/wp\/v2\/types\/page"}],"author":[{"embeddable":true,"href":"https:\/\/sisu.ut.ee\/andmehaldus\/wp-json\/wp\/v2\/users\/78"}],"replies":[{"embeddable":true,"href":"https:\/\/sisu.ut.ee\/andmehaldus\/wp-json\/wp\/v2\/comments?post=11"}],"version-history":[{"count":1,"href":"https:\/\/sisu.ut.ee\/andmehaldus\/wp-json\/wp\/v2\/pages\/11\/revisions"}],"predecessor-version":[{"id":353,"href":"https:\/\/sisu.ut.ee\/andmehaldus\/wp-json\/wp\/v2\/pages\/11\/revisions\/353"}],"wp:attachment":[{"href":"https:\/\/sisu.ut.ee\/andmehaldus\/wp-json\/wp\/v2\/media?parent=11"}],"curies":[{"name":"wp","href":"https:\/\/api.w.org\/{rel}","templated":true}]}}