{"id":10,"date":"2024-04-04T04:36:09","date_gmt":"2024-04-04T01:36:09","guid":{"rendered":"https:\/\/sisu.ut.ee\/andmehaldus\/dmponline\/"},"modified":"2024-04-04T04:37:03","modified_gmt":"2024-04-04T01:37:03","slug":"dmponline","status":"publish","type":"page","link":"https:\/\/sisu.ut.ee\/andmehaldus\/dmponline\/","title":{"rendered":"DMPonline"},"content":{"rendered":"<p style=\"text-align: justify\">\n\t<a href=\"https:\/\/dmponline.dcc.ac.uk\/\" target=\"_blank\" rel=\"noopener\">DMPonline<\/a>\u00a0on Digital Curation Centre poolt loodud t\u00f6\u00f6keskkond andmehaldusplaanide koostamiseks.\n<\/p>\n<p style=\"text-align: justify\">\n\tT\u00f6\u00f6keskkond ja juhendid on ingliskeelsed. Andmehaldusplaaniga alustamisel peab kohe m\u00f5tlema, mis keeles seda teha.\n<\/p>\n<ul>\n<li style=\"text-align: justify\">\n\t\tKas tegemist on koost\u00f6\u00f6projektiga?\n\t<\/li>\n<li style=\"text-align: justify\">\n\t\tKas on teada, kas uurimisr\u00fchmas t\u00f6\u00f6tab v\u00e4lis\u00f5ppej\u00f5ude ja\/v\u00f5i -\u00fcli\u00f5pilasi v\u00f5i on seda tulevikus ette n\u00e4ha? Andmehaldusplaan peab olema k\u00f5ikidele m\u00f5istetav.\n\t<\/li>\n<li style=\"text-align: justify\">\n\t\tMis keeles n\u00f5uab andmehaldusplaani grandi andja?\u00a0Kas hindamisse on kaasatud v\u00e4liseksperte?\n\t<\/li>\n<\/ul>\n<blockquote>\n<p style=\"text-align: justify\">\n\t\tIga kasutaja saab koostada andmehaldusplaani vastavalt oma vajadustele,\u00a0jagada seda kaast\u00f6\u00f6tajatega, eksportida ning n\u00e4ha, kes on plaani vaadanud v\u00f5i t\u00e4iendanud.\u00a0\n\t<\/p>\n<\/blockquote>\n<h3 style=\"text-align: justify\">\n\tKonto loomine<br>\n<\/h3>\n<p style=\"text-align: justify\">\n\tKonto registreerimiseks kasuta oma\u00a0T\u00dc\u00a0e-posti aadressi ning turvalist salas\u00f5na. Organisatsiooni alt vali\u00a0<em>University of Tartu<\/em>. Seej\u00e4rel tutvu kasutustingimustega, n\u00f5ustu ning loo konto.\u00a0\u00a0\n<\/p>\n<p style=\"text-align: justify\">\n\tSisselogimisel vali sisselogimine \u00fclikooli kasutajatunnustega. Seej\u00e4rel toimub suunamine j\u00e4rgmisele lehele, kust tuleb otsida\u00a0<em>University of Tartu<\/em>\u00a0ning vajutada\u00a0<em>Sign\u00a0In<\/em>.\u00a0\n<\/p>\n<p style=\"text-align: center\">\n\t<img decoding=\"async\" alt=\"\" src=\"https:\/\/sisu.ut.ee\/wp-content\/uploads\/sites\/301\/dmp_juhis.png\" style=\"width: 800px;height: 515px\">\n<\/p>\n<p style=\"text-align: justify\">\n\t<strong>Esmakordsel sisselogimisel<\/strong> avaneb juuresolev pilt.\u00a0T\u00e4ida vastavad v\u00e4ljad ning vajuta <em>Create plan.\u00a0<\/em>Rahastaja rubriigis tee kasti linnuke, sest Eesti Teadusagentuuril ei ole praegu spetsiifilisi n\u00f5udmisi ja malli, DCC poolt v\u00e4lja pakutud plaan sobib h\u00e4sti. Kui peaks olema tegemist Euroopa Komisjoni rahastatava projekti andmehaldusplaani loomisega, siis nii Horisont 2020 kui ka Euroopa Horisondi andmehaldusplaanide mallid on valikus olemas.\u00a0\n<\/p>\n<p style=\"text-align: center\">\n\t<img loading=\"lazy\" decoding=\"async\" width=\"1363\" height=\"627\" class=\"alignnone wp-image-84\" style=\"width: 800px;height: 368px\" src=\"https:\/\/sisu.ut.ee\/wp-content\/uploads\/sites\/301\/createnewplan.png\" title=\"createnewplan.png\" alt=\"newplan\" srcset=\"https:\/\/sisu.ut.ee\/wp-content\/uploads\/sites\/301\/createnewplan.png 1363w, https:\/\/sisu.ut.ee\/wp-content\/uploads\/sites\/301\/createnewplan-300x138.png 300w, https:\/\/sisu.ut.ee\/wp-content\/uploads\/sites\/301\/createnewplan-1024x471.png 1024w, https:\/\/sisu.ut.ee\/wp-content\/uploads\/sites\/301\/createnewplan-768x353.png 768w\" sizes=\"auto, (max-width: 1363px) 100vw, 1363px\">\n<\/p>\n<h3 style=\"text-align: justify\">\n\tAndmehaldusplaani loomine<br>\n<\/h3>\n<p style=\"text-align: justify\">\n\tDigital Curation Center poolt loodud malli ja \u00fclevadet andmehaldusplaani teemadest on v\u00f5imalik n\u00e4ha sektsiooni<strong><em>\u00a0<\/em><\/strong><em>Plan overview <\/em>alt<em>.<\/em> Plaaniga t\u00f6\u00f6tama hakates ilmuvad needsamad k\u00fcsimused ja t\u00e4iendavad juhendid t\u00f6\u00f6akna k\u00f5rvale.\u00a0\n<\/p>\n<p style=\"text-align: center\">\n\t<img loading=\"lazy\" decoding=\"async\" width=\"1039\" height=\"778\" class=\"alignnone wp-image-85\" style=\"width: 800px;height: 599px\" src=\"https:\/\/sisu.ut.ee\/wp-content\/uploads\/sites\/301\/planoverview.png\" title=\"planoverview.png\" alt=\"overview\" srcset=\"https:\/\/sisu.ut.ee\/wp-content\/uploads\/sites\/301\/planoverview.png 1039w, https:\/\/sisu.ut.ee\/wp-content\/uploads\/sites\/301\/planoverview-300x225.png 300w, https:\/\/sisu.ut.ee\/wp-content\/uploads\/sites\/301\/planoverview-1024x767.png 1024w, https:\/\/sisu.ut.ee\/wp-content\/uploads\/sites\/301\/planoverview-768x575.png 768w\" sizes=\"auto, (max-width: 1039px) 100vw, 1039px\">\n<\/p>\n<p style=\"text-align: justify\">\n\tK\u00f5ik loodud andmehaldusplaanid on n\u00e4htavad\u00a0t\u00f6\u00f6laual <em>My Dashboard <\/em>all.<em> S<\/em>ealt saab neid valida, muuta ning\u00a0teha muid toiminguid.\n<\/p>\n<h3 style=\"text-align: justify\">\n\tAndmehaldusplaani jagamine ja allalaadimine<br>\n<\/h3>\n<p style=\"text-align: justify\">\n\tOlemasolevat <strong>andmehaldusplaani saab jagada teistega (<em>share<\/em>)<\/strong> v\u00f5i koostada seda algusest peale mitmekesi. Teistele jagamiseks on kolm taset:\n<\/p>\n<ul>\n<li style=\"text-align: justify\">\n\t\t\u00f5igus vaadata\n\t<\/li>\n<li style=\"text-align: justify\">\n\t\t\u00f5igus toimetada, st\u00a0lisada teksti\n\t<\/li>\n<li style=\"text-align: justify\">\n\t\tolla kaasomanik, st\u00a0lisaks toimetamisele jagada \u00f5igusi\n\t<\/li>\n<\/ul>\n<p style=\"text-align: justify\">\n\tAndmehaldusplaani omanikuna sisestad vastavasse kasti nende inimeste meiliaadressid, kellega soovid plaani jagada. Seej\u00e4rel\u00a0m\u00e4\u00e4rad \u00f5igused ja\u00a0saategi koos edasi t\u00f6\u00f6tada.\n<\/p>\n<p style=\"text-align: justify\">\n\tKutsutud saavad e-kirja\u00a0vastava infoga. Selleks\u00a0et n\u00e4ha andmehaldusplaani,\u00a0peavad nad olema samuti registreeritud DMPonline keskkonda. Sama kehtib, kui \u00f5iguste taset muudetakse.\n<\/p>\n<p style=\"text-align: justify\">\n\tKui andmehaldusplaan on vaja kuhugi esitada, n\u00e4iteks grandi taotlemisel, tuleb see t\u00f6\u00f6keskkonnast eksportida.\n<\/p>\n<blockquote>\n<p style=\"text-align: justify\">\n\t\tAndmehaldusplaani on v\u00f5imalik alla laadida paljudes vormingutes: pdf, csv, html, json, text, xml, docx.\u00a0PDF-faili on v\u00f5imalik\u00a0ka vormindada.\u00a0\n\t<\/p>\n<\/blockquote>\n<h3 style=\"text-align: justify\">\n\tAndmehaldusplaani koostamine<br>\n<\/h3>\n<p style=\"text-align: justify\">\n\tK\u00f5igepealt k\u00fcsitakse andmeid projekti kohta\u00a0ehk\u00a0administratiivseid metaandmeid:\n<\/p>\n<p style=\"text-align: justify\">\n\t<strong>Projekti pealkiri: <\/strong>sama<strong>, <\/strong>mis uurimistaotluses\n<\/p>\n<p style=\"text-align: justify\">\n\t<strong>Rahastaja:<\/strong>\n<\/p>\n<p style=\"text-align: justify\">\n\t<strong>Grandi number:\u00a0<\/strong>\n<\/p>\n<blockquote>\n<p style=\"text-align: justify\">\n\t\tK\u00f5ik ametlikud nimetused ja projekti kohta k\u00e4ivad tunnusnumbrid peavad olema v\u00e4ga t\u00e4pselt sisestatud, sest nende abil lingitakse omavahel organisatsioonid, grandid, projektid, aruanded, artiklid ja andmed (n\u00e4iteks <a href=\"https:\/\/www.openaire.eu\/\" target=\"_blank\" rel=\"noopener\">OpenAIRE portaalis<\/a>).\u00a0\n\t<\/p>\n<\/blockquote>\n<p style=\"text-align: justify\">\n\t<strong>Projekti kirjeldus:\u00a0<\/strong>l\u00fchi\u00fclevaade uurimisprojektist, mis aitaks teistel kiiresti projekti olemust m\u00f5ista\n<\/p>\n<ul>\n<li style=\"text-align: justify\">\n\t\tMis laadi uurimusega on tegemist?\n\t<\/li>\n<li style=\"text-align: justify\">\n\t\tS\u00f5nasta uurimuse p\u00f5hiteema\n\t<\/li>\n<li style=\"text-align: justify\">\n\t\tMille jaoks andmeid luuakse v\u00f5i kogutakse?\n\t<\/li>\n<\/ul>\n<p style=\"text-align: justify\">\n\t<strong>ID: <\/strong>identifikaator, v\u00e4ljastatud rahastaja v\u00f5i \u00fclikooli poolt (kui on)\n<\/p>\n<p style=\"text-align: justify\">\n\tAndmed<strong>\u00a0<\/strong>plaani koostavate isikute kohta saab lisada rubriigis <strong>Contributors<\/strong>.\u00a0\n<\/p>\n<p style=\"text-align: justify\">\n\tEdasi saab suunduda <strong>andmehaldusplaani sisulise t\u00e4itmise juurde<\/strong>, avades teemasid <strong>+<\/strong> m\u00e4rgi alt.\n<\/p>\n<p style=\"text-align: center\">\n\t<img loading=\"lazy\" decoding=\"async\" width=\"1148\" height=\"530\" class=\"alignnone wp-image-86\" src=\"https:\/\/sisu.ut.ee\/wp-content\/uploads\/sites\/301\/dmponline_pilt.png\" title=\"dmponline_pilt.png\" alt=\"DMPonline Write\" srcset=\"https:\/\/sisu.ut.ee\/wp-content\/uploads\/sites\/301\/dmponline_pilt.png 1148w, https:\/\/sisu.ut.ee\/wp-content\/uploads\/sites\/301\/dmponline_pilt-300x139.png 300w, https:\/\/sisu.ut.ee\/wp-content\/uploads\/sites\/301\/dmponline_pilt-1024x473.png 1024w, https:\/\/sisu.ut.ee\/wp-content\/uploads\/sites\/301\/dmponline_pilt-768x355.png 768w\" sizes=\"auto, (max-width: 1148px) 100vw, 1148px\">\n<\/p>\n<p>\n\tPlaani \u00fclaosas on edenemisriba, nii on hea j\u00e4lgida, et \u00fckski punkt ei j\u00e4\u00e4 vahele.\u00a0\n<\/p>\n<p style=\"text-align: justify\">\n\tK\u00f5iki andmehaldusplaani\u00a0teemasid k\u00e4sitleme j\u00e4rgmistes \u00f5ppet\u00fckkides\u00a0p\u00f5hjalikumalt.\u00a0<\/p>\n","protected":false},"excerpt":{"rendered":"<p>DMPonline\u00a0on Digital Curation Centre poolt loodud t\u00f6\u00f6keskkond andmehaldusplaanide koostamiseks. T\u00f6\u00f6keskkond ja juhendid on ingliskeelsed. Andmehaldusplaaniga alustamisel peab kohe m\u00f5tlema, mis keeles seda teha. Kas tegemist on koost\u00f6\u00f6projektiga? Kas on teada, kas uurimisr\u00fchmas t\u00f6\u00f6tab v\u00e4lis\u00f5ppej\u00f5ude ja\/v\u00f5i -\u00fcli\u00f5pilasi v\u00f5i on seda tulevikus &#8230;<\/p>\n","protected":false},"author":78,"featured_media":0,"parent":0,"menu_order":0,"comment_status":"closed","ping_status":"closed","template":"","meta":{"_acf_changed":false,"inline_featured_image":false,"footnotes":""},"class_list":["post-10","page","type-page","status-publish","hentry"],"acf":[],"_links":{"self":[{"href":"https:\/\/sisu.ut.ee\/andmehaldus\/wp-json\/wp\/v2\/pages\/10","targetHints":{"allow":["GET"]}}],"collection":[{"href":"https:\/\/sisu.ut.ee\/andmehaldus\/wp-json\/wp\/v2\/pages"}],"about":[{"href":"https:\/\/sisu.ut.ee\/andmehaldus\/wp-json\/wp\/v2\/types\/page"}],"author":[{"embeddable":true,"href":"https:\/\/sisu.ut.ee\/andmehaldus\/wp-json\/wp\/v2\/users\/78"}],"replies":[{"embeddable":true,"href":"https:\/\/sisu.ut.ee\/andmehaldus\/wp-json\/wp\/v2\/comments?post=10"}],"version-history":[{"count":1,"href":"https:\/\/sisu.ut.ee\/andmehaldus\/wp-json\/wp\/v2\/pages\/10\/revisions"}],"predecessor-version":[{"id":354,"href":"https:\/\/sisu.ut.ee\/andmehaldus\/wp-json\/wp\/v2\/pages\/10\/revisions\/354"}],"wp:attachment":[{"href":"https:\/\/sisu.ut.ee\/andmehaldus\/wp-json\/wp\/v2\/media?parent=10"}],"curies":[{"name":"wp","href":"https:\/\/api.w.org\/{rel}","templated":true}]}}