{"id":8,"date":"2024-04-03T23:25:21","date_gmt":"2024-04-03T20:25:21","guid":{"rendered":"https:\/\/sisu.ut.ee\/andmebaasid\/e-ajakirjade-ja-e-raamatute-kataloog-z\/"},"modified":"2026-02-08T18:25:28","modified_gmt":"2026-02-08T16:25:28","slug":"e-ajakirjade-ja-e-raamatute-kataloog-z","status":"publish","type":"page","link":"https:\/\/sisu.ut.ee\/andmebaasid\/e-ajakirjade-ja-e-raamatute-kataloog-z\/","title":{"rendered":"E-v\u00e4ljaannete (e-ajakirjad, e-raamatud) portaal"},"content":{"rendered":"<p align=\"left\"><a title=\"\" href=\"http:\/\/search.ebscohost.com\/login.aspx?authtype=ip,guest&amp;custid=ylikool&amp;groupid=main&amp;profile=pfi\" target=\"_blank\" rel=\"noopener\" data-url=\"http:\/\/search.ebscohost.com\/login.aspx?authtype=ip,guest&amp;custid=ylikool&amp;groupid=main&amp;profile=pfi\">E-v\u00e4ljaannete portaal<\/a><strong>\u00a0<\/strong>koondab Tartu \u00dclikoolile tellitud erinevate t\u00e4istekstandmebaaside vahendusel avatud, paberajakirjade tellimusega kaasnevad ja eraldi tellitud elektroonilised ajakirjad ning paljud vaba juurdep\u00e4\u00e4suga eelretsenseeritavad teadusajakirjad. Lisaks saab sealt infot ka k\u00e4ttesaadavate e-raamatute kohta.<\/p>\n<div>\n<p align=\"left\"><span data-mce-mark=\"1\">E-ajakirjade ja e-raamatute portaalis saab <strong>ajakirja v\u00f5i raamatu pealkirja j\u00e4rgi<\/strong> kontrollida, kas t\u00e4istekstidele on juurdep\u00e4\u00e4s olemas. T\u00e4istekstid avanevad, kui j\u00e4rgite juhiseid <a href=\"https:\/\/sisu.ut.ee\/andmebaasid\/koduarvutist-juurdepaas\/\" target=\"_blank\" rel=\"noopener\">juurdep\u00e4\u00e4suks koduarvutist<\/a>.<\/span><\/p>\n<p align=\"left\"><span data-mce-mark=\"1\"><span data-mce-mark=\"1\"><span data-mce-mark=\"1\">Vaikimisi on ees otsing pealkirja j\u00e4rgi. Kl\u00f5psates Title, saab rippmen\u00fc\u00fcst valida ka otsinguv\u00e4ljaks ajakirja ISSN v\u00f5i raamatu ISBN numbri,\u00a0 autori (raamatu puhul), m\u00e4rks\u00f5na, kirjastuse v\u00f5i j\u00e4tta v\u00e4li m\u00e4\u00e4ramata (All fields).<\/span><\/span><\/span><\/p>\n<p align=\"left\"><span data-mce-mark=\"1\"><span data-mce-mark=\"1\">Otsime ajakirja <strong>Public Opinion Quarterly<\/strong>.\u00a0<\/span><\/span><\/p>\n<p align=\"left\"><img loading=\"lazy\" decoding=\"async\" class=\"alignnone size-full wp-image-59\" src=\"https:\/\/sisu.ut.ee\/wp-content\/uploads\/sites\/87\/Screenshot-2024-08-15-143812.png\" alt=\"\" width=\"889\" height=\"901\" srcset=\"https:\/\/sisu.ut.ee\/wp-content\/uploads\/sites\/87\/Screenshot-2024-08-15-143812.png 889w, https:\/\/sisu.ut.ee\/wp-content\/uploads\/sites\/87\/Screenshot-2024-08-15-143812-296x300.png 296w, https:\/\/sisu.ut.ee\/wp-content\/uploads\/sites\/87\/Screenshot-2024-08-15-143812-768x778.png 768w\" sizes=\"auto, (max-width: 889px) 100vw, 889px\"><\/p>\n<p align=\"left\"><span style=\"color: #000000;\" data-mce-mark=\"1\"><span style=\"color: #000000;\" data-mce-mark=\"1\"><strong>Full Text Access<\/strong> all kuvatakse nimekiri andmebaasidest, kus saab lugeda selle ajakirja t\u00e4istekste. Sama ajakirja lugemiseks v\u00f5ib olla mitu v\u00f5imalust (t\u00e4istekstandmebaasides, ajakirja v\u00e4ljaandva kirjastuse kodulehel) ja juurdep\u00e4\u00e4s v\u00f5ib olla erinevatele aastak\u00e4ikudele.\u00a0<\/span><\/span><strong><span style=\"color: #000000;\" data-mce-mark=\"1\">A<\/span><span style=\"color: #000000;\" data-mce-mark=\"1\">ndmebaasi nimele kl\u00f5psates j\u00f5uame t\u00e4istekstideni.<\/span><\/strong><\/p>\n<p align=\"left\"><span data-mce-mark=\"1\">EBSCO andmebaasides <em>Academic Search Ultimate, <\/em><em>Business Source Ultimate,\u00a0<\/em><em>Communication and Mass Media Complete<\/em>\u00a0on osadel teadusajakirjadel embargoperiood, kirjastus ei luba ajakirja uusi artikleid t\u00e4istekstidena k\u00e4ttesaadavaks teha enne teatud aja m\u00f6\u00f6dumist. Enamasti on see \u00fcks aasta p\u00e4rast ilmumist. Andmebaas JSTOR on ajakirjade arhiivandmebaas, siin sageli uutele numbritele juurdep\u00e4\u00e4su ei pakuta.\u00a0<\/span><\/p>\n<p align=\"left\">Ajakirja nimel kl\u00f5psates saame olulise info ajakirja kohta<\/p>\n<p align=\"left\"><img loading=\"lazy\" decoding=\"async\" class=\"alignnone size-full wp-image-65\" src=\"https:\/\/sisu.ut.ee\/wp-content\/uploads\/sites\/87\/Screenshot-2024-08-15-165102.png\" alt=\"\" width=\"463\" height=\"409\" srcset=\"https:\/\/sisu.ut.ee\/wp-content\/uploads\/sites\/87\/Screenshot-2024-08-15-165102.png 463w, https:\/\/sisu.ut.ee\/wp-content\/uploads\/sites\/87\/Screenshot-2024-08-15-165102-300x265.png 300w\" sizes=\"auto, (max-width: 463px) 100vw, 463px\"><\/p>\n<p align=\"left\">Kui otsite sisu kirjeldavate s\u00f5nade j\u00e4rgi, \u00a0siis v\u00f5ib tulemuste arv olla suur. Otsingutulemuste lehel vasakul ribal saab tulemusi piirata erinevate tunnuste j\u00e4rgi, nt et leitakse ainult eelretsenseeritud ajakirju, ainult raamatuid jne.<\/p>\n<\/div>\n<p><span style=\"line-height: 1.6em;\" data-mce-mark=\"1\"><span style=\"line-height: 1.6em;\" data-mce-mark=\"1\"><strong><em>Browse Subjects <\/em><\/strong>all saab valida ainevaldkonna, et n\u00e4ha k\u00f5iki selles valdkonnas k\u00e4ttesaadavaid e-ajakirju.<\/span><\/span><\/p>\n<p><img loading=\"lazy\" decoding=\"async\" class=\"alignnone size-large wp-image-67\" src=\"https:\/\/sisu.ut.ee\/wp-content\/uploads\/sites\/87\/Screenshot-2024-08-15-165531-1024x754.png\" alt=\"\" width=\"1024\" height=\"754\" srcset=\"https:\/\/sisu.ut.ee\/wp-content\/uploads\/sites\/87\/Screenshot-2024-08-15-165531-1024x754.png 1024w, https:\/\/sisu.ut.ee\/wp-content\/uploads\/sites\/87\/Screenshot-2024-08-15-165531-300x221.png 300w, https:\/\/sisu.ut.ee\/wp-content\/uploads\/sites\/87\/Screenshot-2024-08-15-165531-768x566.png 768w, https:\/\/sisu.ut.ee\/wp-content\/uploads\/sites\/87\/Screenshot-2024-08-15-165531.png 1153w\" sizes=\"auto, (max-width: 1024px) 100vw, 1024px\"><\/p>\n","protected":false},"excerpt":{"rendered":"<p>E-v\u00e4ljaannete portaal\u00a0koondab Tartu \u00dclikoolile tellitud erinevate t\u00e4istekstandmebaaside vahendusel avatud, paberajakirjade tellimusega kaasnevad ja eraldi tellitud elektroonilised ajakirjad ning paljud vaba juurdep\u00e4\u00e4suga eelretsenseeritavad teadusajakirjad. Lisaks saab sealt infot ka k\u00e4ttesaadavate e-raamatute kohta. E-ajakirjade ja e-raamatute portaalis saab ajakirja v\u00f5i raamatu pealkirja &#8230;<\/p>\n","protected":false},"author":5,"featured_media":0,"parent":0,"menu_order":0,"comment_status":"closed","ping_status":"closed","template":"","meta":{"_acf_changed":false,"inline_featured_image":false,"footnotes":""},"class_list":["post-8","page","type-page","status-publish","hentry"],"acf":[],"_links":{"self":[{"href":"https:\/\/sisu.ut.ee\/andmebaasid\/wp-json\/wp\/v2\/pages\/8","targetHints":{"allow":["GET"]}}],"collection":[{"href":"https:\/\/sisu.ut.ee\/andmebaasid\/wp-json\/wp\/v2\/pages"}],"about":[{"href":"https:\/\/sisu.ut.ee\/andmebaasid\/wp-json\/wp\/v2\/types\/page"}],"author":[{"embeddable":true,"href":"https:\/\/sisu.ut.ee\/andmebaasid\/wp-json\/wp\/v2\/users\/5"}],"replies":[{"embeddable":true,"href":"https:\/\/sisu.ut.ee\/andmebaasid\/wp-json\/wp\/v2\/comments?post=8"}],"version-history":[{"count":15,"href":"https:\/\/sisu.ut.ee\/andmebaasid\/wp-json\/wp\/v2\/pages\/8\/revisions"}],"predecessor-version":[{"id":110,"href":"https:\/\/sisu.ut.ee\/andmebaasid\/wp-json\/wp\/v2\/pages\/8\/revisions\/110"}],"wp:attachment":[{"href":"https:\/\/sisu.ut.ee\/andmebaasid\/wp-json\/wp\/v2\/media?parent=8"}],"curies":[{"name":"wp","href":"https:\/\/api.w.org\/{rel}","templated":true}]}}